{"id":6692,"date":"2024-05-27T12:33:19","date_gmt":"2024-05-27T10:33:19","guid":{"rendered":"https:\/\/lettero.com.pl\/uncategorized\/kalibrator-led-lettero-iso\/"},"modified":"2024-05-27T13:12:44","modified_gmt":"2024-05-27T11:12:44","slug":"lettero-led-calibrator-iso-3664","status":"publish","type":"product","link":"https:\/\/lettero.com.pl\/en\/color-control\/ccs-color-control-station\/lettero-led-calibrator-iso-3664\/","title":{"rendered":"Lettero LED Calibrator ISO 3664"},"content":{"rendered":"<p><strong>The Lettero LED calibrator<\/strong> is a control and measurement equipment used to adjust light parameters in viewing booths and color control stations that are equipped with standardized light sources following ISO 3664.<\/p>\n<p>The device comes in two variants:<\/p>\n<ul>\n<li aria-level=\"1\">Integrated into CMB viewing booths and CCS control stations.<\/li>\n<li aria-level=\"1\">As an independent calibration device.<\/li>\n<\/ul>\n<p>&nbsp;<\/p>\n<p>&nbsp;<\/p>\n<div class=\"containerimagebox\">\n<div class=\"itemboximage\"><img loading=\"lazy\" decoding=\"async\" class=\"aligncenter wp-image-6684\" src=\"https:\/\/lettero.com.pl\/wp-content\/uploads\/2024\/05\/CMB-75-KAL-ZINTEGR-1-scaled.jpg\" alt=\"\" width=\"400\" height=\"296\" srcset=\"https:\/\/lettero.com.pl\/wp-content\/uploads\/2024\/05\/CMB-75-KAL-ZINTEGR-1-scaled.jpg 2560w, https:\/\/lettero.com.pl\/wp-content\/uploads\/2024\/05\/CMB-75-KAL-ZINTEGR-1-scaled-800x593.jpg 800w, https:\/\/lettero.com.pl\/wp-content\/uploads\/2024\/05\/CMB-75-KAL-ZINTEGR-1-300x222.jpg 300w, https:\/\/lettero.com.pl\/wp-content\/uploads\/2024\/05\/CMB-75-KAL-ZINTEGR-1-1024x759.jpg 1024w, https:\/\/lettero.com.pl\/wp-content\/uploads\/2024\/05\/CMB-75-KAL-ZINTEGR-1-768x569.jpg 768w, https:\/\/lettero.com.pl\/wp-content\/uploads\/2024\/05\/CMB-75-KAL-ZINTEGR-1-1536x1138.jpg 1536w, https:\/\/lettero.com.pl\/wp-content\/uploads\/2024\/05\/CMB-75-KAL-ZINTEGR-1-2048x1518.jpg 2048w, https:\/\/lettero.com.pl\/wp-content\/uploads\/2024\/05\/CMB-75-KAL-ZINTEGR-1-101x75.jpg 101w, https:\/\/lettero.com.pl\/wp-content\/uploads\/2024\/05\/CMB-75-KAL-ZINTEGR-1-480x356.jpg 480w\" sizes=\"auto, (max-width:767px) 400px, 400px\" \/><\/div>\n<div class=\"itemboximage\"><img loading=\"lazy\" decoding=\"async\" class=\"aligncenter wp-image-6688\" src=\"https:\/\/lettero.com.pl\/wp-content\/uploads\/2024\/05\/CMB-75-KAL-1-scaled.jpg\" alt=\"\" width=\"400\" height=\"296\" srcset=\"https:\/\/lettero.com.pl\/wp-content\/uploads\/2024\/05\/CMB-75-KAL-1-scaled.jpg 2560w, https:\/\/lettero.com.pl\/wp-content\/uploads\/2024\/05\/CMB-75-KAL-1-scaled-800x593.jpg 800w, https:\/\/lettero.com.pl\/wp-content\/uploads\/2024\/05\/CMB-75-KAL-1-300x222.jpg 300w, https:\/\/lettero.com.pl\/wp-content\/uploads\/2024\/05\/CMB-75-KAL-1-1024x759.jpg 1024w, https:\/\/lettero.com.pl\/wp-content\/uploads\/2024\/05\/CMB-75-KAL-1-768x569.jpg 768w, https:\/\/lettero.com.pl\/wp-content\/uploads\/2024\/05\/CMB-75-KAL-1-1536x1138.jpg 1536w, https:\/\/lettero.com.pl\/wp-content\/uploads\/2024\/05\/CMB-75-KAL-1-2048x1518.jpg 2048w, https:\/\/lettero.com.pl\/wp-content\/uploads\/2024\/05\/CMB-75-KAL-1-101x75.jpg 101w, https:\/\/lettero.com.pl\/wp-content\/uploads\/2024\/05\/CMB-75-KAL-1-480x356.jpg 480w\" sizes=\"auto, (max-width:767px) 400px, 400px\" \/><\/div>\n<\/div>\n<p>&nbsp;<\/p>\n<p>In the first variant, the calibrator is part of the light settings adjustment module in the control panel of the viewing booth and control station. In the second variant, the calibrator can be used as a separate equipment by connecting it to viewing booths and control stations via a USB port. The calibrator may then be available for measurement and calibration at a time agreed upon with the customer.<\/p>\n<p>In both cases, the calibrator software allows for remote connection to the Lettero service for ongoing parameter control and remote calibration in real-time, supervised by a Lettero specialist. After calibration, a certificate of compliance of the lighting parameters with the required ISO 3664standard is issued.<\/p>\n<p>&nbsp;<\/p>\n<p><img loading=\"lazy\" decoding=\"async\" class=\"aligncenter wp-image-6671\" src=\"https:\/\/lettero.com.pl\/wp-content\/uploads\/2024\/05\/CCS-LED-KAL-1-scaled.jpg\" alt=\"\" width=\"400\" height=\"320\" srcset=\"https:\/\/lettero.com.pl\/wp-content\/uploads\/2024\/05\/CCS-LED-KAL-1-scaled.jpg 2560w, https:\/\/lettero.com.pl\/wp-content\/uploads\/2024\/05\/CCS-LED-KAL-1-scaled-800x639.jpg 800w, https:\/\/lettero.com.pl\/wp-content\/uploads\/2024\/05\/CCS-LED-KAL-1-300x240.jpg 300w, https:\/\/lettero.com.pl\/wp-content\/uploads\/2024\/05\/CCS-LED-KAL-1-1024x819.jpg 1024w, https:\/\/lettero.com.pl\/wp-content\/uploads\/2024\/05\/CCS-LED-KAL-1-768x614.jpg 768w, https:\/\/lettero.com.pl\/wp-content\/uploads\/2024\/05\/CCS-LED-KAL-1-1536x1228.jpg 1536w, https:\/\/lettero.com.pl\/wp-content\/uploads\/2024\/05\/CCS-LED-KAL-1-2048x1637.jpg 2048w, https:\/\/lettero.com.pl\/wp-content\/uploads\/2024\/05\/CCS-LED-KAL-1-94x75.jpg 94w, https:\/\/lettero.com.pl\/wp-content\/uploads\/2024\/05\/CCS-LED-KAL-1-480x384.jpg 480w\" sizes=\"auto, (max-width:767px) 400px, 400px\" \/><\/p>\n","protected":false},"excerpt":{"rendered":"<p>The Lettero LED calibrator is a control and measurement equipment used to adjust light parameters in viewing booths and color control stations that are equipped with<span class=\"excerpt-hellip\"> [\u2026]<\/span><\/p>\n","protected":false},"featured_media":6676,"template":"","meta":[],"product_brand":[],"product_cat":[183,182,187,191,196],"product_tag":[],"class_list":{"0":"post-6692","1":"product","2":"type-product","3":"status-publish","4":"has-post-thumbnail","6":"product_cat-color-control","7":"product_cat-ccs-color-control-station","8":"product_cat-cmb-illuminators","9":"product_cat-pvb-illuminators","10":"product_cat-individual-projects","12":"first","13":"instock","14":"shipping-taxable","15":"product-type-simple"},"yoast_head":"<!-- This site is optimized with the Yoast SEO plugin v27.5 - https:\/\/yoast.com\/product\/yoast-seo-wordpress\/ -->\n<title>Lettero LED Calibrator ISO 3664 - Lettero - Sprz\u0119t dla poligrafii | Meble metalowe<\/title>\n<meta name=\"robots\" content=\"index, follow, max-snippet:-1, max-image-preview:large, max-video-preview:-1\" \/>\n<link rel=\"canonical\" href=\"https:\/\/lettero.com.pl\/en\/color-control\/ccs-color-control-station\/lettero-led-calibrator-iso-3664\/\" \/>\n<meta property=\"og:locale\" content=\"en_US\" \/>\n<meta property=\"og:type\" content=\"article\" \/>\n<meta property=\"og:title\" content=\"Lettero LED Calibrator ISO 3664 - Lettero - Sprz\u0119t dla poligrafii | Meble metalowe\" \/>\n<meta property=\"og:description\" content=\"The Lettero LED calibrator is a control and measurement equipment used to adjust light parameters in viewing booths and color control stations that are equipped with [\u2026]\" \/>\n<meta property=\"og:url\" content=\"https:\/\/lettero.com.pl\/en\/color-control\/ccs-color-control-station\/lettero-led-calibrator-iso-3664\/\" \/>\n<meta property=\"og:site_name\" content=\"Lettero - Sprz\u0119t dla poligrafii | Meble metalowe\" \/>\n<meta property=\"article:modified_time\" content=\"2024-05-27T11:12:44+00:00\" \/>\n<meta property=\"og:image\" content=\"https:\/\/lettero.com.pl\/wp-content\/uploads\/2024\/05\/KALIBRATORpoz1-scaled.jpg\" \/>\n\t<meta property=\"og:image:width\" content=\"2560\" \/>\n\t<meta property=\"og:image:height\" content=\"1809\" \/>\n\t<meta property=\"og:image:type\" content=\"image\/jpeg\" \/>\n<meta name=\"twitter:card\" content=\"summary_large_image\" \/>\n<meta name=\"twitter:label1\" content=\"Est. reading time\" \/>\n\t<meta name=\"twitter:data1\" content=\"2 minutes\" \/>\n<script type=\"application\/ld+json\" class=\"yoast-schema-graph\">{\"@context\":\"https:\\\/\\\/schema.org\",\"@graph\":[{\"@type\":\"WebPage\",\"@id\":\"https:\\\/\\\/lettero.com.pl\\\/en\\\/color-control\\\/ccs-color-control-station\\\/lettero-led-calibrator-iso-3664\\\/\",\"url\":\"https:\\\/\\\/lettero.com.pl\\\/en\\\/color-control\\\/ccs-color-control-station\\\/lettero-led-calibrator-iso-3664\\\/\",\"name\":\"Lettero LED Calibrator ISO 3664 - Lettero - Sprz\u0119t dla poligrafii | Meble metalowe\",\"isPartOf\":{\"@id\":\"https:\\\/\\\/lettero.com.pl\\\/#website\"},\"primaryImageOfPage\":{\"@id\":\"https:\\\/\\\/lettero.com.pl\\\/en\\\/color-control\\\/ccs-color-control-station\\\/lettero-led-calibrator-iso-3664\\\/#primaryimage\"},\"image\":{\"@id\":\"https:\\\/\\\/lettero.com.pl\\\/en\\\/color-control\\\/ccs-color-control-station\\\/lettero-led-calibrator-iso-3664\\\/#primaryimage\"},\"thumbnailUrl\":\"https:\\\/\\\/lettero.com.pl\\\/wp-content\\\/uploads\\\/2024\\\/05\\\/KALIBRATORpoz1-scaled.jpg\",\"datePublished\":\"2024-05-27T10:33:19+00:00\",\"dateModified\":\"2024-05-27T11:12:44+00:00\",\"breadcrumb\":{\"@id\":\"https:\\\/\\\/lettero.com.pl\\\/en\\\/color-control\\\/ccs-color-control-station\\\/lettero-led-calibrator-iso-3664\\\/#breadcrumb\"},\"inLanguage\":\"en-US\",\"potentialAction\":[{\"@type\":\"ReadAction\",\"target\":[\"https:\\\/\\\/lettero.com.pl\\\/en\\\/color-control\\\/ccs-color-control-station\\\/lettero-led-calibrator-iso-3664\\\/\"]}]},{\"@type\":\"ImageObject\",\"inLanguage\":\"en-US\",\"@id\":\"https:\\\/\\\/lettero.com.pl\\\/en\\\/color-control\\\/ccs-color-control-station\\\/lettero-led-calibrator-iso-3664\\\/#primaryimage\",\"url\":\"https:\\\/\\\/lettero.com.pl\\\/wp-content\\\/uploads\\\/2024\\\/05\\\/KALIBRATORpoz1-scaled.jpg\",\"contentUrl\":\"https:\\\/\\\/lettero.com.pl\\\/wp-content\\\/uploads\\\/2024\\\/05\\\/KALIBRATORpoz1-scaled.jpg\",\"width\":2560,\"height\":1809},{\"@type\":\"BreadcrumbList\",\"@id\":\"https:\\\/\\\/lettero.com.pl\\\/en\\\/color-control\\\/ccs-color-control-station\\\/lettero-led-calibrator-iso-3664\\\/#breadcrumb\",\"itemListElement\":[{\"@type\":\"ListItem\",\"position\":1,\"name\":\"Strona g\u0142\u00f3wna\",\"item\":\"https:\\\/\\\/lettero.com.pl\\\/en\\\/\"},{\"@type\":\"ListItem\",\"position\":2,\"name\":\"Oferta\",\"item\":\"https:\\\/\\\/lettero.com.pl\\\/oferta-3\\\/\"},{\"@type\":\"ListItem\",\"position\":3,\"name\":\"Lettero LED Calibrator ISO 3664\"}]},{\"@type\":\"WebSite\",\"@id\":\"https:\\\/\\\/lettero.com.pl\\\/#website\",\"url\":\"https:\\\/\\\/lettero.com.pl\\\/\",\"name\":\"Lettero - Sprz\u0119t dla poligrafii | Meble metalowe\",\"description\":\"Pe\u0142na oferta polskiego producenta urz\u0105dze\u0144 dla poligrafii. Kabiny \u015bwietlne. Meble metalowe: biurowe, socjalne, magazynowe\",\"potentialAction\":[{\"@type\":\"SearchAction\",\"target\":{\"@type\":\"EntryPoint\",\"urlTemplate\":\"https:\\\/\\\/lettero.com.pl\\\/?s={search_term_string}\"},\"query-input\":{\"@type\":\"PropertyValueSpecification\",\"valueRequired\":true,\"valueName\":\"search_term_string\"}}],\"inLanguage\":\"en-US\"}]}<\/script>\n<!-- \/ Yoast SEO plugin. -->","yoast_head_json":{"title":"Lettero LED Calibrator ISO 3664 - Lettero - Sprz\u0119t dla poligrafii | Meble metalowe","robots":{"index":"index","follow":"follow","max-snippet":"max-snippet:-1","max-image-preview":"max-image-preview:large","max-video-preview":"max-video-preview:-1"},"canonical":"https:\/\/lettero.com.pl\/en\/color-control\/ccs-color-control-station\/lettero-led-calibrator-iso-3664\/","og_locale":"en_US","og_type":"article","og_title":"Lettero LED Calibrator ISO 3664 - Lettero - Sprz\u0119t dla poligrafii | Meble metalowe","og_description":"The Lettero LED calibrator is a control and measurement equipment used to adjust light parameters in viewing booths and color control stations that are equipped with [\u2026]","og_url":"https:\/\/lettero.com.pl\/en\/color-control\/ccs-color-control-station\/lettero-led-calibrator-iso-3664\/","og_site_name":"Lettero - Sprz\u0119t dla poligrafii | Meble metalowe","article_modified_time":"2024-05-27T11:12:44+00:00","og_image":[{"width":2560,"height":1809,"url":"https:\/\/lettero.com.pl\/wp-content\/uploads\/2024\/05\/KALIBRATORpoz1-scaled.jpg","type":"image\/jpeg"}],"twitter_card":"summary_large_image","twitter_misc":{"Est. reading time":"2 minutes"},"schema":{"@context":"https:\/\/schema.org","@graph":[{"@type":"WebPage","@id":"https:\/\/lettero.com.pl\/en\/color-control\/ccs-color-control-station\/lettero-led-calibrator-iso-3664\/","url":"https:\/\/lettero.com.pl\/en\/color-control\/ccs-color-control-station\/lettero-led-calibrator-iso-3664\/","name":"Lettero LED Calibrator ISO 3664 - Lettero - Sprz\u0119t dla poligrafii | Meble metalowe","isPartOf":{"@id":"https:\/\/lettero.com.pl\/#website"},"primaryImageOfPage":{"@id":"https:\/\/lettero.com.pl\/en\/color-control\/ccs-color-control-station\/lettero-led-calibrator-iso-3664\/#primaryimage"},"image":{"@id":"https:\/\/lettero.com.pl\/en\/color-control\/ccs-color-control-station\/lettero-led-calibrator-iso-3664\/#primaryimage"},"thumbnailUrl":"https:\/\/lettero.com.pl\/wp-content\/uploads\/2024\/05\/KALIBRATORpoz1-scaled.jpg","datePublished":"2024-05-27T10:33:19+00:00","dateModified":"2024-05-27T11:12:44+00:00","breadcrumb":{"@id":"https:\/\/lettero.com.pl\/en\/color-control\/ccs-color-control-station\/lettero-led-calibrator-iso-3664\/#breadcrumb"},"inLanguage":"en-US","potentialAction":[{"@type":"ReadAction","target":["https:\/\/lettero.com.pl\/en\/color-control\/ccs-color-control-station\/lettero-led-calibrator-iso-3664\/"]}]},{"@type":"ImageObject","inLanguage":"en-US","@id":"https:\/\/lettero.com.pl\/en\/color-control\/ccs-color-control-station\/lettero-led-calibrator-iso-3664\/#primaryimage","url":"https:\/\/lettero.com.pl\/wp-content\/uploads\/2024\/05\/KALIBRATORpoz1-scaled.jpg","contentUrl":"https:\/\/lettero.com.pl\/wp-content\/uploads\/2024\/05\/KALIBRATORpoz1-scaled.jpg","width":2560,"height":1809},{"@type":"BreadcrumbList","@id":"https:\/\/lettero.com.pl\/en\/color-control\/ccs-color-control-station\/lettero-led-calibrator-iso-3664\/#breadcrumb","itemListElement":[{"@type":"ListItem","position":1,"name":"Strona g\u0142\u00f3wna","item":"https:\/\/lettero.com.pl\/en\/"},{"@type":"ListItem","position":2,"name":"Oferta","item":"https:\/\/lettero.com.pl\/oferta-3\/"},{"@type":"ListItem","position":3,"name":"Lettero LED Calibrator ISO 3664"}]},{"@type":"WebSite","@id":"https:\/\/lettero.com.pl\/#website","url":"https:\/\/lettero.com.pl\/","name":"Lettero - Sprz\u0119t dla poligrafii | Meble metalowe","description":"Pe\u0142na oferta polskiego producenta urz\u0105dze\u0144 dla poligrafii. Kabiny \u015bwietlne. Meble metalowe: biurowe, socjalne, magazynowe","potentialAction":[{"@type":"SearchAction","target":{"@type":"EntryPoint","urlTemplate":"https:\/\/lettero.com.pl\/?s={search_term_string}"},"query-input":{"@type":"PropertyValueSpecification","valueRequired":true,"valueName":"search_term_string"}}],"inLanguage":"en-US"}]}},"_links":{"self":[{"href":"https:\/\/lettero.com.pl\/en\/wp-json\/wp\/v2\/product\/6692","targetHints":{"allow":["GET"]}}],"collection":[{"href":"https:\/\/lettero.com.pl\/en\/wp-json\/wp\/v2\/product"}],"about":[{"href":"https:\/\/lettero.com.pl\/en\/wp-json\/wp\/v2\/types\/product"}],"wp:featuredmedia":[{"embeddable":true,"href":"https:\/\/lettero.com.pl\/en\/wp-json\/wp\/v2\/media\/6676"}],"wp:attachment":[{"href":"https:\/\/lettero.com.pl\/en\/wp-json\/wp\/v2\/media?parent=6692"}],"wp:term":[{"taxonomy":"product_brand","embeddable":true,"href":"https:\/\/lettero.com.pl\/en\/wp-json\/wp\/v2\/product_brand?post=6692"},{"taxonomy":"product_cat","embeddable":true,"href":"https:\/\/lettero.com.pl\/en\/wp-json\/wp\/v2\/product_cat?post=6692"},{"taxonomy":"product_tag","embeddable":true,"href":"https:\/\/lettero.com.pl\/en\/wp-json\/wp\/v2\/product_tag?post=6692"}],"curies":[{"name":"wp","href":"https:\/\/api.w.org\/{rel}","templated":true}]}}