{"id":4387,"date":"2018-05-18T08:50:50","date_gmt":"2018-05-18T06:50:50","guid":{"rendered":"http:\/\/lettero.opticomweb.tk\/produkt\/uncategorized\/large-workbench-swt-17-1\/"},"modified":"2018-09-19T20:04:16","modified_gmt":"2018-09-19T18:04:16","slug":"large-workbench-swt-17-1","status":"publish","type":"product","link":"https:\/\/lettero.com.pl\/en\/metal-furniture\/workshop-furniture\/techno-light-workshop-tables-and-cabinets\/large-workbench-swt-17-1\/","title":{"rendered":"Large workbench SWT-17\/1"},"content":{"rendered":"","protected":false},"excerpt":{"rendered":"","protected":false},"featured_media":3571,"template":"","meta":[],"product_brand":[],"product_cat":[278],"product_tag":[],"class_list":{"0":"post-4387","1":"product","2":"type-product","3":"status-publish","4":"has-post-thumbnail","6":"product_cat-techno-light-workshop-tables-and-cabinets","8":"first","9":"instock","10":"shipping-taxable","11":"product-type-simple"},"yoast_head":"<!-- This site is optimized with the Yoast SEO plugin v27.0 - https:\/\/yoast.com\/product\/yoast-seo-wordpress\/ -->\n<title>Large workbench SWT-17\/1 - Lettero - Sprz\u0119t dla poligrafii | Meble metalowe<\/title>\n<meta name=\"robots\" content=\"index, follow, max-snippet:-1, max-image-preview:large, max-video-preview:-1\" \/>\n<link rel=\"canonical\" href=\"https:\/\/lettero.com.pl\/meble-metalowe\/meble-warsztatowe\/stoly-i-szafki-warsztatowe-techno-light\/stol-warsztatowy-duzy-swt-17-1\/\" \/>\n<meta property=\"og:locale\" content=\"en_US\" \/>\n<meta property=\"og:type\" content=\"article\" \/>\n<meta property=\"og:title\" content=\"Large workbench SWT-17\/1 - Lettero - Sprz\u0119t dla poligrafii | Meble metalowe\" \/>\n<meta property=\"og:url\" content=\"https:\/\/lettero.com.pl\/meble-metalowe\/meble-warsztatowe\/stoly-i-szafki-warsztatowe-techno-light\/stol-warsztatowy-duzy-swt-17-1\/\" \/>\n<meta property=\"og:site_name\" content=\"Lettero - Sprz\u0119t dla poligrafii | Meble metalowe\" \/>\n<meta property=\"article:modified_time\" content=\"2018-09-19T18:04:16+00:00\" \/>\n<meta property=\"og:image\" content=\"https:\/\/lettero.com.pl\/wp-content\/uploads\/2018\/05\/st\u00f3\u0142-warsztatowy-stw-17-1.jpg\" \/>\n\t<meta property=\"og:image:width\" content=\"600\" \/>\n\t<meta property=\"og:image:height\" content=\"601\" \/>\n\t<meta property=\"og:image:type\" content=\"image\/jpeg\" \/>\n<meta name=\"twitter:card\" content=\"summary_large_image\" \/>\n<script type=\"application\/ld+json\" class=\"yoast-schema-graph\">{\"@context\":\"https:\/\/schema.org\",\"@graph\":[{\"@type\":\"WebPage\",\"@id\":\"https:\/\/lettero.com.pl\/meble-metalowe\/meble-warsztatowe\/stoly-i-szafki-warsztatowe-techno-light\/stol-warsztatowy-duzy-swt-17-1\/\",\"url\":\"https:\/\/lettero.com.pl\/meble-metalowe\/meble-warsztatowe\/stoly-i-szafki-warsztatowe-techno-light\/stol-warsztatowy-duzy-swt-17-1\/\",\"name\":\"Large workbench SWT-17\/1 - Lettero - Sprz\u0119t dla poligrafii | Meble metalowe\",\"isPartOf\":{\"@id\":\"https:\/\/lettero.com.pl\/#website\"},\"primaryImageOfPage\":{\"@id\":\"https:\/\/lettero.com.pl\/meble-metalowe\/meble-warsztatowe\/stoly-i-szafki-warsztatowe-techno-light\/stol-warsztatowy-duzy-swt-17-1\/#primaryimage\"},\"image\":{\"@id\":\"https:\/\/lettero.com.pl\/meble-metalowe\/meble-warsztatowe\/stoly-i-szafki-warsztatowe-techno-light\/stol-warsztatowy-duzy-swt-17-1\/#primaryimage\"},\"thumbnailUrl\":\"https:\/\/lettero.com.pl\/wp-content\/uploads\/2018\/05\/st\u00f3\u0142-warsztatowy-stw-17-1.jpg\",\"datePublished\":\"2018-05-18T06:50:50+00:00\",\"dateModified\":\"2018-09-19T18:04:16+00:00\",\"breadcrumb\":{\"@id\":\"https:\/\/lettero.com.pl\/meble-metalowe\/meble-warsztatowe\/stoly-i-szafki-warsztatowe-techno-light\/stol-warsztatowy-duzy-swt-17-1\/#breadcrumb\"},\"inLanguage\":\"en-US\",\"potentialAction\":[{\"@type\":\"ReadAction\",\"target\":[\"https:\/\/lettero.com.pl\/meble-metalowe\/meble-warsztatowe\/stoly-i-szafki-warsztatowe-techno-light\/stol-warsztatowy-duzy-swt-17-1\/\"]}]},{\"@type\":\"ImageObject\",\"inLanguage\":\"en-US\",\"@id\":\"https:\/\/lettero.com.pl\/meble-metalowe\/meble-warsztatowe\/stoly-i-szafki-warsztatowe-techno-light\/stol-warsztatowy-duzy-swt-17-1\/#primaryimage\",\"url\":\"https:\/\/lettero.com.pl\/wp-content\/uploads\/2018\/05\/st\u00f3\u0142-warsztatowy-stw-17-1.jpg\",\"contentUrl\":\"https:\/\/lettero.com.pl\/wp-content\/uploads\/2018\/05\/st\u00f3\u0142-warsztatowy-stw-17-1.jpg\",\"width\":600,\"height\":601,\"caption\":\"Large workbench SWT-17\/1\"},{\"@type\":\"BreadcrumbList\",\"@id\":\"https:\/\/lettero.com.pl\/meble-metalowe\/meble-warsztatowe\/stoly-i-szafki-warsztatowe-techno-light\/stol-warsztatowy-duzy-swt-17-1\/#breadcrumb\",\"itemListElement\":[{\"@type\":\"ListItem\",\"position\":1,\"name\":\"Strona g\u0142\u00f3wna\",\"item\":\"https:\/\/lettero.com.pl\/en\/\"},{\"@type\":\"ListItem\",\"position\":2,\"name\":\"Oferta\",\"item\":\"https:\/\/lettero.com.pl\/oferta-3\/\"},{\"@type\":\"ListItem\",\"position\":3,\"name\":\"Large workbench SWT-17\/1\"}]},{\"@type\":\"WebSite\",\"@id\":\"https:\/\/lettero.com.pl\/#website\",\"url\":\"https:\/\/lettero.com.pl\/\",\"name\":\"Lettero - Sprz\u0119t dla poligrafii | Meble metalowe\",\"description\":\"Pe\u0142na oferta polskiego producenta urz\u0105dze\u0144 dla poligrafii. Kabiny \u015bwietlne. Meble metalowe: biurowe, socjalne, magazynowe\",\"potentialAction\":[{\"@type\":\"SearchAction\",\"target\":{\"@type\":\"EntryPoint\",\"urlTemplate\":\"https:\/\/lettero.com.pl\/?s={search_term_string}\"},\"query-input\":{\"@type\":\"PropertyValueSpecification\",\"valueRequired\":true,\"valueName\":\"search_term_string\"}}],\"inLanguage\":\"en-US\"}]}<\/script>\n<!-- \/ Yoast SEO plugin. -->","yoast_head_json":{"title":"Large workbench SWT-17\/1 - Lettero - Sprz\u0119t dla poligrafii | Meble metalowe","robots":{"index":"index","follow":"follow","max-snippet":"max-snippet:-1","max-image-preview":"max-image-preview:large","max-video-preview":"max-video-preview:-1"},"canonical":"https:\/\/lettero.com.pl\/meble-metalowe\/meble-warsztatowe\/stoly-i-szafki-warsztatowe-techno-light\/stol-warsztatowy-duzy-swt-17-1\/","og_locale":"en_US","og_type":"article","og_title":"Large workbench SWT-17\/1 - Lettero - Sprz\u0119t dla poligrafii | Meble metalowe","og_url":"https:\/\/lettero.com.pl\/meble-metalowe\/meble-warsztatowe\/stoly-i-szafki-warsztatowe-techno-light\/stol-warsztatowy-duzy-swt-17-1\/","og_site_name":"Lettero - Sprz\u0119t dla poligrafii | Meble metalowe","article_modified_time":"2018-09-19T18:04:16+00:00","og_image":[{"width":600,"height":601,"url":"https:\/\/lettero.com.pl\/wp-content\/uploads\/2018\/05\/st\u00f3\u0142-warsztatowy-stw-17-1.jpg","type":"image\/jpeg"}],"twitter_card":"summary_large_image","schema":{"@context":"https:\/\/schema.org","@graph":[{"@type":"WebPage","@id":"https:\/\/lettero.com.pl\/meble-metalowe\/meble-warsztatowe\/stoly-i-szafki-warsztatowe-techno-light\/stol-warsztatowy-duzy-swt-17-1\/","url":"https:\/\/lettero.com.pl\/meble-metalowe\/meble-warsztatowe\/stoly-i-szafki-warsztatowe-techno-light\/stol-warsztatowy-duzy-swt-17-1\/","name":"Large workbench SWT-17\/1 - Lettero - Sprz\u0119t dla poligrafii | Meble metalowe","isPartOf":{"@id":"https:\/\/lettero.com.pl\/#website"},"primaryImageOfPage":{"@id":"https:\/\/lettero.com.pl\/meble-metalowe\/meble-warsztatowe\/stoly-i-szafki-warsztatowe-techno-light\/stol-warsztatowy-duzy-swt-17-1\/#primaryimage"},"image":{"@id":"https:\/\/lettero.com.pl\/meble-metalowe\/meble-warsztatowe\/stoly-i-szafki-warsztatowe-techno-light\/stol-warsztatowy-duzy-swt-17-1\/#primaryimage"},"thumbnailUrl":"https:\/\/lettero.com.pl\/wp-content\/uploads\/2018\/05\/st\u00f3\u0142-warsztatowy-stw-17-1.jpg","datePublished":"2018-05-18T06:50:50+00:00","dateModified":"2018-09-19T18:04:16+00:00","breadcrumb":{"@id":"https:\/\/lettero.com.pl\/meble-metalowe\/meble-warsztatowe\/stoly-i-szafki-warsztatowe-techno-light\/stol-warsztatowy-duzy-swt-17-1\/#breadcrumb"},"inLanguage":"en-US","potentialAction":[{"@type":"ReadAction","target":["https:\/\/lettero.com.pl\/meble-metalowe\/meble-warsztatowe\/stoly-i-szafki-warsztatowe-techno-light\/stol-warsztatowy-duzy-swt-17-1\/"]}]},{"@type":"ImageObject","inLanguage":"en-US","@id":"https:\/\/lettero.com.pl\/meble-metalowe\/meble-warsztatowe\/stoly-i-szafki-warsztatowe-techno-light\/stol-warsztatowy-duzy-swt-17-1\/#primaryimage","url":"https:\/\/lettero.com.pl\/wp-content\/uploads\/2018\/05\/st\u00f3\u0142-warsztatowy-stw-17-1.jpg","contentUrl":"https:\/\/lettero.com.pl\/wp-content\/uploads\/2018\/05\/st\u00f3\u0142-warsztatowy-stw-17-1.jpg","width":600,"height":601,"caption":"Large workbench SWT-17\/1"},{"@type":"BreadcrumbList","@id":"https:\/\/lettero.com.pl\/meble-metalowe\/meble-warsztatowe\/stoly-i-szafki-warsztatowe-techno-light\/stol-warsztatowy-duzy-swt-17-1\/#breadcrumb","itemListElement":[{"@type":"ListItem","position":1,"name":"Strona g\u0142\u00f3wna","item":"https:\/\/lettero.com.pl\/en\/"},{"@type":"ListItem","position":2,"name":"Oferta","item":"https:\/\/lettero.com.pl\/oferta-3\/"},{"@type":"ListItem","position":3,"name":"Large workbench SWT-17\/1"}]},{"@type":"WebSite","@id":"https:\/\/lettero.com.pl\/#website","url":"https:\/\/lettero.com.pl\/","name":"Lettero - Sprz\u0119t dla poligrafii | Meble metalowe","description":"Pe\u0142na oferta polskiego producenta urz\u0105dze\u0144 dla poligrafii. Kabiny \u015bwietlne. Meble metalowe: biurowe, socjalne, magazynowe","potentialAction":[{"@type":"SearchAction","target":{"@type":"EntryPoint","urlTemplate":"https:\/\/lettero.com.pl\/?s={search_term_string}"},"query-input":{"@type":"PropertyValueSpecification","valueRequired":true,"valueName":"search_term_string"}}],"inLanguage":"en-US"}]}},"_links":{"self":[{"href":"https:\/\/lettero.com.pl\/en\/wp-json\/wp\/v2\/product\/4387","targetHints":{"allow":["GET"]}}],"collection":[{"href":"https:\/\/lettero.com.pl\/en\/wp-json\/wp\/v2\/product"}],"about":[{"href":"https:\/\/lettero.com.pl\/en\/wp-json\/wp\/v2\/types\/product"}],"wp:featuredmedia":[{"embeddable":true,"href":"https:\/\/lettero.com.pl\/en\/wp-json\/wp\/v2\/media\/3571"}],"wp:attachment":[{"href":"https:\/\/lettero.com.pl\/en\/wp-json\/wp\/v2\/media?parent=4387"}],"wp:term":[{"taxonomy":"product_brand","embeddable":true,"href":"https:\/\/lettero.com.pl\/en\/wp-json\/wp\/v2\/product_brand?post=4387"},{"taxonomy":"product_cat","embeddable":true,"href":"https:\/\/lettero.com.pl\/en\/wp-json\/wp\/v2\/product_cat?post=4387"},{"taxonomy":"product_tag","embeddable":true,"href":"https:\/\/lettero.com.pl\/en\/wp-json\/wp\/v2\/product_tag?post=4387"}],"curies":[{"name":"wp","href":"https:\/\/api.w.org\/{rel}","templated":true}]}}