{"id":4374,"date":"2018-05-07T18:30:07","date_gmt":"2018-05-07T16:30:07","guid":{"rendered":"http:\/\/lettero.opticomweb.tk\/sklep\/uncategorized\/single-table-stm-1\/"},"modified":"2018-09-19T20:08:34","modified_gmt":"2018-09-19T18:08:34","slug":"single-table-stm-1","status":"publish","type":"product","link":"https:\/\/lettero.com.pl\/en\/metal-furniture\/working-tables-en\/worktables-system\/single-table-stm-1\/","title":{"rendered":"Single table  STM-1"},"content":{"rendered":"<div>\n<p><strong>The offer of worktables includes elements designed for creating workspace combinations in any configuration and with various accessories.<\/strong> The system includes a frame structure to assembly, worktop, a lower shelf and under-top drawer. The whole system is complemented by leveling feet adjustment.<\/p>\n<p>&nbsp;<\/p>\n<p>Single table STM-1 dimensions WxDxH: 1300x940x900<\/p>\n<p>&nbsp;<\/p>\n<\/div>\n","protected":false},"excerpt":{"rendered":"<p>The offer of worktables includes elements designed for creating workspace combinations in any configuration and with various accessories. The system includes a frame structure to assembly,<span class=\"excerpt-hellip\"> [\u2026]<\/span><\/p>\n","protected":false},"featured_media":2921,"template":"","meta":[],"product_brand":[],"product_cat":[284,287],"product_tag":[],"class_list":{"0":"post-4374","1":"product","2":"type-product","3":"status-publish","4":"has-post-thumbnail","6":"product_cat-working-tables-en","7":"product_cat-worktables-system","9":"first","10":"instock","11":"shipping-taxable","12":"product-type-simple"},"yoast_head":"<!-- This site is optimized with the Yoast SEO plugin v27.0 - https:\/\/yoast.com\/product\/yoast-seo-wordpress\/ -->\n<title>Single table STM-1 - Lettero - Sprz\u0119t dla poligrafii | Meble metalowe<\/title>\n<meta name=\"robots\" content=\"index, follow, max-snippet:-1, max-image-preview:large, max-video-preview:-1\" \/>\n<link rel=\"canonical\" href=\"https:\/\/lettero.com.pl\/meble-metalowe\/stoly-robocze\/stol-roboczy-pojedynczy-stm-1\/\" \/>\n<meta property=\"og:locale\" content=\"en_US\" \/>\n<meta property=\"og:type\" content=\"article\" \/>\n<meta property=\"og:title\" content=\"Single table STM-1 - Lettero - Sprz\u0119t dla poligrafii | Meble metalowe\" \/>\n<meta property=\"og:description\" content=\"The offer of worktables includes elements designed for creating workspace combinations in any configuration and with various accessories. The system includes a frame structure to assembly, [\u2026]\" \/>\n<meta property=\"og:url\" content=\"https:\/\/lettero.com.pl\/meble-metalowe\/stoly-robocze\/stol-roboczy-pojedynczy-stm-1\/\" \/>\n<meta property=\"og:site_name\" content=\"Lettero - Sprz\u0119t dla poligrafii | Meble metalowe\" \/>\n<meta property=\"article:modified_time\" content=\"2018-09-19T18:08:34+00:00\" \/>\n<meta property=\"og:image\" content=\"https:\/\/lettero.com.pl\/wp-content\/uploads\/2018\/05\/st\u00f3\u0142-roboczy-stm-1_1.jpg\" \/>\n\t<meta property=\"og:image:width\" content=\"601\" \/>\n\t<meta property=\"og:image:height\" content=\"601\" \/>\n\t<meta property=\"og:image:type\" content=\"image\/jpeg\" \/>\n<meta name=\"twitter:card\" content=\"summary_large_image\" \/>\n<script type=\"application\/ld+json\" class=\"yoast-schema-graph\">{\"@context\":\"https:\/\/schema.org\",\"@graph\":[{\"@type\":\"WebPage\",\"@id\":\"https:\/\/lettero.com.pl\/meble-metalowe\/stoly-robocze\/stol-roboczy-pojedynczy-stm-1\/\",\"url\":\"https:\/\/lettero.com.pl\/meble-metalowe\/stoly-robocze\/stol-roboczy-pojedynczy-stm-1\/\",\"name\":\"Single table STM-1 - Lettero - Sprz\u0119t dla poligrafii | Meble metalowe\",\"isPartOf\":{\"@id\":\"https:\/\/lettero.com.pl\/#website\"},\"primaryImageOfPage\":{\"@id\":\"https:\/\/lettero.com.pl\/meble-metalowe\/stoly-robocze\/stol-roboczy-pojedynczy-stm-1\/#primaryimage\"},\"image\":{\"@id\":\"https:\/\/lettero.com.pl\/meble-metalowe\/stoly-robocze\/stol-roboczy-pojedynczy-stm-1\/#primaryimage\"},\"thumbnailUrl\":\"https:\/\/lettero.com.pl\/wp-content\/uploads\/2018\/05\/st\u00f3\u0142-roboczy-stm-1_1.jpg\",\"datePublished\":\"2018-05-07T16:30:07+00:00\",\"dateModified\":\"2018-09-19T18:08:34+00:00\",\"breadcrumb\":{\"@id\":\"https:\/\/lettero.com.pl\/meble-metalowe\/stoly-robocze\/stol-roboczy-pojedynczy-stm-1\/#breadcrumb\"},\"inLanguage\":\"en-US\",\"potentialAction\":[{\"@type\":\"ReadAction\",\"target\":[\"https:\/\/lettero.com.pl\/meble-metalowe\/stoly-robocze\/stol-roboczy-pojedynczy-stm-1\/\"]}]},{\"@type\":\"ImageObject\",\"inLanguage\":\"en-US\",\"@id\":\"https:\/\/lettero.com.pl\/meble-metalowe\/stoly-robocze\/stol-roboczy-pojedynczy-stm-1\/#primaryimage\",\"url\":\"https:\/\/lettero.com.pl\/wp-content\/uploads\/2018\/05\/st\u00f3\u0142-roboczy-stm-1_1.jpg\",\"contentUrl\":\"https:\/\/lettero.com.pl\/wp-content\/uploads\/2018\/05\/st\u00f3\u0142-roboczy-stm-1_1.jpg\",\"width\":601,\"height\":601,\"caption\":\"Single table STM-1\"},{\"@type\":\"BreadcrumbList\",\"@id\":\"https:\/\/lettero.com.pl\/meble-metalowe\/stoly-robocze\/stol-roboczy-pojedynczy-stm-1\/#breadcrumb\",\"itemListElement\":[{\"@type\":\"ListItem\",\"position\":1,\"name\":\"Strona g\u0142\u00f3wna\",\"item\":\"https:\/\/lettero.com.pl\/en\/\"},{\"@type\":\"ListItem\",\"position\":2,\"name\":\"Oferta\",\"item\":\"https:\/\/lettero.com.pl\/oferta-3\/\"},{\"@type\":\"ListItem\",\"position\":3,\"name\":\"Single table STM-1\"}]},{\"@type\":\"WebSite\",\"@id\":\"https:\/\/lettero.com.pl\/#website\",\"url\":\"https:\/\/lettero.com.pl\/\",\"name\":\"Lettero - Sprz\u0119t dla poligrafii | Meble metalowe\",\"description\":\"Pe\u0142na oferta polskiego producenta urz\u0105dze\u0144 dla poligrafii. Kabiny \u015bwietlne. Meble metalowe: biurowe, socjalne, magazynowe\",\"potentialAction\":[{\"@type\":\"SearchAction\",\"target\":{\"@type\":\"EntryPoint\",\"urlTemplate\":\"https:\/\/lettero.com.pl\/?s={search_term_string}\"},\"query-input\":{\"@type\":\"PropertyValueSpecification\",\"valueRequired\":true,\"valueName\":\"search_term_string\"}}],\"inLanguage\":\"en-US\"}]}<\/script>\n<!-- \/ Yoast SEO plugin. -->","yoast_head_json":{"title":"Single table STM-1 - Lettero - Sprz\u0119t dla poligrafii | Meble metalowe","robots":{"index":"index","follow":"follow","max-snippet":"max-snippet:-1","max-image-preview":"max-image-preview:large","max-video-preview":"max-video-preview:-1"},"canonical":"https:\/\/lettero.com.pl\/meble-metalowe\/stoly-robocze\/stol-roboczy-pojedynczy-stm-1\/","og_locale":"en_US","og_type":"article","og_title":"Single table STM-1 - Lettero - Sprz\u0119t dla poligrafii | Meble metalowe","og_description":"The offer of worktables includes elements designed for creating workspace combinations in any configuration and with various accessories. The system includes a frame structure to assembly, [\u2026]","og_url":"https:\/\/lettero.com.pl\/meble-metalowe\/stoly-robocze\/stol-roboczy-pojedynczy-stm-1\/","og_site_name":"Lettero - Sprz\u0119t dla poligrafii | Meble metalowe","article_modified_time":"2018-09-19T18:08:34+00:00","og_image":[{"width":601,"height":601,"url":"https:\/\/lettero.com.pl\/wp-content\/uploads\/2018\/05\/st\u00f3\u0142-roboczy-stm-1_1.jpg","type":"image\/jpeg"}],"twitter_card":"summary_large_image","schema":{"@context":"https:\/\/schema.org","@graph":[{"@type":"WebPage","@id":"https:\/\/lettero.com.pl\/meble-metalowe\/stoly-robocze\/stol-roboczy-pojedynczy-stm-1\/","url":"https:\/\/lettero.com.pl\/meble-metalowe\/stoly-robocze\/stol-roboczy-pojedynczy-stm-1\/","name":"Single table STM-1 - Lettero - Sprz\u0119t dla poligrafii | Meble metalowe","isPartOf":{"@id":"https:\/\/lettero.com.pl\/#website"},"primaryImageOfPage":{"@id":"https:\/\/lettero.com.pl\/meble-metalowe\/stoly-robocze\/stol-roboczy-pojedynczy-stm-1\/#primaryimage"},"image":{"@id":"https:\/\/lettero.com.pl\/meble-metalowe\/stoly-robocze\/stol-roboczy-pojedynczy-stm-1\/#primaryimage"},"thumbnailUrl":"https:\/\/lettero.com.pl\/wp-content\/uploads\/2018\/05\/st\u00f3\u0142-roboczy-stm-1_1.jpg","datePublished":"2018-05-07T16:30:07+00:00","dateModified":"2018-09-19T18:08:34+00:00","breadcrumb":{"@id":"https:\/\/lettero.com.pl\/meble-metalowe\/stoly-robocze\/stol-roboczy-pojedynczy-stm-1\/#breadcrumb"},"inLanguage":"en-US","potentialAction":[{"@type":"ReadAction","target":["https:\/\/lettero.com.pl\/meble-metalowe\/stoly-robocze\/stol-roboczy-pojedynczy-stm-1\/"]}]},{"@type":"ImageObject","inLanguage":"en-US","@id":"https:\/\/lettero.com.pl\/meble-metalowe\/stoly-robocze\/stol-roboczy-pojedynczy-stm-1\/#primaryimage","url":"https:\/\/lettero.com.pl\/wp-content\/uploads\/2018\/05\/st\u00f3\u0142-roboczy-stm-1_1.jpg","contentUrl":"https:\/\/lettero.com.pl\/wp-content\/uploads\/2018\/05\/st\u00f3\u0142-roboczy-stm-1_1.jpg","width":601,"height":601,"caption":"Single table STM-1"},{"@type":"BreadcrumbList","@id":"https:\/\/lettero.com.pl\/meble-metalowe\/stoly-robocze\/stol-roboczy-pojedynczy-stm-1\/#breadcrumb","itemListElement":[{"@type":"ListItem","position":1,"name":"Strona g\u0142\u00f3wna","item":"https:\/\/lettero.com.pl\/en\/"},{"@type":"ListItem","position":2,"name":"Oferta","item":"https:\/\/lettero.com.pl\/oferta-3\/"},{"@type":"ListItem","position":3,"name":"Single table STM-1"}]},{"@type":"WebSite","@id":"https:\/\/lettero.com.pl\/#website","url":"https:\/\/lettero.com.pl\/","name":"Lettero - Sprz\u0119t dla poligrafii | Meble metalowe","description":"Pe\u0142na oferta polskiego producenta urz\u0105dze\u0144 dla poligrafii. Kabiny \u015bwietlne. Meble metalowe: biurowe, socjalne, magazynowe","potentialAction":[{"@type":"SearchAction","target":{"@type":"EntryPoint","urlTemplate":"https:\/\/lettero.com.pl\/?s={search_term_string}"},"query-input":{"@type":"PropertyValueSpecification","valueRequired":true,"valueName":"search_term_string"}}],"inLanguage":"en-US"}]}},"_links":{"self":[{"href":"https:\/\/lettero.com.pl\/en\/wp-json\/wp\/v2\/product\/4374","targetHints":{"allow":["GET"]}}],"collection":[{"href":"https:\/\/lettero.com.pl\/en\/wp-json\/wp\/v2\/product"}],"about":[{"href":"https:\/\/lettero.com.pl\/en\/wp-json\/wp\/v2\/types\/product"}],"wp:featuredmedia":[{"embeddable":true,"href":"https:\/\/lettero.com.pl\/en\/wp-json\/wp\/v2\/media\/2921"}],"wp:attachment":[{"href":"https:\/\/lettero.com.pl\/en\/wp-json\/wp\/v2\/media?parent=4374"}],"wp:term":[{"taxonomy":"product_brand","embeddable":true,"href":"https:\/\/lettero.com.pl\/en\/wp-json\/wp\/v2\/product_brand?post=4374"},{"taxonomy":"product_cat","embeddable":true,"href":"https:\/\/lettero.com.pl\/en\/wp-json\/wp\/v2\/product_cat?post=4374"},{"taxonomy":"product_tag","embeddable":true,"href":"https:\/\/lettero.com.pl\/en\/wp-json\/wp\/v2\/product_tag?post=4374"}],"curies":[{"name":"wp","href":"https:\/\/api.w.org\/{rel}","templated":true}]}}