{"id":4286,"date":"2018-05-10T13:13:18","date_gmt":"2018-05-10T11:13:18","guid":{"rendered":"http:\/\/lettero.opticomweb.tk\/sklep\/uncategorized\/metal-wardrobe-locker-sum-310\/"},"modified":"2018-09-19T20:06:50","modified_gmt":"2018-09-19T18:06:50","slug":"metal-wardrobe-locker-sum-310","status":"publish","type":"product","link":"https:\/\/lettero.com.pl\/en\/metal-furniture\/social-furtniture\/sum-300-wardrobes\/metal-wardrobe-locker-sum-310\/","title":{"rendered":"Metal wardrobe locker SUM 310"},"content":{"rendered":"","protected":false},"excerpt":{"rendered":"","protected":false},"featured_media":4809,"template":"","meta":[],"product_brand":[],"product_cat":[274],"product_tag":[],"class_list":{"0":"post-4286","1":"product","2":"type-product","3":"status-publish","4":"has-post-thumbnail","6":"product_cat-sum-300-wardrobes","8":"first","9":"instock","10":"shipping-taxable","11":"product-type-simple"},"yoast_head":"<!-- This site is optimized with the Yoast SEO plugin v27.0 - https:\/\/yoast.com\/product\/yoast-seo-wordpress\/ -->\n<title>Metal wardrobe locker SUM 310 - Lettero - Sprz\u0119t dla poligrafii | Meble metalowe<\/title>\n<meta name=\"robots\" content=\"index, follow, max-snippet:-1, max-image-preview:large, max-video-preview:-1\" \/>\n<link rel=\"canonical\" href=\"https:\/\/lettero.com.pl\/meble-metalowe\/meble-socjalne\/szafy-ubraniowe-sum-300mm\/szafa-ubraniowa-1-segment-sum-310\/\" \/>\n<meta property=\"og:locale\" content=\"en_US\" \/>\n<meta property=\"og:type\" content=\"article\" \/>\n<meta property=\"og:title\" content=\"Metal wardrobe locker SUM 310 - Lettero - Sprz\u0119t dla poligrafii | Meble metalowe\" \/>\n<meta property=\"og:url\" content=\"https:\/\/lettero.com.pl\/meble-metalowe\/meble-socjalne\/szafy-ubraniowe-sum-300mm\/szafa-ubraniowa-1-segment-sum-310\/\" \/>\n<meta property=\"og:site_name\" content=\"Lettero - Sprz\u0119t dla poligrafii | Meble metalowe\" \/>\n<meta property=\"article:modified_time\" content=\"2018-09-19T18:06:50+00:00\" \/>\n<meta property=\"og:image\" content=\"https:\/\/lettero.com.pl\/wp-content\/uploads\/2018\/07\/szafa-ubraniowa-SUM310W.png\" \/>\n\t<meta property=\"og:image:width\" content=\"600\" \/>\n\t<meta property=\"og:image:height\" content=\"600\" \/>\n\t<meta property=\"og:image:type\" content=\"image\/png\" \/>\n<meta name=\"twitter:card\" content=\"summary_large_image\" \/>\n<script type=\"application\/ld+json\" class=\"yoast-schema-graph\">{\"@context\":\"https:\/\/schema.org\",\"@graph\":[{\"@type\":\"WebPage\",\"@id\":\"https:\/\/lettero.com.pl\/meble-metalowe\/meble-socjalne\/szafy-ubraniowe-sum-300mm\/szafa-ubraniowa-1-segment-sum-310\/\",\"url\":\"https:\/\/lettero.com.pl\/meble-metalowe\/meble-socjalne\/szafy-ubraniowe-sum-300mm\/szafa-ubraniowa-1-segment-sum-310\/\",\"name\":\"Metal wardrobe locker SUM 310 - Lettero - Sprz\u0119t dla poligrafii | Meble metalowe\",\"isPartOf\":{\"@id\":\"https:\/\/lettero.com.pl\/#website\"},\"primaryImageOfPage\":{\"@id\":\"https:\/\/lettero.com.pl\/meble-metalowe\/meble-socjalne\/szafy-ubraniowe-sum-300mm\/szafa-ubraniowa-1-segment-sum-310\/#primaryimage\"},\"image\":{\"@id\":\"https:\/\/lettero.com.pl\/meble-metalowe\/meble-socjalne\/szafy-ubraniowe-sum-300mm\/szafa-ubraniowa-1-segment-sum-310\/#primaryimage\"},\"thumbnailUrl\":\"https:\/\/lettero.com.pl\/wp-content\/uploads\/2018\/07\/szafa-ubraniowa-SUM310W.png\",\"datePublished\":\"2018-05-10T11:13:18+00:00\",\"dateModified\":\"2018-09-19T18:06:50+00:00\",\"breadcrumb\":{\"@id\":\"https:\/\/lettero.com.pl\/meble-metalowe\/meble-socjalne\/szafy-ubraniowe-sum-300mm\/szafa-ubraniowa-1-segment-sum-310\/#breadcrumb\"},\"inLanguage\":\"en-US\",\"potentialAction\":[{\"@type\":\"ReadAction\",\"target\":[\"https:\/\/lettero.com.pl\/meble-metalowe\/meble-socjalne\/szafy-ubraniowe-sum-300mm\/szafa-ubraniowa-1-segment-sum-310\/\"]}]},{\"@type\":\"ImageObject\",\"inLanguage\":\"en-US\",\"@id\":\"https:\/\/lettero.com.pl\/meble-metalowe\/meble-socjalne\/szafy-ubraniowe-sum-300mm\/szafa-ubraniowa-1-segment-sum-310\/#primaryimage\",\"url\":\"https:\/\/lettero.com.pl\/wp-content\/uploads\/2018\/07\/szafa-ubraniowa-SUM310W.png\",\"contentUrl\":\"https:\/\/lettero.com.pl\/wp-content\/uploads\/2018\/07\/szafa-ubraniowa-SUM310W.png\",\"width\":600,\"height\":600},{\"@type\":\"BreadcrumbList\",\"@id\":\"https:\/\/lettero.com.pl\/meble-metalowe\/meble-socjalne\/szafy-ubraniowe-sum-300mm\/szafa-ubraniowa-1-segment-sum-310\/#breadcrumb\",\"itemListElement\":[{\"@type\":\"ListItem\",\"position\":1,\"name\":\"Strona g\u0142\u00f3wna\",\"item\":\"https:\/\/lettero.com.pl\/en\/\"},{\"@type\":\"ListItem\",\"position\":2,\"name\":\"Oferta\",\"item\":\"https:\/\/lettero.com.pl\/oferta-3\/\"},{\"@type\":\"ListItem\",\"position\":3,\"name\":\"Metal wardrobe locker SUM 310\"}]},{\"@type\":\"WebSite\",\"@id\":\"https:\/\/lettero.com.pl\/#website\",\"url\":\"https:\/\/lettero.com.pl\/\",\"name\":\"Lettero - Sprz\u0119t dla poligrafii | Meble metalowe\",\"description\":\"Pe\u0142na oferta polskiego producenta urz\u0105dze\u0144 dla poligrafii. Kabiny \u015bwietlne. Meble metalowe: biurowe, socjalne, magazynowe\",\"potentialAction\":[{\"@type\":\"SearchAction\",\"target\":{\"@type\":\"EntryPoint\",\"urlTemplate\":\"https:\/\/lettero.com.pl\/?s={search_term_string}\"},\"query-input\":{\"@type\":\"PropertyValueSpecification\",\"valueRequired\":true,\"valueName\":\"search_term_string\"}}],\"inLanguage\":\"en-US\"}]}<\/script>\n<!-- \/ Yoast SEO plugin. -->","yoast_head_json":{"title":"Metal wardrobe locker SUM 310 - Lettero - Sprz\u0119t dla poligrafii | Meble metalowe","robots":{"index":"index","follow":"follow","max-snippet":"max-snippet:-1","max-image-preview":"max-image-preview:large","max-video-preview":"max-video-preview:-1"},"canonical":"https:\/\/lettero.com.pl\/meble-metalowe\/meble-socjalne\/szafy-ubraniowe-sum-300mm\/szafa-ubraniowa-1-segment-sum-310\/","og_locale":"en_US","og_type":"article","og_title":"Metal wardrobe locker SUM 310 - Lettero - Sprz\u0119t dla poligrafii | Meble metalowe","og_url":"https:\/\/lettero.com.pl\/meble-metalowe\/meble-socjalne\/szafy-ubraniowe-sum-300mm\/szafa-ubraniowa-1-segment-sum-310\/","og_site_name":"Lettero - Sprz\u0119t dla poligrafii | Meble metalowe","article_modified_time":"2018-09-19T18:06:50+00:00","og_image":[{"width":600,"height":600,"url":"https:\/\/lettero.com.pl\/wp-content\/uploads\/2018\/07\/szafa-ubraniowa-SUM310W.png","type":"image\/png"}],"twitter_card":"summary_large_image","schema":{"@context":"https:\/\/schema.org","@graph":[{"@type":"WebPage","@id":"https:\/\/lettero.com.pl\/meble-metalowe\/meble-socjalne\/szafy-ubraniowe-sum-300mm\/szafa-ubraniowa-1-segment-sum-310\/","url":"https:\/\/lettero.com.pl\/meble-metalowe\/meble-socjalne\/szafy-ubraniowe-sum-300mm\/szafa-ubraniowa-1-segment-sum-310\/","name":"Metal wardrobe locker SUM 310 - Lettero - Sprz\u0119t dla poligrafii | Meble metalowe","isPartOf":{"@id":"https:\/\/lettero.com.pl\/#website"},"primaryImageOfPage":{"@id":"https:\/\/lettero.com.pl\/meble-metalowe\/meble-socjalne\/szafy-ubraniowe-sum-300mm\/szafa-ubraniowa-1-segment-sum-310\/#primaryimage"},"image":{"@id":"https:\/\/lettero.com.pl\/meble-metalowe\/meble-socjalne\/szafy-ubraniowe-sum-300mm\/szafa-ubraniowa-1-segment-sum-310\/#primaryimage"},"thumbnailUrl":"https:\/\/lettero.com.pl\/wp-content\/uploads\/2018\/07\/szafa-ubraniowa-SUM310W.png","datePublished":"2018-05-10T11:13:18+00:00","dateModified":"2018-09-19T18:06:50+00:00","breadcrumb":{"@id":"https:\/\/lettero.com.pl\/meble-metalowe\/meble-socjalne\/szafy-ubraniowe-sum-300mm\/szafa-ubraniowa-1-segment-sum-310\/#breadcrumb"},"inLanguage":"en-US","potentialAction":[{"@type":"ReadAction","target":["https:\/\/lettero.com.pl\/meble-metalowe\/meble-socjalne\/szafy-ubraniowe-sum-300mm\/szafa-ubraniowa-1-segment-sum-310\/"]}]},{"@type":"ImageObject","inLanguage":"en-US","@id":"https:\/\/lettero.com.pl\/meble-metalowe\/meble-socjalne\/szafy-ubraniowe-sum-300mm\/szafa-ubraniowa-1-segment-sum-310\/#primaryimage","url":"https:\/\/lettero.com.pl\/wp-content\/uploads\/2018\/07\/szafa-ubraniowa-SUM310W.png","contentUrl":"https:\/\/lettero.com.pl\/wp-content\/uploads\/2018\/07\/szafa-ubraniowa-SUM310W.png","width":600,"height":600},{"@type":"BreadcrumbList","@id":"https:\/\/lettero.com.pl\/meble-metalowe\/meble-socjalne\/szafy-ubraniowe-sum-300mm\/szafa-ubraniowa-1-segment-sum-310\/#breadcrumb","itemListElement":[{"@type":"ListItem","position":1,"name":"Strona g\u0142\u00f3wna","item":"https:\/\/lettero.com.pl\/en\/"},{"@type":"ListItem","position":2,"name":"Oferta","item":"https:\/\/lettero.com.pl\/oferta-3\/"},{"@type":"ListItem","position":3,"name":"Metal wardrobe locker SUM 310"}]},{"@type":"WebSite","@id":"https:\/\/lettero.com.pl\/#website","url":"https:\/\/lettero.com.pl\/","name":"Lettero - Sprz\u0119t dla poligrafii | Meble metalowe","description":"Pe\u0142na oferta polskiego producenta urz\u0105dze\u0144 dla poligrafii. Kabiny \u015bwietlne. Meble metalowe: biurowe, socjalne, magazynowe","potentialAction":[{"@type":"SearchAction","target":{"@type":"EntryPoint","urlTemplate":"https:\/\/lettero.com.pl\/?s={search_term_string}"},"query-input":{"@type":"PropertyValueSpecification","valueRequired":true,"valueName":"search_term_string"}}],"inLanguage":"en-US"}]}},"_links":{"self":[{"href":"https:\/\/lettero.com.pl\/en\/wp-json\/wp\/v2\/product\/4286","targetHints":{"allow":["GET"]}}],"collection":[{"href":"https:\/\/lettero.com.pl\/en\/wp-json\/wp\/v2\/product"}],"about":[{"href":"https:\/\/lettero.com.pl\/en\/wp-json\/wp\/v2\/types\/product"}],"wp:featuredmedia":[{"embeddable":true,"href":"https:\/\/lettero.com.pl\/en\/wp-json\/wp\/v2\/media\/4809"}],"wp:attachment":[{"href":"https:\/\/lettero.com.pl\/en\/wp-json\/wp\/v2\/media?parent=4286"}],"wp:term":[{"taxonomy":"product_brand","embeddable":true,"href":"https:\/\/lettero.com.pl\/en\/wp-json\/wp\/v2\/product_brand?post=4286"},{"taxonomy":"product_cat","embeddable":true,"href":"https:\/\/lettero.com.pl\/en\/wp-json\/wp\/v2\/product_cat?post=4286"},{"taxonomy":"product_tag","embeddable":true,"href":"https:\/\/lettero.com.pl\/en\/wp-json\/wp\/v2\/product_tag?post=4286"}],"curies":[{"name":"wp","href":"https:\/\/api.w.org\/{rel}","templated":true}]}}