{"id":4282,"date":"2018-05-23T11:26:02","date_gmt":"2018-05-23T09:26:02","guid":{"rendered":"http:\/\/lettero.opticomweb.tk\/sklep\/uncategorized\/office-tables-system-stb-comfort\/"},"modified":"2018-09-19T20:03:21","modified_gmt":"2018-09-19T18:03:21","slug":"office-tables-system-stb-comfort","status":"publish","type":"product","link":"https:\/\/lettero.com.pl\/en\/metal-furniture\/office-furniture\/office-table-and-side-cabinets\/office-tables-system-stb-comfort\/","title":{"rendered":"Office tables system STB Comfort"},"content":{"rendered":"","protected":false},"excerpt":{"rendered":"","protected":false},"featured_media":3797,"template":"","meta":[],"product_brand":[],"product_cat":[244],"product_tag":[],"class_list":{"0":"post-4282","1":"product","2":"type-product","3":"status-publish","4":"has-post-thumbnail","6":"product_cat-office-table-and-side-cabinets","8":"first","9":"instock","10":"shipping-taxable","11":"product-type-simple"},"yoast_head":"<!-- This site is optimized with the Yoast SEO plugin v27.0 - https:\/\/yoast.com\/product\/yoast-seo-wordpress\/ -->\n<title>Office tables system STB Comfort - Lettero - Sprz\u0119t dla poligrafii | Meble metalowe<\/title>\n<meta name=\"robots\" content=\"index, follow, max-snippet:-1, max-image-preview:large, max-video-preview:-1\" \/>\n<link rel=\"canonical\" href=\"https:\/\/lettero.com.pl\/meble-metalowe\/meble-biurowe\/stoly-biurowe-i-szafki-przybiurkowe\/stoly-biurowe-stb-comfort\/\" \/>\n<meta property=\"og:locale\" content=\"en_US\" \/>\n<meta property=\"og:type\" content=\"article\" \/>\n<meta property=\"og:title\" content=\"Office tables system STB Comfort - Lettero - Sprz\u0119t dla poligrafii | Meble metalowe\" \/>\n<meta property=\"og:url\" content=\"https:\/\/lettero.com.pl\/meble-metalowe\/meble-biurowe\/stoly-biurowe-i-szafki-przybiurkowe\/stoly-biurowe-stb-comfort\/\" \/>\n<meta property=\"og:site_name\" content=\"Lettero - Sprz\u0119t dla poligrafii | Meble metalowe\" \/>\n<meta property=\"article:modified_time\" content=\"2018-09-19T18:03:21+00:00\" \/>\n<meta property=\"og:image\" content=\"https:\/\/lettero.com.pl\/wp-content\/uploads\/2018\/05\/st\u00f3\u0142-biurowy-stb-1260-oslona.jpg\" \/>\n\t<meta property=\"og:image:width\" content=\"601\" \/>\n\t<meta property=\"og:image:height\" content=\"601\" \/>\n\t<meta property=\"og:image:type\" content=\"image\/jpeg\" \/>\n<meta name=\"twitter:card\" content=\"summary_large_image\" \/>\n<script type=\"application\/ld+json\" class=\"yoast-schema-graph\">{\"@context\":\"https:\/\/schema.org\",\"@graph\":[{\"@type\":\"WebPage\",\"@id\":\"https:\/\/lettero.com.pl\/meble-metalowe\/meble-biurowe\/stoly-biurowe-i-szafki-przybiurkowe\/stoly-biurowe-stb-comfort\/\",\"url\":\"https:\/\/lettero.com.pl\/meble-metalowe\/meble-biurowe\/stoly-biurowe-i-szafki-przybiurkowe\/stoly-biurowe-stb-comfort\/\",\"name\":\"Office tables system STB Comfort - Lettero - Sprz\u0119t dla poligrafii | Meble metalowe\",\"isPartOf\":{\"@id\":\"https:\/\/lettero.com.pl\/#website\"},\"primaryImageOfPage\":{\"@id\":\"https:\/\/lettero.com.pl\/meble-metalowe\/meble-biurowe\/stoly-biurowe-i-szafki-przybiurkowe\/stoly-biurowe-stb-comfort\/#primaryimage\"},\"image\":{\"@id\":\"https:\/\/lettero.com.pl\/meble-metalowe\/meble-biurowe\/stoly-biurowe-i-szafki-przybiurkowe\/stoly-biurowe-stb-comfort\/#primaryimage\"},\"thumbnailUrl\":\"https:\/\/lettero.com.pl\/wp-content\/uploads\/2018\/05\/st\u00f3\u0142-biurowy-stb-1260-oslona.jpg\",\"datePublished\":\"2018-05-23T09:26:02+00:00\",\"dateModified\":\"2018-09-19T18:03:21+00:00\",\"breadcrumb\":{\"@id\":\"https:\/\/lettero.com.pl\/meble-metalowe\/meble-biurowe\/stoly-biurowe-i-szafki-przybiurkowe\/stoly-biurowe-stb-comfort\/#breadcrumb\"},\"inLanguage\":\"en-US\",\"potentialAction\":[{\"@type\":\"ReadAction\",\"target\":[\"https:\/\/lettero.com.pl\/meble-metalowe\/meble-biurowe\/stoly-biurowe-i-szafki-przybiurkowe\/stoly-biurowe-stb-comfort\/\"]}]},{\"@type\":\"ImageObject\",\"inLanguage\":\"en-US\",\"@id\":\"https:\/\/lettero.com.pl\/meble-metalowe\/meble-biurowe\/stoly-biurowe-i-szafki-przybiurkowe\/stoly-biurowe-stb-comfort\/#primaryimage\",\"url\":\"https:\/\/lettero.com.pl\/wp-content\/uploads\/2018\/05\/st\u00f3\u0142-biurowy-stb-1260-oslona.jpg\",\"contentUrl\":\"https:\/\/lettero.com.pl\/wp-content\/uploads\/2018\/05\/st\u00f3\u0142-biurowy-stb-1260-oslona.jpg\",\"width\":601,\"height\":601},{\"@type\":\"BreadcrumbList\",\"@id\":\"https:\/\/lettero.com.pl\/meble-metalowe\/meble-biurowe\/stoly-biurowe-i-szafki-przybiurkowe\/stoly-biurowe-stb-comfort\/#breadcrumb\",\"itemListElement\":[{\"@type\":\"ListItem\",\"position\":1,\"name\":\"Strona g\u0142\u00f3wna\",\"item\":\"https:\/\/lettero.com.pl\/en\/\"},{\"@type\":\"ListItem\",\"position\":2,\"name\":\"Oferta\",\"item\":\"https:\/\/lettero.com.pl\/oferta-3\/\"},{\"@type\":\"ListItem\",\"position\":3,\"name\":\"Office tables system STB Comfort\"}]},{\"@type\":\"WebSite\",\"@id\":\"https:\/\/lettero.com.pl\/#website\",\"url\":\"https:\/\/lettero.com.pl\/\",\"name\":\"Lettero - Sprz\u0119t dla poligrafii | Meble metalowe\",\"description\":\"Pe\u0142na oferta polskiego producenta urz\u0105dze\u0144 dla poligrafii. Kabiny \u015bwietlne. Meble metalowe: biurowe, socjalne, magazynowe\",\"potentialAction\":[{\"@type\":\"SearchAction\",\"target\":{\"@type\":\"EntryPoint\",\"urlTemplate\":\"https:\/\/lettero.com.pl\/?s={search_term_string}\"},\"query-input\":{\"@type\":\"PropertyValueSpecification\",\"valueRequired\":true,\"valueName\":\"search_term_string\"}}],\"inLanguage\":\"en-US\"}]}<\/script>\n<!-- \/ Yoast SEO plugin. -->","yoast_head_json":{"title":"Office tables system STB Comfort - Lettero - Sprz\u0119t dla poligrafii | Meble metalowe","robots":{"index":"index","follow":"follow","max-snippet":"max-snippet:-1","max-image-preview":"max-image-preview:large","max-video-preview":"max-video-preview:-1"},"canonical":"https:\/\/lettero.com.pl\/meble-metalowe\/meble-biurowe\/stoly-biurowe-i-szafki-przybiurkowe\/stoly-biurowe-stb-comfort\/","og_locale":"en_US","og_type":"article","og_title":"Office tables system STB Comfort - Lettero - Sprz\u0119t dla poligrafii | Meble metalowe","og_url":"https:\/\/lettero.com.pl\/meble-metalowe\/meble-biurowe\/stoly-biurowe-i-szafki-przybiurkowe\/stoly-biurowe-stb-comfort\/","og_site_name":"Lettero - Sprz\u0119t dla poligrafii | Meble metalowe","article_modified_time":"2018-09-19T18:03:21+00:00","og_image":[{"width":601,"height":601,"url":"https:\/\/lettero.com.pl\/wp-content\/uploads\/2018\/05\/st\u00f3\u0142-biurowy-stb-1260-oslona.jpg","type":"image\/jpeg"}],"twitter_card":"summary_large_image","schema":{"@context":"https:\/\/schema.org","@graph":[{"@type":"WebPage","@id":"https:\/\/lettero.com.pl\/meble-metalowe\/meble-biurowe\/stoly-biurowe-i-szafki-przybiurkowe\/stoly-biurowe-stb-comfort\/","url":"https:\/\/lettero.com.pl\/meble-metalowe\/meble-biurowe\/stoly-biurowe-i-szafki-przybiurkowe\/stoly-biurowe-stb-comfort\/","name":"Office tables system STB Comfort - Lettero - Sprz\u0119t dla poligrafii | Meble metalowe","isPartOf":{"@id":"https:\/\/lettero.com.pl\/#website"},"primaryImageOfPage":{"@id":"https:\/\/lettero.com.pl\/meble-metalowe\/meble-biurowe\/stoly-biurowe-i-szafki-przybiurkowe\/stoly-biurowe-stb-comfort\/#primaryimage"},"image":{"@id":"https:\/\/lettero.com.pl\/meble-metalowe\/meble-biurowe\/stoly-biurowe-i-szafki-przybiurkowe\/stoly-biurowe-stb-comfort\/#primaryimage"},"thumbnailUrl":"https:\/\/lettero.com.pl\/wp-content\/uploads\/2018\/05\/st\u00f3\u0142-biurowy-stb-1260-oslona.jpg","datePublished":"2018-05-23T09:26:02+00:00","dateModified":"2018-09-19T18:03:21+00:00","breadcrumb":{"@id":"https:\/\/lettero.com.pl\/meble-metalowe\/meble-biurowe\/stoly-biurowe-i-szafki-przybiurkowe\/stoly-biurowe-stb-comfort\/#breadcrumb"},"inLanguage":"en-US","potentialAction":[{"@type":"ReadAction","target":["https:\/\/lettero.com.pl\/meble-metalowe\/meble-biurowe\/stoly-biurowe-i-szafki-przybiurkowe\/stoly-biurowe-stb-comfort\/"]}]},{"@type":"ImageObject","inLanguage":"en-US","@id":"https:\/\/lettero.com.pl\/meble-metalowe\/meble-biurowe\/stoly-biurowe-i-szafki-przybiurkowe\/stoly-biurowe-stb-comfort\/#primaryimage","url":"https:\/\/lettero.com.pl\/wp-content\/uploads\/2018\/05\/st\u00f3\u0142-biurowy-stb-1260-oslona.jpg","contentUrl":"https:\/\/lettero.com.pl\/wp-content\/uploads\/2018\/05\/st\u00f3\u0142-biurowy-stb-1260-oslona.jpg","width":601,"height":601},{"@type":"BreadcrumbList","@id":"https:\/\/lettero.com.pl\/meble-metalowe\/meble-biurowe\/stoly-biurowe-i-szafki-przybiurkowe\/stoly-biurowe-stb-comfort\/#breadcrumb","itemListElement":[{"@type":"ListItem","position":1,"name":"Strona g\u0142\u00f3wna","item":"https:\/\/lettero.com.pl\/en\/"},{"@type":"ListItem","position":2,"name":"Oferta","item":"https:\/\/lettero.com.pl\/oferta-3\/"},{"@type":"ListItem","position":3,"name":"Office tables system STB Comfort"}]},{"@type":"WebSite","@id":"https:\/\/lettero.com.pl\/#website","url":"https:\/\/lettero.com.pl\/","name":"Lettero - Sprz\u0119t dla poligrafii | Meble metalowe","description":"Pe\u0142na oferta polskiego producenta urz\u0105dze\u0144 dla poligrafii. Kabiny \u015bwietlne. Meble metalowe: biurowe, socjalne, magazynowe","potentialAction":[{"@type":"SearchAction","target":{"@type":"EntryPoint","urlTemplate":"https:\/\/lettero.com.pl\/?s={search_term_string}"},"query-input":{"@type":"PropertyValueSpecification","valueRequired":true,"valueName":"search_term_string"}}],"inLanguage":"en-US"}]}},"_links":{"self":[{"href":"https:\/\/lettero.com.pl\/en\/wp-json\/wp\/v2\/product\/4282","targetHints":{"allow":["GET"]}}],"collection":[{"href":"https:\/\/lettero.com.pl\/en\/wp-json\/wp\/v2\/product"}],"about":[{"href":"https:\/\/lettero.com.pl\/en\/wp-json\/wp\/v2\/types\/product"}],"wp:featuredmedia":[{"embeddable":true,"href":"https:\/\/lettero.com.pl\/en\/wp-json\/wp\/v2\/media\/3797"}],"wp:attachment":[{"href":"https:\/\/lettero.com.pl\/en\/wp-json\/wp\/v2\/media?parent=4282"}],"wp:term":[{"taxonomy":"product_brand","embeddable":true,"href":"https:\/\/lettero.com.pl\/en\/wp-json\/wp\/v2\/product_brand?post=4282"},{"taxonomy":"product_cat","embeddable":true,"href":"https:\/\/lettero.com.pl\/en\/wp-json\/wp\/v2\/product_cat?post=4282"},{"taxonomy":"product_tag","embeddable":true,"href":"https:\/\/lettero.com.pl\/en\/wp-json\/wp\/v2\/product_tag?post=4282"}],"curies":[{"name":"wp","href":"https:\/\/api.w.org\/{rel}","templated":true}]}}