{"id":4279,"date":"2018-05-23T08:44:02","date_gmt":"2018-05-23T06:44:02","guid":{"rendered":"http:\/\/lettero.opticomweb.tk\/sklep\/uncategorized\/metal-office-desk-bim-032\/"},"modified":"2018-09-19T20:03:37","modified_gmt":"2018-09-19T18:03:37","slug":"metal-office-desk-bim-032","status":"publish","type":"product","link":"https:\/\/lettero.com.pl\/en\/metal-furniture\/office-furniture\/metal-desks\/metal-office-desk-bim-032\/","title":{"rendered":"Metal office desk BIM-032"},"content":{"rendered":"","protected":false},"excerpt":{"rendered":"","protected":false},"featured_media":0,"template":"","meta":[],"product_brand":[],"product_cat":[242],"product_tag":[],"class_list":{"0":"post-4279","1":"product","2":"type-product","3":"status-publish","5":"product_cat-metal-desks","7":"first","8":"instock","9":"shipping-taxable","10":"product-type-simple"},"yoast_head":"<!-- This site is optimized with the Yoast SEO plugin v27.0 - https:\/\/yoast.com\/product\/yoast-seo-wordpress\/ -->\n<title>Metal office desk BIM-032 - Lettero - Sprz\u0119t dla poligrafii | Meble metalowe<\/title>\n<meta name=\"robots\" content=\"index, follow, max-snippet:-1, max-image-preview:large, max-video-preview:-1\" \/>\n<link rel=\"canonical\" href=\"https:\/\/lettero.com.pl\/meble-metalowe\/meble-biurowe\/biurka-metalowe\/biurko-metalowe-1-kontenerek-bim-032\/\" \/>\n<meta property=\"og:locale\" content=\"en_US\" \/>\n<meta property=\"og:type\" content=\"article\" \/>\n<meta property=\"og:title\" content=\"Metal office desk BIM-032 - Lettero - Sprz\u0119t dla poligrafii | Meble metalowe\" \/>\n<meta property=\"og:url\" content=\"https:\/\/lettero.com.pl\/meble-metalowe\/meble-biurowe\/biurka-metalowe\/biurko-metalowe-1-kontenerek-bim-032\/\" \/>\n<meta property=\"og:site_name\" content=\"Lettero - Sprz\u0119t dla poligrafii | Meble metalowe\" \/>\n<meta property=\"article:modified_time\" content=\"2018-09-19T18:03:37+00:00\" \/>\n<meta name=\"twitter:card\" content=\"summary_large_image\" \/>\n<script type=\"application\/ld+json\" class=\"yoast-schema-graph\">{\"@context\":\"https:\/\/schema.org\",\"@graph\":[{\"@type\":\"WebPage\",\"@id\":\"https:\/\/lettero.com.pl\/meble-metalowe\/meble-biurowe\/biurka-metalowe\/biurko-metalowe-1-kontenerek-bim-032\/\",\"url\":\"https:\/\/lettero.com.pl\/meble-metalowe\/meble-biurowe\/biurka-metalowe\/biurko-metalowe-1-kontenerek-bim-032\/\",\"name\":\"Metal office desk BIM-032 - Lettero - Sprz\u0119t dla poligrafii | Meble metalowe\",\"isPartOf\":{\"@id\":\"https:\/\/lettero.com.pl\/#website\"},\"datePublished\":\"2018-05-23T06:44:02+00:00\",\"dateModified\":\"2018-09-19T18:03:37+00:00\",\"breadcrumb\":{\"@id\":\"https:\/\/lettero.com.pl\/meble-metalowe\/meble-biurowe\/biurka-metalowe\/biurko-metalowe-1-kontenerek-bim-032\/#breadcrumb\"},\"inLanguage\":\"en-US\",\"potentialAction\":[{\"@type\":\"ReadAction\",\"target\":[\"https:\/\/lettero.com.pl\/meble-metalowe\/meble-biurowe\/biurka-metalowe\/biurko-metalowe-1-kontenerek-bim-032\/\"]}]},{\"@type\":\"BreadcrumbList\",\"@id\":\"https:\/\/lettero.com.pl\/meble-metalowe\/meble-biurowe\/biurka-metalowe\/biurko-metalowe-1-kontenerek-bim-032\/#breadcrumb\",\"itemListElement\":[{\"@type\":\"ListItem\",\"position\":1,\"name\":\"Strona g\u0142\u00f3wna\",\"item\":\"https:\/\/lettero.com.pl\/en\/\"},{\"@type\":\"ListItem\",\"position\":2,\"name\":\"Oferta\",\"item\":\"https:\/\/lettero.com.pl\/oferta-3\/\"},{\"@type\":\"ListItem\",\"position\":3,\"name\":\"Metal office desk BIM-032\"}]},{\"@type\":\"WebSite\",\"@id\":\"https:\/\/lettero.com.pl\/#website\",\"url\":\"https:\/\/lettero.com.pl\/\",\"name\":\"Lettero - Sprz\u0119t dla poligrafii | Meble metalowe\",\"description\":\"Pe\u0142na oferta polskiego producenta urz\u0105dze\u0144 dla poligrafii. Kabiny \u015bwietlne. Meble metalowe: biurowe, socjalne, magazynowe\",\"potentialAction\":[{\"@type\":\"SearchAction\",\"target\":{\"@type\":\"EntryPoint\",\"urlTemplate\":\"https:\/\/lettero.com.pl\/?s={search_term_string}\"},\"query-input\":{\"@type\":\"PropertyValueSpecification\",\"valueRequired\":true,\"valueName\":\"search_term_string\"}}],\"inLanguage\":\"en-US\"}]}<\/script>\n<!-- \/ Yoast SEO plugin. -->","yoast_head_json":{"title":"Metal office desk BIM-032 - Lettero - Sprz\u0119t dla poligrafii | Meble metalowe","robots":{"index":"index","follow":"follow","max-snippet":"max-snippet:-1","max-image-preview":"max-image-preview:large","max-video-preview":"max-video-preview:-1"},"canonical":"https:\/\/lettero.com.pl\/meble-metalowe\/meble-biurowe\/biurka-metalowe\/biurko-metalowe-1-kontenerek-bim-032\/","og_locale":"en_US","og_type":"article","og_title":"Metal office desk BIM-032 - Lettero - Sprz\u0119t dla poligrafii | Meble metalowe","og_url":"https:\/\/lettero.com.pl\/meble-metalowe\/meble-biurowe\/biurka-metalowe\/biurko-metalowe-1-kontenerek-bim-032\/","og_site_name":"Lettero - Sprz\u0119t dla poligrafii | Meble metalowe","article_modified_time":"2018-09-19T18:03:37+00:00","twitter_card":"summary_large_image","schema":{"@context":"https:\/\/schema.org","@graph":[{"@type":"WebPage","@id":"https:\/\/lettero.com.pl\/meble-metalowe\/meble-biurowe\/biurka-metalowe\/biurko-metalowe-1-kontenerek-bim-032\/","url":"https:\/\/lettero.com.pl\/meble-metalowe\/meble-biurowe\/biurka-metalowe\/biurko-metalowe-1-kontenerek-bim-032\/","name":"Metal office desk BIM-032 - Lettero - Sprz\u0119t dla poligrafii | Meble metalowe","isPartOf":{"@id":"https:\/\/lettero.com.pl\/#website"},"datePublished":"2018-05-23T06:44:02+00:00","dateModified":"2018-09-19T18:03:37+00:00","breadcrumb":{"@id":"https:\/\/lettero.com.pl\/meble-metalowe\/meble-biurowe\/biurka-metalowe\/biurko-metalowe-1-kontenerek-bim-032\/#breadcrumb"},"inLanguage":"en-US","potentialAction":[{"@type":"ReadAction","target":["https:\/\/lettero.com.pl\/meble-metalowe\/meble-biurowe\/biurka-metalowe\/biurko-metalowe-1-kontenerek-bim-032\/"]}]},{"@type":"BreadcrumbList","@id":"https:\/\/lettero.com.pl\/meble-metalowe\/meble-biurowe\/biurka-metalowe\/biurko-metalowe-1-kontenerek-bim-032\/#breadcrumb","itemListElement":[{"@type":"ListItem","position":1,"name":"Strona g\u0142\u00f3wna","item":"https:\/\/lettero.com.pl\/en\/"},{"@type":"ListItem","position":2,"name":"Oferta","item":"https:\/\/lettero.com.pl\/oferta-3\/"},{"@type":"ListItem","position":3,"name":"Metal office desk BIM-032"}]},{"@type":"WebSite","@id":"https:\/\/lettero.com.pl\/#website","url":"https:\/\/lettero.com.pl\/","name":"Lettero - Sprz\u0119t dla poligrafii | Meble metalowe","description":"Pe\u0142na oferta polskiego producenta urz\u0105dze\u0144 dla poligrafii. Kabiny \u015bwietlne. Meble metalowe: biurowe, socjalne, magazynowe","potentialAction":[{"@type":"SearchAction","target":{"@type":"EntryPoint","urlTemplate":"https:\/\/lettero.com.pl\/?s={search_term_string}"},"query-input":{"@type":"PropertyValueSpecification","valueRequired":true,"valueName":"search_term_string"}}],"inLanguage":"en-US"}]}},"_links":{"self":[{"href":"https:\/\/lettero.com.pl\/en\/wp-json\/wp\/v2\/product\/4279","targetHints":{"allow":["GET"]}}],"collection":[{"href":"https:\/\/lettero.com.pl\/en\/wp-json\/wp\/v2\/product"}],"about":[{"href":"https:\/\/lettero.com.pl\/en\/wp-json\/wp\/v2\/types\/product"}],"wp:attachment":[{"href":"https:\/\/lettero.com.pl\/en\/wp-json\/wp\/v2\/media?parent=4279"}],"wp:term":[{"taxonomy":"product_brand","embeddable":true,"href":"https:\/\/lettero.com.pl\/en\/wp-json\/wp\/v2\/product_brand?post=4279"},{"taxonomy":"product_cat","embeddable":true,"href":"https:\/\/lettero.com.pl\/en\/wp-json\/wp\/v2\/product_cat?post=4279"},{"taxonomy":"product_tag","embeddable":true,"href":"https:\/\/lettero.com.pl\/en\/wp-json\/wp\/v2\/product_tag?post=4279"}],"curies":[{"name":"wp","href":"https:\/\/api.w.org\/{rel}","templated":true}]}}