{"id":4251,"date":"2018-05-09T16:06:52","date_gmt":"2018-05-09T14:06:52","guid":{"rendered":"http:\/\/lettero.opticomweb.tk\/sklep\/uncategorized\/trolley-for-libraries-wb-2\/"},"modified":"2018-09-19T20:06:53","modified_gmt":"2018-09-19T18:06:53","slug":"trolley-for-libraries-wb-2","status":"publish","type":"product","link":"https:\/\/lettero.com.pl\/en\/metal-furniture\/office-furniture\/equipment-for-libraries\/trolley-for-libraries-wb-2\/","title":{"rendered":"Trolley for libraries WB-2"},"content":{"rendered":"<div><\/div>\n<div>Dimensions WxDxH: 1100 x 400 x 930<\/div>\n<div><\/div>\n<div><\/div>\n<div><\/div>\n","protected":false},"excerpt":{"rendered":"<p>Dimensions WxDxH: 1100 x 400 x 930<\/p>\n","protected":false},"featured_media":3149,"template":"","meta":[],"product_brand":[],"product_cat":[255],"product_tag":[],"class_list":{"0":"post-4251","1":"product","2":"type-product","3":"status-publish","4":"has-post-thumbnail","6":"product_cat-equipment-for-libraries","8":"first","9":"instock","10":"shipping-taxable","11":"product-type-simple"},"yoast_head":"<!-- This site is optimized with the Yoast SEO plugin v27.0 - https:\/\/yoast.com\/product\/yoast-seo-wordpress\/ -->\n<title>Trolley for libraries WB-2 - Lettero - Sprz\u0119t dla poligrafii | Meble metalowe<\/title>\n<meta name=\"robots\" content=\"index, follow, max-snippet:-1, max-image-preview:large, max-video-preview:-1\" \/>\n<link rel=\"canonical\" href=\"https:\/\/lettero.com.pl\/meble-metalowe\/meble-biurowe\/wyposazenie-bibliotek\/wozek-dla-bibliotek-wb-2\/\" \/>\n<meta property=\"og:locale\" content=\"en_US\" \/>\n<meta property=\"og:type\" content=\"article\" \/>\n<meta property=\"og:title\" content=\"Trolley for libraries WB-2 - Lettero - Sprz\u0119t dla poligrafii | Meble metalowe\" \/>\n<meta property=\"og:description\" content=\"Dimensions WxDxH: 1100 x 400 x 930\" \/>\n<meta property=\"og:url\" content=\"https:\/\/lettero.com.pl\/meble-metalowe\/meble-biurowe\/wyposazenie-bibliotek\/wozek-dla-bibliotek-wb-2\/\" \/>\n<meta property=\"og:site_name\" content=\"Lettero - Sprz\u0119t dla poligrafii | Meble metalowe\" \/>\n<meta property=\"article:modified_time\" content=\"2018-09-19T18:06:53+00:00\" \/>\n<meta property=\"og:image\" content=\"https:\/\/lettero.com.pl\/wp-content\/uploads\/2018\/05\/w\u00f3zek-bibliteczny-wb-2.jpg\" \/>\n\t<meta property=\"og:image:width\" content=\"601\" \/>\n\t<meta property=\"og:image:height\" content=\"601\" \/>\n\t<meta property=\"og:image:type\" content=\"image\/jpeg\" \/>\n<meta name=\"twitter:card\" content=\"summary_large_image\" \/>\n<script type=\"application\/ld+json\" class=\"yoast-schema-graph\">{\"@context\":\"https:\/\/schema.org\",\"@graph\":[{\"@type\":\"WebPage\",\"@id\":\"https:\/\/lettero.com.pl\/meble-metalowe\/meble-biurowe\/wyposazenie-bibliotek\/wozek-dla-bibliotek-wb-2\/\",\"url\":\"https:\/\/lettero.com.pl\/meble-metalowe\/meble-biurowe\/wyposazenie-bibliotek\/wozek-dla-bibliotek-wb-2\/\",\"name\":\"Trolley for libraries WB-2 - Lettero - Sprz\u0119t dla poligrafii | Meble metalowe\",\"isPartOf\":{\"@id\":\"https:\/\/lettero.com.pl\/#website\"},\"primaryImageOfPage\":{\"@id\":\"https:\/\/lettero.com.pl\/meble-metalowe\/meble-biurowe\/wyposazenie-bibliotek\/wozek-dla-bibliotek-wb-2\/#primaryimage\"},\"image\":{\"@id\":\"https:\/\/lettero.com.pl\/meble-metalowe\/meble-biurowe\/wyposazenie-bibliotek\/wozek-dla-bibliotek-wb-2\/#primaryimage\"},\"thumbnailUrl\":\"https:\/\/lettero.com.pl\/wp-content\/uploads\/2018\/05\/w\u00f3zek-bibliteczny-wb-2.jpg\",\"datePublished\":\"2018-05-09T14:06:52+00:00\",\"dateModified\":\"2018-09-19T18:06:53+00:00\",\"breadcrumb\":{\"@id\":\"https:\/\/lettero.com.pl\/meble-metalowe\/meble-biurowe\/wyposazenie-bibliotek\/wozek-dla-bibliotek-wb-2\/#breadcrumb\"},\"inLanguage\":\"en-US\",\"potentialAction\":[{\"@type\":\"ReadAction\",\"target\":[\"https:\/\/lettero.com.pl\/meble-metalowe\/meble-biurowe\/wyposazenie-bibliotek\/wozek-dla-bibliotek-wb-2\/\"]}]},{\"@type\":\"ImageObject\",\"inLanguage\":\"en-US\",\"@id\":\"https:\/\/lettero.com.pl\/meble-metalowe\/meble-biurowe\/wyposazenie-bibliotek\/wozek-dla-bibliotek-wb-2\/#primaryimage\",\"url\":\"https:\/\/lettero.com.pl\/wp-content\/uploads\/2018\/05\/w\u00f3zek-bibliteczny-wb-2.jpg\",\"contentUrl\":\"https:\/\/lettero.com.pl\/wp-content\/uploads\/2018\/05\/w\u00f3zek-bibliteczny-wb-2.jpg\",\"width\":601,\"height\":601,\"caption\":\"Trolley for libraries WB-2\"},{\"@type\":\"BreadcrumbList\",\"@id\":\"https:\/\/lettero.com.pl\/meble-metalowe\/meble-biurowe\/wyposazenie-bibliotek\/wozek-dla-bibliotek-wb-2\/#breadcrumb\",\"itemListElement\":[{\"@type\":\"ListItem\",\"position\":1,\"name\":\"Strona g\u0142\u00f3wna\",\"item\":\"https:\/\/lettero.com.pl\/en\/\"},{\"@type\":\"ListItem\",\"position\":2,\"name\":\"Oferta\",\"item\":\"https:\/\/lettero.com.pl\/oferta-3\/\"},{\"@type\":\"ListItem\",\"position\":3,\"name\":\"Trolley for libraries WB-2\"}]},{\"@type\":\"WebSite\",\"@id\":\"https:\/\/lettero.com.pl\/#website\",\"url\":\"https:\/\/lettero.com.pl\/\",\"name\":\"Lettero - Sprz\u0119t dla poligrafii | Meble metalowe\",\"description\":\"Pe\u0142na oferta polskiego producenta urz\u0105dze\u0144 dla poligrafii. Kabiny \u015bwietlne. Meble metalowe: biurowe, socjalne, magazynowe\",\"potentialAction\":[{\"@type\":\"SearchAction\",\"target\":{\"@type\":\"EntryPoint\",\"urlTemplate\":\"https:\/\/lettero.com.pl\/?s={search_term_string}\"},\"query-input\":{\"@type\":\"PropertyValueSpecification\",\"valueRequired\":true,\"valueName\":\"search_term_string\"}}],\"inLanguage\":\"en-US\"}]}<\/script>\n<!-- \/ Yoast SEO plugin. -->","yoast_head_json":{"title":"Trolley for libraries WB-2 - Lettero - Sprz\u0119t dla poligrafii | Meble metalowe","robots":{"index":"index","follow":"follow","max-snippet":"max-snippet:-1","max-image-preview":"max-image-preview:large","max-video-preview":"max-video-preview:-1"},"canonical":"https:\/\/lettero.com.pl\/meble-metalowe\/meble-biurowe\/wyposazenie-bibliotek\/wozek-dla-bibliotek-wb-2\/","og_locale":"en_US","og_type":"article","og_title":"Trolley for libraries WB-2 - Lettero - Sprz\u0119t dla poligrafii | Meble metalowe","og_description":"Dimensions WxDxH: 1100 x 400 x 930","og_url":"https:\/\/lettero.com.pl\/meble-metalowe\/meble-biurowe\/wyposazenie-bibliotek\/wozek-dla-bibliotek-wb-2\/","og_site_name":"Lettero - Sprz\u0119t dla poligrafii | Meble metalowe","article_modified_time":"2018-09-19T18:06:53+00:00","og_image":[{"width":601,"height":601,"url":"https:\/\/lettero.com.pl\/wp-content\/uploads\/2018\/05\/w\u00f3zek-bibliteczny-wb-2.jpg","type":"image\/jpeg"}],"twitter_card":"summary_large_image","schema":{"@context":"https:\/\/schema.org","@graph":[{"@type":"WebPage","@id":"https:\/\/lettero.com.pl\/meble-metalowe\/meble-biurowe\/wyposazenie-bibliotek\/wozek-dla-bibliotek-wb-2\/","url":"https:\/\/lettero.com.pl\/meble-metalowe\/meble-biurowe\/wyposazenie-bibliotek\/wozek-dla-bibliotek-wb-2\/","name":"Trolley for libraries WB-2 - Lettero - Sprz\u0119t dla poligrafii | Meble metalowe","isPartOf":{"@id":"https:\/\/lettero.com.pl\/#website"},"primaryImageOfPage":{"@id":"https:\/\/lettero.com.pl\/meble-metalowe\/meble-biurowe\/wyposazenie-bibliotek\/wozek-dla-bibliotek-wb-2\/#primaryimage"},"image":{"@id":"https:\/\/lettero.com.pl\/meble-metalowe\/meble-biurowe\/wyposazenie-bibliotek\/wozek-dla-bibliotek-wb-2\/#primaryimage"},"thumbnailUrl":"https:\/\/lettero.com.pl\/wp-content\/uploads\/2018\/05\/w\u00f3zek-bibliteczny-wb-2.jpg","datePublished":"2018-05-09T14:06:52+00:00","dateModified":"2018-09-19T18:06:53+00:00","breadcrumb":{"@id":"https:\/\/lettero.com.pl\/meble-metalowe\/meble-biurowe\/wyposazenie-bibliotek\/wozek-dla-bibliotek-wb-2\/#breadcrumb"},"inLanguage":"en-US","potentialAction":[{"@type":"ReadAction","target":["https:\/\/lettero.com.pl\/meble-metalowe\/meble-biurowe\/wyposazenie-bibliotek\/wozek-dla-bibliotek-wb-2\/"]}]},{"@type":"ImageObject","inLanguage":"en-US","@id":"https:\/\/lettero.com.pl\/meble-metalowe\/meble-biurowe\/wyposazenie-bibliotek\/wozek-dla-bibliotek-wb-2\/#primaryimage","url":"https:\/\/lettero.com.pl\/wp-content\/uploads\/2018\/05\/w\u00f3zek-bibliteczny-wb-2.jpg","contentUrl":"https:\/\/lettero.com.pl\/wp-content\/uploads\/2018\/05\/w\u00f3zek-bibliteczny-wb-2.jpg","width":601,"height":601,"caption":"Trolley for libraries WB-2"},{"@type":"BreadcrumbList","@id":"https:\/\/lettero.com.pl\/meble-metalowe\/meble-biurowe\/wyposazenie-bibliotek\/wozek-dla-bibliotek-wb-2\/#breadcrumb","itemListElement":[{"@type":"ListItem","position":1,"name":"Strona g\u0142\u00f3wna","item":"https:\/\/lettero.com.pl\/en\/"},{"@type":"ListItem","position":2,"name":"Oferta","item":"https:\/\/lettero.com.pl\/oferta-3\/"},{"@type":"ListItem","position":3,"name":"Trolley for libraries WB-2"}]},{"@type":"WebSite","@id":"https:\/\/lettero.com.pl\/#website","url":"https:\/\/lettero.com.pl\/","name":"Lettero - Sprz\u0119t dla poligrafii | Meble metalowe","description":"Pe\u0142na oferta polskiego producenta urz\u0105dze\u0144 dla poligrafii. Kabiny \u015bwietlne. Meble metalowe: biurowe, socjalne, magazynowe","potentialAction":[{"@type":"SearchAction","target":{"@type":"EntryPoint","urlTemplate":"https:\/\/lettero.com.pl\/?s={search_term_string}"},"query-input":{"@type":"PropertyValueSpecification","valueRequired":true,"valueName":"search_term_string"}}],"inLanguage":"en-US"}]}},"_links":{"self":[{"href":"https:\/\/lettero.com.pl\/en\/wp-json\/wp\/v2\/product\/4251","targetHints":{"allow":["GET"]}}],"collection":[{"href":"https:\/\/lettero.com.pl\/en\/wp-json\/wp\/v2\/product"}],"about":[{"href":"https:\/\/lettero.com.pl\/en\/wp-json\/wp\/v2\/types\/product"}],"wp:featuredmedia":[{"embeddable":true,"href":"https:\/\/lettero.com.pl\/en\/wp-json\/wp\/v2\/media\/3149"}],"wp:attachment":[{"href":"https:\/\/lettero.com.pl\/en\/wp-json\/wp\/v2\/media?parent=4251"}],"wp:term":[{"taxonomy":"product_brand","embeddable":true,"href":"https:\/\/lettero.com.pl\/en\/wp-json\/wp\/v2\/product_brand?post=4251"},{"taxonomy":"product_cat","embeddable":true,"href":"https:\/\/lettero.com.pl\/en\/wp-json\/wp\/v2\/product_cat?post=4251"},{"taxonomy":"product_tag","embeddable":true,"href":"https:\/\/lettero.com.pl\/en\/wp-json\/wp\/v2\/product_tag?post=4251"}],"curies":[{"name":"wp","href":"https:\/\/api.w.org\/{rel}","templated":true}]}}