{"id":4176,"date":"2018-05-07T14:54:07","date_gmt":"2018-05-07T12:54:07","guid":{"rendered":"http:\/\/lettero.opticomweb.tk\/sklep\/uncategorized\/cabinet-with-hinged-doors-sbm-212\/"},"modified":"2018-09-19T20:08:47","modified_gmt":"2018-09-19T18:08:47","slug":"cabinet-with-hinged-doors-sbm-212","status":"publish","type":"product","link":"https:\/\/lettero.com.pl\/en\/metal-furniture\/office-furniture\/cabinets-with-hinged-doors\/cabinet-with-hinged-doors-sbm-212\/","title":{"rendered":"Cabinet with hinged doors SBM 212"},"content":{"rendered":"<p>Filing cabinets with hinged doors are among the most popular and most frequently used office cabinets. With diverse possibilities of arranging the interior: adjustable shelves at every 25 mm, frame drawers for hanging file folders and sliding shelves can serve different purposes. Wardrobe\/ filing options and versions with storage and extensions are available.<\/p>\n<p>&nbsp;<\/p>\n<ul>\n<li><strong>Dimensions<\/strong> WxDxH: 1200x435x1990 mm<\/li>\n<li><strong>Weight: <\/strong>73 kg<\/li>\n<li><strong>Capacity<\/strong>: 5 shelves<\/li>\n<\/ul>\n<p>&nbsp;<\/p>\n","protected":false},"excerpt":{"rendered":"<p>Filing cabinets with hinged doors are among the most popular and most frequently used office cabinets. With diverse possibilities of arranging the interior: adjustable shelves at<span class=\"excerpt-hellip\"> [\u2026]<\/span><\/p>\n","protected":false},"featured_media":2840,"template":"","meta":[],"product_brand":[],"product_cat":[252],"product_tag":[],"class_list":{"0":"post-4176","1":"product","2":"type-product","3":"status-publish","4":"has-post-thumbnail","6":"product_cat-cabinets-with-hinged-doors","8":"first","9":"instock","10":"shipping-taxable","11":"product-type-simple"},"yoast_head":"<!-- This site is optimized with the Yoast SEO plugin v27.0 - https:\/\/yoast.com\/product\/yoast-seo-wordpress\/ -->\n<title>Cabinet with hinged doors SBM 212 - Lettero - Sprz\u0119t dla poligrafii | Meble metalowe<\/title>\n<meta name=\"robots\" content=\"index, follow, max-snippet:-1, max-image-preview:large, max-video-preview:-1\" \/>\n<link rel=\"canonical\" href=\"https:\/\/lettero.com.pl\/meble-metalowe\/meble-biurowe\/szafy-aktowe\/szafa-biurowa-z-drzwiami-skrzydlowymi-4-polki-sbm-212\/\" \/>\n<meta property=\"og:locale\" content=\"en_US\" \/>\n<meta property=\"og:type\" content=\"article\" \/>\n<meta property=\"og:title\" content=\"Cabinet with hinged doors SBM 212 - Lettero - Sprz\u0119t dla poligrafii | Meble metalowe\" \/>\n<meta property=\"og:description\" content=\"Filing cabinets with hinged doors are among the most popular and most frequently used office cabinets. With diverse possibilities of arranging the interior: adjustable shelves at [\u2026]\" \/>\n<meta property=\"og:url\" content=\"https:\/\/lettero.com.pl\/meble-metalowe\/meble-biurowe\/szafy-aktowe\/szafa-biurowa-z-drzwiami-skrzydlowymi-4-polki-sbm-212\/\" \/>\n<meta property=\"og:site_name\" content=\"Lettero - Sprz\u0119t dla poligrafii | Meble metalowe\" \/>\n<meta property=\"article:modified_time\" content=\"2018-09-19T18:08:47+00:00\" \/>\n<meta property=\"og:image\" content=\"https:\/\/lettero.com.pl\/wp-content\/uploads\/2018\/05\/sbm-203.jpg\" \/>\n\t<meta property=\"og:image:width\" content=\"600\" \/>\n\t<meta property=\"og:image:height\" content=\"601\" \/>\n\t<meta property=\"og:image:type\" content=\"image\/jpeg\" \/>\n<meta name=\"twitter:card\" content=\"summary_large_image\" \/>\n<script type=\"application\/ld+json\" class=\"yoast-schema-graph\">{\"@context\":\"https:\/\/schema.org\",\"@graph\":[{\"@type\":\"WebPage\",\"@id\":\"https:\/\/lettero.com.pl\/meble-metalowe\/meble-biurowe\/szafy-aktowe\/szafa-biurowa-z-drzwiami-skrzydlowymi-4-polki-sbm-212\/\",\"url\":\"https:\/\/lettero.com.pl\/meble-metalowe\/meble-biurowe\/szafy-aktowe\/szafa-biurowa-z-drzwiami-skrzydlowymi-4-polki-sbm-212\/\",\"name\":\"Cabinet with hinged doors SBM 212 - Lettero - Sprz\u0119t dla poligrafii | Meble metalowe\",\"isPartOf\":{\"@id\":\"https:\/\/lettero.com.pl\/#website\"},\"primaryImageOfPage\":{\"@id\":\"https:\/\/lettero.com.pl\/meble-metalowe\/meble-biurowe\/szafy-aktowe\/szafa-biurowa-z-drzwiami-skrzydlowymi-4-polki-sbm-212\/#primaryimage\"},\"image\":{\"@id\":\"https:\/\/lettero.com.pl\/meble-metalowe\/meble-biurowe\/szafy-aktowe\/szafa-biurowa-z-drzwiami-skrzydlowymi-4-polki-sbm-212\/#primaryimage\"},\"thumbnailUrl\":\"https:\/\/lettero.com.pl\/wp-content\/uploads\/2018\/05\/sbm-203.jpg\",\"datePublished\":\"2018-05-07T12:54:07+00:00\",\"dateModified\":\"2018-09-19T18:08:47+00:00\",\"breadcrumb\":{\"@id\":\"https:\/\/lettero.com.pl\/meble-metalowe\/meble-biurowe\/szafy-aktowe\/szafa-biurowa-z-drzwiami-skrzydlowymi-4-polki-sbm-212\/#breadcrumb\"},\"inLanguage\":\"en-US\",\"potentialAction\":[{\"@type\":\"ReadAction\",\"target\":[\"https:\/\/lettero.com.pl\/meble-metalowe\/meble-biurowe\/szafy-aktowe\/szafa-biurowa-z-drzwiami-skrzydlowymi-4-polki-sbm-212\/\"]}]},{\"@type\":\"ImageObject\",\"inLanguage\":\"en-US\",\"@id\":\"https:\/\/lettero.com.pl\/meble-metalowe\/meble-biurowe\/szafy-aktowe\/szafa-biurowa-z-drzwiami-skrzydlowymi-4-polki-sbm-212\/#primaryimage\",\"url\":\"https:\/\/lettero.com.pl\/wp-content\/uploads\/2018\/05\/sbm-203.jpg\",\"contentUrl\":\"https:\/\/lettero.com.pl\/wp-content\/uploads\/2018\/05\/sbm-203.jpg\",\"width\":600,\"height\":601},{\"@type\":\"BreadcrumbList\",\"@id\":\"https:\/\/lettero.com.pl\/meble-metalowe\/meble-biurowe\/szafy-aktowe\/szafa-biurowa-z-drzwiami-skrzydlowymi-4-polki-sbm-212\/#breadcrumb\",\"itemListElement\":[{\"@type\":\"ListItem\",\"position\":1,\"name\":\"Strona g\u0142\u00f3wna\",\"item\":\"https:\/\/lettero.com.pl\/en\/\"},{\"@type\":\"ListItem\",\"position\":2,\"name\":\"Oferta\",\"item\":\"https:\/\/lettero.com.pl\/oferta-3\/\"},{\"@type\":\"ListItem\",\"position\":3,\"name\":\"Cabinet with hinged doors SBM 212\"}]},{\"@type\":\"WebSite\",\"@id\":\"https:\/\/lettero.com.pl\/#website\",\"url\":\"https:\/\/lettero.com.pl\/\",\"name\":\"Lettero - Sprz\u0119t dla poligrafii | Meble metalowe\",\"description\":\"Pe\u0142na oferta polskiego producenta urz\u0105dze\u0144 dla poligrafii. Kabiny \u015bwietlne. Meble metalowe: biurowe, socjalne, magazynowe\",\"potentialAction\":[{\"@type\":\"SearchAction\",\"target\":{\"@type\":\"EntryPoint\",\"urlTemplate\":\"https:\/\/lettero.com.pl\/?s={search_term_string}\"},\"query-input\":{\"@type\":\"PropertyValueSpecification\",\"valueRequired\":true,\"valueName\":\"search_term_string\"}}],\"inLanguage\":\"en-US\"}]}<\/script>\n<!-- \/ Yoast SEO plugin. -->","yoast_head_json":{"title":"Cabinet with hinged doors SBM 212 - Lettero - Sprz\u0119t dla poligrafii | Meble metalowe","robots":{"index":"index","follow":"follow","max-snippet":"max-snippet:-1","max-image-preview":"max-image-preview:large","max-video-preview":"max-video-preview:-1"},"canonical":"https:\/\/lettero.com.pl\/meble-metalowe\/meble-biurowe\/szafy-aktowe\/szafa-biurowa-z-drzwiami-skrzydlowymi-4-polki-sbm-212\/","og_locale":"en_US","og_type":"article","og_title":"Cabinet with hinged doors SBM 212 - Lettero - Sprz\u0119t dla poligrafii | Meble metalowe","og_description":"Filing cabinets with hinged doors are among the most popular and most frequently used office cabinets. With diverse possibilities of arranging the interior: adjustable shelves at [\u2026]","og_url":"https:\/\/lettero.com.pl\/meble-metalowe\/meble-biurowe\/szafy-aktowe\/szafa-biurowa-z-drzwiami-skrzydlowymi-4-polki-sbm-212\/","og_site_name":"Lettero - Sprz\u0119t dla poligrafii | Meble metalowe","article_modified_time":"2018-09-19T18:08:47+00:00","og_image":[{"width":600,"height":601,"url":"https:\/\/lettero.com.pl\/wp-content\/uploads\/2018\/05\/sbm-203.jpg","type":"image\/jpeg"}],"twitter_card":"summary_large_image","schema":{"@context":"https:\/\/schema.org","@graph":[{"@type":"WebPage","@id":"https:\/\/lettero.com.pl\/meble-metalowe\/meble-biurowe\/szafy-aktowe\/szafa-biurowa-z-drzwiami-skrzydlowymi-4-polki-sbm-212\/","url":"https:\/\/lettero.com.pl\/meble-metalowe\/meble-biurowe\/szafy-aktowe\/szafa-biurowa-z-drzwiami-skrzydlowymi-4-polki-sbm-212\/","name":"Cabinet with hinged doors SBM 212 - Lettero - Sprz\u0119t dla poligrafii | Meble metalowe","isPartOf":{"@id":"https:\/\/lettero.com.pl\/#website"},"primaryImageOfPage":{"@id":"https:\/\/lettero.com.pl\/meble-metalowe\/meble-biurowe\/szafy-aktowe\/szafa-biurowa-z-drzwiami-skrzydlowymi-4-polki-sbm-212\/#primaryimage"},"image":{"@id":"https:\/\/lettero.com.pl\/meble-metalowe\/meble-biurowe\/szafy-aktowe\/szafa-biurowa-z-drzwiami-skrzydlowymi-4-polki-sbm-212\/#primaryimage"},"thumbnailUrl":"https:\/\/lettero.com.pl\/wp-content\/uploads\/2018\/05\/sbm-203.jpg","datePublished":"2018-05-07T12:54:07+00:00","dateModified":"2018-09-19T18:08:47+00:00","breadcrumb":{"@id":"https:\/\/lettero.com.pl\/meble-metalowe\/meble-biurowe\/szafy-aktowe\/szafa-biurowa-z-drzwiami-skrzydlowymi-4-polki-sbm-212\/#breadcrumb"},"inLanguage":"en-US","potentialAction":[{"@type":"ReadAction","target":["https:\/\/lettero.com.pl\/meble-metalowe\/meble-biurowe\/szafy-aktowe\/szafa-biurowa-z-drzwiami-skrzydlowymi-4-polki-sbm-212\/"]}]},{"@type":"ImageObject","inLanguage":"en-US","@id":"https:\/\/lettero.com.pl\/meble-metalowe\/meble-biurowe\/szafy-aktowe\/szafa-biurowa-z-drzwiami-skrzydlowymi-4-polki-sbm-212\/#primaryimage","url":"https:\/\/lettero.com.pl\/wp-content\/uploads\/2018\/05\/sbm-203.jpg","contentUrl":"https:\/\/lettero.com.pl\/wp-content\/uploads\/2018\/05\/sbm-203.jpg","width":600,"height":601},{"@type":"BreadcrumbList","@id":"https:\/\/lettero.com.pl\/meble-metalowe\/meble-biurowe\/szafy-aktowe\/szafa-biurowa-z-drzwiami-skrzydlowymi-4-polki-sbm-212\/#breadcrumb","itemListElement":[{"@type":"ListItem","position":1,"name":"Strona g\u0142\u00f3wna","item":"https:\/\/lettero.com.pl\/en\/"},{"@type":"ListItem","position":2,"name":"Oferta","item":"https:\/\/lettero.com.pl\/oferta-3\/"},{"@type":"ListItem","position":3,"name":"Cabinet with hinged doors SBM 212"}]},{"@type":"WebSite","@id":"https:\/\/lettero.com.pl\/#website","url":"https:\/\/lettero.com.pl\/","name":"Lettero - Sprz\u0119t dla poligrafii | Meble metalowe","description":"Pe\u0142na oferta polskiego producenta urz\u0105dze\u0144 dla poligrafii. Kabiny \u015bwietlne. Meble metalowe: biurowe, socjalne, magazynowe","potentialAction":[{"@type":"SearchAction","target":{"@type":"EntryPoint","urlTemplate":"https:\/\/lettero.com.pl\/?s={search_term_string}"},"query-input":{"@type":"PropertyValueSpecification","valueRequired":true,"valueName":"search_term_string"}}],"inLanguage":"en-US"}]}},"_links":{"self":[{"href":"https:\/\/lettero.com.pl\/en\/wp-json\/wp\/v2\/product\/4176","targetHints":{"allow":["GET"]}}],"collection":[{"href":"https:\/\/lettero.com.pl\/en\/wp-json\/wp\/v2\/product"}],"about":[{"href":"https:\/\/lettero.com.pl\/en\/wp-json\/wp\/v2\/types\/product"}],"wp:featuredmedia":[{"embeddable":true,"href":"https:\/\/lettero.com.pl\/en\/wp-json\/wp\/v2\/media\/2840"}],"wp:attachment":[{"href":"https:\/\/lettero.com.pl\/en\/wp-json\/wp\/v2\/media?parent=4176"}],"wp:term":[{"taxonomy":"product_brand","embeddable":true,"href":"https:\/\/lettero.com.pl\/en\/wp-json\/wp\/v2\/product_brand?post=4176"},{"taxonomy":"product_cat","embeddable":true,"href":"https:\/\/lettero.com.pl\/en\/wp-json\/wp\/v2\/product_cat?post=4176"},{"taxonomy":"product_tag","embeddable":true,"href":"https:\/\/lettero.com.pl\/en\/wp-json\/wp\/v2\/product_tag?post=4176"}],"curies":[{"name":"wp","href":"https:\/\/api.w.org\/{rel}","templated":true}]}}