{"id":4151,"date":"2018-04-24T08:36:23","date_gmt":"2018-04-24T06:36:23","guid":{"rendered":"http:\/\/lettero.opticomweb.tk\/sklep\/uncategorized\/backlight-table-smp-b0\/"},"modified":"2018-09-19T20:11:24","modified_gmt":"2018-09-19T18:11:24","slug":"backlight-table-smp-b0","status":"publish","type":"product","link":"https:\/\/lettero.com.pl\/en\/poligraphy-equipment\/backlight-tables-en\/backlight-table-smp-b0\/","title":{"rendered":"Backlight table SMP-B0"},"content":{"rendered":"<p>Lettero backlight table versions:<\/p>\n<ul>\n<li>compact tables SMK &#8211; with two steps (SMKR) and smooth (SMKP) adjustable illumination<\/li>\n<li>tilting tables SMU &#8211; with two steps (SMUR) and smooth (SMUP) adjustable illumination<\/li>\n<\/ul>\n<p>&nbsp;<\/p>\n<p>The table frames can be assembled with drawer sections SS\/1, SS\/2, SS\/3, SS\/4, SS\/5, SS\/8 and SS\/SZ.<\/p>\n<p>&nbsp;<\/p>\n<p><strong>SMP-B0:<\/strong><\/p>\n<ul>\n<li>Dimensions WxDxH: 1680x1300x850<\/li>\n<li>Worktop: 1570&#215;1260<\/li>\n<li>Light source: 12&#215;36 W<\/li>\n<\/ul>\n<p>&nbsp;<\/p>\n","protected":false},"excerpt":{"rendered":"<p>Lettero backlight table versions: compact tables SMK &#8211; with two steps (SMKR) and smooth (SMKP) adjustable illumination tilting tables SMU &#8211; with two steps (SMUR) and<span class=\"excerpt-hellip\"> [\u2026]<\/span><\/p>\n","protected":false},"featured_media":2175,"template":"","meta":[],"product_brand":[],"product_cat":[235],"product_tag":[],"class_list":{"0":"post-4151","1":"product","2":"type-product","3":"status-publish","4":"has-post-thumbnail","6":"product_cat-backlight-tables-en","8":"first","9":"instock","10":"shipping-taxable","11":"product-type-simple"},"yoast_head":"<!-- This site is optimized with the Yoast SEO plugin v27.0 - https:\/\/yoast.com\/product\/yoast-seo-wordpress\/ -->\n<title>Backlight table SMP-B0 - Lettero - Sprz\u0119t dla poligrafii | Meble metalowe<\/title>\n<meta name=\"robots\" content=\"index, follow, max-snippet:-1, max-image-preview:large, max-video-preview:-1\" \/>\n<link rel=\"canonical\" href=\"https:\/\/lettero.com.pl\/lettero-poligrafia\/stoly-podswietlane-i-podswietlacze\/stol-kompakt-z-plynna-regulacja-swiatla-format-b0-smp-b0\/\" \/>\n<meta property=\"og:locale\" content=\"en_US\" \/>\n<meta property=\"og:type\" content=\"article\" \/>\n<meta property=\"og:title\" content=\"Backlight table SMP-B0 - Lettero - Sprz\u0119t dla poligrafii | Meble metalowe\" \/>\n<meta property=\"og:description\" content=\"Lettero backlight table versions: compact tables SMK &#8211; with two steps (SMKR) and smooth (SMKP) adjustable illumination tilting tables SMU &#8211; with two steps (SMUR) and [\u2026]\" \/>\n<meta property=\"og:url\" content=\"https:\/\/lettero.com.pl\/lettero-poligrafia\/stoly-podswietlane-i-podswietlacze\/stol-kompakt-z-plynna-regulacja-swiatla-format-b0-smp-b0\/\" \/>\n<meta property=\"og:site_name\" content=\"Lettero - Sprz\u0119t dla poligrafii | Meble metalowe\" \/>\n<meta property=\"article:modified_time\" content=\"2018-09-19T18:11:24+00:00\" \/>\n<meta property=\"og:image\" content=\"https:\/\/lettero.com.pl\/wp-content\/uploads\/2018\/04\/st\u00f3\u0142-pod\u015bwietlany-smk-b1.jpg\" \/>\n\t<meta property=\"og:image:width\" content=\"601\" \/>\n\t<meta property=\"og:image:height\" content=\"602\" \/>\n\t<meta property=\"og:image:type\" content=\"image\/jpeg\" \/>\n<meta name=\"twitter:card\" content=\"summary_large_image\" \/>\n<script type=\"application\/ld+json\" class=\"yoast-schema-graph\">{\"@context\":\"https:\/\/schema.org\",\"@graph\":[{\"@type\":\"WebPage\",\"@id\":\"https:\/\/lettero.com.pl\/lettero-poligrafia\/stoly-podswietlane-i-podswietlacze\/stol-kompakt-z-plynna-regulacja-swiatla-format-b0-smp-b0\/\",\"url\":\"https:\/\/lettero.com.pl\/lettero-poligrafia\/stoly-podswietlane-i-podswietlacze\/stol-kompakt-z-plynna-regulacja-swiatla-format-b0-smp-b0\/\",\"name\":\"Backlight table SMP-B0 - Lettero - Sprz\u0119t dla poligrafii | Meble metalowe\",\"isPartOf\":{\"@id\":\"https:\/\/lettero.com.pl\/#website\"},\"primaryImageOfPage\":{\"@id\":\"https:\/\/lettero.com.pl\/lettero-poligrafia\/stoly-podswietlane-i-podswietlacze\/stol-kompakt-z-plynna-regulacja-swiatla-format-b0-smp-b0\/#primaryimage\"},\"image\":{\"@id\":\"https:\/\/lettero.com.pl\/lettero-poligrafia\/stoly-podswietlane-i-podswietlacze\/stol-kompakt-z-plynna-regulacja-swiatla-format-b0-smp-b0\/#primaryimage\"},\"thumbnailUrl\":\"https:\/\/lettero.com.pl\/wp-content\/uploads\/2018\/04\/st\u00f3\u0142-pod\u015bwietlany-smk-b1.jpg\",\"datePublished\":\"2018-04-24T06:36:23+00:00\",\"dateModified\":\"2018-09-19T18:11:24+00:00\",\"breadcrumb\":{\"@id\":\"https:\/\/lettero.com.pl\/lettero-poligrafia\/stoly-podswietlane-i-podswietlacze\/stol-kompakt-z-plynna-regulacja-swiatla-format-b0-smp-b0\/#breadcrumb\"},\"inLanguage\":\"en-US\",\"potentialAction\":[{\"@type\":\"ReadAction\",\"target\":[\"https:\/\/lettero.com.pl\/lettero-poligrafia\/stoly-podswietlane-i-podswietlacze\/stol-kompakt-z-plynna-regulacja-swiatla-format-b0-smp-b0\/\"]}]},{\"@type\":\"ImageObject\",\"inLanguage\":\"en-US\",\"@id\":\"https:\/\/lettero.com.pl\/lettero-poligrafia\/stoly-podswietlane-i-podswietlacze\/stol-kompakt-z-plynna-regulacja-swiatla-format-b0-smp-b0\/#primaryimage\",\"url\":\"https:\/\/lettero.com.pl\/wp-content\/uploads\/2018\/04\/st\u00f3\u0142-pod\u015bwietlany-smk-b1.jpg\",\"contentUrl\":\"https:\/\/lettero.com.pl\/wp-content\/uploads\/2018\/04\/st\u00f3\u0142-pod\u015bwietlany-smk-b1.jpg\",\"width\":601,\"height\":602,\"caption\":\"Backlight table smk-b1\"},{\"@type\":\"BreadcrumbList\",\"@id\":\"https:\/\/lettero.com.pl\/lettero-poligrafia\/stoly-podswietlane-i-podswietlacze\/stol-kompakt-z-plynna-regulacja-swiatla-format-b0-smp-b0\/#breadcrumb\",\"itemListElement\":[{\"@type\":\"ListItem\",\"position\":1,\"name\":\"Strona g\u0142\u00f3wna\",\"item\":\"https:\/\/lettero.com.pl\/en\/\"},{\"@type\":\"ListItem\",\"position\":2,\"name\":\"Oferta\",\"item\":\"https:\/\/lettero.com.pl\/oferta-3\/\"},{\"@type\":\"ListItem\",\"position\":3,\"name\":\"Backlight table SMP-B0\"}]},{\"@type\":\"WebSite\",\"@id\":\"https:\/\/lettero.com.pl\/#website\",\"url\":\"https:\/\/lettero.com.pl\/\",\"name\":\"Lettero - Sprz\u0119t dla poligrafii | Meble metalowe\",\"description\":\"Pe\u0142na oferta polskiego producenta urz\u0105dze\u0144 dla poligrafii. Kabiny \u015bwietlne. Meble metalowe: biurowe, socjalne, magazynowe\",\"potentialAction\":[{\"@type\":\"SearchAction\",\"target\":{\"@type\":\"EntryPoint\",\"urlTemplate\":\"https:\/\/lettero.com.pl\/?s={search_term_string}\"},\"query-input\":{\"@type\":\"PropertyValueSpecification\",\"valueRequired\":true,\"valueName\":\"search_term_string\"}}],\"inLanguage\":\"en-US\"}]}<\/script>\n<!-- \/ Yoast SEO plugin. -->","yoast_head_json":{"title":"Backlight table SMP-B0 - Lettero - Sprz\u0119t dla poligrafii | Meble metalowe","robots":{"index":"index","follow":"follow","max-snippet":"max-snippet:-1","max-image-preview":"max-image-preview:large","max-video-preview":"max-video-preview:-1"},"canonical":"https:\/\/lettero.com.pl\/lettero-poligrafia\/stoly-podswietlane-i-podswietlacze\/stol-kompakt-z-plynna-regulacja-swiatla-format-b0-smp-b0\/","og_locale":"en_US","og_type":"article","og_title":"Backlight table SMP-B0 - Lettero - Sprz\u0119t dla poligrafii | Meble metalowe","og_description":"Lettero backlight table versions: compact tables SMK &#8211; with two steps (SMKR) and smooth (SMKP) adjustable illumination tilting tables SMU &#8211; with two steps (SMUR) and [\u2026]","og_url":"https:\/\/lettero.com.pl\/lettero-poligrafia\/stoly-podswietlane-i-podswietlacze\/stol-kompakt-z-plynna-regulacja-swiatla-format-b0-smp-b0\/","og_site_name":"Lettero - Sprz\u0119t dla poligrafii | Meble metalowe","article_modified_time":"2018-09-19T18:11:24+00:00","og_image":[{"width":601,"height":602,"url":"https:\/\/lettero.com.pl\/wp-content\/uploads\/2018\/04\/st\u00f3\u0142-pod\u015bwietlany-smk-b1.jpg","type":"image\/jpeg"}],"twitter_card":"summary_large_image","schema":{"@context":"https:\/\/schema.org","@graph":[{"@type":"WebPage","@id":"https:\/\/lettero.com.pl\/lettero-poligrafia\/stoly-podswietlane-i-podswietlacze\/stol-kompakt-z-plynna-regulacja-swiatla-format-b0-smp-b0\/","url":"https:\/\/lettero.com.pl\/lettero-poligrafia\/stoly-podswietlane-i-podswietlacze\/stol-kompakt-z-plynna-regulacja-swiatla-format-b0-smp-b0\/","name":"Backlight table SMP-B0 - Lettero - Sprz\u0119t dla poligrafii | Meble metalowe","isPartOf":{"@id":"https:\/\/lettero.com.pl\/#website"},"primaryImageOfPage":{"@id":"https:\/\/lettero.com.pl\/lettero-poligrafia\/stoly-podswietlane-i-podswietlacze\/stol-kompakt-z-plynna-regulacja-swiatla-format-b0-smp-b0\/#primaryimage"},"image":{"@id":"https:\/\/lettero.com.pl\/lettero-poligrafia\/stoly-podswietlane-i-podswietlacze\/stol-kompakt-z-plynna-regulacja-swiatla-format-b0-smp-b0\/#primaryimage"},"thumbnailUrl":"https:\/\/lettero.com.pl\/wp-content\/uploads\/2018\/04\/st\u00f3\u0142-pod\u015bwietlany-smk-b1.jpg","datePublished":"2018-04-24T06:36:23+00:00","dateModified":"2018-09-19T18:11:24+00:00","breadcrumb":{"@id":"https:\/\/lettero.com.pl\/lettero-poligrafia\/stoly-podswietlane-i-podswietlacze\/stol-kompakt-z-plynna-regulacja-swiatla-format-b0-smp-b0\/#breadcrumb"},"inLanguage":"en-US","potentialAction":[{"@type":"ReadAction","target":["https:\/\/lettero.com.pl\/lettero-poligrafia\/stoly-podswietlane-i-podswietlacze\/stol-kompakt-z-plynna-regulacja-swiatla-format-b0-smp-b0\/"]}]},{"@type":"ImageObject","inLanguage":"en-US","@id":"https:\/\/lettero.com.pl\/lettero-poligrafia\/stoly-podswietlane-i-podswietlacze\/stol-kompakt-z-plynna-regulacja-swiatla-format-b0-smp-b0\/#primaryimage","url":"https:\/\/lettero.com.pl\/wp-content\/uploads\/2018\/04\/st\u00f3\u0142-pod\u015bwietlany-smk-b1.jpg","contentUrl":"https:\/\/lettero.com.pl\/wp-content\/uploads\/2018\/04\/st\u00f3\u0142-pod\u015bwietlany-smk-b1.jpg","width":601,"height":602,"caption":"Backlight table smk-b1"},{"@type":"BreadcrumbList","@id":"https:\/\/lettero.com.pl\/lettero-poligrafia\/stoly-podswietlane-i-podswietlacze\/stol-kompakt-z-plynna-regulacja-swiatla-format-b0-smp-b0\/#breadcrumb","itemListElement":[{"@type":"ListItem","position":1,"name":"Strona g\u0142\u00f3wna","item":"https:\/\/lettero.com.pl\/en\/"},{"@type":"ListItem","position":2,"name":"Oferta","item":"https:\/\/lettero.com.pl\/oferta-3\/"},{"@type":"ListItem","position":3,"name":"Backlight table SMP-B0"}]},{"@type":"WebSite","@id":"https:\/\/lettero.com.pl\/#website","url":"https:\/\/lettero.com.pl\/","name":"Lettero - Sprz\u0119t dla poligrafii | Meble metalowe","description":"Pe\u0142na oferta polskiego producenta urz\u0105dze\u0144 dla poligrafii. Kabiny \u015bwietlne. Meble metalowe: biurowe, socjalne, magazynowe","potentialAction":[{"@type":"SearchAction","target":{"@type":"EntryPoint","urlTemplate":"https:\/\/lettero.com.pl\/?s={search_term_string}"},"query-input":{"@type":"PropertyValueSpecification","valueRequired":true,"valueName":"search_term_string"}}],"inLanguage":"en-US"}]}},"_links":{"self":[{"href":"https:\/\/lettero.com.pl\/en\/wp-json\/wp\/v2\/product\/4151","targetHints":{"allow":["GET"]}}],"collection":[{"href":"https:\/\/lettero.com.pl\/en\/wp-json\/wp\/v2\/product"}],"about":[{"href":"https:\/\/lettero.com.pl\/en\/wp-json\/wp\/v2\/types\/product"}],"wp:featuredmedia":[{"embeddable":true,"href":"https:\/\/lettero.com.pl\/en\/wp-json\/wp\/v2\/media\/2175"}],"wp:attachment":[{"href":"https:\/\/lettero.com.pl\/en\/wp-json\/wp\/v2\/media?parent=4151"}],"wp:term":[{"taxonomy":"product_brand","embeddable":true,"href":"https:\/\/lettero.com.pl\/en\/wp-json\/wp\/v2\/product_brand?post=4151"},{"taxonomy":"product_cat","embeddable":true,"href":"https:\/\/lettero.com.pl\/en\/wp-json\/wp\/v2\/product_cat?post=4151"},{"taxonomy":"product_tag","embeddable":true,"href":"https:\/\/lettero.com.pl\/en\/wp-json\/wp\/v2\/product_tag?post=4151"}],"curies":[{"name":"wp","href":"https:\/\/api.w.org\/{rel}","templated":true}]}}