{"id":4134,"date":"2018-04-24T12:55:17","date_gmt":"2018-04-24T10:55:17","guid":{"rendered":"http:\/\/lettero.opticomweb.tk\/sklep\/uncategorized\/tilting-backlight-pdup-b2\/"},"modified":"2018-09-19T20:11:14","modified_gmt":"2018-09-19T18:11:14","slug":"tilting-backlight-pdup-b2","status":"publish","type":"product","link":"https:\/\/lettero.com.pl\/en\/poligraphy-equipment\/backlight-tables-en\/tilting-backlight-pdup-b2\/","title":{"rendered":"Tilting backlight PDUP-B2"},"content":{"rendered":"<p>Tilting lightboxes PDU are equipped with the tilting frame, designed to be set to the existing desks, work tables, drawer cabinets, etc.<br \/>\nPDU&#8217;s are manufactured as standard in two formats B2 and B1 and in two versions &#8211; with fixed and adjustable light intensity.<\/p>\n<p>&nbsp;<\/p>\n<p><strong><acronym lang=\"pl\" title=\"Pod\u015bwietlacz uchylny z p\u0142ynn\u0105 regulacj\u0105 si\u0142y \u015bwiat\u0142a\">PDUP<\/acronym>-B2:<\/strong><\/p>\n<ul>\n<li>Dimensions WxDxH: 900x630x180<\/li>\n<li>Light source: 6&#215;18 W<\/li>\n<\/ul>\n<p>&nbsp;<\/p>\n<p>TDL ending symbols (eg. SMP-B2\/TDL) &#8211; daylight<br \/>\nMP ending symbols (eg. SMP-B1\/MP) &#8211; light yellow<\/p>\n<p>&nbsp;<\/p>\n","protected":false},"excerpt":{"rendered":"<p>Tilting lightboxes PDU are equipped with the tilting frame, designed to be set to the existing desks, work tables, drawer cabinets, etc. PDU&#8217;s are manufactured as<span class=\"excerpt-hellip\"> [\u2026]<\/span><\/p>\n","protected":false},"featured_media":2225,"template":"","meta":[],"product_brand":[],"product_cat":[235],"product_tag":[],"class_list":{"0":"post-4134","1":"product","2":"type-product","3":"status-publish","4":"has-post-thumbnail","6":"product_cat-backlight-tables-en","8":"first","9":"instock","10":"shipping-taxable","11":"product-type-simple"},"yoast_head":"<!-- This site is optimized with the Yoast SEO plugin v27.0 - https:\/\/yoast.com\/product\/yoast-seo-wordpress\/ -->\n<title>Tilting backlight PDUP-B2 - Lettero - Sprz\u0119t dla poligrafii | Meble metalowe<\/title>\n<meta name=\"robots\" content=\"index, follow, max-snippet:-1, max-image-preview:large, max-video-preview:-1\" \/>\n<link rel=\"canonical\" href=\"https:\/\/lettero.com.pl\/lettero-poligrafia\/stoly-podswietlane-i-podswietlacze\/podswietlacz-uchylny-z-regulacja-natezenia-swiatla-format-b2-pdup-b2\/\" \/>\n<meta property=\"og:locale\" content=\"en_US\" \/>\n<meta property=\"og:type\" content=\"article\" \/>\n<meta property=\"og:title\" content=\"Tilting backlight PDUP-B2 - Lettero - Sprz\u0119t dla poligrafii | Meble metalowe\" \/>\n<meta property=\"og:description\" content=\"Tilting lightboxes PDU are equipped with the tilting frame, designed to be set to the existing desks, work tables, drawer cabinets, etc. PDU&#8217;s are manufactured as [\u2026]\" \/>\n<meta property=\"og:url\" content=\"https:\/\/lettero.com.pl\/lettero-poligrafia\/stoly-podswietlane-i-podswietlacze\/podswietlacz-uchylny-z-regulacja-natezenia-swiatla-format-b2-pdup-b2\/\" \/>\n<meta property=\"og:site_name\" content=\"Lettero - Sprz\u0119t dla poligrafii | Meble metalowe\" \/>\n<meta property=\"article:modified_time\" content=\"2018-09-19T18:11:14+00:00\" \/>\n<meta property=\"og:image\" content=\"https:\/\/lettero.com.pl\/wp-content\/uploads\/2018\/04\/podswietlacz-uchylny-z-regulacja.jpg\" \/>\n\t<meta property=\"og:image:width\" content=\"600\" \/>\n\t<meta property=\"og:image:height\" content=\"600\" \/>\n\t<meta property=\"og:image:type\" content=\"image\/jpeg\" \/>\n<meta name=\"twitter:card\" content=\"summary_large_image\" \/>\n<script type=\"application\/ld+json\" class=\"yoast-schema-graph\">{\"@context\":\"https:\/\/schema.org\",\"@graph\":[{\"@type\":\"WebPage\",\"@id\":\"https:\/\/lettero.com.pl\/lettero-poligrafia\/stoly-podswietlane-i-podswietlacze\/podswietlacz-uchylny-z-regulacja-natezenia-swiatla-format-b2-pdup-b2\/\",\"url\":\"https:\/\/lettero.com.pl\/lettero-poligrafia\/stoly-podswietlane-i-podswietlacze\/podswietlacz-uchylny-z-regulacja-natezenia-swiatla-format-b2-pdup-b2\/\",\"name\":\"Tilting backlight PDUP-B2 - Lettero - Sprz\u0119t dla poligrafii | Meble metalowe\",\"isPartOf\":{\"@id\":\"https:\/\/lettero.com.pl\/#website\"},\"primaryImageOfPage\":{\"@id\":\"https:\/\/lettero.com.pl\/lettero-poligrafia\/stoly-podswietlane-i-podswietlacze\/podswietlacz-uchylny-z-regulacja-natezenia-swiatla-format-b2-pdup-b2\/#primaryimage\"},\"image\":{\"@id\":\"https:\/\/lettero.com.pl\/lettero-poligrafia\/stoly-podswietlane-i-podswietlacze\/podswietlacz-uchylny-z-regulacja-natezenia-swiatla-format-b2-pdup-b2\/#primaryimage\"},\"thumbnailUrl\":\"https:\/\/lettero.com.pl\/wp-content\/uploads\/2018\/04\/podswietlacz-uchylny-z-regulacja.jpg\",\"datePublished\":\"2018-04-24T10:55:17+00:00\",\"dateModified\":\"2018-09-19T18:11:14+00:00\",\"breadcrumb\":{\"@id\":\"https:\/\/lettero.com.pl\/lettero-poligrafia\/stoly-podswietlane-i-podswietlacze\/podswietlacz-uchylny-z-regulacja-natezenia-swiatla-format-b2-pdup-b2\/#breadcrumb\"},\"inLanguage\":\"en-US\",\"potentialAction\":[{\"@type\":\"ReadAction\",\"target\":[\"https:\/\/lettero.com.pl\/lettero-poligrafia\/stoly-podswietlane-i-podswietlacze\/podswietlacz-uchylny-z-regulacja-natezenia-swiatla-format-b2-pdup-b2\/\"]}]},{\"@type\":\"ImageObject\",\"inLanguage\":\"en-US\",\"@id\":\"https:\/\/lettero.com.pl\/lettero-poligrafia\/stoly-podswietlane-i-podswietlacze\/podswietlacz-uchylny-z-regulacja-natezenia-swiatla-format-b2-pdup-b2\/#primaryimage\",\"url\":\"https:\/\/lettero.com.pl\/wp-content\/uploads\/2018\/04\/podswietlacz-uchylny-z-regulacja.jpg\",\"contentUrl\":\"https:\/\/lettero.com.pl\/wp-content\/uploads\/2018\/04\/podswietlacz-uchylny-z-regulacja.jpg\",\"width\":600,\"height\":600,\"caption\":\"Tilting backlight\"},{\"@type\":\"BreadcrumbList\",\"@id\":\"https:\/\/lettero.com.pl\/lettero-poligrafia\/stoly-podswietlane-i-podswietlacze\/podswietlacz-uchylny-z-regulacja-natezenia-swiatla-format-b2-pdup-b2\/#breadcrumb\",\"itemListElement\":[{\"@type\":\"ListItem\",\"position\":1,\"name\":\"Strona g\u0142\u00f3wna\",\"item\":\"https:\/\/lettero.com.pl\/en\/\"},{\"@type\":\"ListItem\",\"position\":2,\"name\":\"Oferta\",\"item\":\"https:\/\/lettero.com.pl\/oferta-3\/\"},{\"@type\":\"ListItem\",\"position\":3,\"name\":\"Tilting backlight PDUP-B2\"}]},{\"@type\":\"WebSite\",\"@id\":\"https:\/\/lettero.com.pl\/#website\",\"url\":\"https:\/\/lettero.com.pl\/\",\"name\":\"Lettero - Sprz\u0119t dla poligrafii | Meble metalowe\",\"description\":\"Pe\u0142na oferta polskiego producenta urz\u0105dze\u0144 dla poligrafii. Kabiny \u015bwietlne. Meble metalowe: biurowe, socjalne, magazynowe\",\"potentialAction\":[{\"@type\":\"SearchAction\",\"target\":{\"@type\":\"EntryPoint\",\"urlTemplate\":\"https:\/\/lettero.com.pl\/?s={search_term_string}\"},\"query-input\":{\"@type\":\"PropertyValueSpecification\",\"valueRequired\":true,\"valueName\":\"search_term_string\"}}],\"inLanguage\":\"en-US\"}]}<\/script>\n<!-- \/ Yoast SEO plugin. -->","yoast_head_json":{"title":"Tilting backlight PDUP-B2 - Lettero - Sprz\u0119t dla poligrafii | Meble metalowe","robots":{"index":"index","follow":"follow","max-snippet":"max-snippet:-1","max-image-preview":"max-image-preview:large","max-video-preview":"max-video-preview:-1"},"canonical":"https:\/\/lettero.com.pl\/lettero-poligrafia\/stoly-podswietlane-i-podswietlacze\/podswietlacz-uchylny-z-regulacja-natezenia-swiatla-format-b2-pdup-b2\/","og_locale":"en_US","og_type":"article","og_title":"Tilting backlight PDUP-B2 - Lettero - Sprz\u0119t dla poligrafii | Meble metalowe","og_description":"Tilting lightboxes PDU are equipped with the tilting frame, designed to be set to the existing desks, work tables, drawer cabinets, etc. PDU&#8217;s are manufactured as [\u2026]","og_url":"https:\/\/lettero.com.pl\/lettero-poligrafia\/stoly-podswietlane-i-podswietlacze\/podswietlacz-uchylny-z-regulacja-natezenia-swiatla-format-b2-pdup-b2\/","og_site_name":"Lettero - Sprz\u0119t dla poligrafii | Meble metalowe","article_modified_time":"2018-09-19T18:11:14+00:00","og_image":[{"width":600,"height":600,"url":"https:\/\/lettero.com.pl\/wp-content\/uploads\/2018\/04\/podswietlacz-uchylny-z-regulacja.jpg","type":"image\/jpeg"}],"twitter_card":"summary_large_image","schema":{"@context":"https:\/\/schema.org","@graph":[{"@type":"WebPage","@id":"https:\/\/lettero.com.pl\/lettero-poligrafia\/stoly-podswietlane-i-podswietlacze\/podswietlacz-uchylny-z-regulacja-natezenia-swiatla-format-b2-pdup-b2\/","url":"https:\/\/lettero.com.pl\/lettero-poligrafia\/stoly-podswietlane-i-podswietlacze\/podswietlacz-uchylny-z-regulacja-natezenia-swiatla-format-b2-pdup-b2\/","name":"Tilting backlight PDUP-B2 - Lettero - Sprz\u0119t dla poligrafii | Meble metalowe","isPartOf":{"@id":"https:\/\/lettero.com.pl\/#website"},"primaryImageOfPage":{"@id":"https:\/\/lettero.com.pl\/lettero-poligrafia\/stoly-podswietlane-i-podswietlacze\/podswietlacz-uchylny-z-regulacja-natezenia-swiatla-format-b2-pdup-b2\/#primaryimage"},"image":{"@id":"https:\/\/lettero.com.pl\/lettero-poligrafia\/stoly-podswietlane-i-podswietlacze\/podswietlacz-uchylny-z-regulacja-natezenia-swiatla-format-b2-pdup-b2\/#primaryimage"},"thumbnailUrl":"https:\/\/lettero.com.pl\/wp-content\/uploads\/2018\/04\/podswietlacz-uchylny-z-regulacja.jpg","datePublished":"2018-04-24T10:55:17+00:00","dateModified":"2018-09-19T18:11:14+00:00","breadcrumb":{"@id":"https:\/\/lettero.com.pl\/lettero-poligrafia\/stoly-podswietlane-i-podswietlacze\/podswietlacz-uchylny-z-regulacja-natezenia-swiatla-format-b2-pdup-b2\/#breadcrumb"},"inLanguage":"en-US","potentialAction":[{"@type":"ReadAction","target":["https:\/\/lettero.com.pl\/lettero-poligrafia\/stoly-podswietlane-i-podswietlacze\/podswietlacz-uchylny-z-regulacja-natezenia-swiatla-format-b2-pdup-b2\/"]}]},{"@type":"ImageObject","inLanguage":"en-US","@id":"https:\/\/lettero.com.pl\/lettero-poligrafia\/stoly-podswietlane-i-podswietlacze\/podswietlacz-uchylny-z-regulacja-natezenia-swiatla-format-b2-pdup-b2\/#primaryimage","url":"https:\/\/lettero.com.pl\/wp-content\/uploads\/2018\/04\/podswietlacz-uchylny-z-regulacja.jpg","contentUrl":"https:\/\/lettero.com.pl\/wp-content\/uploads\/2018\/04\/podswietlacz-uchylny-z-regulacja.jpg","width":600,"height":600,"caption":"Tilting backlight"},{"@type":"BreadcrumbList","@id":"https:\/\/lettero.com.pl\/lettero-poligrafia\/stoly-podswietlane-i-podswietlacze\/podswietlacz-uchylny-z-regulacja-natezenia-swiatla-format-b2-pdup-b2\/#breadcrumb","itemListElement":[{"@type":"ListItem","position":1,"name":"Strona g\u0142\u00f3wna","item":"https:\/\/lettero.com.pl\/en\/"},{"@type":"ListItem","position":2,"name":"Oferta","item":"https:\/\/lettero.com.pl\/oferta-3\/"},{"@type":"ListItem","position":3,"name":"Tilting backlight PDUP-B2"}]},{"@type":"WebSite","@id":"https:\/\/lettero.com.pl\/#website","url":"https:\/\/lettero.com.pl\/","name":"Lettero - Sprz\u0119t dla poligrafii | Meble metalowe","description":"Pe\u0142na oferta polskiego producenta urz\u0105dze\u0144 dla poligrafii. Kabiny \u015bwietlne. Meble metalowe: biurowe, socjalne, magazynowe","potentialAction":[{"@type":"SearchAction","target":{"@type":"EntryPoint","urlTemplate":"https:\/\/lettero.com.pl\/?s={search_term_string}"},"query-input":{"@type":"PropertyValueSpecification","valueRequired":true,"valueName":"search_term_string"}}],"inLanguage":"en-US"}]}},"_links":{"self":[{"href":"https:\/\/lettero.com.pl\/en\/wp-json\/wp\/v2\/product\/4134","targetHints":{"allow":["GET"]}}],"collection":[{"href":"https:\/\/lettero.com.pl\/en\/wp-json\/wp\/v2\/product"}],"about":[{"href":"https:\/\/lettero.com.pl\/en\/wp-json\/wp\/v2\/types\/product"}],"wp:featuredmedia":[{"embeddable":true,"href":"https:\/\/lettero.com.pl\/en\/wp-json\/wp\/v2\/media\/2225"}],"wp:attachment":[{"href":"https:\/\/lettero.com.pl\/en\/wp-json\/wp\/v2\/media?parent=4134"}],"wp:term":[{"taxonomy":"product_brand","embeddable":true,"href":"https:\/\/lettero.com.pl\/en\/wp-json\/wp\/v2\/product_brand?post=4134"},{"taxonomy":"product_cat","embeddable":true,"href":"https:\/\/lettero.com.pl\/en\/wp-json\/wp\/v2\/product_cat?post=4134"},{"taxonomy":"product_tag","embeddable":true,"href":"https:\/\/lettero.com.pl\/en\/wp-json\/wp\/v2\/product_tag?post=4134"}],"curies":[{"name":"wp","href":"https:\/\/api.w.org\/{rel}","templated":true}]}}