{"id":4128,"date":"2018-04-23T15:27:35","date_gmt":"2018-04-23T13:27:35","guid":{"rendered":"http:\/\/lettero.opticomweb.tk\/sklep\/uncategorized\/backlight-drawer-cabinet-szsm-b2-13\/"},"modified":"2018-09-19T20:13:15","modified_gmt":"2018-09-19T18:13:15","slug":"backlight-drawer-cabinet-szsm-b2-13","status":"publish","type":"product","link":"https:\/\/lettero.com.pl\/en\/poligraphy-equipment\/backlight-drawer-cabinets\/backlight-drawer-cabinet-szsm-b2-13\/","title":{"rendered":"Backlight drawer cabinet SZSM-B2\/13"},"content":{"rendered":"<p>SZSM drawer cabinets with backlight are designed primarily for archiving and developing the materials and large format documents. They constitute a design combination of drawer cabinet SZ and illuminated work table.<br \/>\nSZSM are manufactured as standard in three formats &#8211; B2, A1, B1, and two versions holding 8 and 13 drawers.<br \/>\nDouble-layer workbench consists of opal plexiglass diffuser and glas pane.<\/p>\n<p>&nbsp;<\/p>\n<p><strong><acronym lang=\"pl\" title=\"Szafa szufladowa z pod\u015bwietlaczem\">SZSM<\/acronym>-B2\/13:<\/strong><\/p>\n<ul>\n<li>Dimensions WxDxH: 900 x 600 x 850<\/li>\n<li>Drawer dim.: 860 x 560<\/li>\n<li>Drawers: 13<\/li>\n<\/ul>\n<p>&nbsp;<\/p>\n","protected":false},"excerpt":{"rendered":"<p>SZSM drawer cabinets with backlight are designed primarily for archiving and developing the materials and large format documents. They constitute a design combination of drawer cabinet<span class=\"excerpt-hellip\"> [\u2026]<\/span><\/p>\n","protected":false},"featured_media":2163,"template":"","meta":[],"product_brand":[],"product_cat":[237],"product_tag":[],"class_list":{"0":"post-4128","1":"product","2":"type-product","3":"status-publish","4":"has-post-thumbnail","6":"product_cat-backlight-drawer-cabinets","8":"first","9":"instock","10":"shipping-taxable","11":"product-type-simple"},"yoast_head":"<!-- This site is optimized with the Yoast SEO plugin v27.0 - https:\/\/yoast.com\/product\/yoast-seo-wordpress\/ -->\n<title>Backlight drawer cabinet SZSM-B2\/13 - Lettero - Sprz\u0119t dla poligrafii | Meble metalowe<\/title>\n<meta name=\"robots\" content=\"index, follow, max-snippet:-1, max-image-preview:large, max-video-preview:-1\" \/>\n<link rel=\"canonical\" href=\"https:\/\/lettero.com.pl\/lettero-poligrafia\/szafy-szufladowe-z-podswietlaczem\/szafa-szufladowa-b2-z-podswietlaczem-13-szuflad-szsm-b2-13\/\" \/>\n<meta property=\"og:locale\" content=\"en_US\" \/>\n<meta property=\"og:type\" content=\"article\" \/>\n<meta property=\"og:title\" content=\"Backlight drawer cabinet SZSM-B2\/13 - Lettero - Sprz\u0119t dla poligrafii | Meble metalowe\" \/>\n<meta property=\"og:description\" content=\"SZSM drawer cabinets with backlight are designed primarily for archiving and developing the materials and large format documents. They constitute a design combination of drawer cabinet [\u2026]\" \/>\n<meta property=\"og:url\" content=\"https:\/\/lettero.com.pl\/lettero-poligrafia\/szafy-szufladowe-z-podswietlaczem\/szafa-szufladowa-b2-z-podswietlaczem-13-szuflad-szsm-b2-13\/\" \/>\n<meta property=\"og:site_name\" content=\"Lettero - Sprz\u0119t dla poligrafii | Meble metalowe\" \/>\n<meta property=\"article:modified_time\" content=\"2018-09-19T18:13:15+00:00\" \/>\n<meta property=\"og:image\" content=\"https:\/\/lettero.com.pl\/wp-content\/uploads\/2018\/04\/szafa-szufladowa-z-pod\u015bwietlaczem-szsm-b1-13.jpg\" \/>\n\t<meta property=\"og:image:width\" content=\"602\" \/>\n\t<meta property=\"og:image:height\" content=\"601\" \/>\n\t<meta property=\"og:image:type\" content=\"image\/jpeg\" \/>\n<meta name=\"twitter:card\" content=\"summary_large_image\" \/>\n<script type=\"application\/ld+json\" class=\"yoast-schema-graph\">{\"@context\":\"https:\/\/schema.org\",\"@graph\":[{\"@type\":\"WebPage\",\"@id\":\"https:\/\/lettero.com.pl\/lettero-poligrafia\/szafy-szufladowe-z-podswietlaczem\/szafa-szufladowa-b2-z-podswietlaczem-13-szuflad-szsm-b2-13\/\",\"url\":\"https:\/\/lettero.com.pl\/lettero-poligrafia\/szafy-szufladowe-z-podswietlaczem\/szafa-szufladowa-b2-z-podswietlaczem-13-szuflad-szsm-b2-13\/\",\"name\":\"Backlight drawer cabinet SZSM-B2\/13 - Lettero - Sprz\u0119t dla poligrafii | Meble metalowe\",\"isPartOf\":{\"@id\":\"https:\/\/lettero.com.pl\/#website\"},\"primaryImageOfPage\":{\"@id\":\"https:\/\/lettero.com.pl\/lettero-poligrafia\/szafy-szufladowe-z-podswietlaczem\/szafa-szufladowa-b2-z-podswietlaczem-13-szuflad-szsm-b2-13\/#primaryimage\"},\"image\":{\"@id\":\"https:\/\/lettero.com.pl\/lettero-poligrafia\/szafy-szufladowe-z-podswietlaczem\/szafa-szufladowa-b2-z-podswietlaczem-13-szuflad-szsm-b2-13\/#primaryimage\"},\"thumbnailUrl\":\"https:\/\/lettero.com.pl\/wp-content\/uploads\/2018\/04\/szafa-szufladowa-z-pod\u015bwietlaczem-szsm-b1-13.jpg\",\"datePublished\":\"2018-04-23T13:27:35+00:00\",\"dateModified\":\"2018-09-19T18:13:15+00:00\",\"breadcrumb\":{\"@id\":\"https:\/\/lettero.com.pl\/lettero-poligrafia\/szafy-szufladowe-z-podswietlaczem\/szafa-szufladowa-b2-z-podswietlaczem-13-szuflad-szsm-b2-13\/#breadcrumb\"},\"inLanguage\":\"en-US\",\"potentialAction\":[{\"@type\":\"ReadAction\",\"target\":[\"https:\/\/lettero.com.pl\/lettero-poligrafia\/szafy-szufladowe-z-podswietlaczem\/szafa-szufladowa-b2-z-podswietlaczem-13-szuflad-szsm-b2-13\/\"]}]},{\"@type\":\"ImageObject\",\"inLanguage\":\"en-US\",\"@id\":\"https:\/\/lettero.com.pl\/lettero-poligrafia\/szafy-szufladowe-z-podswietlaczem\/szafa-szufladowa-b2-z-podswietlaczem-13-szuflad-szsm-b2-13\/#primaryimage\",\"url\":\"https:\/\/lettero.com.pl\/wp-content\/uploads\/2018\/04\/szafa-szufladowa-z-pod\u015bwietlaczem-szsm-b1-13.jpg\",\"contentUrl\":\"https:\/\/lettero.com.pl\/wp-content\/uploads\/2018\/04\/szafa-szufladowa-z-pod\u015bwietlaczem-szsm-b1-13.jpg\",\"width\":602,\"height\":601,\"caption\":\"Backlight drawer cabinet B1\"},{\"@type\":\"BreadcrumbList\",\"@id\":\"https:\/\/lettero.com.pl\/lettero-poligrafia\/szafy-szufladowe-z-podswietlaczem\/szafa-szufladowa-b2-z-podswietlaczem-13-szuflad-szsm-b2-13\/#breadcrumb\",\"itemListElement\":[{\"@type\":\"ListItem\",\"position\":1,\"name\":\"Strona g\u0142\u00f3wna\",\"item\":\"https:\/\/lettero.com.pl\/en\/\"},{\"@type\":\"ListItem\",\"position\":2,\"name\":\"Oferta\",\"item\":\"https:\/\/lettero.com.pl\/oferta-3\/\"},{\"@type\":\"ListItem\",\"position\":3,\"name\":\"Backlight drawer cabinet SZSM-B2\/13\"}]},{\"@type\":\"WebSite\",\"@id\":\"https:\/\/lettero.com.pl\/#website\",\"url\":\"https:\/\/lettero.com.pl\/\",\"name\":\"Lettero - Sprz\u0119t dla poligrafii | Meble metalowe\",\"description\":\"Pe\u0142na oferta polskiego producenta urz\u0105dze\u0144 dla poligrafii. Kabiny \u015bwietlne. Meble metalowe: biurowe, socjalne, magazynowe\",\"potentialAction\":[{\"@type\":\"SearchAction\",\"target\":{\"@type\":\"EntryPoint\",\"urlTemplate\":\"https:\/\/lettero.com.pl\/?s={search_term_string}\"},\"query-input\":{\"@type\":\"PropertyValueSpecification\",\"valueRequired\":true,\"valueName\":\"search_term_string\"}}],\"inLanguage\":\"en-US\"}]}<\/script>\n<!-- \/ Yoast SEO plugin. -->","yoast_head_json":{"title":"Backlight drawer cabinet SZSM-B2\/13 - Lettero - Sprz\u0119t dla poligrafii | Meble metalowe","robots":{"index":"index","follow":"follow","max-snippet":"max-snippet:-1","max-image-preview":"max-image-preview:large","max-video-preview":"max-video-preview:-1"},"canonical":"https:\/\/lettero.com.pl\/lettero-poligrafia\/szafy-szufladowe-z-podswietlaczem\/szafa-szufladowa-b2-z-podswietlaczem-13-szuflad-szsm-b2-13\/","og_locale":"en_US","og_type":"article","og_title":"Backlight drawer cabinet SZSM-B2\/13 - Lettero - Sprz\u0119t dla poligrafii | Meble metalowe","og_description":"SZSM drawer cabinets with backlight are designed primarily for archiving and developing the materials and large format documents. They constitute a design combination of drawer cabinet [\u2026]","og_url":"https:\/\/lettero.com.pl\/lettero-poligrafia\/szafy-szufladowe-z-podswietlaczem\/szafa-szufladowa-b2-z-podswietlaczem-13-szuflad-szsm-b2-13\/","og_site_name":"Lettero - Sprz\u0119t dla poligrafii | Meble metalowe","article_modified_time":"2018-09-19T18:13:15+00:00","og_image":[{"width":602,"height":601,"url":"https:\/\/lettero.com.pl\/wp-content\/uploads\/2018\/04\/szafa-szufladowa-z-pod\u015bwietlaczem-szsm-b1-13.jpg","type":"image\/jpeg"}],"twitter_card":"summary_large_image","schema":{"@context":"https:\/\/schema.org","@graph":[{"@type":"WebPage","@id":"https:\/\/lettero.com.pl\/lettero-poligrafia\/szafy-szufladowe-z-podswietlaczem\/szafa-szufladowa-b2-z-podswietlaczem-13-szuflad-szsm-b2-13\/","url":"https:\/\/lettero.com.pl\/lettero-poligrafia\/szafy-szufladowe-z-podswietlaczem\/szafa-szufladowa-b2-z-podswietlaczem-13-szuflad-szsm-b2-13\/","name":"Backlight drawer cabinet SZSM-B2\/13 - Lettero - Sprz\u0119t dla poligrafii | Meble metalowe","isPartOf":{"@id":"https:\/\/lettero.com.pl\/#website"},"primaryImageOfPage":{"@id":"https:\/\/lettero.com.pl\/lettero-poligrafia\/szafy-szufladowe-z-podswietlaczem\/szafa-szufladowa-b2-z-podswietlaczem-13-szuflad-szsm-b2-13\/#primaryimage"},"image":{"@id":"https:\/\/lettero.com.pl\/lettero-poligrafia\/szafy-szufladowe-z-podswietlaczem\/szafa-szufladowa-b2-z-podswietlaczem-13-szuflad-szsm-b2-13\/#primaryimage"},"thumbnailUrl":"https:\/\/lettero.com.pl\/wp-content\/uploads\/2018\/04\/szafa-szufladowa-z-pod\u015bwietlaczem-szsm-b1-13.jpg","datePublished":"2018-04-23T13:27:35+00:00","dateModified":"2018-09-19T18:13:15+00:00","breadcrumb":{"@id":"https:\/\/lettero.com.pl\/lettero-poligrafia\/szafy-szufladowe-z-podswietlaczem\/szafa-szufladowa-b2-z-podswietlaczem-13-szuflad-szsm-b2-13\/#breadcrumb"},"inLanguage":"en-US","potentialAction":[{"@type":"ReadAction","target":["https:\/\/lettero.com.pl\/lettero-poligrafia\/szafy-szufladowe-z-podswietlaczem\/szafa-szufladowa-b2-z-podswietlaczem-13-szuflad-szsm-b2-13\/"]}]},{"@type":"ImageObject","inLanguage":"en-US","@id":"https:\/\/lettero.com.pl\/lettero-poligrafia\/szafy-szufladowe-z-podswietlaczem\/szafa-szufladowa-b2-z-podswietlaczem-13-szuflad-szsm-b2-13\/#primaryimage","url":"https:\/\/lettero.com.pl\/wp-content\/uploads\/2018\/04\/szafa-szufladowa-z-pod\u015bwietlaczem-szsm-b1-13.jpg","contentUrl":"https:\/\/lettero.com.pl\/wp-content\/uploads\/2018\/04\/szafa-szufladowa-z-pod\u015bwietlaczem-szsm-b1-13.jpg","width":602,"height":601,"caption":"Backlight drawer cabinet B1"},{"@type":"BreadcrumbList","@id":"https:\/\/lettero.com.pl\/lettero-poligrafia\/szafy-szufladowe-z-podswietlaczem\/szafa-szufladowa-b2-z-podswietlaczem-13-szuflad-szsm-b2-13\/#breadcrumb","itemListElement":[{"@type":"ListItem","position":1,"name":"Strona g\u0142\u00f3wna","item":"https:\/\/lettero.com.pl\/en\/"},{"@type":"ListItem","position":2,"name":"Oferta","item":"https:\/\/lettero.com.pl\/oferta-3\/"},{"@type":"ListItem","position":3,"name":"Backlight drawer cabinet SZSM-B2\/13"}]},{"@type":"WebSite","@id":"https:\/\/lettero.com.pl\/#website","url":"https:\/\/lettero.com.pl\/","name":"Lettero - Sprz\u0119t dla poligrafii | Meble metalowe","description":"Pe\u0142na oferta polskiego producenta urz\u0105dze\u0144 dla poligrafii. Kabiny \u015bwietlne. Meble metalowe: biurowe, socjalne, magazynowe","potentialAction":[{"@type":"SearchAction","target":{"@type":"EntryPoint","urlTemplate":"https:\/\/lettero.com.pl\/?s={search_term_string}"},"query-input":{"@type":"PropertyValueSpecification","valueRequired":true,"valueName":"search_term_string"}}],"inLanguage":"en-US"}]}},"_links":{"self":[{"href":"https:\/\/lettero.com.pl\/en\/wp-json\/wp\/v2\/product\/4128","targetHints":{"allow":["GET"]}}],"collection":[{"href":"https:\/\/lettero.com.pl\/en\/wp-json\/wp\/v2\/product"}],"about":[{"href":"https:\/\/lettero.com.pl\/en\/wp-json\/wp\/v2\/types\/product"}],"wp:featuredmedia":[{"embeddable":true,"href":"https:\/\/lettero.com.pl\/en\/wp-json\/wp\/v2\/media\/2163"}],"wp:attachment":[{"href":"https:\/\/lettero.com.pl\/en\/wp-json\/wp\/v2\/media?parent=4128"}],"wp:term":[{"taxonomy":"product_brand","embeddable":true,"href":"https:\/\/lettero.com.pl\/en\/wp-json\/wp\/v2\/product_brand?post=4128"},{"taxonomy":"product_cat","embeddable":true,"href":"https:\/\/lettero.com.pl\/en\/wp-json\/wp\/v2\/product_cat?post=4128"},{"taxonomy":"product_tag","embeddable":true,"href":"https:\/\/lettero.com.pl\/en\/wp-json\/wp\/v2\/product_tag?post=4128"}],"curies":[{"name":"wp","href":"https:\/\/api.w.org\/{rel}","templated":true}]}}