{"id":4110,"date":"2018-04-23T13:49:44","date_gmt":"2018-04-23T11:49:44","guid":{"rendered":"http:\/\/lettero.opticomweb.tk\/sklep\/uncategorized\/drawer-section-b2-ss-b2-58\/"},"modified":"2018-09-19T20:13:26","modified_gmt":"2018-09-19T18:13:26","slug":"drawer-section-b2-ss-b2-58","status":"publish","type":"product","link":"https:\/\/lettero.com.pl\/en\/metal-furniture\/drawings-storage-cabinets\/drawer-section-b2-ss-b2-58\/","title":{"rendered":"Drawer section B2 SS-B2\/5(8)"},"content":{"rendered":"<p><strong>SS drawer sections are designed for organizing and storing all documents and materials of large formats. The drawer sections are drawer cabinets reduced by about half of the height, enabling the creation of sets of drawers of varying heights and mounting in other equipment of Lettero systems.<\/strong><\/p>\n<p>SS drawer sections are manufactured as standard in five formats &#8211; B2, A1, B1, A0, B0, and two design versions, holding 5 and 8 drawers. Centering pins and holes allow the creation of stable sets of stacked drawers with a height adapted to local conditions.<\/p>\n<p>Similarly to SZ cabinets the drawer sections are centrally lockable.<\/p>\n<p>Sections are made of powder-coated steel and are equipped with top of laminated furniture board.<\/p>\n<p>&nbsp;<\/p>\n<p><strong>SS-B2\/5(8):<\/strong><\/p>\n<ul>\n<li>Dim. WxDxH: 900 x 600 x 422 mm<\/li>\n<li>Drawer dim.: 790 x 560<\/li>\n<li>Drawers: 10\/16<\/li>\n<\/ul>\n<p>&nbsp;<\/p>\n","protected":false},"excerpt":{"rendered":"<p>SS drawer sections are designed for organizing and storing all documents and materials of large formats. The drawer sections are drawer cabinets reduced by about half<span class=\"excerpt-hellip\"> [\u2026]<\/span><\/p>\n","protected":false},"featured_media":2085,"template":"","meta":[],"product_brand":[],"product_cat":[236,285],"product_tag":[],"class_list":{"0":"post-4110","1":"product","2":"type-product","3":"status-publish","4":"has-post-thumbnail","6":"product_cat-drawer-cabintes-and-sections","7":"product_cat-drawings-storage-cabinets","9":"first","10":"instock","11":"shipping-taxable","12":"product-type-simple"},"yoast_head":"<!-- This site is optimized with the Yoast SEO plugin v27.0 - https:\/\/yoast.com\/product\/yoast-seo-wordpress\/ -->\n<title>Drawer section B2 SS-B2\/5(8) - Lettero - Sprz\u0119t dla poligrafii | Meble metalowe<\/title>\n<meta name=\"robots\" content=\"index, follow, max-snippet:-1, max-image-preview:large, max-video-preview:-1\" \/>\n<link rel=\"canonical\" href=\"https:\/\/lettero.com.pl\/lettero-poligrafia\/szafy-i-sekcje-szufladowe\/sekcja-szufladowa-b2-5-8-szuflad-ss-b2-58\/\" \/>\n<meta property=\"og:locale\" content=\"en_US\" \/>\n<meta property=\"og:type\" content=\"article\" \/>\n<meta property=\"og:title\" content=\"Drawer section B2 SS-B2\/5(8) - Lettero - Sprz\u0119t dla poligrafii | Meble metalowe\" \/>\n<meta property=\"og:description\" content=\"SS drawer sections are designed for organizing and storing all documents and materials of large formats. The drawer sections are drawer cabinets reduced by about half [\u2026]\" \/>\n<meta property=\"og:url\" content=\"https:\/\/lettero.com.pl\/lettero-poligrafia\/szafy-i-sekcje-szufladowe\/sekcja-szufladowa-b2-5-8-szuflad-ss-b2-58\/\" \/>\n<meta property=\"og:site_name\" content=\"Lettero - Sprz\u0119t dla poligrafii | Meble metalowe\" \/>\n<meta property=\"article:modified_time\" content=\"2018-09-19T18:13:26+00:00\" \/>\n<meta property=\"og:image\" content=\"https:\/\/lettero.com.pl\/wp-content\/uploads\/2018\/04\/sekcja-szufladowa-ss-b1-5_2.jpg\" \/>\n\t<meta property=\"og:image:width\" content=\"601\" \/>\n\t<meta property=\"og:image:height\" content=\"602\" \/>\n\t<meta property=\"og:image:type\" content=\"image\/jpeg\" \/>\n<meta name=\"twitter:card\" content=\"summary_large_image\" \/>\n<meta name=\"twitter:label1\" content=\"Est. reading time\" \/>\n\t<meta name=\"twitter:data1\" content=\"1 minute\" \/>\n<script type=\"application\/ld+json\" class=\"yoast-schema-graph\">{\"@context\":\"https:\/\/schema.org\",\"@graph\":[{\"@type\":\"WebPage\",\"@id\":\"https:\/\/lettero.com.pl\/lettero-poligrafia\/szafy-i-sekcje-szufladowe\/sekcja-szufladowa-b2-5-8-szuflad-ss-b2-58\/\",\"url\":\"https:\/\/lettero.com.pl\/lettero-poligrafia\/szafy-i-sekcje-szufladowe\/sekcja-szufladowa-b2-5-8-szuflad-ss-b2-58\/\",\"name\":\"Drawer section B2 SS-B2\/5(8) - Lettero - Sprz\u0119t dla poligrafii | Meble metalowe\",\"isPartOf\":{\"@id\":\"https:\/\/lettero.com.pl\/#website\"},\"primaryImageOfPage\":{\"@id\":\"https:\/\/lettero.com.pl\/lettero-poligrafia\/szafy-i-sekcje-szufladowe\/sekcja-szufladowa-b2-5-8-szuflad-ss-b2-58\/#primaryimage\"},\"image\":{\"@id\":\"https:\/\/lettero.com.pl\/lettero-poligrafia\/szafy-i-sekcje-szufladowe\/sekcja-szufladowa-b2-5-8-szuflad-ss-b2-58\/#primaryimage\"},\"thumbnailUrl\":\"https:\/\/lettero.com.pl\/wp-content\/uploads\/2018\/04\/sekcja-szufladowa-ss-b1-5_2.jpg\",\"datePublished\":\"2018-04-23T11:49:44+00:00\",\"dateModified\":\"2018-09-19T18:13:26+00:00\",\"breadcrumb\":{\"@id\":\"https:\/\/lettero.com.pl\/lettero-poligrafia\/szafy-i-sekcje-szufladowe\/sekcja-szufladowa-b2-5-8-szuflad-ss-b2-58\/#breadcrumb\"},\"inLanguage\":\"en-US\",\"potentialAction\":[{\"@type\":\"ReadAction\",\"target\":[\"https:\/\/lettero.com.pl\/lettero-poligrafia\/szafy-i-sekcje-szufladowe\/sekcja-szufladowa-b2-5-8-szuflad-ss-b2-58\/\"]}]},{\"@type\":\"ImageObject\",\"inLanguage\":\"en-US\",\"@id\":\"https:\/\/lettero.com.pl\/lettero-poligrafia\/szafy-i-sekcje-szufladowe\/sekcja-szufladowa-b2-5-8-szuflad-ss-b2-58\/#primaryimage\",\"url\":\"https:\/\/lettero.com.pl\/wp-content\/uploads\/2018\/04\/sekcja-szufladowa-ss-b1-5_2.jpg\",\"contentUrl\":\"https:\/\/lettero.com.pl\/wp-content\/uploads\/2018\/04\/sekcja-szufladowa-ss-b1-5_2.jpg\",\"width\":601,\"height\":602,\"caption\":\"Drawer section B2\"},{\"@type\":\"BreadcrumbList\",\"@id\":\"https:\/\/lettero.com.pl\/lettero-poligrafia\/szafy-i-sekcje-szufladowe\/sekcja-szufladowa-b2-5-8-szuflad-ss-b2-58\/#breadcrumb\",\"itemListElement\":[{\"@type\":\"ListItem\",\"position\":1,\"name\":\"Strona g\u0142\u00f3wna\",\"item\":\"https:\/\/lettero.com.pl\/en\/\"},{\"@type\":\"ListItem\",\"position\":2,\"name\":\"Oferta\",\"item\":\"https:\/\/lettero.com.pl\/oferta-3\/\"},{\"@type\":\"ListItem\",\"position\":3,\"name\":\"Drawer section B2 SS-B2\/5(8)\"}]},{\"@type\":\"WebSite\",\"@id\":\"https:\/\/lettero.com.pl\/#website\",\"url\":\"https:\/\/lettero.com.pl\/\",\"name\":\"Lettero - Sprz\u0119t dla poligrafii | Meble metalowe\",\"description\":\"Pe\u0142na oferta polskiego producenta urz\u0105dze\u0144 dla poligrafii. Kabiny \u015bwietlne. Meble metalowe: biurowe, socjalne, magazynowe\",\"potentialAction\":[{\"@type\":\"SearchAction\",\"target\":{\"@type\":\"EntryPoint\",\"urlTemplate\":\"https:\/\/lettero.com.pl\/?s={search_term_string}\"},\"query-input\":{\"@type\":\"PropertyValueSpecification\",\"valueRequired\":true,\"valueName\":\"search_term_string\"}}],\"inLanguage\":\"en-US\"}]}<\/script>\n<!-- \/ Yoast SEO plugin. -->","yoast_head_json":{"title":"Drawer section B2 SS-B2\/5(8) - Lettero - Sprz\u0119t dla poligrafii | Meble metalowe","robots":{"index":"index","follow":"follow","max-snippet":"max-snippet:-1","max-image-preview":"max-image-preview:large","max-video-preview":"max-video-preview:-1"},"canonical":"https:\/\/lettero.com.pl\/lettero-poligrafia\/szafy-i-sekcje-szufladowe\/sekcja-szufladowa-b2-5-8-szuflad-ss-b2-58\/","og_locale":"en_US","og_type":"article","og_title":"Drawer section B2 SS-B2\/5(8) - Lettero - Sprz\u0119t dla poligrafii | Meble metalowe","og_description":"SS drawer sections are designed for organizing and storing all documents and materials of large formats. The drawer sections are drawer cabinets reduced by about half [\u2026]","og_url":"https:\/\/lettero.com.pl\/lettero-poligrafia\/szafy-i-sekcje-szufladowe\/sekcja-szufladowa-b2-5-8-szuflad-ss-b2-58\/","og_site_name":"Lettero - Sprz\u0119t dla poligrafii | Meble metalowe","article_modified_time":"2018-09-19T18:13:26+00:00","og_image":[{"width":601,"height":602,"url":"https:\/\/lettero.com.pl\/wp-content\/uploads\/2018\/04\/sekcja-szufladowa-ss-b1-5_2.jpg","type":"image\/jpeg"}],"twitter_card":"summary_large_image","twitter_misc":{"Est. reading time":"1 minute"},"schema":{"@context":"https:\/\/schema.org","@graph":[{"@type":"WebPage","@id":"https:\/\/lettero.com.pl\/lettero-poligrafia\/szafy-i-sekcje-szufladowe\/sekcja-szufladowa-b2-5-8-szuflad-ss-b2-58\/","url":"https:\/\/lettero.com.pl\/lettero-poligrafia\/szafy-i-sekcje-szufladowe\/sekcja-szufladowa-b2-5-8-szuflad-ss-b2-58\/","name":"Drawer section B2 SS-B2\/5(8) - Lettero - Sprz\u0119t dla poligrafii | Meble metalowe","isPartOf":{"@id":"https:\/\/lettero.com.pl\/#website"},"primaryImageOfPage":{"@id":"https:\/\/lettero.com.pl\/lettero-poligrafia\/szafy-i-sekcje-szufladowe\/sekcja-szufladowa-b2-5-8-szuflad-ss-b2-58\/#primaryimage"},"image":{"@id":"https:\/\/lettero.com.pl\/lettero-poligrafia\/szafy-i-sekcje-szufladowe\/sekcja-szufladowa-b2-5-8-szuflad-ss-b2-58\/#primaryimage"},"thumbnailUrl":"https:\/\/lettero.com.pl\/wp-content\/uploads\/2018\/04\/sekcja-szufladowa-ss-b1-5_2.jpg","datePublished":"2018-04-23T11:49:44+00:00","dateModified":"2018-09-19T18:13:26+00:00","breadcrumb":{"@id":"https:\/\/lettero.com.pl\/lettero-poligrafia\/szafy-i-sekcje-szufladowe\/sekcja-szufladowa-b2-5-8-szuflad-ss-b2-58\/#breadcrumb"},"inLanguage":"en-US","potentialAction":[{"@type":"ReadAction","target":["https:\/\/lettero.com.pl\/lettero-poligrafia\/szafy-i-sekcje-szufladowe\/sekcja-szufladowa-b2-5-8-szuflad-ss-b2-58\/"]}]},{"@type":"ImageObject","inLanguage":"en-US","@id":"https:\/\/lettero.com.pl\/lettero-poligrafia\/szafy-i-sekcje-szufladowe\/sekcja-szufladowa-b2-5-8-szuflad-ss-b2-58\/#primaryimage","url":"https:\/\/lettero.com.pl\/wp-content\/uploads\/2018\/04\/sekcja-szufladowa-ss-b1-5_2.jpg","contentUrl":"https:\/\/lettero.com.pl\/wp-content\/uploads\/2018\/04\/sekcja-szufladowa-ss-b1-5_2.jpg","width":601,"height":602,"caption":"Drawer section B2"},{"@type":"BreadcrumbList","@id":"https:\/\/lettero.com.pl\/lettero-poligrafia\/szafy-i-sekcje-szufladowe\/sekcja-szufladowa-b2-5-8-szuflad-ss-b2-58\/#breadcrumb","itemListElement":[{"@type":"ListItem","position":1,"name":"Strona g\u0142\u00f3wna","item":"https:\/\/lettero.com.pl\/en\/"},{"@type":"ListItem","position":2,"name":"Oferta","item":"https:\/\/lettero.com.pl\/oferta-3\/"},{"@type":"ListItem","position":3,"name":"Drawer section B2 SS-B2\/5(8)"}]},{"@type":"WebSite","@id":"https:\/\/lettero.com.pl\/#website","url":"https:\/\/lettero.com.pl\/","name":"Lettero - Sprz\u0119t dla poligrafii | Meble metalowe","description":"Pe\u0142na oferta polskiego producenta urz\u0105dze\u0144 dla poligrafii. Kabiny \u015bwietlne. Meble metalowe: biurowe, socjalne, magazynowe","potentialAction":[{"@type":"SearchAction","target":{"@type":"EntryPoint","urlTemplate":"https:\/\/lettero.com.pl\/?s={search_term_string}"},"query-input":{"@type":"PropertyValueSpecification","valueRequired":true,"valueName":"search_term_string"}}],"inLanguage":"en-US"}]}},"_links":{"self":[{"href":"https:\/\/lettero.com.pl\/en\/wp-json\/wp\/v2\/product\/4110","targetHints":{"allow":["GET"]}}],"collection":[{"href":"https:\/\/lettero.com.pl\/en\/wp-json\/wp\/v2\/product"}],"about":[{"href":"https:\/\/lettero.com.pl\/en\/wp-json\/wp\/v2\/types\/product"}],"wp:featuredmedia":[{"embeddable":true,"href":"https:\/\/lettero.com.pl\/en\/wp-json\/wp\/v2\/media\/2085"}],"wp:attachment":[{"href":"https:\/\/lettero.com.pl\/en\/wp-json\/wp\/v2\/media?parent=4110"}],"wp:term":[{"taxonomy":"product_brand","embeddable":true,"href":"https:\/\/lettero.com.pl\/en\/wp-json\/wp\/v2\/product_brand?post=4110"},{"taxonomy":"product_cat","embeddable":true,"href":"https:\/\/lettero.com.pl\/en\/wp-json\/wp\/v2\/product_cat?post=4110"},{"taxonomy":"product_tag","embeddable":true,"href":"https:\/\/lettero.com.pl\/en\/wp-json\/wp\/v2\/product_tag?post=4110"}],"curies":[{"name":"wp","href":"https:\/\/api.w.org\/{rel}","templated":true}]}}