{"id":4099,"date":"2018-04-20T13:41:45","date_gmt":"2018-04-20T11:41:45","guid":{"rendered":"http:\/\/lettero.opticomweb.tk\/sklep\/uncategorized\/trolley-rack-for-plates-and-screens-wsrc\/"},"modified":"2018-09-19T20:13:34","modified_gmt":"2018-09-19T18:13:34","slug":"trolley-rack-for-plates-and-screens-wsrc","status":"publish","type":"product","link":"https:\/\/lettero.com.pl\/en\/poligraphy-equipment\/screen-printing\/storage-and-transport-of-screen-cylindrical-forms\/trolley-rack-for-plates-and-screens-wsrc\/","title":{"rendered":"Trolley-rack for plates and screens WSRC"},"content":{"rendered":"<p>In the cylindrical screen printing the printing plates require a completely different tooling. The equipment presented on this page includes the system of racks and trolleys used for transport and temporary storage of plates in the vicinity of the printing press, as well as cabinets for archiving the printing plates.<\/p>\n<p>Trolley-rack for plates and screens<br \/>\ninox (stainless steel)<br \/>\nDimensions WxDxH: 500x650x1550 mm<\/p>\n<p>&nbsp;<\/p>\n","protected":false},"excerpt":{"rendered":"<p>In the cylindrical screen printing the printing plates require a completely different tooling. The equipment presented on this page includes the system of racks and trolleys<span class=\"excerpt-hellip\"> [\u2026]<\/span><\/p>\n","protected":false},"featured_media":2015,"template":"","meta":[],"product_brand":[],"product_cat":[232],"product_tag":[],"class_list":{"0":"post-4099","1":"product","2":"type-product","3":"status-publish","4":"has-post-thumbnail","6":"product_cat-storage-and-transport-of-screen-cylindrical-forms","8":"first","9":"instock","10":"shipping-taxable","11":"product-type-simple"},"yoast_head":"<!-- This site is optimized with the Yoast SEO plugin v27.0 - https:\/\/yoast.com\/product\/yoast-seo-wordpress\/ -->\n<title>Trolley-rack for plates and screens WSRC - Lettero - Sprz\u0119t dla poligrafii | Meble metalowe<\/title>\n<meta name=\"robots\" content=\"index, follow, max-snippet:-1, max-image-preview:large, max-video-preview:-1\" \/>\n<link rel=\"canonical\" href=\"https:\/\/lettero.com.pl\/lettero-poligrafia\/sitodruk\/przechowywanie-i-transport-cylindrycznych-form-drukowych\/wozek-regal-na-sita-plaskie-i-cylindryczne-wsrc\/\" \/>\n<meta property=\"og:locale\" content=\"en_US\" \/>\n<meta property=\"og:type\" content=\"article\" \/>\n<meta property=\"og:title\" content=\"Trolley-rack for plates and screens WSRC - Lettero - Sprz\u0119t dla poligrafii | Meble metalowe\" \/>\n<meta property=\"og:description\" content=\"In the cylindrical screen printing the printing plates require a completely different tooling. The equipment presented on this page includes the system of racks and trolleys [\u2026]\" \/>\n<meta property=\"og:url\" content=\"https:\/\/lettero.com.pl\/lettero-poligrafia\/sitodruk\/przechowywanie-i-transport-cylindrycznych-form-drukowych\/wozek-regal-na-sita-plaskie-i-cylindryczne-wsrc\/\" \/>\n<meta property=\"og:site_name\" content=\"Lettero - Sprz\u0119t dla poligrafii | Meble metalowe\" \/>\n<meta property=\"article:modified_time\" content=\"2018-09-19T18:13:34+00:00\" \/>\n<meta property=\"og:image\" content=\"https:\/\/lettero.com.pl\/wp-content\/uploads\/2018\/04\/sito-w-1.jpg\" \/>\n\t<meta property=\"og:image:width\" content=\"601\" \/>\n\t<meta property=\"og:image:height\" content=\"601\" \/>\n\t<meta property=\"og:image:type\" content=\"image\/jpeg\" \/>\n<meta name=\"twitter:card\" content=\"summary_large_image\" \/>\n<script type=\"application\/ld+json\" class=\"yoast-schema-graph\">{\"@context\":\"https:\/\/schema.org\",\"@graph\":[{\"@type\":\"WebPage\",\"@id\":\"https:\/\/lettero.com.pl\/lettero-poligrafia\/sitodruk\/przechowywanie-i-transport-cylindrycznych-form-drukowych\/wozek-regal-na-sita-plaskie-i-cylindryczne-wsrc\/\",\"url\":\"https:\/\/lettero.com.pl\/lettero-poligrafia\/sitodruk\/przechowywanie-i-transport-cylindrycznych-form-drukowych\/wozek-regal-na-sita-plaskie-i-cylindryczne-wsrc\/\",\"name\":\"Trolley-rack for plates and screens WSRC - Lettero - Sprz\u0119t dla poligrafii | Meble metalowe\",\"isPartOf\":{\"@id\":\"https:\/\/lettero.com.pl\/#website\"},\"primaryImageOfPage\":{\"@id\":\"https:\/\/lettero.com.pl\/lettero-poligrafia\/sitodruk\/przechowywanie-i-transport-cylindrycznych-form-drukowych\/wozek-regal-na-sita-plaskie-i-cylindryczne-wsrc\/#primaryimage\"},\"image\":{\"@id\":\"https:\/\/lettero.com.pl\/lettero-poligrafia\/sitodruk\/przechowywanie-i-transport-cylindrycznych-form-drukowych\/wozek-regal-na-sita-plaskie-i-cylindryczne-wsrc\/#primaryimage\"},\"thumbnailUrl\":\"https:\/\/lettero.com.pl\/wp-content\/uploads\/2018\/04\/sito-w-1.jpg\",\"datePublished\":\"2018-04-20T11:41:45+00:00\",\"dateModified\":\"2018-09-19T18:13:34+00:00\",\"breadcrumb\":{\"@id\":\"https:\/\/lettero.com.pl\/lettero-poligrafia\/sitodruk\/przechowywanie-i-transport-cylindrycznych-form-drukowych\/wozek-regal-na-sita-plaskie-i-cylindryczne-wsrc\/#breadcrumb\"},\"inLanguage\":\"en-US\",\"potentialAction\":[{\"@type\":\"ReadAction\",\"target\":[\"https:\/\/lettero.com.pl\/lettero-poligrafia\/sitodruk\/przechowywanie-i-transport-cylindrycznych-form-drukowych\/wozek-regal-na-sita-plaskie-i-cylindryczne-wsrc\/\"]}]},{\"@type\":\"ImageObject\",\"inLanguage\":\"en-US\",\"@id\":\"https:\/\/lettero.com.pl\/lettero-poligrafia\/sitodruk\/przechowywanie-i-transport-cylindrycznych-form-drukowych\/wozek-regal-na-sita-plaskie-i-cylindryczne-wsrc\/#primaryimage\",\"url\":\"https:\/\/lettero.com.pl\/wp-content\/uploads\/2018\/04\/sito-w-1.jpg\",\"contentUrl\":\"https:\/\/lettero.com.pl\/wp-content\/uploads\/2018\/04\/sito-w-1.jpg\",\"width\":601,\"height\":601,\"caption\":\"Trolley-rack for plates and screens WSRC\"},{\"@type\":\"BreadcrumbList\",\"@id\":\"https:\/\/lettero.com.pl\/lettero-poligrafia\/sitodruk\/przechowywanie-i-transport-cylindrycznych-form-drukowych\/wozek-regal-na-sita-plaskie-i-cylindryczne-wsrc\/#breadcrumb\",\"itemListElement\":[{\"@type\":\"ListItem\",\"position\":1,\"name\":\"Strona g\u0142\u00f3wna\",\"item\":\"https:\/\/lettero.com.pl\/en\/\"},{\"@type\":\"ListItem\",\"position\":2,\"name\":\"Oferta\",\"item\":\"https:\/\/lettero.com.pl\/oferta-3\/\"},{\"@type\":\"ListItem\",\"position\":3,\"name\":\"Trolley-rack for plates and screens WSRC\"}]},{\"@type\":\"WebSite\",\"@id\":\"https:\/\/lettero.com.pl\/#website\",\"url\":\"https:\/\/lettero.com.pl\/\",\"name\":\"Lettero - Sprz\u0119t dla poligrafii | Meble metalowe\",\"description\":\"Pe\u0142na oferta polskiego producenta urz\u0105dze\u0144 dla poligrafii. Kabiny \u015bwietlne. Meble metalowe: biurowe, socjalne, magazynowe\",\"potentialAction\":[{\"@type\":\"SearchAction\",\"target\":{\"@type\":\"EntryPoint\",\"urlTemplate\":\"https:\/\/lettero.com.pl\/?s={search_term_string}\"},\"query-input\":{\"@type\":\"PropertyValueSpecification\",\"valueRequired\":true,\"valueName\":\"search_term_string\"}}],\"inLanguage\":\"en-US\"}]}<\/script>\n<!-- \/ Yoast SEO plugin. -->","yoast_head_json":{"title":"Trolley-rack for plates and screens WSRC - Lettero - Sprz\u0119t dla poligrafii | Meble metalowe","robots":{"index":"index","follow":"follow","max-snippet":"max-snippet:-1","max-image-preview":"max-image-preview:large","max-video-preview":"max-video-preview:-1"},"canonical":"https:\/\/lettero.com.pl\/lettero-poligrafia\/sitodruk\/przechowywanie-i-transport-cylindrycznych-form-drukowych\/wozek-regal-na-sita-plaskie-i-cylindryczne-wsrc\/","og_locale":"en_US","og_type":"article","og_title":"Trolley-rack for plates and screens WSRC - Lettero - Sprz\u0119t dla poligrafii | Meble metalowe","og_description":"In the cylindrical screen printing the printing plates require a completely different tooling. The equipment presented on this page includes the system of racks and trolleys [\u2026]","og_url":"https:\/\/lettero.com.pl\/lettero-poligrafia\/sitodruk\/przechowywanie-i-transport-cylindrycznych-form-drukowych\/wozek-regal-na-sita-plaskie-i-cylindryczne-wsrc\/","og_site_name":"Lettero - Sprz\u0119t dla poligrafii | Meble metalowe","article_modified_time":"2018-09-19T18:13:34+00:00","og_image":[{"width":601,"height":601,"url":"https:\/\/lettero.com.pl\/wp-content\/uploads\/2018\/04\/sito-w-1.jpg","type":"image\/jpeg"}],"twitter_card":"summary_large_image","schema":{"@context":"https:\/\/schema.org","@graph":[{"@type":"WebPage","@id":"https:\/\/lettero.com.pl\/lettero-poligrafia\/sitodruk\/przechowywanie-i-transport-cylindrycznych-form-drukowych\/wozek-regal-na-sita-plaskie-i-cylindryczne-wsrc\/","url":"https:\/\/lettero.com.pl\/lettero-poligrafia\/sitodruk\/przechowywanie-i-transport-cylindrycznych-form-drukowych\/wozek-regal-na-sita-plaskie-i-cylindryczne-wsrc\/","name":"Trolley-rack for plates and screens WSRC - Lettero - Sprz\u0119t dla poligrafii | Meble metalowe","isPartOf":{"@id":"https:\/\/lettero.com.pl\/#website"},"primaryImageOfPage":{"@id":"https:\/\/lettero.com.pl\/lettero-poligrafia\/sitodruk\/przechowywanie-i-transport-cylindrycznych-form-drukowych\/wozek-regal-na-sita-plaskie-i-cylindryczne-wsrc\/#primaryimage"},"image":{"@id":"https:\/\/lettero.com.pl\/lettero-poligrafia\/sitodruk\/przechowywanie-i-transport-cylindrycznych-form-drukowych\/wozek-regal-na-sita-plaskie-i-cylindryczne-wsrc\/#primaryimage"},"thumbnailUrl":"https:\/\/lettero.com.pl\/wp-content\/uploads\/2018\/04\/sito-w-1.jpg","datePublished":"2018-04-20T11:41:45+00:00","dateModified":"2018-09-19T18:13:34+00:00","breadcrumb":{"@id":"https:\/\/lettero.com.pl\/lettero-poligrafia\/sitodruk\/przechowywanie-i-transport-cylindrycznych-form-drukowych\/wozek-regal-na-sita-plaskie-i-cylindryczne-wsrc\/#breadcrumb"},"inLanguage":"en-US","potentialAction":[{"@type":"ReadAction","target":["https:\/\/lettero.com.pl\/lettero-poligrafia\/sitodruk\/przechowywanie-i-transport-cylindrycznych-form-drukowych\/wozek-regal-na-sita-plaskie-i-cylindryczne-wsrc\/"]}]},{"@type":"ImageObject","inLanguage":"en-US","@id":"https:\/\/lettero.com.pl\/lettero-poligrafia\/sitodruk\/przechowywanie-i-transport-cylindrycznych-form-drukowych\/wozek-regal-na-sita-plaskie-i-cylindryczne-wsrc\/#primaryimage","url":"https:\/\/lettero.com.pl\/wp-content\/uploads\/2018\/04\/sito-w-1.jpg","contentUrl":"https:\/\/lettero.com.pl\/wp-content\/uploads\/2018\/04\/sito-w-1.jpg","width":601,"height":601,"caption":"Trolley-rack for plates and screens WSRC"},{"@type":"BreadcrumbList","@id":"https:\/\/lettero.com.pl\/lettero-poligrafia\/sitodruk\/przechowywanie-i-transport-cylindrycznych-form-drukowych\/wozek-regal-na-sita-plaskie-i-cylindryczne-wsrc\/#breadcrumb","itemListElement":[{"@type":"ListItem","position":1,"name":"Strona g\u0142\u00f3wna","item":"https:\/\/lettero.com.pl\/en\/"},{"@type":"ListItem","position":2,"name":"Oferta","item":"https:\/\/lettero.com.pl\/oferta-3\/"},{"@type":"ListItem","position":3,"name":"Trolley-rack for plates and screens WSRC"}]},{"@type":"WebSite","@id":"https:\/\/lettero.com.pl\/#website","url":"https:\/\/lettero.com.pl\/","name":"Lettero - Sprz\u0119t dla poligrafii | Meble metalowe","description":"Pe\u0142na oferta polskiego producenta urz\u0105dze\u0144 dla poligrafii. Kabiny \u015bwietlne. Meble metalowe: biurowe, socjalne, magazynowe","potentialAction":[{"@type":"SearchAction","target":{"@type":"EntryPoint","urlTemplate":"https:\/\/lettero.com.pl\/?s={search_term_string}"},"query-input":{"@type":"PropertyValueSpecification","valueRequired":true,"valueName":"search_term_string"}}],"inLanguage":"en-US"}]}},"_links":{"self":[{"href":"https:\/\/lettero.com.pl\/en\/wp-json\/wp\/v2\/product\/4099","targetHints":{"allow":["GET"]}}],"collection":[{"href":"https:\/\/lettero.com.pl\/en\/wp-json\/wp\/v2\/product"}],"about":[{"href":"https:\/\/lettero.com.pl\/en\/wp-json\/wp\/v2\/types\/product"}],"wp:featuredmedia":[{"embeddable":true,"href":"https:\/\/lettero.com.pl\/en\/wp-json\/wp\/v2\/media\/2015"}],"wp:attachment":[{"href":"https:\/\/lettero.com.pl\/en\/wp-json\/wp\/v2\/media?parent=4099"}],"wp:term":[{"taxonomy":"product_brand","embeddable":true,"href":"https:\/\/lettero.com.pl\/en\/wp-json\/wp\/v2\/product_brand?post=4099"},{"taxonomy":"product_cat","embeddable":true,"href":"https:\/\/lettero.com.pl\/en\/wp-json\/wp\/v2\/product_cat?post=4099"},{"taxonomy":"product_tag","embeddable":true,"href":"https:\/\/lettero.com.pl\/en\/wp-json\/wp\/v2\/product_tag?post=4099"}],"curies":[{"name":"wp","href":"https:\/\/api.w.org\/{rel}","templated":true}]}}