{"id":4097,"date":"2018-04-20T10:41:09","date_gmt":"2018-04-20T08:41:09","guid":{"rendered":"http:\/\/lettero.opticomweb.tk\/sklep\/uncategorized\/shelving-for-screens-rds-9565-18-z\/"},"modified":"2018-09-19T20:13:35","modified_gmt":"2018-09-19T18:13:35","slug":"shelving-for-screens-rds-9565-18-z","status":"publish","type":"product","link":"https:\/\/lettero.com.pl\/en\/poligraphy-equipment\/screen-printing\/storage-and-transport-of-screen-frame-forms\/shelving-for-screens-rds-9565-18-z\/","title":{"rendered":"Shelving for screens RDS-9565\/18\/Z"},"content":{"rendered":"<div>\n<p><strong>Racks for storing screens are made as openwork, open designs or closed cabinets with sheet steel casing.<\/strong><\/p>\n<p>The racks allow for vertical storage of screen frames. In order to facilitate putting in and taking out and to protect the screens from damage the racks are equipped with vinidur double roller guides.<\/p>\n<p>&nbsp;<\/p>\n<ul>\n<li>Dimensions WxDxH:\u00a01200x980x740 mm<\/li>\n<li>Screen:\u00a0950&#215;650 mm<\/li>\n<li>Capacity:\u00a018<\/li>\n<\/ul>\n<p>&nbsp;<\/p>\n<p>Dimensions of the racks and their capacity are adapted to the individual requirements of the Customer.<\/p>\n<\/div>\n","protected":false},"excerpt":{"rendered":"<p>Racks for storing screens are made as openwork, open designs or closed cabinets with sheet steel casing. The racks allow for vertical storage of screen frames.<span class=\"excerpt-hellip\"> [\u2026]<\/span><\/p>\n","protected":false},"featured_media":1985,"template":"","meta":[],"product_brand":[],"product_cat":[233],"product_tag":[],"class_list":{"0":"post-4097","1":"product","2":"type-product","3":"status-publish","4":"has-post-thumbnail","6":"product_cat-storage-and-transport-of-screen-frame-forms","8":"first","9":"instock","10":"shipping-taxable","11":"product-type-simple"},"yoast_head":"<!-- This site is optimized with the Yoast SEO plugin v27.0 - https:\/\/yoast.com\/product\/yoast-seo-wordpress\/ -->\n<title>Shelving for screens RDS-9565\/18\/Z - Lettero - Sprz\u0119t dla poligrafii | Meble metalowe<\/title>\n<meta name=\"robots\" content=\"index, follow, max-snippet:-1, max-image-preview:large, max-video-preview:-1\" \/>\n<link rel=\"canonical\" href=\"https:\/\/lettero.com.pl\/lettero-poligrafia\/sitodruk\/przechowywanie-i-transport-ramowych-form-drukowych\/regal-na-sita-plaskie-rds-9565-18-z\/\" \/>\n<meta property=\"og:locale\" content=\"en_US\" \/>\n<meta property=\"og:type\" content=\"article\" \/>\n<meta property=\"og:title\" content=\"Shelving for screens RDS-9565\/18\/Z - Lettero - Sprz\u0119t dla poligrafii | Meble metalowe\" \/>\n<meta property=\"og:description\" content=\"Racks for storing screens are made as openwork, open designs or closed cabinets with sheet steel casing. The racks allow for vertical storage of screen frames. [\u2026]\" \/>\n<meta property=\"og:url\" content=\"https:\/\/lettero.com.pl\/lettero-poligrafia\/sitodruk\/przechowywanie-i-transport-ramowych-form-drukowych\/regal-na-sita-plaskie-rds-9565-18-z\/\" \/>\n<meta property=\"og:site_name\" content=\"Lettero - Sprz\u0119t dla poligrafii | Meble metalowe\" \/>\n<meta property=\"article:modified_time\" content=\"2018-09-19T18:13:35+00:00\" \/>\n<meta property=\"og:image\" content=\"https:\/\/lettero.com.pl\/wp-content\/uploads\/2018\/04\/rega\u0142-na-sita-p\u0142askie-rds-46.jpg\" \/>\n\t<meta property=\"og:image:width\" content=\"500\" \/>\n\t<meta property=\"og:image:height\" content=\"500\" \/>\n\t<meta property=\"og:image:type\" content=\"image\/jpeg\" \/>\n<meta name=\"twitter:card\" content=\"summary_large_image\" \/>\n<script type=\"application\/ld+json\" class=\"yoast-schema-graph\">{\"@context\":\"https:\/\/schema.org\",\"@graph\":[{\"@type\":\"WebPage\",\"@id\":\"https:\/\/lettero.com.pl\/lettero-poligrafia\/sitodruk\/przechowywanie-i-transport-ramowych-form-drukowych\/regal-na-sita-plaskie-rds-9565-18-z\/\",\"url\":\"https:\/\/lettero.com.pl\/lettero-poligrafia\/sitodruk\/przechowywanie-i-transport-ramowych-form-drukowych\/regal-na-sita-plaskie-rds-9565-18-z\/\",\"name\":\"Shelving for screens RDS-9565\/18\/Z - Lettero - Sprz\u0119t dla poligrafii | Meble metalowe\",\"isPartOf\":{\"@id\":\"https:\/\/lettero.com.pl\/#website\"},\"primaryImageOfPage\":{\"@id\":\"https:\/\/lettero.com.pl\/lettero-poligrafia\/sitodruk\/przechowywanie-i-transport-ramowych-form-drukowych\/regal-na-sita-plaskie-rds-9565-18-z\/#primaryimage\"},\"image\":{\"@id\":\"https:\/\/lettero.com.pl\/lettero-poligrafia\/sitodruk\/przechowywanie-i-transport-ramowych-form-drukowych\/regal-na-sita-plaskie-rds-9565-18-z\/#primaryimage\"},\"thumbnailUrl\":\"https:\/\/lettero.com.pl\/wp-content\/uploads\/2018\/04\/rega\u0142-na-sita-p\u0142askie-rds-46.jpg\",\"datePublished\":\"2018-04-20T08:41:09+00:00\",\"dateModified\":\"2018-09-19T18:13:35+00:00\",\"breadcrumb\":{\"@id\":\"https:\/\/lettero.com.pl\/lettero-poligrafia\/sitodruk\/przechowywanie-i-transport-ramowych-form-drukowych\/regal-na-sita-plaskie-rds-9565-18-z\/#breadcrumb\"},\"inLanguage\":\"en-US\",\"potentialAction\":[{\"@type\":\"ReadAction\",\"target\":[\"https:\/\/lettero.com.pl\/lettero-poligrafia\/sitodruk\/przechowywanie-i-transport-ramowych-form-drukowych\/regal-na-sita-plaskie-rds-9565-18-z\/\"]}]},{\"@type\":\"ImageObject\",\"inLanguage\":\"en-US\",\"@id\":\"https:\/\/lettero.com.pl\/lettero-poligrafia\/sitodruk\/przechowywanie-i-transport-ramowych-form-drukowych\/regal-na-sita-plaskie-rds-9565-18-z\/#primaryimage\",\"url\":\"https:\/\/lettero.com.pl\/wp-content\/uploads\/2018\/04\/rega\u0142-na-sita-p\u0142askie-rds-46.jpg\",\"contentUrl\":\"https:\/\/lettero.com.pl\/wp-content\/uploads\/2018\/04\/rega\u0142-na-sita-p\u0142askie-rds-46.jpg\",\"width\":500,\"height\":500,\"caption\":\"Shelving for screens RDS-9565\/18\/Z\"},{\"@type\":\"BreadcrumbList\",\"@id\":\"https:\/\/lettero.com.pl\/lettero-poligrafia\/sitodruk\/przechowywanie-i-transport-ramowych-form-drukowych\/regal-na-sita-plaskie-rds-9565-18-z\/#breadcrumb\",\"itemListElement\":[{\"@type\":\"ListItem\",\"position\":1,\"name\":\"Strona g\u0142\u00f3wna\",\"item\":\"https:\/\/lettero.com.pl\/en\/\"},{\"@type\":\"ListItem\",\"position\":2,\"name\":\"Oferta\",\"item\":\"https:\/\/lettero.com.pl\/oferta-3\/\"},{\"@type\":\"ListItem\",\"position\":3,\"name\":\"Shelving for screens RDS-9565\/18\/Z\"}]},{\"@type\":\"WebSite\",\"@id\":\"https:\/\/lettero.com.pl\/#website\",\"url\":\"https:\/\/lettero.com.pl\/\",\"name\":\"Lettero - Sprz\u0119t dla poligrafii | Meble metalowe\",\"description\":\"Pe\u0142na oferta polskiego producenta urz\u0105dze\u0144 dla poligrafii. Kabiny \u015bwietlne. Meble metalowe: biurowe, socjalne, magazynowe\",\"potentialAction\":[{\"@type\":\"SearchAction\",\"target\":{\"@type\":\"EntryPoint\",\"urlTemplate\":\"https:\/\/lettero.com.pl\/?s={search_term_string}\"},\"query-input\":{\"@type\":\"PropertyValueSpecification\",\"valueRequired\":true,\"valueName\":\"search_term_string\"}}],\"inLanguage\":\"en-US\"}]}<\/script>\n<!-- \/ Yoast SEO plugin. -->","yoast_head_json":{"title":"Shelving for screens RDS-9565\/18\/Z - Lettero - Sprz\u0119t dla poligrafii | Meble metalowe","robots":{"index":"index","follow":"follow","max-snippet":"max-snippet:-1","max-image-preview":"max-image-preview:large","max-video-preview":"max-video-preview:-1"},"canonical":"https:\/\/lettero.com.pl\/lettero-poligrafia\/sitodruk\/przechowywanie-i-transport-ramowych-form-drukowych\/regal-na-sita-plaskie-rds-9565-18-z\/","og_locale":"en_US","og_type":"article","og_title":"Shelving for screens RDS-9565\/18\/Z - Lettero - Sprz\u0119t dla poligrafii | Meble metalowe","og_description":"Racks for storing screens are made as openwork, open designs or closed cabinets with sheet steel casing. The racks allow for vertical storage of screen frames. [\u2026]","og_url":"https:\/\/lettero.com.pl\/lettero-poligrafia\/sitodruk\/przechowywanie-i-transport-ramowych-form-drukowych\/regal-na-sita-plaskie-rds-9565-18-z\/","og_site_name":"Lettero - Sprz\u0119t dla poligrafii | Meble metalowe","article_modified_time":"2018-09-19T18:13:35+00:00","og_image":[{"width":500,"height":500,"url":"https:\/\/lettero.com.pl\/wp-content\/uploads\/2018\/04\/rega\u0142-na-sita-p\u0142askie-rds-46.jpg","type":"image\/jpeg"}],"twitter_card":"summary_large_image","schema":{"@context":"https:\/\/schema.org","@graph":[{"@type":"WebPage","@id":"https:\/\/lettero.com.pl\/lettero-poligrafia\/sitodruk\/przechowywanie-i-transport-ramowych-form-drukowych\/regal-na-sita-plaskie-rds-9565-18-z\/","url":"https:\/\/lettero.com.pl\/lettero-poligrafia\/sitodruk\/przechowywanie-i-transport-ramowych-form-drukowych\/regal-na-sita-plaskie-rds-9565-18-z\/","name":"Shelving for screens RDS-9565\/18\/Z - Lettero - Sprz\u0119t dla poligrafii | Meble metalowe","isPartOf":{"@id":"https:\/\/lettero.com.pl\/#website"},"primaryImageOfPage":{"@id":"https:\/\/lettero.com.pl\/lettero-poligrafia\/sitodruk\/przechowywanie-i-transport-ramowych-form-drukowych\/regal-na-sita-plaskie-rds-9565-18-z\/#primaryimage"},"image":{"@id":"https:\/\/lettero.com.pl\/lettero-poligrafia\/sitodruk\/przechowywanie-i-transport-ramowych-form-drukowych\/regal-na-sita-plaskie-rds-9565-18-z\/#primaryimage"},"thumbnailUrl":"https:\/\/lettero.com.pl\/wp-content\/uploads\/2018\/04\/rega\u0142-na-sita-p\u0142askie-rds-46.jpg","datePublished":"2018-04-20T08:41:09+00:00","dateModified":"2018-09-19T18:13:35+00:00","breadcrumb":{"@id":"https:\/\/lettero.com.pl\/lettero-poligrafia\/sitodruk\/przechowywanie-i-transport-ramowych-form-drukowych\/regal-na-sita-plaskie-rds-9565-18-z\/#breadcrumb"},"inLanguage":"en-US","potentialAction":[{"@type":"ReadAction","target":["https:\/\/lettero.com.pl\/lettero-poligrafia\/sitodruk\/przechowywanie-i-transport-ramowych-form-drukowych\/regal-na-sita-plaskie-rds-9565-18-z\/"]}]},{"@type":"ImageObject","inLanguage":"en-US","@id":"https:\/\/lettero.com.pl\/lettero-poligrafia\/sitodruk\/przechowywanie-i-transport-ramowych-form-drukowych\/regal-na-sita-plaskie-rds-9565-18-z\/#primaryimage","url":"https:\/\/lettero.com.pl\/wp-content\/uploads\/2018\/04\/rega\u0142-na-sita-p\u0142askie-rds-46.jpg","contentUrl":"https:\/\/lettero.com.pl\/wp-content\/uploads\/2018\/04\/rega\u0142-na-sita-p\u0142askie-rds-46.jpg","width":500,"height":500,"caption":"Shelving for screens RDS-9565\/18\/Z"},{"@type":"BreadcrumbList","@id":"https:\/\/lettero.com.pl\/lettero-poligrafia\/sitodruk\/przechowywanie-i-transport-ramowych-form-drukowych\/regal-na-sita-plaskie-rds-9565-18-z\/#breadcrumb","itemListElement":[{"@type":"ListItem","position":1,"name":"Strona g\u0142\u00f3wna","item":"https:\/\/lettero.com.pl\/en\/"},{"@type":"ListItem","position":2,"name":"Oferta","item":"https:\/\/lettero.com.pl\/oferta-3\/"},{"@type":"ListItem","position":3,"name":"Shelving for screens RDS-9565\/18\/Z"}]},{"@type":"WebSite","@id":"https:\/\/lettero.com.pl\/#website","url":"https:\/\/lettero.com.pl\/","name":"Lettero - Sprz\u0119t dla poligrafii | Meble metalowe","description":"Pe\u0142na oferta polskiego producenta urz\u0105dze\u0144 dla poligrafii. Kabiny \u015bwietlne. Meble metalowe: biurowe, socjalne, magazynowe","potentialAction":[{"@type":"SearchAction","target":{"@type":"EntryPoint","urlTemplate":"https:\/\/lettero.com.pl\/?s={search_term_string}"},"query-input":{"@type":"PropertyValueSpecification","valueRequired":true,"valueName":"search_term_string"}}],"inLanguage":"en-US"}]}},"_links":{"self":[{"href":"https:\/\/lettero.com.pl\/en\/wp-json\/wp\/v2\/product\/4097","targetHints":{"allow":["GET"]}}],"collection":[{"href":"https:\/\/lettero.com.pl\/en\/wp-json\/wp\/v2\/product"}],"about":[{"href":"https:\/\/lettero.com.pl\/en\/wp-json\/wp\/v2\/types\/product"}],"wp:featuredmedia":[{"embeddable":true,"href":"https:\/\/lettero.com.pl\/en\/wp-json\/wp\/v2\/media\/1985"}],"wp:attachment":[{"href":"https:\/\/lettero.com.pl\/en\/wp-json\/wp\/v2\/media?parent=4097"}],"wp:term":[{"taxonomy":"product_brand","embeddable":true,"href":"https:\/\/lettero.com.pl\/en\/wp-json\/wp\/v2\/product_brand?post=4097"},{"taxonomy":"product_cat","embeddable":true,"href":"https:\/\/lettero.com.pl\/en\/wp-json\/wp\/v2\/product_cat?post=4097"},{"taxonomy":"product_tag","embeddable":true,"href":"https:\/\/lettero.com.pl\/en\/wp-json\/wp\/v2\/product_tag?post=4097"}],"curies":[{"name":"wp","href":"https:\/\/api.w.org\/{rel}","templated":true}]}}