{"id":4094,"date":"2018-04-20T10:14:14","date_gmt":"2018-04-20T08:14:14","guid":{"rendered":"http:\/\/lettero.opticomweb.tk\/sklep\/uncategorized\/electric-dryer-for-screens-sus-9565-6\/"},"modified":"2018-09-19T20:13:37","modified_gmt":"2018-09-19T18:13:37","slug":"electric-dryer-for-screens-sus-9565-6","status":"publish","type":"product","link":"https:\/\/lettero.com.pl\/en\/poligraphy-equipment\/screen-printing\/electric-dryer-for-screens\/electric-dryer-for-screens-sus-9565-6\/","title":{"rendered":"Electric dryer for screens SUS-9565\/6"},"content":{"rendered":"<div>\n<p><strong>Electric dryers for screens are manufactured as drawer cabinets. The frames are placed in separate drawers in a common induced air chamber. Drawer dimensions are adapted to the size of existing screens.<\/strong><\/p>\n<p>In the standard version the racks have 6 drawers.<\/p>\n<p>The product is made of steel sheets and profiles and covered with powder coating.<\/p>\n<p>Adjustable drying temperature 0 &#8211; 45 degrees centigrade.<\/p>\n<p>&nbsp;<\/p>\n<ul>\n<li>Drawers:\u00a05\/6<\/li>\n<li>Screen:\u00a0950&#215;650 mm<\/li>\n<li>Dimensions WxDxH:\u00a01100x800x850 mm<\/li>\n<\/ul>\n<p>&nbsp;<\/p>\n<\/div>\n","protected":false},"excerpt":{"rendered":"<p>Electric dryers for screens are manufactured as drawer cabinets. The frames are placed in separate drawers in a common induced air chamber. Drawer dimensions are adapted<span class=\"excerpt-hellip\"> [\u2026]<\/span><\/p>\n","protected":false},"featured_media":1965,"template":"","meta":[],"product_brand":[],"product_cat":[230],"product_tag":[],"class_list":{"0":"post-4094","1":"product","2":"type-product","3":"status-publish","4":"has-post-thumbnail","6":"product_cat-electric-dryer-for-screens","8":"first","9":"instock","10":"shipping-taxable","11":"product-type-simple"},"yoast_head":"<!-- This site is optimized with the Yoast SEO plugin v27.5 - https:\/\/yoast.com\/product\/yoast-seo-wordpress\/ -->\n<title>Electric dryer for screens SUS-9565\/6 - Lettero - Sprz\u0119t dla poligrafii | Meble metalowe<\/title>\n<meta name=\"robots\" content=\"index, follow, max-snippet:-1, max-image-preview:large, max-video-preview:-1\" \/>\n<link rel=\"canonical\" href=\"https:\/\/lettero.com.pl\/lettero-poligrafia\/sitodruk\/elektryczne-suszarki-do-sitowych-form-drukowych\/elektryczna-suszarka-do-sit-plaskich-sus-9565-6\/\" \/>\n<meta property=\"og:locale\" content=\"en_US\" \/>\n<meta property=\"og:type\" content=\"article\" \/>\n<meta property=\"og:title\" content=\"Electric dryer for screens SUS-9565\/6 - Lettero - Sprz\u0119t dla poligrafii | Meble metalowe\" \/>\n<meta property=\"og:description\" content=\"Electric dryers for screens are manufactured as drawer cabinets. The frames are placed in separate drawers in a common induced air chamber. Drawer dimensions are adapted [\u2026]\" \/>\n<meta property=\"og:url\" content=\"https:\/\/lettero.com.pl\/lettero-poligrafia\/sitodruk\/elektryczne-suszarki-do-sitowych-form-drukowych\/elektryczna-suszarka-do-sit-plaskich-sus-9565-6\/\" \/>\n<meta property=\"og:site_name\" content=\"Lettero - Sprz\u0119t dla poligrafii | Meble metalowe\" \/>\n<meta property=\"article:modified_time\" content=\"2018-09-19T18:13:37+00:00\" \/>\n<meta property=\"og:image\" content=\"https:\/\/lettero.com.pl\/wp-content\/uploads\/2018\/04\/suszarka-do-sit-sus-9565.jpg\" \/>\n\t<meta property=\"og:image:width\" content=\"601\" \/>\n\t<meta property=\"og:image:height\" content=\"601\" \/>\n\t<meta property=\"og:image:type\" content=\"image\/jpeg\" \/>\n<meta name=\"twitter:card\" content=\"summary_large_image\" \/>\n<script type=\"application\/ld+json\" class=\"yoast-schema-graph\">{\"@context\":\"https:\\\/\\\/schema.org\",\"@graph\":[{\"@type\":\"WebPage\",\"@id\":\"https:\\\/\\\/lettero.com.pl\\\/lettero-poligrafia\\\/sitodruk\\\/elektryczne-suszarki-do-sitowych-form-drukowych\\\/elektryczna-suszarka-do-sit-plaskich-sus-9565-6\\\/\",\"url\":\"https:\\\/\\\/lettero.com.pl\\\/lettero-poligrafia\\\/sitodruk\\\/elektryczne-suszarki-do-sitowych-form-drukowych\\\/elektryczna-suszarka-do-sit-plaskich-sus-9565-6\\\/\",\"name\":\"Electric dryer for screens SUS-9565\\\/6 - Lettero - Sprz\u0119t dla poligrafii | Meble metalowe\",\"isPartOf\":{\"@id\":\"https:\\\/\\\/lettero.com.pl\\\/#website\"},\"primaryImageOfPage\":{\"@id\":\"https:\\\/\\\/lettero.com.pl\\\/lettero-poligrafia\\\/sitodruk\\\/elektryczne-suszarki-do-sitowych-form-drukowych\\\/elektryczna-suszarka-do-sit-plaskich-sus-9565-6\\\/#primaryimage\"},\"image\":{\"@id\":\"https:\\\/\\\/lettero.com.pl\\\/lettero-poligrafia\\\/sitodruk\\\/elektryczne-suszarki-do-sitowych-form-drukowych\\\/elektryczna-suszarka-do-sit-plaskich-sus-9565-6\\\/#primaryimage\"},\"thumbnailUrl\":\"https:\\\/\\\/lettero.com.pl\\\/wp-content\\\/uploads\\\/2018\\\/04\\\/suszarka-do-sit-sus-9565.jpg\",\"datePublished\":\"2018-04-20T08:14:14+00:00\",\"dateModified\":\"2018-09-19T18:13:37+00:00\",\"breadcrumb\":{\"@id\":\"https:\\\/\\\/lettero.com.pl\\\/lettero-poligrafia\\\/sitodruk\\\/elektryczne-suszarki-do-sitowych-form-drukowych\\\/elektryczna-suszarka-do-sit-plaskich-sus-9565-6\\\/#breadcrumb\"},\"inLanguage\":\"en-US\",\"potentialAction\":[{\"@type\":\"ReadAction\",\"target\":[\"https:\\\/\\\/lettero.com.pl\\\/lettero-poligrafia\\\/sitodruk\\\/elektryczne-suszarki-do-sitowych-form-drukowych\\\/elektryczna-suszarka-do-sit-plaskich-sus-9565-6\\\/\"]}]},{\"@type\":\"ImageObject\",\"inLanguage\":\"en-US\",\"@id\":\"https:\\\/\\\/lettero.com.pl\\\/lettero-poligrafia\\\/sitodruk\\\/elektryczne-suszarki-do-sitowych-form-drukowych\\\/elektryczna-suszarka-do-sit-plaskich-sus-9565-6\\\/#primaryimage\",\"url\":\"https:\\\/\\\/lettero.com.pl\\\/wp-content\\\/uploads\\\/2018\\\/04\\\/suszarka-do-sit-sus-9565.jpg\",\"contentUrl\":\"https:\\\/\\\/lettero.com.pl\\\/wp-content\\\/uploads\\\/2018\\\/04\\\/suszarka-do-sit-sus-9565.jpg\",\"width\":601,\"height\":601,\"caption\":\"Electric dryer for screens SUS-9565\\\/6\"},{\"@type\":\"BreadcrumbList\",\"@id\":\"https:\\\/\\\/lettero.com.pl\\\/lettero-poligrafia\\\/sitodruk\\\/elektryczne-suszarki-do-sitowych-form-drukowych\\\/elektryczna-suszarka-do-sit-plaskich-sus-9565-6\\\/#breadcrumb\",\"itemListElement\":[{\"@type\":\"ListItem\",\"position\":1,\"name\":\"Strona g\u0142\u00f3wna\",\"item\":\"https:\\\/\\\/lettero.com.pl\\\/en\\\/\"},{\"@type\":\"ListItem\",\"position\":2,\"name\":\"Oferta\",\"item\":\"https:\\\/\\\/lettero.com.pl\\\/oferta-3\\\/\"},{\"@type\":\"ListItem\",\"position\":3,\"name\":\"Electric dryer for screens SUS-9565\\\/6\"}]},{\"@type\":\"WebSite\",\"@id\":\"https:\\\/\\\/lettero.com.pl\\\/#website\",\"url\":\"https:\\\/\\\/lettero.com.pl\\\/\",\"name\":\"Lettero - Sprz\u0119t dla poligrafii | Meble metalowe\",\"description\":\"Pe\u0142na oferta polskiego producenta urz\u0105dze\u0144 dla poligrafii. Kabiny \u015bwietlne. Meble metalowe: biurowe, socjalne, magazynowe\",\"potentialAction\":[{\"@type\":\"SearchAction\",\"target\":{\"@type\":\"EntryPoint\",\"urlTemplate\":\"https:\\\/\\\/lettero.com.pl\\\/?s={search_term_string}\"},\"query-input\":{\"@type\":\"PropertyValueSpecification\",\"valueRequired\":true,\"valueName\":\"search_term_string\"}}],\"inLanguage\":\"en-US\"}]}<\/script>\n<!-- \/ Yoast SEO plugin. -->","yoast_head_json":{"title":"Electric dryer for screens SUS-9565\/6 - Lettero - Sprz\u0119t dla poligrafii | Meble metalowe","robots":{"index":"index","follow":"follow","max-snippet":"max-snippet:-1","max-image-preview":"max-image-preview:large","max-video-preview":"max-video-preview:-1"},"canonical":"https:\/\/lettero.com.pl\/lettero-poligrafia\/sitodruk\/elektryczne-suszarki-do-sitowych-form-drukowych\/elektryczna-suszarka-do-sit-plaskich-sus-9565-6\/","og_locale":"en_US","og_type":"article","og_title":"Electric dryer for screens SUS-9565\/6 - Lettero - Sprz\u0119t dla poligrafii | Meble metalowe","og_description":"Electric dryers for screens are manufactured as drawer cabinets. The frames are placed in separate drawers in a common induced air chamber. Drawer dimensions are adapted [\u2026]","og_url":"https:\/\/lettero.com.pl\/lettero-poligrafia\/sitodruk\/elektryczne-suszarki-do-sitowych-form-drukowych\/elektryczna-suszarka-do-sit-plaskich-sus-9565-6\/","og_site_name":"Lettero - Sprz\u0119t dla poligrafii | Meble metalowe","article_modified_time":"2018-09-19T18:13:37+00:00","og_image":[{"width":601,"height":601,"url":"https:\/\/lettero.com.pl\/wp-content\/uploads\/2018\/04\/suszarka-do-sit-sus-9565.jpg","type":"image\/jpeg"}],"twitter_card":"summary_large_image","schema":{"@context":"https:\/\/schema.org","@graph":[{"@type":"WebPage","@id":"https:\/\/lettero.com.pl\/lettero-poligrafia\/sitodruk\/elektryczne-suszarki-do-sitowych-form-drukowych\/elektryczna-suszarka-do-sit-plaskich-sus-9565-6\/","url":"https:\/\/lettero.com.pl\/lettero-poligrafia\/sitodruk\/elektryczne-suszarki-do-sitowych-form-drukowych\/elektryczna-suszarka-do-sit-plaskich-sus-9565-6\/","name":"Electric dryer for screens SUS-9565\/6 - Lettero - Sprz\u0119t dla poligrafii | Meble metalowe","isPartOf":{"@id":"https:\/\/lettero.com.pl\/#website"},"primaryImageOfPage":{"@id":"https:\/\/lettero.com.pl\/lettero-poligrafia\/sitodruk\/elektryczne-suszarki-do-sitowych-form-drukowych\/elektryczna-suszarka-do-sit-plaskich-sus-9565-6\/#primaryimage"},"image":{"@id":"https:\/\/lettero.com.pl\/lettero-poligrafia\/sitodruk\/elektryczne-suszarki-do-sitowych-form-drukowych\/elektryczna-suszarka-do-sit-plaskich-sus-9565-6\/#primaryimage"},"thumbnailUrl":"https:\/\/lettero.com.pl\/wp-content\/uploads\/2018\/04\/suszarka-do-sit-sus-9565.jpg","datePublished":"2018-04-20T08:14:14+00:00","dateModified":"2018-09-19T18:13:37+00:00","breadcrumb":{"@id":"https:\/\/lettero.com.pl\/lettero-poligrafia\/sitodruk\/elektryczne-suszarki-do-sitowych-form-drukowych\/elektryczna-suszarka-do-sit-plaskich-sus-9565-6\/#breadcrumb"},"inLanguage":"en-US","potentialAction":[{"@type":"ReadAction","target":["https:\/\/lettero.com.pl\/lettero-poligrafia\/sitodruk\/elektryczne-suszarki-do-sitowych-form-drukowych\/elektryczna-suszarka-do-sit-plaskich-sus-9565-6\/"]}]},{"@type":"ImageObject","inLanguage":"en-US","@id":"https:\/\/lettero.com.pl\/lettero-poligrafia\/sitodruk\/elektryczne-suszarki-do-sitowych-form-drukowych\/elektryczna-suszarka-do-sit-plaskich-sus-9565-6\/#primaryimage","url":"https:\/\/lettero.com.pl\/wp-content\/uploads\/2018\/04\/suszarka-do-sit-sus-9565.jpg","contentUrl":"https:\/\/lettero.com.pl\/wp-content\/uploads\/2018\/04\/suszarka-do-sit-sus-9565.jpg","width":601,"height":601,"caption":"Electric dryer for screens SUS-9565\/6"},{"@type":"BreadcrumbList","@id":"https:\/\/lettero.com.pl\/lettero-poligrafia\/sitodruk\/elektryczne-suszarki-do-sitowych-form-drukowych\/elektryczna-suszarka-do-sit-plaskich-sus-9565-6\/#breadcrumb","itemListElement":[{"@type":"ListItem","position":1,"name":"Strona g\u0142\u00f3wna","item":"https:\/\/lettero.com.pl\/en\/"},{"@type":"ListItem","position":2,"name":"Oferta","item":"https:\/\/lettero.com.pl\/oferta-3\/"},{"@type":"ListItem","position":3,"name":"Electric dryer for screens SUS-9565\/6"}]},{"@type":"WebSite","@id":"https:\/\/lettero.com.pl\/#website","url":"https:\/\/lettero.com.pl\/","name":"Lettero - Sprz\u0119t dla poligrafii | Meble metalowe","description":"Pe\u0142na oferta polskiego producenta urz\u0105dze\u0144 dla poligrafii. Kabiny \u015bwietlne. Meble metalowe: biurowe, socjalne, magazynowe","potentialAction":[{"@type":"SearchAction","target":{"@type":"EntryPoint","urlTemplate":"https:\/\/lettero.com.pl\/?s={search_term_string}"},"query-input":{"@type":"PropertyValueSpecification","valueRequired":true,"valueName":"search_term_string"}}],"inLanguage":"en-US"}]}},"_links":{"self":[{"href":"https:\/\/lettero.com.pl\/en\/wp-json\/wp\/v2\/product\/4094","targetHints":{"allow":["GET"]}}],"collection":[{"href":"https:\/\/lettero.com.pl\/en\/wp-json\/wp\/v2\/product"}],"about":[{"href":"https:\/\/lettero.com.pl\/en\/wp-json\/wp\/v2\/types\/product"}],"wp:featuredmedia":[{"embeddable":true,"href":"https:\/\/lettero.com.pl\/en\/wp-json\/wp\/v2\/media\/1965"}],"wp:attachment":[{"href":"https:\/\/lettero.com.pl\/en\/wp-json\/wp\/v2\/media?parent=4094"}],"wp:term":[{"taxonomy":"product_brand","embeddable":true,"href":"https:\/\/lettero.com.pl\/en\/wp-json\/wp\/v2\/product_brand?post=4094"},{"taxonomy":"product_cat","embeddable":true,"href":"https:\/\/lettero.com.pl\/en\/wp-json\/wp\/v2\/product_cat?post=4094"},{"taxonomy":"product_tag","embeddable":true,"href":"https:\/\/lettero.com.pl\/en\/wp-json\/wp\/v2\/product_tag?post=4094"}],"curies":[{"name":"wp","href":"https:\/\/api.w.org\/{rel}","templated":true}]}}