{"id":4090,"date":"2018-04-20T09:52:58","date_gmt":"2018-04-20T07:52:58","guid":{"rendered":"http:\/\/lettero.opticomweb.tk\/sklep\/uncategorized\/backlight-screen-washer-pps-1\/"},"modified":"2018-09-19T20:13:40","modified_gmt":"2018-09-19T18:13:40","slug":"backlight-screen-washer-pps-1","status":"publish","type":"product","link":"https:\/\/lettero.com.pl\/en\/poligraphy-equipment\/screen-printing\/backlight-screen-washer\/backlight-screen-washer-pps-1\/","title":{"rendered":"Backlight screen washer PPS-1"},"content":{"rendered":"<div>\n<p><strong>Lettero washers are made as the welded vinidur cuvettes on the frame of powder-coated steel.<\/strong><\/p>\n<p>PPS washer is characterized by a flat or cylindrical backlight mounted on the rear wall.<\/p>\n<p>In a standard version the washer is supplied with a typical spray faucet set on the right side and a drainage set on the left side.<\/p>\n<p>A different layout and type of components of equipment can be custom-made upon request.<\/p>\n<p>&nbsp;<\/p>\n<p>Screen washers:<\/p>\n<ul>\n<li>for cleaning cylindrical screens (light source &#8211; fluorescent in plastic sleeve),<\/li>\n<li>for cleaning screen printing mesh (typical),<\/li>\n<li>for cleaning small-format screens.<\/li>\n<\/ul>\n<p>&nbsp;<\/p>\n<\/div>\n<p>PPS-1:<\/p>\n<ul>\n<li>Total dimensions WxDxH:1480x810x1980 mm<\/li>\n<li>Washer dimensions:\u00a01400x650x1400 mm<\/li>\n<li>Backlight:880&#215;780 mm<\/li>\n<\/ul>\n<p>&nbsp;<\/p>\n","protected":false},"excerpt":{"rendered":"<p>Lettero washers are made as the welded vinidur cuvettes on the frame of powder-coated steel. PPS washer is characterized by a flat or cylindrical backlight mounted<span class=\"excerpt-hellip\"> [\u2026]<\/span><\/p>\n","protected":false},"featured_media":1953,"template":"","meta":[],"product_brand":[],"product_cat":[231],"product_tag":[],"class_list":{"0":"post-4090","1":"product","2":"type-product","3":"status-publish","4":"has-post-thumbnail","6":"product_cat-backlight-screen-washer","8":"first","9":"instock","10":"shipping-taxable","11":"product-type-simple"},"yoast_head":"<!-- This site is optimized with the Yoast SEO plugin v27.0 - https:\/\/yoast.com\/product\/yoast-seo-wordpress\/ -->\n<title>Backlight screen washer PPS-1 - Lettero - Sprz\u0119t dla poligrafii | Meble metalowe<\/title>\n<meta name=\"robots\" content=\"index, follow, max-snippet:-1, max-image-preview:large, max-video-preview:-1\" \/>\n<link rel=\"canonical\" href=\"https:\/\/lettero.com.pl\/lettero-poligrafia\/sitodruk\/podswietlane-pluczki-do-sitowych-form-drukowych\/podswietlana-pluczka-sitodrukowa-pps-1\/\" \/>\n<meta property=\"og:locale\" content=\"en_US\" \/>\n<meta property=\"og:type\" content=\"article\" \/>\n<meta property=\"og:title\" content=\"Backlight screen washer PPS-1 - Lettero - Sprz\u0119t dla poligrafii | Meble metalowe\" \/>\n<meta property=\"og:description\" content=\"Lettero washers are made as the welded vinidur cuvettes on the frame of powder-coated steel. PPS washer is characterized by a flat or cylindrical backlight mounted [\u2026]\" \/>\n<meta property=\"og:url\" content=\"https:\/\/lettero.com.pl\/lettero-poligrafia\/sitodruk\/podswietlane-pluczki-do-sitowych-form-drukowych\/podswietlana-pluczka-sitodrukowa-pps-1\/\" \/>\n<meta property=\"og:site_name\" content=\"Lettero - Sprz\u0119t dla poligrafii | Meble metalowe\" \/>\n<meta property=\"article:modified_time\" content=\"2018-09-19T18:13:40+00:00\" \/>\n<meta property=\"og:image\" content=\"https:\/\/lettero.com.pl\/wp-content\/uploads\/2018\/04\/p\u0142uczka-sitodrukowa-pps-1.jpg\" \/>\n\t<meta property=\"og:image:width\" content=\"601\" \/>\n\t<meta property=\"og:image:height\" content=\"601\" \/>\n\t<meta property=\"og:image:type\" content=\"image\/jpeg\" \/>\n<meta name=\"twitter:card\" content=\"summary_large_image\" \/>\n<meta name=\"twitter:label1\" content=\"Est. reading time\" \/>\n\t<meta name=\"twitter:data1\" content=\"1 minute\" \/>\n<script type=\"application\/ld+json\" class=\"yoast-schema-graph\">{\"@context\":\"https:\/\/schema.org\",\"@graph\":[{\"@type\":\"WebPage\",\"@id\":\"https:\/\/lettero.com.pl\/lettero-poligrafia\/sitodruk\/podswietlane-pluczki-do-sitowych-form-drukowych\/podswietlana-pluczka-sitodrukowa-pps-1\/\",\"url\":\"https:\/\/lettero.com.pl\/lettero-poligrafia\/sitodruk\/podswietlane-pluczki-do-sitowych-form-drukowych\/podswietlana-pluczka-sitodrukowa-pps-1\/\",\"name\":\"Backlight screen washer PPS-1 - Lettero - Sprz\u0119t dla poligrafii | Meble metalowe\",\"isPartOf\":{\"@id\":\"https:\/\/lettero.com.pl\/#website\"},\"primaryImageOfPage\":{\"@id\":\"https:\/\/lettero.com.pl\/lettero-poligrafia\/sitodruk\/podswietlane-pluczki-do-sitowych-form-drukowych\/podswietlana-pluczka-sitodrukowa-pps-1\/#primaryimage\"},\"image\":{\"@id\":\"https:\/\/lettero.com.pl\/lettero-poligrafia\/sitodruk\/podswietlane-pluczki-do-sitowych-form-drukowych\/podswietlana-pluczka-sitodrukowa-pps-1\/#primaryimage\"},\"thumbnailUrl\":\"https:\/\/lettero.com.pl\/wp-content\/uploads\/2018\/04\/p\u0142uczka-sitodrukowa-pps-1.jpg\",\"datePublished\":\"2018-04-20T07:52:58+00:00\",\"dateModified\":\"2018-09-19T18:13:40+00:00\",\"breadcrumb\":{\"@id\":\"https:\/\/lettero.com.pl\/lettero-poligrafia\/sitodruk\/podswietlane-pluczki-do-sitowych-form-drukowych\/podswietlana-pluczka-sitodrukowa-pps-1\/#breadcrumb\"},\"inLanguage\":\"en-US\",\"potentialAction\":[{\"@type\":\"ReadAction\",\"target\":[\"https:\/\/lettero.com.pl\/lettero-poligrafia\/sitodruk\/podswietlane-pluczki-do-sitowych-form-drukowych\/podswietlana-pluczka-sitodrukowa-pps-1\/\"]}]},{\"@type\":\"ImageObject\",\"inLanguage\":\"en-US\",\"@id\":\"https:\/\/lettero.com.pl\/lettero-poligrafia\/sitodruk\/podswietlane-pluczki-do-sitowych-form-drukowych\/podswietlana-pluczka-sitodrukowa-pps-1\/#primaryimage\",\"url\":\"https:\/\/lettero.com.pl\/wp-content\/uploads\/2018\/04\/p\u0142uczka-sitodrukowa-pps-1.jpg\",\"contentUrl\":\"https:\/\/lettero.com.pl\/wp-content\/uploads\/2018\/04\/p\u0142uczka-sitodrukowa-pps-1.jpg\",\"width\":601,\"height\":601,\"caption\":\"Backlight screen washer PPS-1\"},{\"@type\":\"BreadcrumbList\",\"@id\":\"https:\/\/lettero.com.pl\/lettero-poligrafia\/sitodruk\/podswietlane-pluczki-do-sitowych-form-drukowych\/podswietlana-pluczka-sitodrukowa-pps-1\/#breadcrumb\",\"itemListElement\":[{\"@type\":\"ListItem\",\"position\":1,\"name\":\"Strona g\u0142\u00f3wna\",\"item\":\"https:\/\/lettero.com.pl\/en\/\"},{\"@type\":\"ListItem\",\"position\":2,\"name\":\"Oferta\",\"item\":\"https:\/\/lettero.com.pl\/oferta-3\/\"},{\"@type\":\"ListItem\",\"position\":3,\"name\":\"Backlight screen washer PPS-1\"}]},{\"@type\":\"WebSite\",\"@id\":\"https:\/\/lettero.com.pl\/#website\",\"url\":\"https:\/\/lettero.com.pl\/\",\"name\":\"Lettero - Sprz\u0119t dla poligrafii | Meble metalowe\",\"description\":\"Pe\u0142na oferta polskiego producenta urz\u0105dze\u0144 dla poligrafii. Kabiny \u015bwietlne. Meble metalowe: biurowe, socjalne, magazynowe\",\"potentialAction\":[{\"@type\":\"SearchAction\",\"target\":{\"@type\":\"EntryPoint\",\"urlTemplate\":\"https:\/\/lettero.com.pl\/?s={search_term_string}\"},\"query-input\":{\"@type\":\"PropertyValueSpecification\",\"valueRequired\":true,\"valueName\":\"search_term_string\"}}],\"inLanguage\":\"en-US\"}]}<\/script>\n<!-- \/ Yoast SEO plugin. -->","yoast_head_json":{"title":"Backlight screen washer PPS-1 - Lettero - Sprz\u0119t dla poligrafii | Meble metalowe","robots":{"index":"index","follow":"follow","max-snippet":"max-snippet:-1","max-image-preview":"max-image-preview:large","max-video-preview":"max-video-preview:-1"},"canonical":"https:\/\/lettero.com.pl\/lettero-poligrafia\/sitodruk\/podswietlane-pluczki-do-sitowych-form-drukowych\/podswietlana-pluczka-sitodrukowa-pps-1\/","og_locale":"en_US","og_type":"article","og_title":"Backlight screen washer PPS-1 - Lettero - Sprz\u0119t dla poligrafii | Meble metalowe","og_description":"Lettero washers are made as the welded vinidur cuvettes on the frame of powder-coated steel. PPS washer is characterized by a flat or cylindrical backlight mounted [\u2026]","og_url":"https:\/\/lettero.com.pl\/lettero-poligrafia\/sitodruk\/podswietlane-pluczki-do-sitowych-form-drukowych\/podswietlana-pluczka-sitodrukowa-pps-1\/","og_site_name":"Lettero - Sprz\u0119t dla poligrafii | Meble metalowe","article_modified_time":"2018-09-19T18:13:40+00:00","og_image":[{"width":601,"height":601,"url":"https:\/\/lettero.com.pl\/wp-content\/uploads\/2018\/04\/p\u0142uczka-sitodrukowa-pps-1.jpg","type":"image\/jpeg"}],"twitter_card":"summary_large_image","twitter_misc":{"Est. reading time":"1 minute"},"schema":{"@context":"https:\/\/schema.org","@graph":[{"@type":"WebPage","@id":"https:\/\/lettero.com.pl\/lettero-poligrafia\/sitodruk\/podswietlane-pluczki-do-sitowych-form-drukowych\/podswietlana-pluczka-sitodrukowa-pps-1\/","url":"https:\/\/lettero.com.pl\/lettero-poligrafia\/sitodruk\/podswietlane-pluczki-do-sitowych-form-drukowych\/podswietlana-pluczka-sitodrukowa-pps-1\/","name":"Backlight screen washer PPS-1 - Lettero - Sprz\u0119t dla poligrafii | Meble metalowe","isPartOf":{"@id":"https:\/\/lettero.com.pl\/#website"},"primaryImageOfPage":{"@id":"https:\/\/lettero.com.pl\/lettero-poligrafia\/sitodruk\/podswietlane-pluczki-do-sitowych-form-drukowych\/podswietlana-pluczka-sitodrukowa-pps-1\/#primaryimage"},"image":{"@id":"https:\/\/lettero.com.pl\/lettero-poligrafia\/sitodruk\/podswietlane-pluczki-do-sitowych-form-drukowych\/podswietlana-pluczka-sitodrukowa-pps-1\/#primaryimage"},"thumbnailUrl":"https:\/\/lettero.com.pl\/wp-content\/uploads\/2018\/04\/p\u0142uczka-sitodrukowa-pps-1.jpg","datePublished":"2018-04-20T07:52:58+00:00","dateModified":"2018-09-19T18:13:40+00:00","breadcrumb":{"@id":"https:\/\/lettero.com.pl\/lettero-poligrafia\/sitodruk\/podswietlane-pluczki-do-sitowych-form-drukowych\/podswietlana-pluczka-sitodrukowa-pps-1\/#breadcrumb"},"inLanguage":"en-US","potentialAction":[{"@type":"ReadAction","target":["https:\/\/lettero.com.pl\/lettero-poligrafia\/sitodruk\/podswietlane-pluczki-do-sitowych-form-drukowych\/podswietlana-pluczka-sitodrukowa-pps-1\/"]}]},{"@type":"ImageObject","inLanguage":"en-US","@id":"https:\/\/lettero.com.pl\/lettero-poligrafia\/sitodruk\/podswietlane-pluczki-do-sitowych-form-drukowych\/podswietlana-pluczka-sitodrukowa-pps-1\/#primaryimage","url":"https:\/\/lettero.com.pl\/wp-content\/uploads\/2018\/04\/p\u0142uczka-sitodrukowa-pps-1.jpg","contentUrl":"https:\/\/lettero.com.pl\/wp-content\/uploads\/2018\/04\/p\u0142uczka-sitodrukowa-pps-1.jpg","width":601,"height":601,"caption":"Backlight screen washer PPS-1"},{"@type":"BreadcrumbList","@id":"https:\/\/lettero.com.pl\/lettero-poligrafia\/sitodruk\/podswietlane-pluczki-do-sitowych-form-drukowych\/podswietlana-pluczka-sitodrukowa-pps-1\/#breadcrumb","itemListElement":[{"@type":"ListItem","position":1,"name":"Strona g\u0142\u00f3wna","item":"https:\/\/lettero.com.pl\/en\/"},{"@type":"ListItem","position":2,"name":"Oferta","item":"https:\/\/lettero.com.pl\/oferta-3\/"},{"@type":"ListItem","position":3,"name":"Backlight screen washer PPS-1"}]},{"@type":"WebSite","@id":"https:\/\/lettero.com.pl\/#website","url":"https:\/\/lettero.com.pl\/","name":"Lettero - Sprz\u0119t dla poligrafii | Meble metalowe","description":"Pe\u0142na oferta polskiego producenta urz\u0105dze\u0144 dla poligrafii. Kabiny \u015bwietlne. Meble metalowe: biurowe, socjalne, magazynowe","potentialAction":[{"@type":"SearchAction","target":{"@type":"EntryPoint","urlTemplate":"https:\/\/lettero.com.pl\/?s={search_term_string}"},"query-input":{"@type":"PropertyValueSpecification","valueRequired":true,"valueName":"search_term_string"}}],"inLanguage":"en-US"}]}},"_links":{"self":[{"href":"https:\/\/lettero.com.pl\/en\/wp-json\/wp\/v2\/product\/4090","targetHints":{"allow":["GET"]}}],"collection":[{"href":"https:\/\/lettero.com.pl\/en\/wp-json\/wp\/v2\/product"}],"about":[{"href":"https:\/\/lettero.com.pl\/en\/wp-json\/wp\/v2\/types\/product"}],"wp:featuredmedia":[{"embeddable":true,"href":"https:\/\/lettero.com.pl\/en\/wp-json\/wp\/v2\/media\/1953"}],"wp:attachment":[{"href":"https:\/\/lettero.com.pl\/en\/wp-json\/wp\/v2\/media?parent=4090"}],"wp:term":[{"taxonomy":"product_brand","embeddable":true,"href":"https:\/\/lettero.com.pl\/en\/wp-json\/wp\/v2\/product_brand?post=4090"},{"taxonomy":"product_cat","embeddable":true,"href":"https:\/\/lettero.com.pl\/en\/wp-json\/wp\/v2\/product_cat?post=4090"},{"taxonomy":"product_tag","embeddable":true,"href":"https:\/\/lettero.com.pl\/en\/wp-json\/wp\/v2\/product_tag?post=4090"}],"curies":[{"name":"wp","href":"https:\/\/api.w.org\/{rel}","templated":true}]}}