{"id":4088,"date":"2018-04-19T11:36:50","date_gmt":"2018-04-19T09:36:50","guid":{"rendered":"http:\/\/lettero.opticomweb.tk\/sklep\/uncategorized\/vinidur-rinser-pw-b2\/"},"modified":"2018-09-19T20:13:41","modified_gmt":"2018-09-19T18:13:41","slug":"vinidur-rinser-pw-b2","status":"publish","type":"product","link":"https:\/\/lettero.com.pl\/en\/poligraphy-equipment\/offset-en\/vinidur-rinsers\/vinidur-rinser-pw-b2\/","title":{"rendered":"Vinidur rinser PW-B2"},"content":{"rendered":"<div>\n<p><strong>PW vinidur rinsers produced by our company are applied primarily for manual development of offset printing sheets. Therefore, as the standard they are equipped with an additional inclined top intended for direct processing of the sheet.<\/strong><\/p>\n<p>All our rinsers are made of welded vinidur, as the bath of equal walls height.<br \/>\nRinsers are supplied with a steel frame, powder coated (included in the price).<\/p>\n<p>&nbsp;<\/p>\n<p><strong>PW-B2:<\/strong><\/p>\n<ul>\n<li>Total dimensions WxDxH:\u00a0900x760x850 mm<\/li>\n<li>Inner dimensions:\u00a0820x680x145 mm<\/li>\n<li>Worktop:\u00a0700&#215;550 mm<\/li>\n<\/ul>\n<p>&nbsp;<\/p>\n<\/div>\n","protected":false},"excerpt":{"rendered":"<p>PW vinidur rinsers produced by our company are applied primarily for manual development of offset printing sheets. Therefore, as the standard they are equipped with an<span class=\"excerpt-hellip\"> [\u2026]<\/span><\/p>\n","protected":false},"featured_media":1926,"template":"","meta":[],"product_brand":[],"product_cat":[223],"product_tag":[],"class_list":{"0":"post-4088","1":"product","2":"type-product","3":"status-publish","4":"has-post-thumbnail","6":"product_cat-vinidur-rinsers","8":"first","9":"instock","10":"shipping-taxable","11":"product-type-simple"},"yoast_head":"<!-- This site is optimized with the Yoast SEO plugin v27.0 - https:\/\/yoast.com\/product\/yoast-seo-wordpress\/ -->\n<title>Vinidur rinser PW-B2 - Lettero - Sprz\u0119t dla poligrafii | Meble metalowe<\/title>\n<meta name=\"robots\" content=\"index, follow, max-snippet:-1, max-image-preview:large, max-video-preview:-1\" \/>\n<link rel=\"canonical\" href=\"https:\/\/lettero.com.pl\/lettero-poligrafia\/offset\/pluczki-winidurowe\/pluczka-winidurowa-pw-b2\/\" \/>\n<meta property=\"og:locale\" content=\"en_US\" \/>\n<meta property=\"og:type\" content=\"article\" \/>\n<meta property=\"og:title\" content=\"Vinidur rinser PW-B2 - Lettero - Sprz\u0119t dla poligrafii | Meble metalowe\" \/>\n<meta property=\"og:description\" content=\"PW vinidur rinsers produced by our company are applied primarily for manual development of offset printing sheets. Therefore, as the standard they are equipped with an [\u2026]\" \/>\n<meta property=\"og:url\" content=\"https:\/\/lettero.com.pl\/lettero-poligrafia\/offset\/pluczki-winidurowe\/pluczka-winidurowa-pw-b2\/\" \/>\n<meta property=\"og:site_name\" content=\"Lettero - Sprz\u0119t dla poligrafii | Meble metalowe\" \/>\n<meta property=\"article:modified_time\" content=\"2018-09-19T18:13:41+00:00\" \/>\n<meta property=\"og:image\" content=\"https:\/\/lettero.com.pl\/wp-content\/uploads\/2018\/04\/p\u0142uczka-winidurowa-pw-b2_1.jpg\" \/>\n\t<meta property=\"og:image:width\" content=\"601\" \/>\n\t<meta property=\"og:image:height\" content=\"601\" \/>\n\t<meta property=\"og:image:type\" content=\"image\/jpeg\" \/>\n<meta name=\"twitter:card\" content=\"summary_large_image\" \/>\n<script type=\"application\/ld+json\" class=\"yoast-schema-graph\">{\"@context\":\"https:\/\/schema.org\",\"@graph\":[{\"@type\":\"WebPage\",\"@id\":\"https:\/\/lettero.com.pl\/lettero-poligrafia\/offset\/pluczki-winidurowe\/pluczka-winidurowa-pw-b2\/\",\"url\":\"https:\/\/lettero.com.pl\/lettero-poligrafia\/offset\/pluczki-winidurowe\/pluczka-winidurowa-pw-b2\/\",\"name\":\"Vinidur rinser PW-B2 - Lettero - Sprz\u0119t dla poligrafii | Meble metalowe\",\"isPartOf\":{\"@id\":\"https:\/\/lettero.com.pl\/#website\"},\"primaryImageOfPage\":{\"@id\":\"https:\/\/lettero.com.pl\/lettero-poligrafia\/offset\/pluczki-winidurowe\/pluczka-winidurowa-pw-b2\/#primaryimage\"},\"image\":{\"@id\":\"https:\/\/lettero.com.pl\/lettero-poligrafia\/offset\/pluczki-winidurowe\/pluczka-winidurowa-pw-b2\/#primaryimage\"},\"thumbnailUrl\":\"https:\/\/lettero.com.pl\/wp-content\/uploads\/2018\/04\/p\u0142uczka-winidurowa-pw-b2_1.jpg\",\"datePublished\":\"2018-04-19T09:36:50+00:00\",\"dateModified\":\"2018-09-19T18:13:41+00:00\",\"breadcrumb\":{\"@id\":\"https:\/\/lettero.com.pl\/lettero-poligrafia\/offset\/pluczki-winidurowe\/pluczka-winidurowa-pw-b2\/#breadcrumb\"},\"inLanguage\":\"en-US\",\"potentialAction\":[{\"@type\":\"ReadAction\",\"target\":[\"https:\/\/lettero.com.pl\/lettero-poligrafia\/offset\/pluczki-winidurowe\/pluczka-winidurowa-pw-b2\/\"]}]},{\"@type\":\"ImageObject\",\"inLanguage\":\"en-US\",\"@id\":\"https:\/\/lettero.com.pl\/lettero-poligrafia\/offset\/pluczki-winidurowe\/pluczka-winidurowa-pw-b2\/#primaryimage\",\"url\":\"https:\/\/lettero.com.pl\/wp-content\/uploads\/2018\/04\/p\u0142uczka-winidurowa-pw-b2_1.jpg\",\"contentUrl\":\"https:\/\/lettero.com.pl\/wp-content\/uploads\/2018\/04\/p\u0142uczka-winidurowa-pw-b2_1.jpg\",\"width\":601,\"height\":601,\"caption\":\"Vinidur rinser PW-B2\"},{\"@type\":\"BreadcrumbList\",\"@id\":\"https:\/\/lettero.com.pl\/lettero-poligrafia\/offset\/pluczki-winidurowe\/pluczka-winidurowa-pw-b2\/#breadcrumb\",\"itemListElement\":[{\"@type\":\"ListItem\",\"position\":1,\"name\":\"Strona g\u0142\u00f3wna\",\"item\":\"https:\/\/lettero.com.pl\/en\/\"},{\"@type\":\"ListItem\",\"position\":2,\"name\":\"Oferta\",\"item\":\"https:\/\/lettero.com.pl\/oferta-3\/\"},{\"@type\":\"ListItem\",\"position\":3,\"name\":\"Vinidur rinser PW-B2\"}]},{\"@type\":\"WebSite\",\"@id\":\"https:\/\/lettero.com.pl\/#website\",\"url\":\"https:\/\/lettero.com.pl\/\",\"name\":\"Lettero - Sprz\u0119t dla poligrafii | Meble metalowe\",\"description\":\"Pe\u0142na oferta polskiego producenta urz\u0105dze\u0144 dla poligrafii. Kabiny \u015bwietlne. Meble metalowe: biurowe, socjalne, magazynowe\",\"potentialAction\":[{\"@type\":\"SearchAction\",\"target\":{\"@type\":\"EntryPoint\",\"urlTemplate\":\"https:\/\/lettero.com.pl\/?s={search_term_string}\"},\"query-input\":{\"@type\":\"PropertyValueSpecification\",\"valueRequired\":true,\"valueName\":\"search_term_string\"}}],\"inLanguage\":\"en-US\"}]}<\/script>\n<!-- \/ Yoast SEO plugin. -->","yoast_head_json":{"title":"Vinidur rinser PW-B2 - Lettero - Sprz\u0119t dla poligrafii | Meble metalowe","robots":{"index":"index","follow":"follow","max-snippet":"max-snippet:-1","max-image-preview":"max-image-preview:large","max-video-preview":"max-video-preview:-1"},"canonical":"https:\/\/lettero.com.pl\/lettero-poligrafia\/offset\/pluczki-winidurowe\/pluczka-winidurowa-pw-b2\/","og_locale":"en_US","og_type":"article","og_title":"Vinidur rinser PW-B2 - Lettero - Sprz\u0119t dla poligrafii | Meble metalowe","og_description":"PW vinidur rinsers produced by our company are applied primarily for manual development of offset printing sheets. Therefore, as the standard they are equipped with an [\u2026]","og_url":"https:\/\/lettero.com.pl\/lettero-poligrafia\/offset\/pluczki-winidurowe\/pluczka-winidurowa-pw-b2\/","og_site_name":"Lettero - Sprz\u0119t dla poligrafii | Meble metalowe","article_modified_time":"2018-09-19T18:13:41+00:00","og_image":[{"width":601,"height":601,"url":"https:\/\/lettero.com.pl\/wp-content\/uploads\/2018\/04\/p\u0142uczka-winidurowa-pw-b2_1.jpg","type":"image\/jpeg"}],"twitter_card":"summary_large_image","schema":{"@context":"https:\/\/schema.org","@graph":[{"@type":"WebPage","@id":"https:\/\/lettero.com.pl\/lettero-poligrafia\/offset\/pluczki-winidurowe\/pluczka-winidurowa-pw-b2\/","url":"https:\/\/lettero.com.pl\/lettero-poligrafia\/offset\/pluczki-winidurowe\/pluczka-winidurowa-pw-b2\/","name":"Vinidur rinser PW-B2 - Lettero - Sprz\u0119t dla poligrafii | Meble metalowe","isPartOf":{"@id":"https:\/\/lettero.com.pl\/#website"},"primaryImageOfPage":{"@id":"https:\/\/lettero.com.pl\/lettero-poligrafia\/offset\/pluczki-winidurowe\/pluczka-winidurowa-pw-b2\/#primaryimage"},"image":{"@id":"https:\/\/lettero.com.pl\/lettero-poligrafia\/offset\/pluczki-winidurowe\/pluczka-winidurowa-pw-b2\/#primaryimage"},"thumbnailUrl":"https:\/\/lettero.com.pl\/wp-content\/uploads\/2018\/04\/p\u0142uczka-winidurowa-pw-b2_1.jpg","datePublished":"2018-04-19T09:36:50+00:00","dateModified":"2018-09-19T18:13:41+00:00","breadcrumb":{"@id":"https:\/\/lettero.com.pl\/lettero-poligrafia\/offset\/pluczki-winidurowe\/pluczka-winidurowa-pw-b2\/#breadcrumb"},"inLanguage":"en-US","potentialAction":[{"@type":"ReadAction","target":["https:\/\/lettero.com.pl\/lettero-poligrafia\/offset\/pluczki-winidurowe\/pluczka-winidurowa-pw-b2\/"]}]},{"@type":"ImageObject","inLanguage":"en-US","@id":"https:\/\/lettero.com.pl\/lettero-poligrafia\/offset\/pluczki-winidurowe\/pluczka-winidurowa-pw-b2\/#primaryimage","url":"https:\/\/lettero.com.pl\/wp-content\/uploads\/2018\/04\/p\u0142uczka-winidurowa-pw-b2_1.jpg","contentUrl":"https:\/\/lettero.com.pl\/wp-content\/uploads\/2018\/04\/p\u0142uczka-winidurowa-pw-b2_1.jpg","width":601,"height":601,"caption":"Vinidur rinser PW-B2"},{"@type":"BreadcrumbList","@id":"https:\/\/lettero.com.pl\/lettero-poligrafia\/offset\/pluczki-winidurowe\/pluczka-winidurowa-pw-b2\/#breadcrumb","itemListElement":[{"@type":"ListItem","position":1,"name":"Strona g\u0142\u00f3wna","item":"https:\/\/lettero.com.pl\/en\/"},{"@type":"ListItem","position":2,"name":"Oferta","item":"https:\/\/lettero.com.pl\/oferta-3\/"},{"@type":"ListItem","position":3,"name":"Vinidur rinser PW-B2"}]},{"@type":"WebSite","@id":"https:\/\/lettero.com.pl\/#website","url":"https:\/\/lettero.com.pl\/","name":"Lettero - Sprz\u0119t dla poligrafii | Meble metalowe","description":"Pe\u0142na oferta polskiego producenta urz\u0105dze\u0144 dla poligrafii. Kabiny \u015bwietlne. Meble metalowe: biurowe, socjalne, magazynowe","potentialAction":[{"@type":"SearchAction","target":{"@type":"EntryPoint","urlTemplate":"https:\/\/lettero.com.pl\/?s={search_term_string}"},"query-input":{"@type":"PropertyValueSpecification","valueRequired":true,"valueName":"search_term_string"}}],"inLanguage":"en-US"}]}},"_links":{"self":[{"href":"https:\/\/lettero.com.pl\/en\/wp-json\/wp\/v2\/product\/4088","targetHints":{"allow":["GET"]}}],"collection":[{"href":"https:\/\/lettero.com.pl\/en\/wp-json\/wp\/v2\/product"}],"about":[{"href":"https:\/\/lettero.com.pl\/en\/wp-json\/wp\/v2\/types\/product"}],"wp:featuredmedia":[{"embeddable":true,"href":"https:\/\/lettero.com.pl\/en\/wp-json\/wp\/v2\/media\/1926"}],"wp:attachment":[{"href":"https:\/\/lettero.com.pl\/en\/wp-json\/wp\/v2\/media?parent=4088"}],"wp:term":[{"taxonomy":"product_brand","embeddable":true,"href":"https:\/\/lettero.com.pl\/en\/wp-json\/wp\/v2\/product_brand?post=4088"},{"taxonomy":"product_cat","embeddable":true,"href":"https:\/\/lettero.com.pl\/en\/wp-json\/wp\/v2\/product_cat?post=4088"},{"taxonomy":"product_tag","embeddable":true,"href":"https:\/\/lettero.com.pl\/en\/wp-json\/wp\/v2\/product_tag?post=4088"}],"curies":[{"name":"wp","href":"https:\/\/api.w.org\/{rel}","templated":true}]}}