{"id":4083,"date":"2018-04-18T20:42:40","date_gmt":"2018-04-18T18:42:40","guid":{"rendered":"http:\/\/lettero.opticomweb.tk\/sklep\/uncategorized\/rack-for-offset-plates-rppd-n\/"},"modified":"2018-09-19T20:13:43","modified_gmt":"2018-09-19T18:13:43","slug":"rack-for-offset-plates-rppd-n","status":"publish","type":"product","link":"https:\/\/lettero.com.pl\/en\/poligraphy-equipment\/offset-en\/racks-for-offset-plates\/rack-for-offset-plates-rppd-n\/","title":{"rendered":"Rack for offset plates RPPD\/N"},"content":{"rendered":"<div>\n<p><strong>RPP racks are enclosed devices for storage of secured offset plates.<\/strong><\/p>\n<p>The simple design of supports allows storing the plates of different formats in one cabinet.<\/p>\n<p>Holes and pins in the lower and upper frames enable stacking the cabinets in stable sets.<\/p>\n<p>RPPD version racks have a two wing lockable door.<\/p>\n<p>&nbsp;<\/p>\n<p><strong>RPPD\/N<\/strong><br \/>\nDimensions WxDxH:\u00a0800 x 700 x 1760 mm<\/p>\n<p>&nbsp;<\/p>\n<\/div>\n","protected":false},"excerpt":{"rendered":"<p>RPP racks are enclosed devices for storage of secured offset plates. The simple design of supports allows storing the plates of different formats in one cabinet.<span class=\"excerpt-hellip\"> [\u2026]<\/span><\/p>\n","protected":false},"featured_media":1905,"template":"","meta":[],"product_brand":[],"product_cat":[224],"product_tag":[],"class_list":{"0":"post-4083","1":"product","2":"type-product","3":"status-publish","4":"has-post-thumbnail","6":"product_cat-racks-for-offset-plates","8":"first","9":"instock","10":"shipping-taxable","11":"product-type-simple"},"yoast_head":"<!-- This site is optimized with the Yoast SEO plugin v27.5 - https:\/\/yoast.com\/product\/yoast-seo-wordpress\/ -->\n<title>Rack for offset plates RPPD\/N - Lettero - Sprz\u0119t dla poligrafii | Meble metalowe<\/title>\n<meta name=\"robots\" content=\"index, follow, max-snippet:-1, max-image-preview:large, max-video-preview:-1\" \/>\n<link rel=\"canonical\" href=\"https:\/\/lettero.com.pl\/lettero-poligrafia\/offset\/regaly-do-blach-offsetowych\/regal-do-plyt-offsetowych-z-zamykanymi-drzwiami-formaty-a1-b1-b2-rppd-n\/\" \/>\n<meta property=\"og:locale\" content=\"en_US\" \/>\n<meta property=\"og:type\" content=\"article\" \/>\n<meta property=\"og:title\" content=\"Rack for offset plates RPPD\/N - Lettero - Sprz\u0119t dla poligrafii | Meble metalowe\" \/>\n<meta property=\"og:description\" content=\"RPP racks are enclosed devices for storage of secured offset plates. The simple design of supports allows storing the plates of different formats in one cabinet. [\u2026]\" \/>\n<meta property=\"og:url\" content=\"https:\/\/lettero.com.pl\/lettero-poligrafia\/offset\/regaly-do-blach-offsetowych\/regal-do-plyt-offsetowych-z-zamykanymi-drzwiami-formaty-a1-b1-b2-rppd-n\/\" \/>\n<meta property=\"og:site_name\" content=\"Lettero - Sprz\u0119t dla poligrafii | Meble metalowe\" \/>\n<meta property=\"article:modified_time\" content=\"2018-09-19T18:13:43+00:00\" \/>\n<meta property=\"og:image\" content=\"https:\/\/lettero.com.pl\/wp-content\/uploads\/2018\/04\/rega\u0142-do-p\u0142yt-offsetowych-rpp-n.jpg\" \/>\n\t<meta property=\"og:image:width\" content=\"614\" \/>\n\t<meta property=\"og:image:height\" content=\"602\" \/>\n\t<meta property=\"og:image:type\" content=\"image\/jpeg\" \/>\n<meta name=\"twitter:card\" content=\"summary_large_image\" \/>\n<script type=\"application\/ld+json\" class=\"yoast-schema-graph\">{\"@context\":\"https:\\\/\\\/schema.org\",\"@graph\":[{\"@type\":\"WebPage\",\"@id\":\"https:\\\/\\\/lettero.com.pl\\\/lettero-poligrafia\\\/offset\\\/regaly-do-blach-offsetowych\\\/regal-do-plyt-offsetowych-z-zamykanymi-drzwiami-formaty-a1-b1-b2-rppd-n\\\/\",\"url\":\"https:\\\/\\\/lettero.com.pl\\\/lettero-poligrafia\\\/offset\\\/regaly-do-blach-offsetowych\\\/regal-do-plyt-offsetowych-z-zamykanymi-drzwiami-formaty-a1-b1-b2-rppd-n\\\/\",\"name\":\"Rack for offset plates RPPD\\\/N - Lettero - Sprz\u0119t dla poligrafii | Meble metalowe\",\"isPartOf\":{\"@id\":\"https:\\\/\\\/lettero.com.pl\\\/#website\"},\"primaryImageOfPage\":{\"@id\":\"https:\\\/\\\/lettero.com.pl\\\/lettero-poligrafia\\\/offset\\\/regaly-do-blach-offsetowych\\\/regal-do-plyt-offsetowych-z-zamykanymi-drzwiami-formaty-a1-b1-b2-rppd-n\\\/#primaryimage\"},\"image\":{\"@id\":\"https:\\\/\\\/lettero.com.pl\\\/lettero-poligrafia\\\/offset\\\/regaly-do-blach-offsetowych\\\/regal-do-plyt-offsetowych-z-zamykanymi-drzwiami-formaty-a1-b1-b2-rppd-n\\\/#primaryimage\"},\"thumbnailUrl\":\"https:\\\/\\\/lettero.com.pl\\\/wp-content\\\/uploads\\\/2018\\\/04\\\/rega\u0142-do-p\u0142yt-offsetowych-rpp-n.jpg\",\"datePublished\":\"2018-04-18T18:42:40+00:00\",\"dateModified\":\"2018-09-19T18:13:43+00:00\",\"breadcrumb\":{\"@id\":\"https:\\\/\\\/lettero.com.pl\\\/lettero-poligrafia\\\/offset\\\/regaly-do-blach-offsetowych\\\/regal-do-plyt-offsetowych-z-zamykanymi-drzwiami-formaty-a1-b1-b2-rppd-n\\\/#breadcrumb\"},\"inLanguage\":\"en-US\",\"potentialAction\":[{\"@type\":\"ReadAction\",\"target\":[\"https:\\\/\\\/lettero.com.pl\\\/lettero-poligrafia\\\/offset\\\/regaly-do-blach-offsetowych\\\/regal-do-plyt-offsetowych-z-zamykanymi-drzwiami-formaty-a1-b1-b2-rppd-n\\\/\"]}]},{\"@type\":\"ImageObject\",\"inLanguage\":\"en-US\",\"@id\":\"https:\\\/\\\/lettero.com.pl\\\/lettero-poligrafia\\\/offset\\\/regaly-do-blach-offsetowych\\\/regal-do-plyt-offsetowych-z-zamykanymi-drzwiami-formaty-a1-b1-b2-rppd-n\\\/#primaryimage\",\"url\":\"https:\\\/\\\/lettero.com.pl\\\/wp-content\\\/uploads\\\/2018\\\/04\\\/rega\u0142-do-p\u0142yt-offsetowych-rpp-n.jpg\",\"contentUrl\":\"https:\\\/\\\/lettero.com.pl\\\/wp-content\\\/uploads\\\/2018\\\/04\\\/rega\u0142-do-p\u0142yt-offsetowych-rpp-n.jpg\",\"width\":614,\"height\":602,\"caption\":\"Rack for offset plates RPPD\\\/N\"},{\"@type\":\"BreadcrumbList\",\"@id\":\"https:\\\/\\\/lettero.com.pl\\\/lettero-poligrafia\\\/offset\\\/regaly-do-blach-offsetowych\\\/regal-do-plyt-offsetowych-z-zamykanymi-drzwiami-formaty-a1-b1-b2-rppd-n\\\/#breadcrumb\",\"itemListElement\":[{\"@type\":\"ListItem\",\"position\":1,\"name\":\"Strona g\u0142\u00f3wna\",\"item\":\"https:\\\/\\\/lettero.com.pl\\\/en\\\/\"},{\"@type\":\"ListItem\",\"position\":2,\"name\":\"Oferta\",\"item\":\"https:\\\/\\\/lettero.com.pl\\\/oferta-3\\\/\"},{\"@type\":\"ListItem\",\"position\":3,\"name\":\"Rack for offset plates RPPD\\\/N\"}]},{\"@type\":\"WebSite\",\"@id\":\"https:\\\/\\\/lettero.com.pl\\\/#website\",\"url\":\"https:\\\/\\\/lettero.com.pl\\\/\",\"name\":\"Lettero - Sprz\u0119t dla poligrafii | Meble metalowe\",\"description\":\"Pe\u0142na oferta polskiego producenta urz\u0105dze\u0144 dla poligrafii. Kabiny \u015bwietlne. Meble metalowe: biurowe, socjalne, magazynowe\",\"potentialAction\":[{\"@type\":\"SearchAction\",\"target\":{\"@type\":\"EntryPoint\",\"urlTemplate\":\"https:\\\/\\\/lettero.com.pl\\\/?s={search_term_string}\"},\"query-input\":{\"@type\":\"PropertyValueSpecification\",\"valueRequired\":true,\"valueName\":\"search_term_string\"}}],\"inLanguage\":\"en-US\"}]}<\/script>\n<!-- \/ Yoast SEO plugin. -->","yoast_head_json":{"title":"Rack for offset plates RPPD\/N - Lettero - Sprz\u0119t dla poligrafii | Meble metalowe","robots":{"index":"index","follow":"follow","max-snippet":"max-snippet:-1","max-image-preview":"max-image-preview:large","max-video-preview":"max-video-preview:-1"},"canonical":"https:\/\/lettero.com.pl\/lettero-poligrafia\/offset\/regaly-do-blach-offsetowych\/regal-do-plyt-offsetowych-z-zamykanymi-drzwiami-formaty-a1-b1-b2-rppd-n\/","og_locale":"en_US","og_type":"article","og_title":"Rack for offset plates RPPD\/N - Lettero - Sprz\u0119t dla poligrafii | Meble metalowe","og_description":"RPP racks are enclosed devices for storage of secured offset plates. The simple design of supports allows storing the plates of different formats in one cabinet. [\u2026]","og_url":"https:\/\/lettero.com.pl\/lettero-poligrafia\/offset\/regaly-do-blach-offsetowych\/regal-do-plyt-offsetowych-z-zamykanymi-drzwiami-formaty-a1-b1-b2-rppd-n\/","og_site_name":"Lettero - Sprz\u0119t dla poligrafii | Meble metalowe","article_modified_time":"2018-09-19T18:13:43+00:00","og_image":[{"width":614,"height":602,"url":"https:\/\/lettero.com.pl\/wp-content\/uploads\/2018\/04\/rega\u0142-do-p\u0142yt-offsetowych-rpp-n.jpg","type":"image\/jpeg"}],"twitter_card":"summary_large_image","schema":{"@context":"https:\/\/schema.org","@graph":[{"@type":"WebPage","@id":"https:\/\/lettero.com.pl\/lettero-poligrafia\/offset\/regaly-do-blach-offsetowych\/regal-do-plyt-offsetowych-z-zamykanymi-drzwiami-formaty-a1-b1-b2-rppd-n\/","url":"https:\/\/lettero.com.pl\/lettero-poligrafia\/offset\/regaly-do-blach-offsetowych\/regal-do-plyt-offsetowych-z-zamykanymi-drzwiami-formaty-a1-b1-b2-rppd-n\/","name":"Rack for offset plates RPPD\/N - Lettero - Sprz\u0119t dla poligrafii | Meble metalowe","isPartOf":{"@id":"https:\/\/lettero.com.pl\/#website"},"primaryImageOfPage":{"@id":"https:\/\/lettero.com.pl\/lettero-poligrafia\/offset\/regaly-do-blach-offsetowych\/regal-do-plyt-offsetowych-z-zamykanymi-drzwiami-formaty-a1-b1-b2-rppd-n\/#primaryimage"},"image":{"@id":"https:\/\/lettero.com.pl\/lettero-poligrafia\/offset\/regaly-do-blach-offsetowych\/regal-do-plyt-offsetowych-z-zamykanymi-drzwiami-formaty-a1-b1-b2-rppd-n\/#primaryimage"},"thumbnailUrl":"https:\/\/lettero.com.pl\/wp-content\/uploads\/2018\/04\/rega\u0142-do-p\u0142yt-offsetowych-rpp-n.jpg","datePublished":"2018-04-18T18:42:40+00:00","dateModified":"2018-09-19T18:13:43+00:00","breadcrumb":{"@id":"https:\/\/lettero.com.pl\/lettero-poligrafia\/offset\/regaly-do-blach-offsetowych\/regal-do-plyt-offsetowych-z-zamykanymi-drzwiami-formaty-a1-b1-b2-rppd-n\/#breadcrumb"},"inLanguage":"en-US","potentialAction":[{"@type":"ReadAction","target":["https:\/\/lettero.com.pl\/lettero-poligrafia\/offset\/regaly-do-blach-offsetowych\/regal-do-plyt-offsetowych-z-zamykanymi-drzwiami-formaty-a1-b1-b2-rppd-n\/"]}]},{"@type":"ImageObject","inLanguage":"en-US","@id":"https:\/\/lettero.com.pl\/lettero-poligrafia\/offset\/regaly-do-blach-offsetowych\/regal-do-plyt-offsetowych-z-zamykanymi-drzwiami-formaty-a1-b1-b2-rppd-n\/#primaryimage","url":"https:\/\/lettero.com.pl\/wp-content\/uploads\/2018\/04\/rega\u0142-do-p\u0142yt-offsetowych-rpp-n.jpg","contentUrl":"https:\/\/lettero.com.pl\/wp-content\/uploads\/2018\/04\/rega\u0142-do-p\u0142yt-offsetowych-rpp-n.jpg","width":614,"height":602,"caption":"Rack for offset plates RPPD\/N"},{"@type":"BreadcrumbList","@id":"https:\/\/lettero.com.pl\/lettero-poligrafia\/offset\/regaly-do-blach-offsetowych\/regal-do-plyt-offsetowych-z-zamykanymi-drzwiami-formaty-a1-b1-b2-rppd-n\/#breadcrumb","itemListElement":[{"@type":"ListItem","position":1,"name":"Strona g\u0142\u00f3wna","item":"https:\/\/lettero.com.pl\/en\/"},{"@type":"ListItem","position":2,"name":"Oferta","item":"https:\/\/lettero.com.pl\/oferta-3\/"},{"@type":"ListItem","position":3,"name":"Rack for offset plates RPPD\/N"}]},{"@type":"WebSite","@id":"https:\/\/lettero.com.pl\/#website","url":"https:\/\/lettero.com.pl\/","name":"Lettero - Sprz\u0119t dla poligrafii | Meble metalowe","description":"Pe\u0142na oferta polskiego producenta urz\u0105dze\u0144 dla poligrafii. Kabiny \u015bwietlne. Meble metalowe: biurowe, socjalne, magazynowe","potentialAction":[{"@type":"SearchAction","target":{"@type":"EntryPoint","urlTemplate":"https:\/\/lettero.com.pl\/?s={search_term_string}"},"query-input":{"@type":"PropertyValueSpecification","valueRequired":true,"valueName":"search_term_string"}}],"inLanguage":"en-US"}]}},"_links":{"self":[{"href":"https:\/\/lettero.com.pl\/en\/wp-json\/wp\/v2\/product\/4083","targetHints":{"allow":["GET"]}}],"collection":[{"href":"https:\/\/lettero.com.pl\/en\/wp-json\/wp\/v2\/product"}],"about":[{"href":"https:\/\/lettero.com.pl\/en\/wp-json\/wp\/v2\/types\/product"}],"wp:featuredmedia":[{"embeddable":true,"href":"https:\/\/lettero.com.pl\/en\/wp-json\/wp\/v2\/media\/1905"}],"wp:attachment":[{"href":"https:\/\/lettero.com.pl\/en\/wp-json\/wp\/v2\/media?parent=4083"}],"wp:term":[{"taxonomy":"product_brand","embeddable":true,"href":"https:\/\/lettero.com.pl\/en\/wp-json\/wp\/v2\/product_brand?post=4083"},{"taxonomy":"product_cat","embeddable":true,"href":"https:\/\/lettero.com.pl\/en\/wp-json\/wp\/v2\/product_cat?post=4083"},{"taxonomy":"product_tag","embeddable":true,"href":"https:\/\/lettero.com.pl\/en\/wp-json\/wp\/v2\/product_tag?post=4083"}],"curies":[{"name":"wp","href":"https:\/\/api.w.org\/{rel}","templated":true}]}}