{"id":4078,"date":"2018-04-18T20:26:19","date_gmt":"2018-04-18T18:26:19","guid":{"rendered":"http:\/\/lettero.opticomweb.tk\/sklep\/uncategorized\/dryer-trolley-for-offset-plates-with-fans-wsb-n\/"},"modified":"2018-09-19T20:13:45","modified_gmt":"2018-09-19T18:13:45","slug":"dryer-trolley-for-offset-plates-with-fans-wsb-n","status":"publish","type":"product","link":"https:\/\/lettero.com.pl\/en\/poligraphy-equipment\/offset-en\/dryer-trolley-for-offset-plates\/dryer-trolley-for-offset-plates-with-fans-wsb-n\/","title":{"rendered":"Dryer trolley for offset plates with fans WSB-N"},"content":{"rendered":"","protected":false},"excerpt":{"rendered":"<div>\n<p><strong>Trolley hair offset plates WSB \/ N is designed for drying printing plates, and their transport and temporary storage in the vicinity of the printing press.<\/strong><\/p>\n<p>The device is equipped with a mechanical airflow, compartments for sheet-fed offset and drip trough.<\/p>\n<p>&nbsp;<\/p>\n<ul>\n<li>Dimensions WxDxH: 1200 x 750 x 1500 mm<\/li>\n<li>Max. plate size: 1100 x 820 mm<\/li>\n<li>Blowing: two fans x 400 m3\/h<\/li>\n<\/ul>\n<p>&nbsp;<\/p>\n<\/div>\n","protected":false},"featured_media":1887,"template":"","meta":[],"product_brand":[],"product_cat":[227],"product_tag":[],"class_list":{"0":"post-4078","1":"product","2":"type-product","3":"status-publish","4":"has-post-thumbnail","6":"product_cat-dryer-trolley-for-offset-plates","8":"first","9":"instock","10":"shipping-taxable","11":"product-type-simple"},"yoast_head":"<!-- This site is optimized with the Yoast SEO plugin v27.0 - https:\/\/yoast.com\/product\/yoast-seo-wordpress\/ -->\n<title>Dryer trolley for offset plates with fans WSB-N - Lettero - Sprz\u0119t dla poligrafii | Meble metalowe<\/title>\n<meta name=\"robots\" content=\"index, follow, max-snippet:-1, max-image-preview:large, max-video-preview:-1\" \/>\n<link rel=\"canonical\" href=\"https:\/\/lettero.com.pl\/lettero-poligrafia\/offset\/wozki-suszarki-do-plyt-offsetowych\/suszarka-do-plyt-offsetowych-wsb-n\/\" \/>\n<meta property=\"og:locale\" content=\"en_US\" \/>\n<meta property=\"og:type\" content=\"article\" \/>\n<meta property=\"og:title\" content=\"Dryer trolley for offset plates with fans WSB-N - Lettero - Sprz\u0119t dla poligrafii | Meble metalowe\" \/>\n<meta property=\"og:description\" content=\"Trolley hair offset plates WSB \/ N is designed for drying printing plates, and their transport and temporary storage in the vicinity of the printing press.  The device is equipped with a mechanical airflow, compartments for sheet-fed offset and drip trough.  &nbsp;   Dimensions WxDxH: 1200 x 750 x 1500 mm  Max. plate size: 1100 x 820 mm  Blowing: two fans x 400 m3\/h  &nbsp;\" \/>\n<meta property=\"og:url\" content=\"https:\/\/lettero.com.pl\/lettero-poligrafia\/offset\/wozki-suszarki-do-plyt-offsetowych\/suszarka-do-plyt-offsetowych-wsb-n\/\" \/>\n<meta property=\"og:site_name\" content=\"Lettero - Sprz\u0119t dla poligrafii | Meble metalowe\" \/>\n<meta property=\"article:modified_time\" content=\"2018-09-19T18:13:45+00:00\" \/>\n<meta property=\"og:image\" content=\"https:\/\/lettero.com.pl\/wp-content\/uploads\/2018\/04\/suszarka-do-p\u0142yt-offsetowych-wsbn.jpg\" \/>\n\t<meta property=\"og:image:width\" content=\"601\" \/>\n\t<meta property=\"og:image:height\" content=\"601\" \/>\n\t<meta property=\"og:image:type\" content=\"image\/jpeg\" \/>\n<meta name=\"twitter:card\" content=\"summary_large_image\" \/>\n<script type=\"application\/ld+json\" class=\"yoast-schema-graph\">{\"@context\":\"https:\/\/schema.org\",\"@graph\":[{\"@type\":\"WebPage\",\"@id\":\"https:\/\/lettero.com.pl\/lettero-poligrafia\/offset\/wozki-suszarki-do-plyt-offsetowych\/suszarka-do-plyt-offsetowych-wsb-n\/\",\"url\":\"https:\/\/lettero.com.pl\/lettero-poligrafia\/offset\/wozki-suszarki-do-plyt-offsetowych\/suszarka-do-plyt-offsetowych-wsb-n\/\",\"name\":\"Dryer trolley for offset plates with fans WSB-N - Lettero - Sprz\u0119t dla poligrafii | Meble metalowe\",\"isPartOf\":{\"@id\":\"https:\/\/lettero.com.pl\/#website\"},\"primaryImageOfPage\":{\"@id\":\"https:\/\/lettero.com.pl\/lettero-poligrafia\/offset\/wozki-suszarki-do-plyt-offsetowych\/suszarka-do-plyt-offsetowych-wsb-n\/#primaryimage\"},\"image\":{\"@id\":\"https:\/\/lettero.com.pl\/lettero-poligrafia\/offset\/wozki-suszarki-do-plyt-offsetowych\/suszarka-do-plyt-offsetowych-wsb-n\/#primaryimage\"},\"thumbnailUrl\":\"https:\/\/lettero.com.pl\/wp-content\/uploads\/2018\/04\/suszarka-do-p\u0142yt-offsetowych-wsbn.jpg\",\"datePublished\":\"2018-04-18T18:26:19+00:00\",\"dateModified\":\"2018-09-19T18:13:45+00:00\",\"breadcrumb\":{\"@id\":\"https:\/\/lettero.com.pl\/lettero-poligrafia\/offset\/wozki-suszarki-do-plyt-offsetowych\/suszarka-do-plyt-offsetowych-wsb-n\/#breadcrumb\"},\"inLanguage\":\"en-US\",\"potentialAction\":[{\"@type\":\"ReadAction\",\"target\":[\"https:\/\/lettero.com.pl\/lettero-poligrafia\/offset\/wozki-suszarki-do-plyt-offsetowych\/suszarka-do-plyt-offsetowych-wsb-n\/\"]}]},{\"@type\":\"ImageObject\",\"inLanguage\":\"en-US\",\"@id\":\"https:\/\/lettero.com.pl\/lettero-poligrafia\/offset\/wozki-suszarki-do-plyt-offsetowych\/suszarka-do-plyt-offsetowych-wsb-n\/#primaryimage\",\"url\":\"https:\/\/lettero.com.pl\/wp-content\/uploads\/2018\/04\/suszarka-do-p\u0142yt-offsetowych-wsbn.jpg\",\"contentUrl\":\"https:\/\/lettero.com.pl\/wp-content\/uploads\/2018\/04\/suszarka-do-p\u0142yt-offsetowych-wsbn.jpg\",\"width\":601,\"height\":601,\"caption\":\"Dryer trolley for offset plates with fans WSB-N\"},{\"@type\":\"BreadcrumbList\",\"@id\":\"https:\/\/lettero.com.pl\/lettero-poligrafia\/offset\/wozki-suszarki-do-plyt-offsetowych\/suszarka-do-plyt-offsetowych-wsb-n\/#breadcrumb\",\"itemListElement\":[{\"@type\":\"ListItem\",\"position\":1,\"name\":\"Strona g\u0142\u00f3wna\",\"item\":\"https:\/\/lettero.com.pl\/en\/\"},{\"@type\":\"ListItem\",\"position\":2,\"name\":\"Oferta\",\"item\":\"https:\/\/lettero.com.pl\/oferta-3\/\"},{\"@type\":\"ListItem\",\"position\":3,\"name\":\"Dryer trolley for offset plates with fans WSB-N\"}]},{\"@type\":\"WebSite\",\"@id\":\"https:\/\/lettero.com.pl\/#website\",\"url\":\"https:\/\/lettero.com.pl\/\",\"name\":\"Lettero - Sprz\u0119t dla poligrafii | Meble metalowe\",\"description\":\"Pe\u0142na oferta polskiego producenta urz\u0105dze\u0144 dla poligrafii. Kabiny \u015bwietlne. Meble metalowe: biurowe, socjalne, magazynowe\",\"potentialAction\":[{\"@type\":\"SearchAction\",\"target\":{\"@type\":\"EntryPoint\",\"urlTemplate\":\"https:\/\/lettero.com.pl\/?s={search_term_string}\"},\"query-input\":{\"@type\":\"PropertyValueSpecification\",\"valueRequired\":true,\"valueName\":\"search_term_string\"}}],\"inLanguage\":\"en-US\"}]}<\/script>\n<!-- \/ Yoast SEO plugin. -->","yoast_head_json":{"title":"Dryer trolley for offset plates with fans WSB-N - Lettero - Sprz\u0119t dla poligrafii | Meble metalowe","robots":{"index":"index","follow":"follow","max-snippet":"max-snippet:-1","max-image-preview":"max-image-preview:large","max-video-preview":"max-video-preview:-1"},"canonical":"https:\/\/lettero.com.pl\/lettero-poligrafia\/offset\/wozki-suszarki-do-plyt-offsetowych\/suszarka-do-plyt-offsetowych-wsb-n\/","og_locale":"en_US","og_type":"article","og_title":"Dryer trolley for offset plates with fans WSB-N - Lettero - Sprz\u0119t dla poligrafii | Meble metalowe","og_description":"Trolley hair offset plates WSB \/ N is designed for drying printing plates, and their transport and temporary storage in the vicinity of the printing press.  The device is equipped with a mechanical airflow, compartments for sheet-fed offset and drip trough.  &nbsp;   Dimensions WxDxH: 1200 x 750 x 1500 mm  Max. plate size: 1100 x 820 mm  Blowing: two fans x 400 m3\/h  &nbsp;","og_url":"https:\/\/lettero.com.pl\/lettero-poligrafia\/offset\/wozki-suszarki-do-plyt-offsetowych\/suszarka-do-plyt-offsetowych-wsb-n\/","og_site_name":"Lettero - Sprz\u0119t dla poligrafii | Meble metalowe","article_modified_time":"2018-09-19T18:13:45+00:00","og_image":[{"width":601,"height":601,"url":"https:\/\/lettero.com.pl\/wp-content\/uploads\/2018\/04\/suszarka-do-p\u0142yt-offsetowych-wsbn.jpg","type":"image\/jpeg"}],"twitter_card":"summary_large_image","schema":{"@context":"https:\/\/schema.org","@graph":[{"@type":"WebPage","@id":"https:\/\/lettero.com.pl\/lettero-poligrafia\/offset\/wozki-suszarki-do-plyt-offsetowych\/suszarka-do-plyt-offsetowych-wsb-n\/","url":"https:\/\/lettero.com.pl\/lettero-poligrafia\/offset\/wozki-suszarki-do-plyt-offsetowych\/suszarka-do-plyt-offsetowych-wsb-n\/","name":"Dryer trolley for offset plates with fans WSB-N - Lettero - Sprz\u0119t dla poligrafii | Meble metalowe","isPartOf":{"@id":"https:\/\/lettero.com.pl\/#website"},"primaryImageOfPage":{"@id":"https:\/\/lettero.com.pl\/lettero-poligrafia\/offset\/wozki-suszarki-do-plyt-offsetowych\/suszarka-do-plyt-offsetowych-wsb-n\/#primaryimage"},"image":{"@id":"https:\/\/lettero.com.pl\/lettero-poligrafia\/offset\/wozki-suszarki-do-plyt-offsetowych\/suszarka-do-plyt-offsetowych-wsb-n\/#primaryimage"},"thumbnailUrl":"https:\/\/lettero.com.pl\/wp-content\/uploads\/2018\/04\/suszarka-do-p\u0142yt-offsetowych-wsbn.jpg","datePublished":"2018-04-18T18:26:19+00:00","dateModified":"2018-09-19T18:13:45+00:00","breadcrumb":{"@id":"https:\/\/lettero.com.pl\/lettero-poligrafia\/offset\/wozki-suszarki-do-plyt-offsetowych\/suszarka-do-plyt-offsetowych-wsb-n\/#breadcrumb"},"inLanguage":"en-US","potentialAction":[{"@type":"ReadAction","target":["https:\/\/lettero.com.pl\/lettero-poligrafia\/offset\/wozki-suszarki-do-plyt-offsetowych\/suszarka-do-plyt-offsetowych-wsb-n\/"]}]},{"@type":"ImageObject","inLanguage":"en-US","@id":"https:\/\/lettero.com.pl\/lettero-poligrafia\/offset\/wozki-suszarki-do-plyt-offsetowych\/suszarka-do-plyt-offsetowych-wsb-n\/#primaryimage","url":"https:\/\/lettero.com.pl\/wp-content\/uploads\/2018\/04\/suszarka-do-p\u0142yt-offsetowych-wsbn.jpg","contentUrl":"https:\/\/lettero.com.pl\/wp-content\/uploads\/2018\/04\/suszarka-do-p\u0142yt-offsetowych-wsbn.jpg","width":601,"height":601,"caption":"Dryer trolley for offset plates with fans WSB-N"},{"@type":"BreadcrumbList","@id":"https:\/\/lettero.com.pl\/lettero-poligrafia\/offset\/wozki-suszarki-do-plyt-offsetowych\/suszarka-do-plyt-offsetowych-wsb-n\/#breadcrumb","itemListElement":[{"@type":"ListItem","position":1,"name":"Strona g\u0142\u00f3wna","item":"https:\/\/lettero.com.pl\/en\/"},{"@type":"ListItem","position":2,"name":"Oferta","item":"https:\/\/lettero.com.pl\/oferta-3\/"},{"@type":"ListItem","position":3,"name":"Dryer trolley for offset plates with fans WSB-N"}]},{"@type":"WebSite","@id":"https:\/\/lettero.com.pl\/#website","url":"https:\/\/lettero.com.pl\/","name":"Lettero - Sprz\u0119t dla poligrafii | Meble metalowe","description":"Pe\u0142na oferta polskiego producenta urz\u0105dze\u0144 dla poligrafii. Kabiny \u015bwietlne. Meble metalowe: biurowe, socjalne, magazynowe","potentialAction":[{"@type":"SearchAction","target":{"@type":"EntryPoint","urlTemplate":"https:\/\/lettero.com.pl\/?s={search_term_string}"},"query-input":{"@type":"PropertyValueSpecification","valueRequired":true,"valueName":"search_term_string"}}],"inLanguage":"en-US"}]}},"_links":{"self":[{"href":"https:\/\/lettero.com.pl\/en\/wp-json\/wp\/v2\/product\/4078","targetHints":{"allow":["GET"]}}],"collection":[{"href":"https:\/\/lettero.com.pl\/en\/wp-json\/wp\/v2\/product"}],"about":[{"href":"https:\/\/lettero.com.pl\/en\/wp-json\/wp\/v2\/types\/product"}],"wp:featuredmedia":[{"embeddable":true,"href":"https:\/\/lettero.com.pl\/en\/wp-json\/wp\/v2\/media\/1887"}],"wp:attachment":[{"href":"https:\/\/lettero.com.pl\/en\/wp-json\/wp\/v2\/media?parent=4078"}],"wp:term":[{"taxonomy":"product_brand","embeddable":true,"href":"https:\/\/lettero.com.pl\/en\/wp-json\/wp\/v2\/product_brand?post=4078"},{"taxonomy":"product_cat","embeddable":true,"href":"https:\/\/lettero.com.pl\/en\/wp-json\/wp\/v2\/product_cat?post=4078"},{"taxonomy":"product_tag","embeddable":true,"href":"https:\/\/lettero.com.pl\/en\/wp-json\/wp\/v2\/product_tag?post=4078"}],"curies":[{"name":"wp","href":"https:\/\/api.w.org\/{rel}","templated":true}]}}