{"id":4075,"date":"2018-04-18T11:58:09","date_gmt":"2018-04-18T09:58:09","guid":{"rendered":"http:\/\/lettero.opticomweb.tk\/sklep\/uncategorized\/skr-b2-st-retouching-workstations-b2\/"},"modified":"2018-09-19T20:13:50","modified_gmt":"2018-09-19T18:13:50","slug":"skr-b2-st-retouching-workstations-b2","status":"publish","type":"product","link":"https:\/\/lettero.com.pl\/en\/poligraphy-equipment\/offset-en\/correction-stations\/skr-b2-st-retouching-workstations-b2\/","title":{"rendered":"SKR-B2-ST retouching workstations B2"},"content":{"rendered":"<div>\n<p align=\"left\"><strong>SK proofreading workstations are used for assessment and chemical-induced correction of offset plates.<\/strong><\/p>\n<p align=\"left\">They are produced in two formats: B2 and B1 and mounted on a frame or base with drawers. Distance between the magnifying glass to worktop is adjustable. The device is made of steel and powder coated.<\/p>\n<p align=\"left\">\n<p align=\"left\">SK Proofreading stations consist of:<\/p>\n<ul>\n<li>inclined worktop sliding in vertical direction,<\/li>\n<li>mounting plate,<\/li>\n<li>illuminated magnifying glass on a cart sliding over the entire work surface,<\/li>\n<li>frame or drawer base.<\/li>\n<\/ul>\n<p>&nbsp;<\/p>\n<p><strong>SKR-B2-ST:<\/strong><\/p>\n<ul>\n<li>Dimensions WxDxH: 900x600x2000 mm<\/li>\n<li>Plate: 800&#215;800 mm<\/li>\n<\/ul>\n<p>&nbsp;<\/p>\n<\/div>\n","protected":false},"excerpt":{"rendered":"<p>SK proofreading workstations are used for assessment and chemical-induced correction of offset plates. They are produced in two formats: B2 and B1 and mounted on a<span class=\"excerpt-hellip\"> [\u2026]<\/span><\/p>\n","protected":false},"featured_media":1858,"template":"","meta":[],"product_brand":[],"product_cat":[225],"product_tag":[],"class_list":{"0":"post-4075","1":"product","2":"type-product","3":"status-publish","4":"has-post-thumbnail","6":"product_cat-correction-stations","8":"first","9":"instock","10":"shipping-taxable","11":"product-type-simple"},"yoast_head":"<!-- This site is optimized with the Yoast SEO plugin v27.0 - https:\/\/yoast.com\/product\/yoast-seo-wordpress\/ -->\n<title>SKR-B2-ST retouching workstations B2 - Lettero - Sprz\u0119t dla poligrafii | Meble metalowe<\/title>\n<meta name=\"robots\" content=\"index, follow, max-snippet:-1, max-image-preview:large, max-video-preview:-1\" \/>\n<link rel=\"canonical\" href=\"https:\/\/lettero.com.pl\/lettero-poligrafia\/offset\/stanowiska-retuszerskie\/stanowisko-korekcyjne-do-kontroli-form-drukowych-na-stelazu-format-b2-skr-b2-st\/\" \/>\n<meta property=\"og:locale\" content=\"en_US\" \/>\n<meta property=\"og:type\" content=\"article\" \/>\n<meta property=\"og:title\" content=\"SKR-B2-ST retouching workstations B2 - Lettero - Sprz\u0119t dla poligrafii | Meble metalowe\" \/>\n<meta property=\"og:description\" content=\"SK proofreading workstations are used for assessment and chemical-induced correction of offset plates. They are produced in two formats: B2 and B1 and mounted on a [\u2026]\" \/>\n<meta property=\"og:url\" content=\"https:\/\/lettero.com.pl\/lettero-poligrafia\/offset\/stanowiska-retuszerskie\/stanowisko-korekcyjne-do-kontroli-form-drukowych-na-stelazu-format-b2-skr-b2-st\/\" \/>\n<meta property=\"og:site_name\" content=\"Lettero - Sprz\u0119t dla poligrafii | Meble metalowe\" \/>\n<meta property=\"article:modified_time\" content=\"2018-09-19T18:13:50+00:00\" \/>\n<meta property=\"og:image\" content=\"https:\/\/lettero.com.pl\/wp-content\/uploads\/2018\/04\/sk-b1.jpg\" \/>\n\t<meta property=\"og:image:width\" content=\"602\" \/>\n\t<meta property=\"og:image:height\" content=\"602\" \/>\n\t<meta property=\"og:image:type\" content=\"image\/jpeg\" \/>\n<meta name=\"twitter:card\" content=\"summary_large_image\" \/>\n<script type=\"application\/ld+json\" class=\"yoast-schema-graph\">{\"@context\":\"https:\/\/schema.org\",\"@graph\":[{\"@type\":\"WebPage\",\"@id\":\"https:\/\/lettero.com.pl\/lettero-poligrafia\/offset\/stanowiska-retuszerskie\/stanowisko-korekcyjne-do-kontroli-form-drukowych-na-stelazu-format-b2-skr-b2-st\/\",\"url\":\"https:\/\/lettero.com.pl\/lettero-poligrafia\/offset\/stanowiska-retuszerskie\/stanowisko-korekcyjne-do-kontroli-form-drukowych-na-stelazu-format-b2-skr-b2-st\/\",\"name\":\"SKR-B2-ST retouching workstations B2 - Lettero - Sprz\u0119t dla poligrafii | Meble metalowe\",\"isPartOf\":{\"@id\":\"https:\/\/lettero.com.pl\/#website\"},\"primaryImageOfPage\":{\"@id\":\"https:\/\/lettero.com.pl\/lettero-poligrafia\/offset\/stanowiska-retuszerskie\/stanowisko-korekcyjne-do-kontroli-form-drukowych-na-stelazu-format-b2-skr-b2-st\/#primaryimage\"},\"image\":{\"@id\":\"https:\/\/lettero.com.pl\/lettero-poligrafia\/offset\/stanowiska-retuszerskie\/stanowisko-korekcyjne-do-kontroli-form-drukowych-na-stelazu-format-b2-skr-b2-st\/#primaryimage\"},\"thumbnailUrl\":\"https:\/\/lettero.com.pl\/wp-content\/uploads\/2018\/04\/sk-b1.jpg\",\"datePublished\":\"2018-04-18T09:58:09+00:00\",\"dateModified\":\"2018-09-19T18:13:50+00:00\",\"breadcrumb\":{\"@id\":\"https:\/\/lettero.com.pl\/lettero-poligrafia\/offset\/stanowiska-retuszerskie\/stanowisko-korekcyjne-do-kontroli-form-drukowych-na-stelazu-format-b2-skr-b2-st\/#breadcrumb\"},\"inLanguage\":\"en-US\",\"potentialAction\":[{\"@type\":\"ReadAction\",\"target\":[\"https:\/\/lettero.com.pl\/lettero-poligrafia\/offset\/stanowiska-retuszerskie\/stanowisko-korekcyjne-do-kontroli-form-drukowych-na-stelazu-format-b2-skr-b2-st\/\"]}]},{\"@type\":\"ImageObject\",\"inLanguage\":\"en-US\",\"@id\":\"https:\/\/lettero.com.pl\/lettero-poligrafia\/offset\/stanowiska-retuszerskie\/stanowisko-korekcyjne-do-kontroli-form-drukowych-na-stelazu-format-b2-skr-b2-st\/#primaryimage\",\"url\":\"https:\/\/lettero.com.pl\/wp-content\/uploads\/2018\/04\/sk-b1.jpg\",\"contentUrl\":\"https:\/\/lettero.com.pl\/wp-content\/uploads\/2018\/04\/sk-b1.jpg\",\"width\":602,\"height\":602,\"caption\":\"retouching workstation B1\"},{\"@type\":\"BreadcrumbList\",\"@id\":\"https:\/\/lettero.com.pl\/lettero-poligrafia\/offset\/stanowiska-retuszerskie\/stanowisko-korekcyjne-do-kontroli-form-drukowych-na-stelazu-format-b2-skr-b2-st\/#breadcrumb\",\"itemListElement\":[{\"@type\":\"ListItem\",\"position\":1,\"name\":\"Strona g\u0142\u00f3wna\",\"item\":\"https:\/\/lettero.com.pl\/en\/\"},{\"@type\":\"ListItem\",\"position\":2,\"name\":\"Oferta\",\"item\":\"https:\/\/lettero.com.pl\/oferta-3\/\"},{\"@type\":\"ListItem\",\"position\":3,\"name\":\"SKR-B2-ST retouching workstations B2\"}]},{\"@type\":\"WebSite\",\"@id\":\"https:\/\/lettero.com.pl\/#website\",\"url\":\"https:\/\/lettero.com.pl\/\",\"name\":\"Lettero - Sprz\u0119t dla poligrafii | Meble metalowe\",\"description\":\"Pe\u0142na oferta polskiego producenta urz\u0105dze\u0144 dla poligrafii. Kabiny \u015bwietlne. Meble metalowe: biurowe, socjalne, magazynowe\",\"potentialAction\":[{\"@type\":\"SearchAction\",\"target\":{\"@type\":\"EntryPoint\",\"urlTemplate\":\"https:\/\/lettero.com.pl\/?s={search_term_string}\"},\"query-input\":{\"@type\":\"PropertyValueSpecification\",\"valueRequired\":true,\"valueName\":\"search_term_string\"}}],\"inLanguage\":\"en-US\"}]}<\/script>\n<!-- \/ Yoast SEO plugin. -->","yoast_head_json":{"title":"SKR-B2-ST retouching workstations B2 - Lettero - Sprz\u0119t dla poligrafii | Meble metalowe","robots":{"index":"index","follow":"follow","max-snippet":"max-snippet:-1","max-image-preview":"max-image-preview:large","max-video-preview":"max-video-preview:-1"},"canonical":"https:\/\/lettero.com.pl\/lettero-poligrafia\/offset\/stanowiska-retuszerskie\/stanowisko-korekcyjne-do-kontroli-form-drukowych-na-stelazu-format-b2-skr-b2-st\/","og_locale":"en_US","og_type":"article","og_title":"SKR-B2-ST retouching workstations B2 - Lettero - Sprz\u0119t dla poligrafii | Meble metalowe","og_description":"SK proofreading workstations are used for assessment and chemical-induced correction of offset plates. They are produced in two formats: B2 and B1 and mounted on a [\u2026]","og_url":"https:\/\/lettero.com.pl\/lettero-poligrafia\/offset\/stanowiska-retuszerskie\/stanowisko-korekcyjne-do-kontroli-form-drukowych-na-stelazu-format-b2-skr-b2-st\/","og_site_name":"Lettero - Sprz\u0119t dla poligrafii | Meble metalowe","article_modified_time":"2018-09-19T18:13:50+00:00","og_image":[{"width":602,"height":602,"url":"https:\/\/lettero.com.pl\/wp-content\/uploads\/2018\/04\/sk-b1.jpg","type":"image\/jpeg"}],"twitter_card":"summary_large_image","schema":{"@context":"https:\/\/schema.org","@graph":[{"@type":"WebPage","@id":"https:\/\/lettero.com.pl\/lettero-poligrafia\/offset\/stanowiska-retuszerskie\/stanowisko-korekcyjne-do-kontroli-form-drukowych-na-stelazu-format-b2-skr-b2-st\/","url":"https:\/\/lettero.com.pl\/lettero-poligrafia\/offset\/stanowiska-retuszerskie\/stanowisko-korekcyjne-do-kontroli-form-drukowych-na-stelazu-format-b2-skr-b2-st\/","name":"SKR-B2-ST retouching workstations B2 - Lettero - Sprz\u0119t dla poligrafii | Meble metalowe","isPartOf":{"@id":"https:\/\/lettero.com.pl\/#website"},"primaryImageOfPage":{"@id":"https:\/\/lettero.com.pl\/lettero-poligrafia\/offset\/stanowiska-retuszerskie\/stanowisko-korekcyjne-do-kontroli-form-drukowych-na-stelazu-format-b2-skr-b2-st\/#primaryimage"},"image":{"@id":"https:\/\/lettero.com.pl\/lettero-poligrafia\/offset\/stanowiska-retuszerskie\/stanowisko-korekcyjne-do-kontroli-form-drukowych-na-stelazu-format-b2-skr-b2-st\/#primaryimage"},"thumbnailUrl":"https:\/\/lettero.com.pl\/wp-content\/uploads\/2018\/04\/sk-b1.jpg","datePublished":"2018-04-18T09:58:09+00:00","dateModified":"2018-09-19T18:13:50+00:00","breadcrumb":{"@id":"https:\/\/lettero.com.pl\/lettero-poligrafia\/offset\/stanowiska-retuszerskie\/stanowisko-korekcyjne-do-kontroli-form-drukowych-na-stelazu-format-b2-skr-b2-st\/#breadcrumb"},"inLanguage":"en-US","potentialAction":[{"@type":"ReadAction","target":["https:\/\/lettero.com.pl\/lettero-poligrafia\/offset\/stanowiska-retuszerskie\/stanowisko-korekcyjne-do-kontroli-form-drukowych-na-stelazu-format-b2-skr-b2-st\/"]}]},{"@type":"ImageObject","inLanguage":"en-US","@id":"https:\/\/lettero.com.pl\/lettero-poligrafia\/offset\/stanowiska-retuszerskie\/stanowisko-korekcyjne-do-kontroli-form-drukowych-na-stelazu-format-b2-skr-b2-st\/#primaryimage","url":"https:\/\/lettero.com.pl\/wp-content\/uploads\/2018\/04\/sk-b1.jpg","contentUrl":"https:\/\/lettero.com.pl\/wp-content\/uploads\/2018\/04\/sk-b1.jpg","width":602,"height":602,"caption":"retouching workstation B1"},{"@type":"BreadcrumbList","@id":"https:\/\/lettero.com.pl\/lettero-poligrafia\/offset\/stanowiska-retuszerskie\/stanowisko-korekcyjne-do-kontroli-form-drukowych-na-stelazu-format-b2-skr-b2-st\/#breadcrumb","itemListElement":[{"@type":"ListItem","position":1,"name":"Strona g\u0142\u00f3wna","item":"https:\/\/lettero.com.pl\/en\/"},{"@type":"ListItem","position":2,"name":"Oferta","item":"https:\/\/lettero.com.pl\/oferta-3\/"},{"@type":"ListItem","position":3,"name":"SKR-B2-ST retouching workstations B2"}]},{"@type":"WebSite","@id":"https:\/\/lettero.com.pl\/#website","url":"https:\/\/lettero.com.pl\/","name":"Lettero - Sprz\u0119t dla poligrafii | Meble metalowe","description":"Pe\u0142na oferta polskiego producenta urz\u0105dze\u0144 dla poligrafii. Kabiny \u015bwietlne. Meble metalowe: biurowe, socjalne, magazynowe","potentialAction":[{"@type":"SearchAction","target":{"@type":"EntryPoint","urlTemplate":"https:\/\/lettero.com.pl\/?s={search_term_string}"},"query-input":{"@type":"PropertyValueSpecification","valueRequired":true,"valueName":"search_term_string"}}],"inLanguage":"en-US"}]}},"_links":{"self":[{"href":"https:\/\/lettero.com.pl\/en\/wp-json\/wp\/v2\/product\/4075","targetHints":{"allow":["GET"]}}],"collection":[{"href":"https:\/\/lettero.com.pl\/en\/wp-json\/wp\/v2\/product"}],"about":[{"href":"https:\/\/lettero.com.pl\/en\/wp-json\/wp\/v2\/types\/product"}],"wp:featuredmedia":[{"embeddable":true,"href":"https:\/\/lettero.com.pl\/en\/wp-json\/wp\/v2\/media\/1858"}],"wp:attachment":[{"href":"https:\/\/lettero.com.pl\/en\/wp-json\/wp\/v2\/media?parent=4075"}],"wp:term":[{"taxonomy":"product_brand","embeddable":true,"href":"https:\/\/lettero.com.pl\/en\/wp-json\/wp\/v2\/product_brand?post=4075"},{"taxonomy":"product_cat","embeddable":true,"href":"https:\/\/lettero.com.pl\/en\/wp-json\/wp\/v2\/product_cat?post=4075"},{"taxonomy":"product_tag","embeddable":true,"href":"https:\/\/lettero.com.pl\/en\/wp-json\/wp\/v2\/product_tag?post=4075"}],"curies":[{"name":"wp","href":"https:\/\/api.w.org\/{rel}","templated":true}]}}