{"id":4069,"date":"2018-04-18T10:20:32","date_gmt":"2018-04-18T08:20:32","guid":{"rendered":"http:\/\/lettero.opticomweb.tk\/sklep\/uncategorized\/movable-shelving-system-for-magnetic-cylinders\/"},"modified":"2018-09-19T20:13:53","modified_gmt":"2018-09-19T18:13:53","slug":"movable-shelving-system-for-magnetic-cylinders","status":"publish","type":"product","link":"https:\/\/lettero.com.pl\/en\/poligraphy-equipment\/flexography\/printing-cylinders-storage\/movable-shelving-system-for-magnetic-cylinders\/","title":{"rendered":"Movable shelving system for magnetic cylinders"},"content":{"rendered":"<p>The inside, of Lettero-roller movable shelving system for magnetic cylinders, can be equipped with shelves and slings for various elements of printing equipment, including for flexographic magnetic cylinders.<\/p>\n<p>&nbsp;<\/p>\n<p>Marking of movable shelving system:<\/p>\n<ul>\n<li>RJM CM &#8211; movable shelving system manually controlled for magnetic cylinder<\/li>\n<li>RJE CM &#8211; movable shelving system with electric driver for magnetic cylinder<\/li>\n<li>RJS CM &#8211; stationary movable shelving system for magnetic cylinder<\/li>\n<\/ul>\n<p>&nbsp;<\/p>\n<p><strong>Movable shelving system:<\/strong><\/p>\n<ul>\n<li>Rack&#8217;s height: do 2500 mm<\/li>\n<li>Shelf&#8217;s width: 750, 1000 mm<\/li>\n<li>Shelf&#8217;s depth: 300, 400, 500, 600 i 800 mm<\/li>\n<li>Number of shelves in the rack: 2, 3, 4 + 1 upper, as a cover shelf<\/li>\n<li>Distance between the shelves: adjustable every 25 mm on the hooks<\/li>\n<li>Load capacity: standard 40 kg (optional 80kg)<\/li>\n<\/ul>\n<p>&nbsp;<\/p>\n","protected":false},"excerpt":{"rendered":"<p>The inside, of Lettero-roller movable shelving system for magnetic cylinders, can be equipped with shelves and slings for various elements of printing equipment, including for flexographic<span class=\"excerpt-hellip\"> [\u2026]<\/span><\/p>\n","protected":false},"featured_media":1821,"template":"","meta":[],"product_brand":[],"product_cat":[289],"product_tag":[],"class_list":{"0":"post-4069","1":"product","2":"type-product","3":"status-publish","4":"has-post-thumbnail","6":"product_cat-printing-cylinders-storage","8":"first","9":"instock","10":"shipping-taxable","11":"product-type-simple"},"yoast_head":"<!-- This site is optimized with the Yoast SEO plugin v27.5 - https:\/\/yoast.com\/product\/yoast-seo-wordpress\/ -->\n<title>Movable shelving system for magnetic cylinders - Lettero - Sprz\u0119t dla poligrafii | Meble metalowe<\/title>\n<meta name=\"robots\" content=\"index, follow, max-snippet:-1, max-image-preview:large, max-video-preview:-1\" \/>\n<link rel=\"canonical\" href=\"https:\/\/lettero.com.pl\/lettero-poligrafia\/fleksografia\/przechowywanie-cylindrow-drukarskich\/regaly-jezdne-na-cylindry-magnetyczne\/\" \/>\n<meta property=\"og:locale\" content=\"en_US\" \/>\n<meta property=\"og:type\" content=\"article\" \/>\n<meta property=\"og:title\" content=\"Movable shelving system for magnetic cylinders - Lettero - Sprz\u0119t dla poligrafii | Meble metalowe\" \/>\n<meta property=\"og:description\" content=\"The inside, of Lettero-roller movable shelving system for magnetic cylinders, can be equipped with shelves and slings for various elements of printing equipment, including for flexographic [\u2026]\" \/>\n<meta property=\"og:url\" content=\"https:\/\/lettero.com.pl\/lettero-poligrafia\/fleksografia\/przechowywanie-cylindrow-drukarskich\/regaly-jezdne-na-cylindry-magnetyczne\/\" \/>\n<meta property=\"og:site_name\" content=\"Lettero - Sprz\u0119t dla poligrafii | Meble metalowe\" \/>\n<meta property=\"article:modified_time\" content=\"2018-09-19T18:13:53+00:00\" \/>\n<meta property=\"og:image\" content=\"https:\/\/lettero.com.pl\/wp-content\/uploads\/2018\/04\/jezdny-na-cylindry.jpg\" \/>\n\t<meta property=\"og:image:width\" content=\"500\" \/>\n\t<meta property=\"og:image:height\" content=\"500\" \/>\n\t<meta property=\"og:image:type\" content=\"image\/jpeg\" \/>\n<meta name=\"twitter:card\" content=\"summary_large_image\" \/>\n<meta name=\"twitter:label1\" content=\"Est. reading time\" \/>\n\t<meta name=\"twitter:data1\" content=\"1 minute\" \/>\n<script type=\"application\/ld+json\" class=\"yoast-schema-graph\">{\"@context\":\"https:\\\/\\\/schema.org\",\"@graph\":[{\"@type\":\"WebPage\",\"@id\":\"https:\\\/\\\/lettero.com.pl\\\/lettero-poligrafia\\\/fleksografia\\\/przechowywanie-cylindrow-drukarskich\\\/regaly-jezdne-na-cylindry-magnetyczne\\\/\",\"url\":\"https:\\\/\\\/lettero.com.pl\\\/lettero-poligrafia\\\/fleksografia\\\/przechowywanie-cylindrow-drukarskich\\\/regaly-jezdne-na-cylindry-magnetyczne\\\/\",\"name\":\"Movable shelving system for magnetic cylinders - Lettero - Sprz\u0119t dla poligrafii | Meble metalowe\",\"isPartOf\":{\"@id\":\"https:\\\/\\\/lettero.com.pl\\\/#website\"},\"primaryImageOfPage\":{\"@id\":\"https:\\\/\\\/lettero.com.pl\\\/lettero-poligrafia\\\/fleksografia\\\/przechowywanie-cylindrow-drukarskich\\\/regaly-jezdne-na-cylindry-magnetyczne\\\/#primaryimage\"},\"image\":{\"@id\":\"https:\\\/\\\/lettero.com.pl\\\/lettero-poligrafia\\\/fleksografia\\\/przechowywanie-cylindrow-drukarskich\\\/regaly-jezdne-na-cylindry-magnetyczne\\\/#primaryimage\"},\"thumbnailUrl\":\"https:\\\/\\\/lettero.com.pl\\\/wp-content\\\/uploads\\\/2018\\\/04\\\/jezdny-na-cylindry.jpg\",\"datePublished\":\"2018-04-18T08:20:32+00:00\",\"dateModified\":\"2018-09-19T18:13:53+00:00\",\"breadcrumb\":{\"@id\":\"https:\\\/\\\/lettero.com.pl\\\/lettero-poligrafia\\\/fleksografia\\\/przechowywanie-cylindrow-drukarskich\\\/regaly-jezdne-na-cylindry-magnetyczne\\\/#breadcrumb\"},\"inLanguage\":\"en-US\",\"potentialAction\":[{\"@type\":\"ReadAction\",\"target\":[\"https:\\\/\\\/lettero.com.pl\\\/lettero-poligrafia\\\/fleksografia\\\/przechowywanie-cylindrow-drukarskich\\\/regaly-jezdne-na-cylindry-magnetyczne\\\/\"]}]},{\"@type\":\"ImageObject\",\"inLanguage\":\"en-US\",\"@id\":\"https:\\\/\\\/lettero.com.pl\\\/lettero-poligrafia\\\/fleksografia\\\/przechowywanie-cylindrow-drukarskich\\\/regaly-jezdne-na-cylindry-magnetyczne\\\/#primaryimage\",\"url\":\"https:\\\/\\\/lettero.com.pl\\\/wp-content\\\/uploads\\\/2018\\\/04\\\/jezdny-na-cylindry.jpg\",\"contentUrl\":\"https:\\\/\\\/lettero.com.pl\\\/wp-content\\\/uploads\\\/2018\\\/04\\\/jezdny-na-cylindry.jpg\",\"width\":500,\"height\":500,\"caption\":\"Movable shelving system for magnetic cylinders\"},{\"@type\":\"BreadcrumbList\",\"@id\":\"https:\\\/\\\/lettero.com.pl\\\/lettero-poligrafia\\\/fleksografia\\\/przechowywanie-cylindrow-drukarskich\\\/regaly-jezdne-na-cylindry-magnetyczne\\\/#breadcrumb\",\"itemListElement\":[{\"@type\":\"ListItem\",\"position\":1,\"name\":\"Strona g\u0142\u00f3wna\",\"item\":\"https:\\\/\\\/lettero.com.pl\\\/en\\\/\"},{\"@type\":\"ListItem\",\"position\":2,\"name\":\"Oferta\",\"item\":\"https:\\\/\\\/lettero.com.pl\\\/oferta-3\\\/\"},{\"@type\":\"ListItem\",\"position\":3,\"name\":\"Movable shelving system for magnetic cylinders\"}]},{\"@type\":\"WebSite\",\"@id\":\"https:\\\/\\\/lettero.com.pl\\\/#website\",\"url\":\"https:\\\/\\\/lettero.com.pl\\\/\",\"name\":\"Lettero - Sprz\u0119t dla poligrafii | Meble metalowe\",\"description\":\"Pe\u0142na oferta polskiego producenta urz\u0105dze\u0144 dla poligrafii. Kabiny \u015bwietlne. Meble metalowe: biurowe, socjalne, magazynowe\",\"potentialAction\":[{\"@type\":\"SearchAction\",\"target\":{\"@type\":\"EntryPoint\",\"urlTemplate\":\"https:\\\/\\\/lettero.com.pl\\\/?s={search_term_string}\"},\"query-input\":{\"@type\":\"PropertyValueSpecification\",\"valueRequired\":true,\"valueName\":\"search_term_string\"}}],\"inLanguage\":\"en-US\"}]}<\/script>\n<!-- \/ Yoast SEO plugin. -->","yoast_head_json":{"title":"Movable shelving system for magnetic cylinders - Lettero - Sprz\u0119t dla poligrafii | Meble metalowe","robots":{"index":"index","follow":"follow","max-snippet":"max-snippet:-1","max-image-preview":"max-image-preview:large","max-video-preview":"max-video-preview:-1"},"canonical":"https:\/\/lettero.com.pl\/lettero-poligrafia\/fleksografia\/przechowywanie-cylindrow-drukarskich\/regaly-jezdne-na-cylindry-magnetyczne\/","og_locale":"en_US","og_type":"article","og_title":"Movable shelving system for magnetic cylinders - Lettero - Sprz\u0119t dla poligrafii | Meble metalowe","og_description":"The inside, of Lettero-roller movable shelving system for magnetic cylinders, can be equipped with shelves and slings for various elements of printing equipment, including for flexographic [\u2026]","og_url":"https:\/\/lettero.com.pl\/lettero-poligrafia\/fleksografia\/przechowywanie-cylindrow-drukarskich\/regaly-jezdne-na-cylindry-magnetyczne\/","og_site_name":"Lettero - Sprz\u0119t dla poligrafii | Meble metalowe","article_modified_time":"2018-09-19T18:13:53+00:00","og_image":[{"width":500,"height":500,"url":"https:\/\/lettero.com.pl\/wp-content\/uploads\/2018\/04\/jezdny-na-cylindry.jpg","type":"image\/jpeg"}],"twitter_card":"summary_large_image","twitter_misc":{"Est. reading time":"1 minute"},"schema":{"@context":"https:\/\/schema.org","@graph":[{"@type":"WebPage","@id":"https:\/\/lettero.com.pl\/lettero-poligrafia\/fleksografia\/przechowywanie-cylindrow-drukarskich\/regaly-jezdne-na-cylindry-magnetyczne\/","url":"https:\/\/lettero.com.pl\/lettero-poligrafia\/fleksografia\/przechowywanie-cylindrow-drukarskich\/regaly-jezdne-na-cylindry-magnetyczne\/","name":"Movable shelving system for magnetic cylinders - Lettero - Sprz\u0119t dla poligrafii | Meble metalowe","isPartOf":{"@id":"https:\/\/lettero.com.pl\/#website"},"primaryImageOfPage":{"@id":"https:\/\/lettero.com.pl\/lettero-poligrafia\/fleksografia\/przechowywanie-cylindrow-drukarskich\/regaly-jezdne-na-cylindry-magnetyczne\/#primaryimage"},"image":{"@id":"https:\/\/lettero.com.pl\/lettero-poligrafia\/fleksografia\/przechowywanie-cylindrow-drukarskich\/regaly-jezdne-na-cylindry-magnetyczne\/#primaryimage"},"thumbnailUrl":"https:\/\/lettero.com.pl\/wp-content\/uploads\/2018\/04\/jezdny-na-cylindry.jpg","datePublished":"2018-04-18T08:20:32+00:00","dateModified":"2018-09-19T18:13:53+00:00","breadcrumb":{"@id":"https:\/\/lettero.com.pl\/lettero-poligrafia\/fleksografia\/przechowywanie-cylindrow-drukarskich\/regaly-jezdne-na-cylindry-magnetyczne\/#breadcrumb"},"inLanguage":"en-US","potentialAction":[{"@type":"ReadAction","target":["https:\/\/lettero.com.pl\/lettero-poligrafia\/fleksografia\/przechowywanie-cylindrow-drukarskich\/regaly-jezdne-na-cylindry-magnetyczne\/"]}]},{"@type":"ImageObject","inLanguage":"en-US","@id":"https:\/\/lettero.com.pl\/lettero-poligrafia\/fleksografia\/przechowywanie-cylindrow-drukarskich\/regaly-jezdne-na-cylindry-magnetyczne\/#primaryimage","url":"https:\/\/lettero.com.pl\/wp-content\/uploads\/2018\/04\/jezdny-na-cylindry.jpg","contentUrl":"https:\/\/lettero.com.pl\/wp-content\/uploads\/2018\/04\/jezdny-na-cylindry.jpg","width":500,"height":500,"caption":"Movable shelving system for magnetic cylinders"},{"@type":"BreadcrumbList","@id":"https:\/\/lettero.com.pl\/lettero-poligrafia\/fleksografia\/przechowywanie-cylindrow-drukarskich\/regaly-jezdne-na-cylindry-magnetyczne\/#breadcrumb","itemListElement":[{"@type":"ListItem","position":1,"name":"Strona g\u0142\u00f3wna","item":"https:\/\/lettero.com.pl\/en\/"},{"@type":"ListItem","position":2,"name":"Oferta","item":"https:\/\/lettero.com.pl\/oferta-3\/"},{"@type":"ListItem","position":3,"name":"Movable shelving system for magnetic cylinders"}]},{"@type":"WebSite","@id":"https:\/\/lettero.com.pl\/#website","url":"https:\/\/lettero.com.pl\/","name":"Lettero - Sprz\u0119t dla poligrafii | Meble metalowe","description":"Pe\u0142na oferta polskiego producenta urz\u0105dze\u0144 dla poligrafii. Kabiny \u015bwietlne. Meble metalowe: biurowe, socjalne, magazynowe","potentialAction":[{"@type":"SearchAction","target":{"@type":"EntryPoint","urlTemplate":"https:\/\/lettero.com.pl\/?s={search_term_string}"},"query-input":{"@type":"PropertyValueSpecification","valueRequired":true,"valueName":"search_term_string"}}],"inLanguage":"en-US"}]}},"_links":{"self":[{"href":"https:\/\/lettero.com.pl\/en\/wp-json\/wp\/v2\/product\/4069","targetHints":{"allow":["GET"]}}],"collection":[{"href":"https:\/\/lettero.com.pl\/en\/wp-json\/wp\/v2\/product"}],"about":[{"href":"https:\/\/lettero.com.pl\/en\/wp-json\/wp\/v2\/types\/product"}],"wp:featuredmedia":[{"embeddable":true,"href":"https:\/\/lettero.com.pl\/en\/wp-json\/wp\/v2\/media\/1821"}],"wp:attachment":[{"href":"https:\/\/lettero.com.pl\/en\/wp-json\/wp\/v2\/media?parent=4069"}],"wp:term":[{"taxonomy":"product_brand","embeddable":true,"href":"https:\/\/lettero.com.pl\/en\/wp-json\/wp\/v2\/product_brand?post=4069"},{"taxonomy":"product_cat","embeddable":true,"href":"https:\/\/lettero.com.pl\/en\/wp-json\/wp\/v2\/product_cat?post=4069"},{"taxonomy":"product_tag","embeddable":true,"href":"https:\/\/lettero.com.pl\/en\/wp-json\/wp\/v2\/product_tag?post=4069"}],"curies":[{"name":"wp","href":"https:\/\/api.w.org\/{rel}","templated":true}]}}