{"id":4058,"date":"2018-04-16T14:25:46","date_gmt":"2018-04-16T12:25:46","guid":{"rendered":"http:\/\/lettero.opticomweb.tk\/sklep\/uncategorized\/envelopes-for-photopolymers\/"},"modified":"2018-09-19T20:13:57","modified_gmt":"2018-09-19T18:13:57","slug":"envelopes-for-photopolymers","status":"publish","type":"product","link":"https:\/\/lettero.com.pl\/en\/poligraphy-equipment\/flexography\/envelope-racks-for-photopolymers\/envelopes-for-photopolymers\/","title":{"rendered":"Envelopes for photopolymers"},"content":{"rendered":"<p>Envelopes are designed for storage and transportation of sheet materials in RKOPO racks, RKOP envelope cabinets and on WKOP envelope carts.<\/p>\n<p>Envelopes are produced in two formats and can be mounted on Lettero hangers in various combinations.<\/p>\n<p>&nbsp;<\/p>\n<p style=\"text-align: center;\"><strong>Envelopes:<\/strong><\/p>\n<table class=\" aligncenter\" style=\"width: 300px;\">\n<tbody>\n<tr>\n<td>Envelope<\/td>\n<td>275&#215;435<\/td>\n<\/tr>\n<tr>\n<td>Envelope<\/td>\n<td>390&#215;495<\/td>\n<\/tr>\n<tr>\n<td>Envelope<\/td>\n<td>440&#215;565<\/td>\n<\/tr>\n<tr>\n<td>Envelope<\/td>\n<td>485&#215;570<\/td>\n<\/tr>\n<tr>\n<td>Envelope<\/td>\n<td>570&#215;695<\/td>\n<\/tr>\n<tr>\n<td>Envelope<\/td>\n<td>640&#215;795<\/td>\n<\/tr>\n<tr>\n<td>Envelope<\/td>\n<td>840&#215;1100<\/td>\n<\/tr>\n<\/tbody>\n<\/table>\n","protected":false},"excerpt":{"rendered":"<p>Envelopes are designed for storage and transportation of sheet materials in RKOPO racks, RKOP envelope cabinets and on WKOP envelope carts. Envelopes are produced in two<span class=\"excerpt-hellip\"> [\u2026]<\/span><\/p>\n","protected":false},"featured_media":1736,"template":"","meta":[],"product_brand":[],"product_cat":[213,218],"product_tag":[],"class_list":{"0":"post-4058","1":"product","2":"type-product","3":"status-publish","4":"has-post-thumbnail","6":"product_cat-envelope-racks-for-photopolymers","7":"product_cat-trolley-hanger-for-photopolymers","9":"first","10":"instock","11":"shipping-taxable","12":"product-type-simple"},"yoast_head":"<!-- This site is optimized with the Yoast SEO plugin v27.5 - https:\/\/yoast.com\/product\/yoast-seo-wordpress\/ -->\n<title>Envelopes for photopolymers - Lettero - Sprz\u0119t dla poligrafii | Meble metalowe<\/title>\n<meta name=\"robots\" content=\"index, follow, max-snippet:-1, max-image-preview:large, max-video-preview:-1\" \/>\n<link rel=\"canonical\" href=\"https:\/\/lettero.com.pl\/lettero-poligrafia\/fleksografia\/wozki-do-transportu-i-przechowywania-fotopolimerow\/koperty-do-przechowywania-fotopolimerow\/\" \/>\n<meta property=\"og:locale\" content=\"en_US\" \/>\n<meta property=\"og:type\" content=\"article\" \/>\n<meta property=\"og:title\" content=\"Envelopes for photopolymers - Lettero - Sprz\u0119t dla poligrafii | Meble metalowe\" \/>\n<meta property=\"og:description\" content=\"Envelopes are designed for storage and transportation of sheet materials in RKOPO racks, RKOP envelope cabinets and on WKOP envelope carts. Envelopes are produced in two [\u2026]\" \/>\n<meta property=\"og:url\" content=\"https:\/\/lettero.com.pl\/lettero-poligrafia\/fleksografia\/wozki-do-transportu-i-przechowywania-fotopolimerow\/koperty-do-przechowywania-fotopolimerow\/\" \/>\n<meta property=\"og:site_name\" content=\"Lettero - Sprz\u0119t dla poligrafii | Meble metalowe\" \/>\n<meta property=\"article:modified_time\" content=\"2018-09-19T18:13:57+00:00\" \/>\n<meta property=\"og:image\" content=\"https:\/\/lettero.com.pl\/wp-content\/uploads\/2018\/04\/koperty-na-fotopolimery-kopd-1-2.jpg\" \/>\n\t<meta property=\"og:image:width\" content=\"601\" \/>\n\t<meta property=\"og:image:height\" content=\"601\" \/>\n\t<meta property=\"og:image:type\" content=\"image\/jpeg\" \/>\n<meta name=\"twitter:card\" content=\"summary_large_image\" \/>\n<script type=\"application\/ld+json\" class=\"yoast-schema-graph\">{\"@context\":\"https:\\\/\\\/schema.org\",\"@graph\":[{\"@type\":\"WebPage\",\"@id\":\"https:\\\/\\\/lettero.com.pl\\\/lettero-poligrafia\\\/fleksografia\\\/wozki-do-transportu-i-przechowywania-fotopolimerow\\\/koperty-do-przechowywania-fotopolimerow\\\/\",\"url\":\"https:\\\/\\\/lettero.com.pl\\\/lettero-poligrafia\\\/fleksografia\\\/wozki-do-transportu-i-przechowywania-fotopolimerow\\\/koperty-do-przechowywania-fotopolimerow\\\/\",\"name\":\"Envelopes for photopolymers - Lettero - Sprz\u0119t dla poligrafii | Meble metalowe\",\"isPartOf\":{\"@id\":\"https:\\\/\\\/lettero.com.pl\\\/#website\"},\"primaryImageOfPage\":{\"@id\":\"https:\\\/\\\/lettero.com.pl\\\/lettero-poligrafia\\\/fleksografia\\\/wozki-do-transportu-i-przechowywania-fotopolimerow\\\/koperty-do-przechowywania-fotopolimerow\\\/#primaryimage\"},\"image\":{\"@id\":\"https:\\\/\\\/lettero.com.pl\\\/lettero-poligrafia\\\/fleksografia\\\/wozki-do-transportu-i-przechowywania-fotopolimerow\\\/koperty-do-przechowywania-fotopolimerow\\\/#primaryimage\"},\"thumbnailUrl\":\"https:\\\/\\\/lettero.com.pl\\\/wp-content\\\/uploads\\\/2018\\\/04\\\/koperty-na-fotopolimery-kopd-1-2.jpg\",\"datePublished\":\"2018-04-16T12:25:46+00:00\",\"dateModified\":\"2018-09-19T18:13:57+00:00\",\"breadcrumb\":{\"@id\":\"https:\\\/\\\/lettero.com.pl\\\/lettero-poligrafia\\\/fleksografia\\\/wozki-do-transportu-i-przechowywania-fotopolimerow\\\/koperty-do-przechowywania-fotopolimerow\\\/#breadcrumb\"},\"inLanguage\":\"en-US\",\"potentialAction\":[{\"@type\":\"ReadAction\",\"target\":[\"https:\\\/\\\/lettero.com.pl\\\/lettero-poligrafia\\\/fleksografia\\\/wozki-do-transportu-i-przechowywania-fotopolimerow\\\/koperty-do-przechowywania-fotopolimerow\\\/\"]}]},{\"@type\":\"ImageObject\",\"inLanguage\":\"en-US\",\"@id\":\"https:\\\/\\\/lettero.com.pl\\\/lettero-poligrafia\\\/fleksografia\\\/wozki-do-transportu-i-przechowywania-fotopolimerow\\\/koperty-do-przechowywania-fotopolimerow\\\/#primaryimage\",\"url\":\"https:\\\/\\\/lettero.com.pl\\\/wp-content\\\/uploads\\\/2018\\\/04\\\/koperty-na-fotopolimery-kopd-1-2.jpg\",\"contentUrl\":\"https:\\\/\\\/lettero.com.pl\\\/wp-content\\\/uploads\\\/2018\\\/04\\\/koperty-na-fotopolimery-kopd-1-2.jpg\",\"width\":601,\"height\":601,\"caption\":\"photopolymers envelopes\"},{\"@type\":\"BreadcrumbList\",\"@id\":\"https:\\\/\\\/lettero.com.pl\\\/lettero-poligrafia\\\/fleksografia\\\/wozki-do-transportu-i-przechowywania-fotopolimerow\\\/koperty-do-przechowywania-fotopolimerow\\\/#breadcrumb\",\"itemListElement\":[{\"@type\":\"ListItem\",\"position\":1,\"name\":\"Strona g\u0142\u00f3wna\",\"item\":\"https:\\\/\\\/lettero.com.pl\\\/en\\\/\"},{\"@type\":\"ListItem\",\"position\":2,\"name\":\"Oferta\",\"item\":\"https:\\\/\\\/lettero.com.pl\\\/oferta-3\\\/\"},{\"@type\":\"ListItem\",\"position\":3,\"name\":\"Envelopes for photopolymers\"}]},{\"@type\":\"WebSite\",\"@id\":\"https:\\\/\\\/lettero.com.pl\\\/#website\",\"url\":\"https:\\\/\\\/lettero.com.pl\\\/\",\"name\":\"Lettero - Sprz\u0119t dla poligrafii | Meble metalowe\",\"description\":\"Pe\u0142na oferta polskiego producenta urz\u0105dze\u0144 dla poligrafii. Kabiny \u015bwietlne. Meble metalowe: biurowe, socjalne, magazynowe\",\"potentialAction\":[{\"@type\":\"SearchAction\",\"target\":{\"@type\":\"EntryPoint\",\"urlTemplate\":\"https:\\\/\\\/lettero.com.pl\\\/?s={search_term_string}\"},\"query-input\":{\"@type\":\"PropertyValueSpecification\",\"valueRequired\":true,\"valueName\":\"search_term_string\"}}],\"inLanguage\":\"en-US\"}]}<\/script>\n<!-- \/ Yoast SEO plugin. -->","yoast_head_json":{"title":"Envelopes for photopolymers - Lettero - Sprz\u0119t dla poligrafii | Meble metalowe","robots":{"index":"index","follow":"follow","max-snippet":"max-snippet:-1","max-image-preview":"max-image-preview:large","max-video-preview":"max-video-preview:-1"},"canonical":"https:\/\/lettero.com.pl\/lettero-poligrafia\/fleksografia\/wozki-do-transportu-i-przechowywania-fotopolimerow\/koperty-do-przechowywania-fotopolimerow\/","og_locale":"en_US","og_type":"article","og_title":"Envelopes for photopolymers - Lettero - Sprz\u0119t dla poligrafii | Meble metalowe","og_description":"Envelopes are designed for storage and transportation of sheet materials in RKOPO racks, RKOP envelope cabinets and on WKOP envelope carts. Envelopes are produced in two [\u2026]","og_url":"https:\/\/lettero.com.pl\/lettero-poligrafia\/fleksografia\/wozki-do-transportu-i-przechowywania-fotopolimerow\/koperty-do-przechowywania-fotopolimerow\/","og_site_name":"Lettero - Sprz\u0119t dla poligrafii | Meble metalowe","article_modified_time":"2018-09-19T18:13:57+00:00","og_image":[{"width":601,"height":601,"url":"https:\/\/lettero.com.pl\/wp-content\/uploads\/2018\/04\/koperty-na-fotopolimery-kopd-1-2.jpg","type":"image\/jpeg"}],"twitter_card":"summary_large_image","schema":{"@context":"https:\/\/schema.org","@graph":[{"@type":"WebPage","@id":"https:\/\/lettero.com.pl\/lettero-poligrafia\/fleksografia\/wozki-do-transportu-i-przechowywania-fotopolimerow\/koperty-do-przechowywania-fotopolimerow\/","url":"https:\/\/lettero.com.pl\/lettero-poligrafia\/fleksografia\/wozki-do-transportu-i-przechowywania-fotopolimerow\/koperty-do-przechowywania-fotopolimerow\/","name":"Envelopes for photopolymers - Lettero - Sprz\u0119t dla poligrafii | Meble metalowe","isPartOf":{"@id":"https:\/\/lettero.com.pl\/#website"},"primaryImageOfPage":{"@id":"https:\/\/lettero.com.pl\/lettero-poligrafia\/fleksografia\/wozki-do-transportu-i-przechowywania-fotopolimerow\/koperty-do-przechowywania-fotopolimerow\/#primaryimage"},"image":{"@id":"https:\/\/lettero.com.pl\/lettero-poligrafia\/fleksografia\/wozki-do-transportu-i-przechowywania-fotopolimerow\/koperty-do-przechowywania-fotopolimerow\/#primaryimage"},"thumbnailUrl":"https:\/\/lettero.com.pl\/wp-content\/uploads\/2018\/04\/koperty-na-fotopolimery-kopd-1-2.jpg","datePublished":"2018-04-16T12:25:46+00:00","dateModified":"2018-09-19T18:13:57+00:00","breadcrumb":{"@id":"https:\/\/lettero.com.pl\/lettero-poligrafia\/fleksografia\/wozki-do-transportu-i-przechowywania-fotopolimerow\/koperty-do-przechowywania-fotopolimerow\/#breadcrumb"},"inLanguage":"en-US","potentialAction":[{"@type":"ReadAction","target":["https:\/\/lettero.com.pl\/lettero-poligrafia\/fleksografia\/wozki-do-transportu-i-przechowywania-fotopolimerow\/koperty-do-przechowywania-fotopolimerow\/"]}]},{"@type":"ImageObject","inLanguage":"en-US","@id":"https:\/\/lettero.com.pl\/lettero-poligrafia\/fleksografia\/wozki-do-transportu-i-przechowywania-fotopolimerow\/koperty-do-przechowywania-fotopolimerow\/#primaryimage","url":"https:\/\/lettero.com.pl\/wp-content\/uploads\/2018\/04\/koperty-na-fotopolimery-kopd-1-2.jpg","contentUrl":"https:\/\/lettero.com.pl\/wp-content\/uploads\/2018\/04\/koperty-na-fotopolimery-kopd-1-2.jpg","width":601,"height":601,"caption":"photopolymers envelopes"},{"@type":"BreadcrumbList","@id":"https:\/\/lettero.com.pl\/lettero-poligrafia\/fleksografia\/wozki-do-transportu-i-przechowywania-fotopolimerow\/koperty-do-przechowywania-fotopolimerow\/#breadcrumb","itemListElement":[{"@type":"ListItem","position":1,"name":"Strona g\u0142\u00f3wna","item":"https:\/\/lettero.com.pl\/en\/"},{"@type":"ListItem","position":2,"name":"Oferta","item":"https:\/\/lettero.com.pl\/oferta-3\/"},{"@type":"ListItem","position":3,"name":"Envelopes for photopolymers"}]},{"@type":"WebSite","@id":"https:\/\/lettero.com.pl\/#website","url":"https:\/\/lettero.com.pl\/","name":"Lettero - Sprz\u0119t dla poligrafii | Meble metalowe","description":"Pe\u0142na oferta polskiego producenta urz\u0105dze\u0144 dla poligrafii. Kabiny \u015bwietlne. Meble metalowe: biurowe, socjalne, magazynowe","potentialAction":[{"@type":"SearchAction","target":{"@type":"EntryPoint","urlTemplate":"https:\/\/lettero.com.pl\/?s={search_term_string}"},"query-input":{"@type":"PropertyValueSpecification","valueRequired":true,"valueName":"search_term_string"}}],"inLanguage":"en-US"}]}},"_links":{"self":[{"href":"https:\/\/lettero.com.pl\/en\/wp-json\/wp\/v2\/product\/4058","targetHints":{"allow":["GET"]}}],"collection":[{"href":"https:\/\/lettero.com.pl\/en\/wp-json\/wp\/v2\/product"}],"about":[{"href":"https:\/\/lettero.com.pl\/en\/wp-json\/wp\/v2\/types\/product"}],"wp:featuredmedia":[{"embeddable":true,"href":"https:\/\/lettero.com.pl\/en\/wp-json\/wp\/v2\/media\/1736"}],"wp:attachment":[{"href":"https:\/\/lettero.com.pl\/en\/wp-json\/wp\/v2\/media?parent=4058"}],"wp:term":[{"taxonomy":"product_brand","embeddable":true,"href":"https:\/\/lettero.com.pl\/en\/wp-json\/wp\/v2\/product_brand?post=4058"},{"taxonomy":"product_cat","embeddable":true,"href":"https:\/\/lettero.com.pl\/en\/wp-json\/wp\/v2\/product_cat?post=4058"},{"taxonomy":"product_tag","embeddable":true,"href":"https:\/\/lettero.com.pl\/en\/wp-json\/wp\/v2\/product_tag?post=4058"}],"curies":[{"name":"wp","href":"https:\/\/api.w.org\/{rel}","templated":true}]}}