{"id":4057,"date":"2018-04-16T13:21:43","date_gmt":"2018-04-16T11:21:43","guid":{"rendered":"http:\/\/lettero.opticomweb.tk\/sklep\/uncategorized\/envelope-rack-for-photopolymers-rkopo\/"},"modified":"2018-09-19T20:14:03","modified_gmt":"2018-09-19T18:14:03","slug":"envelope-rack-for-photopolymers-rkopo","status":"publish","type":"product","link":"https:\/\/lettero.com.pl\/en\/poligraphy-equipment\/flexography\/envelope-racks-for-photopolymers\/envelope-rack-for-photopolymers-rkopo\/","title":{"rendered":"Envelope rack for photopolymers RKOPO"},"content":{"rendered":"<div>\n<p align=\"left\"><strong>RKOPO envelope rack for photopolymers.<\/strong><\/p>\n<p>Cabinets and racks for photopolymers are designed for storing photopolymer&#8217;s sheet in hanging lettero envelopes or any other envelopes attached to the versatile lettero envelope holder.<\/p>\n<p>&nbsp;<\/p>\n<p><strong>Dimensions<\/strong> WxDxH: 1000\/1200x650x1980\/2480 mm<\/p>\n<p>&nbsp;<\/p>\n<\/div>\n","protected":false},"excerpt":{"rendered":"<p>RKOPO envelope rack for photopolymers. Cabinets and racks for photopolymers are designed for storing photopolymer&#8217;s sheet in hanging lettero envelopes or any other envelopes attached to<span class=\"excerpt-hellip\"> [\u2026]<\/span><\/p>\n","protected":false},"featured_media":1685,"template":"","meta":[],"product_brand":[],"product_cat":[213],"product_tag":[],"class_list":{"0":"post-4057","1":"product","2":"type-product","3":"status-publish","4":"has-post-thumbnail","6":"product_cat-envelope-racks-for-photopolymers","8":"first","9":"instock","10":"shipping-taxable","11":"product-type-simple"},"yoast_head":"<!-- This site is optimized with the Yoast SEO plugin v27.5 - https:\/\/yoast.com\/product\/yoast-seo-wordpress\/ -->\n<title>Envelope rack for photopolymers RKOPO - Lettero - Sprz\u0119t dla poligrafii | Meble metalowe<\/title>\n<meta name=\"robots\" content=\"index, follow, max-snippet:-1, max-image-preview:large, max-video-preview:-1\" \/>\n<link rel=\"canonical\" href=\"https:\/\/lettero.com.pl\/lettero-poligrafia\/fleksografia\/regaly-kopertowe-na-fotopolimery\/regal-kopertowy-na-fotopolimery-rkopo\/\" \/>\n<meta property=\"og:locale\" content=\"en_US\" \/>\n<meta property=\"og:type\" content=\"article\" \/>\n<meta property=\"og:title\" content=\"Envelope rack for photopolymers RKOPO - Lettero - Sprz\u0119t dla poligrafii | Meble metalowe\" \/>\n<meta property=\"og:description\" content=\"RKOPO envelope rack for photopolymers. Cabinets and racks for photopolymers are designed for storing photopolymer&#8217;s sheet in hanging lettero envelopes or any other envelopes attached to [\u2026]\" \/>\n<meta property=\"og:url\" content=\"https:\/\/lettero.com.pl\/lettero-poligrafia\/fleksografia\/regaly-kopertowe-na-fotopolimery\/regal-kopertowy-na-fotopolimery-rkopo\/\" \/>\n<meta property=\"og:site_name\" content=\"Lettero - Sprz\u0119t dla poligrafii | Meble metalowe\" \/>\n<meta property=\"article:modified_time\" content=\"2018-09-19T18:14:03+00:00\" \/>\n<meta property=\"og:image\" content=\"https:\/\/lettero.com.pl\/wp-content\/uploads\/2018\/04\/rega\u0142-kopertowy-rkopo.jpg\" \/>\n\t<meta property=\"og:image:width\" content=\"601\" \/>\n\t<meta property=\"og:image:height\" content=\"601\" \/>\n\t<meta property=\"og:image:type\" content=\"image\/jpeg\" \/>\n<meta name=\"twitter:card\" content=\"summary_large_image\" \/>\n<script type=\"application\/ld+json\" class=\"yoast-schema-graph\">{\"@context\":\"https:\\\/\\\/schema.org\",\"@graph\":[{\"@type\":\"WebPage\",\"@id\":\"https:\\\/\\\/lettero.com.pl\\\/lettero-poligrafia\\\/fleksografia\\\/regaly-kopertowe-na-fotopolimery\\\/regal-kopertowy-na-fotopolimery-rkopo\\\/\",\"url\":\"https:\\\/\\\/lettero.com.pl\\\/lettero-poligrafia\\\/fleksografia\\\/regaly-kopertowe-na-fotopolimery\\\/regal-kopertowy-na-fotopolimery-rkopo\\\/\",\"name\":\"Envelope rack for photopolymers RKOPO - Lettero - Sprz\u0119t dla poligrafii | Meble metalowe\",\"isPartOf\":{\"@id\":\"https:\\\/\\\/lettero.com.pl\\\/#website\"},\"primaryImageOfPage\":{\"@id\":\"https:\\\/\\\/lettero.com.pl\\\/lettero-poligrafia\\\/fleksografia\\\/regaly-kopertowe-na-fotopolimery\\\/regal-kopertowy-na-fotopolimery-rkopo\\\/#primaryimage\"},\"image\":{\"@id\":\"https:\\\/\\\/lettero.com.pl\\\/lettero-poligrafia\\\/fleksografia\\\/regaly-kopertowe-na-fotopolimery\\\/regal-kopertowy-na-fotopolimery-rkopo\\\/#primaryimage\"},\"thumbnailUrl\":\"https:\\\/\\\/lettero.com.pl\\\/wp-content\\\/uploads\\\/2018\\\/04\\\/rega\u0142-kopertowy-rkopo.jpg\",\"datePublished\":\"2018-04-16T11:21:43+00:00\",\"dateModified\":\"2018-09-19T18:14:03+00:00\",\"breadcrumb\":{\"@id\":\"https:\\\/\\\/lettero.com.pl\\\/lettero-poligrafia\\\/fleksografia\\\/regaly-kopertowe-na-fotopolimery\\\/regal-kopertowy-na-fotopolimery-rkopo\\\/#breadcrumb\"},\"inLanguage\":\"en-US\",\"potentialAction\":[{\"@type\":\"ReadAction\",\"target\":[\"https:\\\/\\\/lettero.com.pl\\\/lettero-poligrafia\\\/fleksografia\\\/regaly-kopertowe-na-fotopolimery\\\/regal-kopertowy-na-fotopolimery-rkopo\\\/\"]}]},{\"@type\":\"ImageObject\",\"inLanguage\":\"en-US\",\"@id\":\"https:\\\/\\\/lettero.com.pl\\\/lettero-poligrafia\\\/fleksografia\\\/regaly-kopertowe-na-fotopolimery\\\/regal-kopertowy-na-fotopolimery-rkopo\\\/#primaryimage\",\"url\":\"https:\\\/\\\/lettero.com.pl\\\/wp-content\\\/uploads\\\/2018\\\/04\\\/rega\u0142-kopertowy-rkopo.jpg\",\"contentUrl\":\"https:\\\/\\\/lettero.com.pl\\\/wp-content\\\/uploads\\\/2018\\\/04\\\/rega\u0142-kopertowy-rkopo.jpg\",\"width\":601,\"height\":601,\"caption\":\"Envelope rack for photopolymers RKOPO\"},{\"@type\":\"BreadcrumbList\",\"@id\":\"https:\\\/\\\/lettero.com.pl\\\/lettero-poligrafia\\\/fleksografia\\\/regaly-kopertowe-na-fotopolimery\\\/regal-kopertowy-na-fotopolimery-rkopo\\\/#breadcrumb\",\"itemListElement\":[{\"@type\":\"ListItem\",\"position\":1,\"name\":\"Strona g\u0142\u00f3wna\",\"item\":\"https:\\\/\\\/lettero.com.pl\\\/en\\\/\"},{\"@type\":\"ListItem\",\"position\":2,\"name\":\"Oferta\",\"item\":\"https:\\\/\\\/lettero.com.pl\\\/oferta-3\\\/\"},{\"@type\":\"ListItem\",\"position\":3,\"name\":\"Envelope rack for photopolymers RKOPO\"}]},{\"@type\":\"WebSite\",\"@id\":\"https:\\\/\\\/lettero.com.pl\\\/#website\",\"url\":\"https:\\\/\\\/lettero.com.pl\\\/\",\"name\":\"Lettero - Sprz\u0119t dla poligrafii | Meble metalowe\",\"description\":\"Pe\u0142na oferta polskiego producenta urz\u0105dze\u0144 dla poligrafii. Kabiny \u015bwietlne. Meble metalowe: biurowe, socjalne, magazynowe\",\"potentialAction\":[{\"@type\":\"SearchAction\",\"target\":{\"@type\":\"EntryPoint\",\"urlTemplate\":\"https:\\\/\\\/lettero.com.pl\\\/?s={search_term_string}\"},\"query-input\":{\"@type\":\"PropertyValueSpecification\",\"valueRequired\":true,\"valueName\":\"search_term_string\"}}],\"inLanguage\":\"en-US\"}]}<\/script>\n<!-- \/ Yoast SEO plugin. -->","yoast_head_json":{"title":"Envelope rack for photopolymers RKOPO - Lettero - Sprz\u0119t dla poligrafii | Meble metalowe","robots":{"index":"index","follow":"follow","max-snippet":"max-snippet:-1","max-image-preview":"max-image-preview:large","max-video-preview":"max-video-preview:-1"},"canonical":"https:\/\/lettero.com.pl\/lettero-poligrafia\/fleksografia\/regaly-kopertowe-na-fotopolimery\/regal-kopertowy-na-fotopolimery-rkopo\/","og_locale":"en_US","og_type":"article","og_title":"Envelope rack for photopolymers RKOPO - Lettero - Sprz\u0119t dla poligrafii | Meble metalowe","og_description":"RKOPO envelope rack for photopolymers. Cabinets and racks for photopolymers are designed for storing photopolymer&#8217;s sheet in hanging lettero envelopes or any other envelopes attached to [\u2026]","og_url":"https:\/\/lettero.com.pl\/lettero-poligrafia\/fleksografia\/regaly-kopertowe-na-fotopolimery\/regal-kopertowy-na-fotopolimery-rkopo\/","og_site_name":"Lettero - Sprz\u0119t dla poligrafii | Meble metalowe","article_modified_time":"2018-09-19T18:14:03+00:00","og_image":[{"width":601,"height":601,"url":"https:\/\/lettero.com.pl\/wp-content\/uploads\/2018\/04\/rega\u0142-kopertowy-rkopo.jpg","type":"image\/jpeg"}],"twitter_card":"summary_large_image","schema":{"@context":"https:\/\/schema.org","@graph":[{"@type":"WebPage","@id":"https:\/\/lettero.com.pl\/lettero-poligrafia\/fleksografia\/regaly-kopertowe-na-fotopolimery\/regal-kopertowy-na-fotopolimery-rkopo\/","url":"https:\/\/lettero.com.pl\/lettero-poligrafia\/fleksografia\/regaly-kopertowe-na-fotopolimery\/regal-kopertowy-na-fotopolimery-rkopo\/","name":"Envelope rack for photopolymers RKOPO - Lettero - Sprz\u0119t dla poligrafii | Meble metalowe","isPartOf":{"@id":"https:\/\/lettero.com.pl\/#website"},"primaryImageOfPage":{"@id":"https:\/\/lettero.com.pl\/lettero-poligrafia\/fleksografia\/regaly-kopertowe-na-fotopolimery\/regal-kopertowy-na-fotopolimery-rkopo\/#primaryimage"},"image":{"@id":"https:\/\/lettero.com.pl\/lettero-poligrafia\/fleksografia\/regaly-kopertowe-na-fotopolimery\/regal-kopertowy-na-fotopolimery-rkopo\/#primaryimage"},"thumbnailUrl":"https:\/\/lettero.com.pl\/wp-content\/uploads\/2018\/04\/rega\u0142-kopertowy-rkopo.jpg","datePublished":"2018-04-16T11:21:43+00:00","dateModified":"2018-09-19T18:14:03+00:00","breadcrumb":{"@id":"https:\/\/lettero.com.pl\/lettero-poligrafia\/fleksografia\/regaly-kopertowe-na-fotopolimery\/regal-kopertowy-na-fotopolimery-rkopo\/#breadcrumb"},"inLanguage":"en-US","potentialAction":[{"@type":"ReadAction","target":["https:\/\/lettero.com.pl\/lettero-poligrafia\/fleksografia\/regaly-kopertowe-na-fotopolimery\/regal-kopertowy-na-fotopolimery-rkopo\/"]}]},{"@type":"ImageObject","inLanguage":"en-US","@id":"https:\/\/lettero.com.pl\/lettero-poligrafia\/fleksografia\/regaly-kopertowe-na-fotopolimery\/regal-kopertowy-na-fotopolimery-rkopo\/#primaryimage","url":"https:\/\/lettero.com.pl\/wp-content\/uploads\/2018\/04\/rega\u0142-kopertowy-rkopo.jpg","contentUrl":"https:\/\/lettero.com.pl\/wp-content\/uploads\/2018\/04\/rega\u0142-kopertowy-rkopo.jpg","width":601,"height":601,"caption":"Envelope rack for photopolymers RKOPO"},{"@type":"BreadcrumbList","@id":"https:\/\/lettero.com.pl\/lettero-poligrafia\/fleksografia\/regaly-kopertowe-na-fotopolimery\/regal-kopertowy-na-fotopolimery-rkopo\/#breadcrumb","itemListElement":[{"@type":"ListItem","position":1,"name":"Strona g\u0142\u00f3wna","item":"https:\/\/lettero.com.pl\/en\/"},{"@type":"ListItem","position":2,"name":"Oferta","item":"https:\/\/lettero.com.pl\/oferta-3\/"},{"@type":"ListItem","position":3,"name":"Envelope rack for photopolymers RKOPO"}]},{"@type":"WebSite","@id":"https:\/\/lettero.com.pl\/#website","url":"https:\/\/lettero.com.pl\/","name":"Lettero - Sprz\u0119t dla poligrafii | Meble metalowe","description":"Pe\u0142na oferta polskiego producenta urz\u0105dze\u0144 dla poligrafii. Kabiny \u015bwietlne. Meble metalowe: biurowe, socjalne, magazynowe","potentialAction":[{"@type":"SearchAction","target":{"@type":"EntryPoint","urlTemplate":"https:\/\/lettero.com.pl\/?s={search_term_string}"},"query-input":{"@type":"PropertyValueSpecification","valueRequired":true,"valueName":"search_term_string"}}],"inLanguage":"en-US"}]}},"_links":{"self":[{"href":"https:\/\/lettero.com.pl\/en\/wp-json\/wp\/v2\/product\/4057","targetHints":{"allow":["GET"]}}],"collection":[{"href":"https:\/\/lettero.com.pl\/en\/wp-json\/wp\/v2\/product"}],"about":[{"href":"https:\/\/lettero.com.pl\/en\/wp-json\/wp\/v2\/types\/product"}],"wp:featuredmedia":[{"embeddable":true,"href":"https:\/\/lettero.com.pl\/en\/wp-json\/wp\/v2\/media\/1685"}],"wp:attachment":[{"href":"https:\/\/lettero.com.pl\/en\/wp-json\/wp\/v2\/media?parent=4057"}],"wp:term":[{"taxonomy":"product_brand","embeddable":true,"href":"https:\/\/lettero.com.pl\/en\/wp-json\/wp\/v2\/product_brand?post=4057"},{"taxonomy":"product_cat","embeddable":true,"href":"https:\/\/lettero.com.pl\/en\/wp-json\/wp\/v2\/product_cat?post=4057"},{"taxonomy":"product_tag","embeddable":true,"href":"https:\/\/lettero.com.pl\/en\/wp-json\/wp\/v2\/product_tag?post=4057"}],"curies":[{"name":"wp","href":"https:\/\/api.w.org\/{rel}","templated":true}]}}