{"id":4054,"date":"2018-04-16T13:06:44","date_gmt":"2018-04-16T11:06:44","guid":{"rendered":"http:\/\/lettero.opticomweb.tk\/sklep\/uncategorized\/photopolymers-storage-system-rws-ff\/"},"modified":"2018-09-19T20:14:04","modified_gmt":"2018-09-19T18:14:04","slug":"photopolymers-storage-system-rws-ff","status":"publish","type":"product","link":"https:\/\/lettero.com.pl\/en\/poligraphy-equipment\/flexography\/storage-racs-for-photopolymers\/photopolymers-storage-system-rws-ff\/","title":{"rendered":"Photopolymer&#8217;s storage system RWS FF"},"content":{"rendered":"<p>Photopolymer&#8217;s Storage System is used to store photopolymer forms. RWS FF consists of a supporting structure and hangers mounted to the traverse of the rack with slings.<br \/>\nThe panels can be bought separately and used for mounting in other supporting structures.<\/p>\n<p>&nbsp;<\/p>\n<p style=\"text-align: center;\"><strong>Photopolymer&#8217;s Storage System:<\/strong><\/p>\n<div class=\"table-responsive\">\n<table class=\"table\" border=\"0\" align=\"center\">\n<tbody>\n<tr>\n<td><strong>Single Rack<br \/>\n<\/strong><\/td>\n<td><strong>2 storage levels 1373\/2723<\/strong><\/td>\n<\/tr>\n<tr>\n<td>Supporting frame<\/td>\n<td>H-3600 G-1100\/1200<\/td>\n<\/tr>\n<tr>\n<td>Traverse<\/td>\n<td>L-2700 3 pallet spaces<\/td>\n<\/tr>\n<tr>\n<td>Weight limit<\/td>\n<td>1300 kg<\/td>\n<\/tr>\n<tr>\n<td>Traverse<\/td>\n<td>L-3600 4 pallet spaces<\/td>\n<\/tr>\n<tr>\n<td>Traverse&#8217;s profile<\/td>\n<td>closed profile 80&#215;40<\/td>\n<\/tr>\n<tr>\n<td><\/td>\n<td><\/td>\n<\/tr>\n<tr>\n<td><strong>Double-depth Rack<br \/>\n<\/strong><\/td>\n<td><strong>3 storage levels<\/strong> <strong>1373\/2723\/4073<\/strong><\/td>\n<\/tr>\n<tr>\n<td>Supporting frame<\/td>\n<td>H-4200 G-2600\/2800<\/td>\n<\/tr>\n<tr>\n<td>Supporting frame<\/td>\n<td>H-3600 G-1100\/1200<\/td>\n<\/tr>\n<tr>\n<td>Connector<\/td>\n<td>L-400<\/td>\n<\/tr>\n<tr>\n<td>Traverse<\/td>\n<td>L-2700 3 miejsca paletowe<\/td>\n<\/tr>\n<tr>\n<td>Weight limit<\/td>\n<td>1300 kg<\/td>\n<\/tr>\n<tr>\n<td>Traverse<\/td>\n<td>L-3600 4 miejsca paletowe<\/td>\n<\/tr>\n<tr>\n<td>Traverse&#8217;s profile<\/td>\n<td>profil zamkni\u0119ty 80&#215;40<\/td>\n<\/tr>\n<\/tbody>\n<\/table>\n<\/div>\n<p style=\"text-align: left;\">Color specification: gray frames RAL 7040; red traverse RAL3020.<\/p>\n<p>&nbsp;<\/p>\n<p>On typical high storage shelves modular hanger rails with a width of 30 cm and capacity of 15 or 20 pieces of photopolymers are fixed.<\/p>\n<p>Lettero Panel hanger&#8217;s guides fit into most of the photopolymer mounting rails on the market.<\/p>\n<p>&nbsp;<\/p>\n<p style=\"text-align: center;\"><strong>Panel hangers:<br \/>\n<\/strong><\/p>\n<div class=\"table-responsive\">\n<table class=\"table\" border=\"0\" align=\"center\">\n<tbody>\n<tr>\n<td><strong>Panel<\/strong><\/td>\n<td><strong>No. of rails<br \/>\n<\/strong><\/td>\n<td><strong>Distance between rails<br \/>\n<\/strong><\/td>\n<td><strong>Width<\/strong><\/td>\n<\/tr>\n<tr>\n<td style=\"text-align: center;\">PW 15<\/td>\n<td style=\"text-align: center;\">15<\/td>\n<td style=\"text-align: center;\">20<\/td>\n<td style=\"text-align: center;\">300<\/td>\n<\/tr>\n<tr>\n<td style=\"text-align: center;\">PW 20<\/td>\n<td style=\"text-align: center;\">20<\/td>\n<td style=\"text-align: center;\">15<\/td>\n<td style=\"text-align: center;\">300<\/td>\n<\/tr>\n<\/tbody>\n<\/table>\n<\/div>\n","protected":false},"excerpt":{"rendered":"<p>Photopolymer&#8217;s Storage System is used to store photopolymer forms. RWS FF consists of a supporting structure and hangers mounted to the traverse of the rack with<span class=\"excerpt-hellip\"> [\u2026]<\/span><\/p>\n","protected":false},"featured_media":1656,"template":"","meta":[],"product_brand":[],"product_cat":[215],"product_tag":[],"class_list":{"0":"post-4054","1":"product","2":"type-product","3":"status-publish","4":"has-post-thumbnail","6":"product_cat-storage-racs-for-photopolymers","8":"first","9":"instock","10":"shipping-taxable","11":"product-type-simple"},"yoast_head":"<!-- This site is optimized with the Yoast SEO plugin v27.5 - https:\/\/yoast.com\/product\/yoast-seo-wordpress\/ -->\n<title>Photopolymer&#039;s storage system RWS FF - Lettero - Sprz\u0119t dla poligrafii | Meble metalowe<\/title>\n<meta name=\"robots\" content=\"index, follow, max-snippet:-1, max-image-preview:large, max-video-preview:-1\" \/>\n<link rel=\"canonical\" href=\"https:\/\/lettero.com.pl\/lettero-poligrafia\/fleksografia\/regaly-magazynowe-na-fotopolimery\/regal-magazynowy-na-fotopolimery-rwsff\/\" \/>\n<meta property=\"og:locale\" content=\"en_US\" \/>\n<meta property=\"og:type\" content=\"article\" \/>\n<meta property=\"og:title\" content=\"Photopolymer&#039;s storage system RWS FF - Lettero - Sprz\u0119t dla poligrafii | Meble metalowe\" \/>\n<meta property=\"og:description\" content=\"Photopolymer&#8217;s Storage System is used to store photopolymer forms. RWS FF consists of a supporting structure and hangers mounted to the traverse of the rack with [\u2026]\" \/>\n<meta property=\"og:url\" content=\"https:\/\/lettero.com.pl\/lettero-poligrafia\/fleksografia\/regaly-magazynowe-na-fotopolimery\/regal-magazynowy-na-fotopolimery-rwsff\/\" \/>\n<meta property=\"og:site_name\" content=\"Lettero - Sprz\u0119t dla poligrafii | Meble metalowe\" \/>\n<meta property=\"article:modified_time\" content=\"2018-09-19T18:14:04+00:00\" \/>\n<meta property=\"og:image\" content=\"https:\/\/lettero.com.pl\/wp-content\/uploads\/2018\/04\/regal-fotopolimery-sgl.jpg\" \/>\n\t<meta property=\"og:image:width\" content=\"600\" \/>\n\t<meta property=\"og:image:height\" content=\"600\" \/>\n\t<meta property=\"og:image:type\" content=\"image\/jpeg\" \/>\n<meta name=\"twitter:card\" content=\"summary_large_image\" \/>\n<meta name=\"twitter:label1\" content=\"Est. reading time\" \/>\n\t<meta name=\"twitter:data1\" content=\"1 minute\" \/>\n<script type=\"application\/ld+json\" class=\"yoast-schema-graph\">{\"@context\":\"https:\\\/\\\/schema.org\",\"@graph\":[{\"@type\":\"WebPage\",\"@id\":\"https:\\\/\\\/lettero.com.pl\\\/lettero-poligrafia\\\/fleksografia\\\/regaly-magazynowe-na-fotopolimery\\\/regal-magazynowy-na-fotopolimery-rwsff\\\/\",\"url\":\"https:\\\/\\\/lettero.com.pl\\\/lettero-poligrafia\\\/fleksografia\\\/regaly-magazynowe-na-fotopolimery\\\/regal-magazynowy-na-fotopolimery-rwsff\\\/\",\"name\":\"Photopolymer's storage system RWS FF - Lettero - Sprz\u0119t dla poligrafii | Meble metalowe\",\"isPartOf\":{\"@id\":\"https:\\\/\\\/lettero.com.pl\\\/#website\"},\"primaryImageOfPage\":{\"@id\":\"https:\\\/\\\/lettero.com.pl\\\/lettero-poligrafia\\\/fleksografia\\\/regaly-magazynowe-na-fotopolimery\\\/regal-magazynowy-na-fotopolimery-rwsff\\\/#primaryimage\"},\"image\":{\"@id\":\"https:\\\/\\\/lettero.com.pl\\\/lettero-poligrafia\\\/fleksografia\\\/regaly-magazynowe-na-fotopolimery\\\/regal-magazynowy-na-fotopolimery-rwsff\\\/#primaryimage\"},\"thumbnailUrl\":\"https:\\\/\\\/lettero.com.pl\\\/wp-content\\\/uploads\\\/2018\\\/04\\\/regal-fotopolimery-sgl.jpg\",\"datePublished\":\"2018-04-16T11:06:44+00:00\",\"dateModified\":\"2018-09-19T18:14:04+00:00\",\"breadcrumb\":{\"@id\":\"https:\\\/\\\/lettero.com.pl\\\/lettero-poligrafia\\\/fleksografia\\\/regaly-magazynowe-na-fotopolimery\\\/regal-magazynowy-na-fotopolimery-rwsff\\\/#breadcrumb\"},\"inLanguage\":\"en-US\",\"potentialAction\":[{\"@type\":\"ReadAction\",\"target\":[\"https:\\\/\\\/lettero.com.pl\\\/lettero-poligrafia\\\/fleksografia\\\/regaly-magazynowe-na-fotopolimery\\\/regal-magazynowy-na-fotopolimery-rwsff\\\/\"]}]},{\"@type\":\"ImageObject\",\"inLanguage\":\"en-US\",\"@id\":\"https:\\\/\\\/lettero.com.pl\\\/lettero-poligrafia\\\/fleksografia\\\/regaly-magazynowe-na-fotopolimery\\\/regal-magazynowy-na-fotopolimery-rwsff\\\/#primaryimage\",\"url\":\"https:\\\/\\\/lettero.com.pl\\\/wp-content\\\/uploads\\\/2018\\\/04\\\/regal-fotopolimery-sgl.jpg\",\"contentUrl\":\"https:\\\/\\\/lettero.com.pl\\\/wp-content\\\/uploads\\\/2018\\\/04\\\/regal-fotopolimery-sgl.jpg\",\"width\":600,\"height\":600,\"caption\":\"Photopolymer's storage rack\"},{\"@type\":\"BreadcrumbList\",\"@id\":\"https:\\\/\\\/lettero.com.pl\\\/lettero-poligrafia\\\/fleksografia\\\/regaly-magazynowe-na-fotopolimery\\\/regal-magazynowy-na-fotopolimery-rwsff\\\/#breadcrumb\",\"itemListElement\":[{\"@type\":\"ListItem\",\"position\":1,\"name\":\"Strona g\u0142\u00f3wna\",\"item\":\"https:\\\/\\\/lettero.com.pl\\\/en\\\/\"},{\"@type\":\"ListItem\",\"position\":2,\"name\":\"Oferta\",\"item\":\"https:\\\/\\\/lettero.com.pl\\\/oferta-3\\\/\"},{\"@type\":\"ListItem\",\"position\":3,\"name\":\"Photopolymer&#8217;s storage system RWS FF\"}]},{\"@type\":\"WebSite\",\"@id\":\"https:\\\/\\\/lettero.com.pl\\\/#website\",\"url\":\"https:\\\/\\\/lettero.com.pl\\\/\",\"name\":\"Lettero - Sprz\u0119t dla poligrafii | Meble metalowe\",\"description\":\"Pe\u0142na oferta polskiego producenta urz\u0105dze\u0144 dla poligrafii. Kabiny \u015bwietlne. Meble metalowe: biurowe, socjalne, magazynowe\",\"potentialAction\":[{\"@type\":\"SearchAction\",\"target\":{\"@type\":\"EntryPoint\",\"urlTemplate\":\"https:\\\/\\\/lettero.com.pl\\\/?s={search_term_string}\"},\"query-input\":{\"@type\":\"PropertyValueSpecification\",\"valueRequired\":true,\"valueName\":\"search_term_string\"}}],\"inLanguage\":\"en-US\"}]}<\/script>\n<!-- \/ Yoast SEO plugin. -->","yoast_head_json":{"title":"Photopolymer's storage system RWS FF - Lettero - Sprz\u0119t dla poligrafii | Meble metalowe","robots":{"index":"index","follow":"follow","max-snippet":"max-snippet:-1","max-image-preview":"max-image-preview:large","max-video-preview":"max-video-preview:-1"},"canonical":"https:\/\/lettero.com.pl\/lettero-poligrafia\/fleksografia\/regaly-magazynowe-na-fotopolimery\/regal-magazynowy-na-fotopolimery-rwsff\/","og_locale":"en_US","og_type":"article","og_title":"Photopolymer's storage system RWS FF - Lettero - Sprz\u0119t dla poligrafii | Meble metalowe","og_description":"Photopolymer&#8217;s Storage System is used to store photopolymer forms. RWS FF consists of a supporting structure and hangers mounted to the traverse of the rack with [\u2026]","og_url":"https:\/\/lettero.com.pl\/lettero-poligrafia\/fleksografia\/regaly-magazynowe-na-fotopolimery\/regal-magazynowy-na-fotopolimery-rwsff\/","og_site_name":"Lettero - Sprz\u0119t dla poligrafii | Meble metalowe","article_modified_time":"2018-09-19T18:14:04+00:00","og_image":[{"width":600,"height":600,"url":"https:\/\/lettero.com.pl\/wp-content\/uploads\/2018\/04\/regal-fotopolimery-sgl.jpg","type":"image\/jpeg"}],"twitter_card":"summary_large_image","twitter_misc":{"Est. reading time":"1 minute"},"schema":{"@context":"https:\/\/schema.org","@graph":[{"@type":"WebPage","@id":"https:\/\/lettero.com.pl\/lettero-poligrafia\/fleksografia\/regaly-magazynowe-na-fotopolimery\/regal-magazynowy-na-fotopolimery-rwsff\/","url":"https:\/\/lettero.com.pl\/lettero-poligrafia\/fleksografia\/regaly-magazynowe-na-fotopolimery\/regal-magazynowy-na-fotopolimery-rwsff\/","name":"Photopolymer's storage system RWS FF - Lettero - Sprz\u0119t dla poligrafii | Meble metalowe","isPartOf":{"@id":"https:\/\/lettero.com.pl\/#website"},"primaryImageOfPage":{"@id":"https:\/\/lettero.com.pl\/lettero-poligrafia\/fleksografia\/regaly-magazynowe-na-fotopolimery\/regal-magazynowy-na-fotopolimery-rwsff\/#primaryimage"},"image":{"@id":"https:\/\/lettero.com.pl\/lettero-poligrafia\/fleksografia\/regaly-magazynowe-na-fotopolimery\/regal-magazynowy-na-fotopolimery-rwsff\/#primaryimage"},"thumbnailUrl":"https:\/\/lettero.com.pl\/wp-content\/uploads\/2018\/04\/regal-fotopolimery-sgl.jpg","datePublished":"2018-04-16T11:06:44+00:00","dateModified":"2018-09-19T18:14:04+00:00","breadcrumb":{"@id":"https:\/\/lettero.com.pl\/lettero-poligrafia\/fleksografia\/regaly-magazynowe-na-fotopolimery\/regal-magazynowy-na-fotopolimery-rwsff\/#breadcrumb"},"inLanguage":"en-US","potentialAction":[{"@type":"ReadAction","target":["https:\/\/lettero.com.pl\/lettero-poligrafia\/fleksografia\/regaly-magazynowe-na-fotopolimery\/regal-magazynowy-na-fotopolimery-rwsff\/"]}]},{"@type":"ImageObject","inLanguage":"en-US","@id":"https:\/\/lettero.com.pl\/lettero-poligrafia\/fleksografia\/regaly-magazynowe-na-fotopolimery\/regal-magazynowy-na-fotopolimery-rwsff\/#primaryimage","url":"https:\/\/lettero.com.pl\/wp-content\/uploads\/2018\/04\/regal-fotopolimery-sgl.jpg","contentUrl":"https:\/\/lettero.com.pl\/wp-content\/uploads\/2018\/04\/regal-fotopolimery-sgl.jpg","width":600,"height":600,"caption":"Photopolymer's storage rack"},{"@type":"BreadcrumbList","@id":"https:\/\/lettero.com.pl\/lettero-poligrafia\/fleksografia\/regaly-magazynowe-na-fotopolimery\/regal-magazynowy-na-fotopolimery-rwsff\/#breadcrumb","itemListElement":[{"@type":"ListItem","position":1,"name":"Strona g\u0142\u00f3wna","item":"https:\/\/lettero.com.pl\/en\/"},{"@type":"ListItem","position":2,"name":"Oferta","item":"https:\/\/lettero.com.pl\/oferta-3\/"},{"@type":"ListItem","position":3,"name":"Photopolymer&#8217;s storage system RWS FF"}]},{"@type":"WebSite","@id":"https:\/\/lettero.com.pl\/#website","url":"https:\/\/lettero.com.pl\/","name":"Lettero - Sprz\u0119t dla poligrafii | Meble metalowe","description":"Pe\u0142na oferta polskiego producenta urz\u0105dze\u0144 dla poligrafii. Kabiny \u015bwietlne. Meble metalowe: biurowe, socjalne, magazynowe","potentialAction":[{"@type":"SearchAction","target":{"@type":"EntryPoint","urlTemplate":"https:\/\/lettero.com.pl\/?s={search_term_string}"},"query-input":{"@type":"PropertyValueSpecification","valueRequired":true,"valueName":"search_term_string"}}],"inLanguage":"en-US"}]}},"_links":{"self":[{"href":"https:\/\/lettero.com.pl\/en\/wp-json\/wp\/v2\/product\/4054","targetHints":{"allow":["GET"]}}],"collection":[{"href":"https:\/\/lettero.com.pl\/en\/wp-json\/wp\/v2\/product"}],"about":[{"href":"https:\/\/lettero.com.pl\/en\/wp-json\/wp\/v2\/types\/product"}],"wp:featuredmedia":[{"embeddable":true,"href":"https:\/\/lettero.com.pl\/en\/wp-json\/wp\/v2\/media\/1656"}],"wp:attachment":[{"href":"https:\/\/lettero.com.pl\/en\/wp-json\/wp\/v2\/media?parent=4054"}],"wp:term":[{"taxonomy":"product_brand","embeddable":true,"href":"https:\/\/lettero.com.pl\/en\/wp-json\/wp\/v2\/product_brand?post=4054"},{"taxonomy":"product_cat","embeddable":true,"href":"https:\/\/lettero.com.pl\/en\/wp-json\/wp\/v2\/product_cat?post=4054"},{"taxonomy":"product_tag","embeddable":true,"href":"https:\/\/lettero.com.pl\/en\/wp-json\/wp\/v2\/product_tag?post=4054"}],"curies":[{"name":"wp","href":"https:\/\/api.w.org\/{rel}","templated":true}]}}