{"id":4050,"date":"2018-04-13T15:34:05","date_gmt":"2018-04-13T13:34:05","guid":{"rendered":"http:\/\/lettero.opticomweb.tk\/sklep\/uncategorized\/flat-cutting-die-storage-system\/"},"modified":"2018-09-19T20:14:07","modified_gmt":"2018-09-19T18:14:07","slug":"flat-cutting-die-storage-system","status":"publish","type":"product","link":"https:\/\/lettero.com.pl\/en\/poligraphy-equipment\/flexography\/racks-for-flat-dies\/flat-cutting-die-storage-system\/","title":{"rendered":"Flat Cutting Die Storage System"},"content":{"rendered":"<p>High storage system for storing and organizing flat dies. High storage system is available in two heights for two and three levels of storage (depending on the size of the cassettes). Cassettes for flat dies are available in four heights.<\/p>\n<p>Single pallet racking with 2 or 3 storage levels. Traverse profile made of 80 x 40 mm closed profile. Traverse profile can be also made of closed profile with dimensions: 100 x 40 mm with the maximum load capacity of 2.260 kg for three pallet and 1500 kg for the four pallets. Double pallet racking (with increased depth) 2 or 3 storage levels. Single pallet racking connected with a 400 mm long connector, the depth of the rack is D = 2600 mm\/2800 mm<\/p>\n<p>Color specification: gray frames RAL 7040; red traverse RAL3020<\/p>\n<p>&nbsp;<\/p>\n<p>&nbsp;<\/p>\n<p style=\"text-align: center;\"><strong>Flat dies storage system<br \/>\n<\/strong><\/p>\n<table>\n<tbody>\n<tr>\n<td><strong>Symbol<\/strong><\/td>\n<td style=\"text-align: center;\"><strong>WxDxH<\/strong><\/td>\n<td style=\"text-align: center;\"><strong>Levels<\/strong><\/td>\n<td style=\"text-align: center;\"><strong>Cassettes<\/strong><\/td>\n<\/tr>\n<tr>\n<td>RWS KW1<\/td>\n<td style=\"text-align: center;\">2700x1100x3000<\/td>\n<td style=\"text-align: center;\">2<\/td>\n<td style=\"text-align: center;\">30<\/td>\n<\/tr>\n<tr>\n<td>RWS KW2<\/td>\n<td style=\"text-align: center;\">2700x1100x2500<\/td>\n<td style=\"text-align: center;\">2<\/td>\n<td style=\"text-align: center;\">30<\/td>\n<\/tr>\n<tr>\n<td>RWS KW3<\/td>\n<td style=\"text-align: center;\">2700x900x3000<\/td>\n<td style=\"text-align: center;\">3<\/td>\n<td style=\"text-align: center;\">54<\/td>\n<\/tr>\n<tr>\n<td>RWS KW4<\/td>\n<td style=\"text-align: center;\">2700x700x2500<\/td>\n<td style=\"text-align: center;\">3<\/td>\n<td style=\"text-align: center;\">54<\/td>\n<\/tr>\n<\/tbody>\n<\/table>\n<p>&nbsp;<\/p>\n<p style=\"text-align: center;\"><strong>Cassetts<\/strong><\/p>\n<table>\n<tbody>\n<tr>\n<td><strong>Symbol<\/strong><\/td>\n<td style=\"text-align: center;\"><strong>WxDxH<\/strong><\/td>\n<\/tr>\n<tr>\n<td>Kaseta K1<\/td>\n<td style=\"text-align: center;\">170x1600x1200<\/td>\n<\/tr>\n<tr>\n<td>Kaseta K2<\/td>\n<td style=\"text-align: center;\">170x1250x1000<\/td>\n<\/tr>\n<tr>\n<td>Kaseta K3<\/td>\n<td style=\"text-align: center;\">140x1050x900<\/td>\n<\/tr>\n<tr>\n<td>Kaseta K4<\/td>\n<td style=\"text-align: center;\">140x800x650<\/td>\n<\/tr>\n<\/tbody>\n<\/table>\n<p>&nbsp;<\/p>\n<p style=\"text-align: center;\"><strong>Rack guides<\/strong> (dimensions including fixing to the bar)<\/p>\n<table>\n<tbody>\n<tr>\n<td>5 <span class=\"fontstyle0\">cassette rack guides<\/span><\/td>\n<td>185x1600x900<\/td>\n<td><span class=\"fontstyle0\">for cassette<\/span> K1<\/td>\n<\/tr>\n<tr>\n<td>5 <span class=\"fontstyle0\">cassette rack guides<\/span><\/td>\n<td>185x1250x900<\/td>\n<td><span class=\"fontstyle0\">for cassette<\/span> K2<\/td>\n<\/tr>\n<tr>\n<td>6 <span class=\"fontstyle0\">cassette rack guides<\/span><\/td>\n<td>185x1050x900<\/td>\n<td><span class=\"fontstyle0\">for cassette<\/span> K3<\/td>\n<\/tr>\n<tr>\n<td>6 <span class=\"fontstyle0\">cassette rack guides<\/span><\/td>\n<td>185x750x900<\/td>\n<td><span class=\"fontstyle0\">for cassette<\/span> K4<\/td>\n<\/tr>\n<\/tbody>\n<\/table>\n<p>&nbsp;<\/p>\n","protected":false},"excerpt":{"rendered":"<p>High storage system for storing and organizing flat dies. High storage system is available in two heights for two and three levels of storage (depending on<span class=\"excerpt-hellip\"> [\u2026]<\/span><\/p>\n","protected":false},"featured_media":1619,"template":"","meta":[],"product_brand":[],"product_cat":[209],"product_tag":[],"class_list":{"0":"post-4050","1":"product","2":"type-product","3":"status-publish","4":"has-post-thumbnail","6":"product_cat-racks-for-flat-dies","8":"first","9":"instock","10":"shipping-taxable","11":"product-type-simple"},"yoast_head":"<!-- This site is optimized with the Yoast SEO plugin v27.0 - https:\/\/yoast.com\/product\/yoast-seo-wordpress\/ -->\n<title>Flat Cutting Die Storage System - Lettero - Sprz\u0119t dla poligrafii | Meble metalowe<\/title>\n<meta name=\"robots\" content=\"index, follow, max-snippet:-1, max-image-preview:large, max-video-preview:-1\" \/>\n<link rel=\"canonical\" href=\"https:\/\/lettero.com.pl\/lettero-poligrafia\/fleksografia\/regaly-na-wykrojniki-plaskie\/regal-magazynowy-na-wykrojniki-plaskie-rws-kw\/\" \/>\n<meta property=\"og:locale\" content=\"en_US\" \/>\n<meta property=\"og:type\" content=\"article\" \/>\n<meta property=\"og:title\" content=\"Flat Cutting Die Storage System - Lettero - Sprz\u0119t dla poligrafii | Meble metalowe\" \/>\n<meta property=\"og:description\" content=\"High storage system for storing and organizing flat dies. High storage system is available in two heights for two and three levels of storage (depending on [\u2026]\" \/>\n<meta property=\"og:url\" content=\"https:\/\/lettero.com.pl\/lettero-poligrafia\/fleksografia\/regaly-na-wykrojniki-plaskie\/regal-magazynowy-na-wykrojniki-plaskie-rws-kw\/\" \/>\n<meta property=\"og:site_name\" content=\"Lettero - Sprz\u0119t dla poligrafii | Meble metalowe\" \/>\n<meta property=\"article:modified_time\" content=\"2018-09-19T18:14:07+00:00\" \/>\n<meta property=\"og:image\" content=\"https:\/\/lettero.com.pl\/wp-content\/uploads\/2018\/04\/regal-RWS-KW3.jpg\" \/>\n\t<meta property=\"og:image:width\" content=\"600\" \/>\n\t<meta property=\"og:image:height\" content=\"600\" \/>\n\t<meta property=\"og:image:type\" content=\"image\/jpeg\" \/>\n<meta name=\"twitter:card\" content=\"summary_large_image\" \/>\n<meta name=\"twitter:label1\" content=\"Est. reading time\" \/>\n\t<meta name=\"twitter:data1\" content=\"1 minute\" \/>\n<script type=\"application\/ld+json\" class=\"yoast-schema-graph\">{\"@context\":\"https:\/\/schema.org\",\"@graph\":[{\"@type\":\"WebPage\",\"@id\":\"https:\/\/lettero.com.pl\/lettero-poligrafia\/fleksografia\/regaly-na-wykrojniki-plaskie\/regal-magazynowy-na-wykrojniki-plaskie-rws-kw\/\",\"url\":\"https:\/\/lettero.com.pl\/lettero-poligrafia\/fleksografia\/regaly-na-wykrojniki-plaskie\/regal-magazynowy-na-wykrojniki-plaskie-rws-kw\/\",\"name\":\"Flat Cutting Die Storage System - Lettero - Sprz\u0119t dla poligrafii | Meble metalowe\",\"isPartOf\":{\"@id\":\"https:\/\/lettero.com.pl\/#website\"},\"primaryImageOfPage\":{\"@id\":\"https:\/\/lettero.com.pl\/lettero-poligrafia\/fleksografia\/regaly-na-wykrojniki-plaskie\/regal-magazynowy-na-wykrojniki-plaskie-rws-kw\/#primaryimage\"},\"image\":{\"@id\":\"https:\/\/lettero.com.pl\/lettero-poligrafia\/fleksografia\/regaly-na-wykrojniki-plaskie\/regal-magazynowy-na-wykrojniki-plaskie-rws-kw\/#primaryimage\"},\"thumbnailUrl\":\"https:\/\/lettero.com.pl\/wp-content\/uploads\/2018\/04\/regal-RWS-KW3.jpg\",\"datePublished\":\"2018-04-13T13:34:05+00:00\",\"dateModified\":\"2018-09-19T18:14:07+00:00\",\"breadcrumb\":{\"@id\":\"https:\/\/lettero.com.pl\/lettero-poligrafia\/fleksografia\/regaly-na-wykrojniki-plaskie\/regal-magazynowy-na-wykrojniki-plaskie-rws-kw\/#breadcrumb\"},\"inLanguage\":\"en-US\",\"potentialAction\":[{\"@type\":\"ReadAction\",\"target\":[\"https:\/\/lettero.com.pl\/lettero-poligrafia\/fleksografia\/regaly-na-wykrojniki-plaskie\/regal-magazynowy-na-wykrojniki-plaskie-rws-kw\/\"]}]},{\"@type\":\"ImageObject\",\"inLanguage\":\"en-US\",\"@id\":\"https:\/\/lettero.com.pl\/lettero-poligrafia\/fleksografia\/regaly-na-wykrojniki-plaskie\/regal-magazynowy-na-wykrojniki-plaskie-rws-kw\/#primaryimage\",\"url\":\"https:\/\/lettero.com.pl\/wp-content\/uploads\/2018\/04\/regal-RWS-KW3.jpg\",\"contentUrl\":\"https:\/\/lettero.com.pl\/wp-content\/uploads\/2018\/04\/regal-RWS-KW3.jpg\",\"width\":600,\"height\":600,\"caption\":\"Flat Cutting Die Storage System RWS KW3\"},{\"@type\":\"BreadcrumbList\",\"@id\":\"https:\/\/lettero.com.pl\/lettero-poligrafia\/fleksografia\/regaly-na-wykrojniki-plaskie\/regal-magazynowy-na-wykrojniki-plaskie-rws-kw\/#breadcrumb\",\"itemListElement\":[{\"@type\":\"ListItem\",\"position\":1,\"name\":\"Strona g\u0142\u00f3wna\",\"item\":\"https:\/\/lettero.com.pl\/en\/\"},{\"@type\":\"ListItem\",\"position\":2,\"name\":\"Oferta\",\"item\":\"https:\/\/lettero.com.pl\/oferta-3\/\"},{\"@type\":\"ListItem\",\"position\":3,\"name\":\"Flat Cutting Die Storage System\"}]},{\"@type\":\"WebSite\",\"@id\":\"https:\/\/lettero.com.pl\/#website\",\"url\":\"https:\/\/lettero.com.pl\/\",\"name\":\"Lettero - Sprz\u0119t dla poligrafii | Meble metalowe\",\"description\":\"Pe\u0142na oferta polskiego producenta urz\u0105dze\u0144 dla poligrafii. Kabiny \u015bwietlne. Meble metalowe: biurowe, socjalne, magazynowe\",\"potentialAction\":[{\"@type\":\"SearchAction\",\"target\":{\"@type\":\"EntryPoint\",\"urlTemplate\":\"https:\/\/lettero.com.pl\/?s={search_term_string}\"},\"query-input\":{\"@type\":\"PropertyValueSpecification\",\"valueRequired\":true,\"valueName\":\"search_term_string\"}}],\"inLanguage\":\"en-US\"}]}<\/script>\n<!-- \/ Yoast SEO plugin. -->","yoast_head_json":{"title":"Flat Cutting Die Storage System - Lettero - Sprz\u0119t dla poligrafii | Meble metalowe","robots":{"index":"index","follow":"follow","max-snippet":"max-snippet:-1","max-image-preview":"max-image-preview:large","max-video-preview":"max-video-preview:-1"},"canonical":"https:\/\/lettero.com.pl\/lettero-poligrafia\/fleksografia\/regaly-na-wykrojniki-plaskie\/regal-magazynowy-na-wykrojniki-plaskie-rws-kw\/","og_locale":"en_US","og_type":"article","og_title":"Flat Cutting Die Storage System - Lettero - Sprz\u0119t dla poligrafii | Meble metalowe","og_description":"High storage system for storing and organizing flat dies. High storage system is available in two heights for two and three levels of storage (depending on [\u2026]","og_url":"https:\/\/lettero.com.pl\/lettero-poligrafia\/fleksografia\/regaly-na-wykrojniki-plaskie\/regal-magazynowy-na-wykrojniki-plaskie-rws-kw\/","og_site_name":"Lettero - Sprz\u0119t dla poligrafii | Meble metalowe","article_modified_time":"2018-09-19T18:14:07+00:00","og_image":[{"width":600,"height":600,"url":"https:\/\/lettero.com.pl\/wp-content\/uploads\/2018\/04\/regal-RWS-KW3.jpg","type":"image\/jpeg"}],"twitter_card":"summary_large_image","twitter_misc":{"Est. reading time":"1 minute"},"schema":{"@context":"https:\/\/schema.org","@graph":[{"@type":"WebPage","@id":"https:\/\/lettero.com.pl\/lettero-poligrafia\/fleksografia\/regaly-na-wykrojniki-plaskie\/regal-magazynowy-na-wykrojniki-plaskie-rws-kw\/","url":"https:\/\/lettero.com.pl\/lettero-poligrafia\/fleksografia\/regaly-na-wykrojniki-plaskie\/regal-magazynowy-na-wykrojniki-plaskie-rws-kw\/","name":"Flat Cutting Die Storage System - Lettero - Sprz\u0119t dla poligrafii | Meble metalowe","isPartOf":{"@id":"https:\/\/lettero.com.pl\/#website"},"primaryImageOfPage":{"@id":"https:\/\/lettero.com.pl\/lettero-poligrafia\/fleksografia\/regaly-na-wykrojniki-plaskie\/regal-magazynowy-na-wykrojniki-plaskie-rws-kw\/#primaryimage"},"image":{"@id":"https:\/\/lettero.com.pl\/lettero-poligrafia\/fleksografia\/regaly-na-wykrojniki-plaskie\/regal-magazynowy-na-wykrojniki-plaskie-rws-kw\/#primaryimage"},"thumbnailUrl":"https:\/\/lettero.com.pl\/wp-content\/uploads\/2018\/04\/regal-RWS-KW3.jpg","datePublished":"2018-04-13T13:34:05+00:00","dateModified":"2018-09-19T18:14:07+00:00","breadcrumb":{"@id":"https:\/\/lettero.com.pl\/lettero-poligrafia\/fleksografia\/regaly-na-wykrojniki-plaskie\/regal-magazynowy-na-wykrojniki-plaskie-rws-kw\/#breadcrumb"},"inLanguage":"en-US","potentialAction":[{"@type":"ReadAction","target":["https:\/\/lettero.com.pl\/lettero-poligrafia\/fleksografia\/regaly-na-wykrojniki-plaskie\/regal-magazynowy-na-wykrojniki-plaskie-rws-kw\/"]}]},{"@type":"ImageObject","inLanguage":"en-US","@id":"https:\/\/lettero.com.pl\/lettero-poligrafia\/fleksografia\/regaly-na-wykrojniki-plaskie\/regal-magazynowy-na-wykrojniki-plaskie-rws-kw\/#primaryimage","url":"https:\/\/lettero.com.pl\/wp-content\/uploads\/2018\/04\/regal-RWS-KW3.jpg","contentUrl":"https:\/\/lettero.com.pl\/wp-content\/uploads\/2018\/04\/regal-RWS-KW3.jpg","width":600,"height":600,"caption":"Flat Cutting Die Storage System RWS KW3"},{"@type":"BreadcrumbList","@id":"https:\/\/lettero.com.pl\/lettero-poligrafia\/fleksografia\/regaly-na-wykrojniki-plaskie\/regal-magazynowy-na-wykrojniki-plaskie-rws-kw\/#breadcrumb","itemListElement":[{"@type":"ListItem","position":1,"name":"Strona g\u0142\u00f3wna","item":"https:\/\/lettero.com.pl\/en\/"},{"@type":"ListItem","position":2,"name":"Oferta","item":"https:\/\/lettero.com.pl\/oferta-3\/"},{"@type":"ListItem","position":3,"name":"Flat Cutting Die Storage System"}]},{"@type":"WebSite","@id":"https:\/\/lettero.com.pl\/#website","url":"https:\/\/lettero.com.pl\/","name":"Lettero - Sprz\u0119t dla poligrafii | Meble metalowe","description":"Pe\u0142na oferta polskiego producenta urz\u0105dze\u0144 dla poligrafii. Kabiny \u015bwietlne. Meble metalowe: biurowe, socjalne, magazynowe","potentialAction":[{"@type":"SearchAction","target":{"@type":"EntryPoint","urlTemplate":"https:\/\/lettero.com.pl\/?s={search_term_string}"},"query-input":{"@type":"PropertyValueSpecification","valueRequired":true,"valueName":"search_term_string"}}],"inLanguage":"en-US"}]}},"_links":{"self":[{"href":"https:\/\/lettero.com.pl\/en\/wp-json\/wp\/v2\/product\/4050","targetHints":{"allow":["GET"]}}],"collection":[{"href":"https:\/\/lettero.com.pl\/en\/wp-json\/wp\/v2\/product"}],"about":[{"href":"https:\/\/lettero.com.pl\/en\/wp-json\/wp\/v2\/types\/product"}],"wp:featuredmedia":[{"embeddable":true,"href":"https:\/\/lettero.com.pl\/en\/wp-json\/wp\/v2\/media\/1619"}],"wp:attachment":[{"href":"https:\/\/lettero.com.pl\/en\/wp-json\/wp\/v2\/media?parent=4050"}],"wp:term":[{"taxonomy":"product_brand","embeddable":true,"href":"https:\/\/lettero.com.pl\/en\/wp-json\/wp\/v2\/product_brand?post=4050"},{"taxonomy":"product_cat","embeddable":true,"href":"https:\/\/lettero.com.pl\/en\/wp-json\/wp\/v2\/product_cat?post=4050"},{"taxonomy":"product_tag","embeddable":true,"href":"https:\/\/lettero.com.pl\/en\/wp-json\/wp\/v2\/product_tag?post=4050"}],"curies":[{"name":"wp","href":"https:\/\/api.w.org\/{rel}","templated":true}]}}