{"id":4039,"date":"2018-04-11T09:57:15","date_gmt":"2018-04-11T07:57:15","guid":{"rendered":"http:\/\/lettero.opticomweb.tk\/sklep\/uncategorized\/wall-lamps-led-lwl\/"},"modified":"2018-09-19T20:15:52","modified_gmt":"2018-09-19T18:15:52","slug":"wall-lamps-led-lwl","status":"publish","type":"product","link":"https:\/\/lettero.com.pl\/en\/color-control\/general-lighting-lamps\/wall-lamps-led-lwl\/","title":{"rendered":"Wall lamps LED LWL"},"content":{"rendered":"<p>LWL LED lamps are designed for wall mounting and lighting of wall work stations, as well as information<br \/>\nboards and exhibits. Optional fittings include side curtain isolators and metal display boards.<\/p>\n<p>&nbsp;<\/p>\n<p style=\"text-align: center;\">LWL LED:<\/p>\n<table class=\" aligncenter\">\n<tbody>\n<tr>\n<td><strong>Symbol<\/strong><\/td>\n<td><strong>Dimensions<\/strong><br \/>\nWxDxH<\/td>\n<td>Illuminant<\/td>\n<\/tr>\n<tr>\n<td>LWL LED 100<\/td>\n<td>1000x600x25\/120<\/td>\n<td>D50\/D65<\/td>\n<\/tr>\n<tr>\n<td>LWL LED 130<\/td>\n<td>1300x600x25\/120<\/td>\n<td>D50\/D65<\/td>\n<\/tr>\n<tr>\n<td>LWL LED 160<\/td>\n<td>1600x600x25\/120<\/td>\n<td>D50\/D65<\/td>\n<\/tr>\n<\/tbody>\n<\/table>\n<p>&nbsp;<\/p>\n<p style=\"text-align: center;\">Whitebooards:<\/p>\n<table class=\" aligncenter\">\n<tbody>\n<tr>\n<td><strong>Symbol<\/strong><\/td>\n<td><strong>Dimensions<\/strong><br \/>\nWxDxH<\/td>\n<\/tr>\n<tr>\n<td>MWB 100<\/td>\n<td>1000x700x35<\/td>\n<\/tr>\n<tr>\n<td>MWB 130<\/td>\n<td>1300x900x35<\/td>\n<\/tr>\n<tr>\n<td>MWB 160<\/td>\n<td>1600x1150x35<\/td>\n<\/tr>\n<\/tbody>\n<\/table>\n<p>&nbsp;<\/p>\n<p style=\"text-align: center;\">Kurtyny boczne:<\/p>\n<table class=\" aligncenter\" style=\"width: 209.55px;\">\n<tbody>\n<tr>\n<td style=\"width: 53px; text-align: center;\"><strong>Symbol<\/strong><\/td>\n<td style=\"width: 140.55px; text-align: center;\"><strong>Wymiary<\/strong><br \/>\nSxGxW<\/td>\n<\/tr>\n<tr>\n<td style=\"width: 53px;\">C 100<\/td>\n<td style=\"width: 140.55px;\">600&#215;700<\/td>\n<\/tr>\n<tr>\n<td style=\"width: 53px;\">C 130<\/td>\n<td style=\"width: 140.55px;\">600&#215;900<\/td>\n<\/tr>\n<tr>\n<td style=\"width: 53px;\">C 160<\/td>\n<td style=\"width: 140.55px;\">600&#215;1150<\/td>\n<\/tr>\n<\/tbody>\n<\/table>\n<p>&nbsp;<\/p>\n","protected":false},"excerpt":{"rendered":"<p>LWL LED lamps are designed for wall mounting and lighting of wall work stations, as well as information boards and exhibits. Optional fittings include side curtain<span class=\"excerpt-hellip\"> [\u2026]<\/span><\/p>\n","protected":false},"featured_media":3912,"template":"","meta":[],"product_brand":[],"product_cat":[189],"product_tag":[],"class_list":{"0":"post-4039","1":"product","2":"type-product","3":"status-publish","4":"has-post-thumbnail","6":"product_cat-general-lighting-lamps","8":"first","9":"instock","10":"shipping-taxable","11":"product-type-simple"},"yoast_head":"<!-- This site is optimized with the Yoast SEO plugin v27.0 - https:\/\/yoast.com\/product\/yoast-seo-wordpress\/ -->\n<title>Wall lamps LED LWL - Lettero - Sprz\u0119t dla poligrafii | Meble metalowe<\/title>\n<meta name=\"robots\" content=\"index, follow, max-snippet:-1, max-image-preview:large, max-video-preview:-1\" \/>\n<link rel=\"canonical\" href=\"https:\/\/lettero.com.pl\/kontrola-koloru\/lampy-oswietlenia-ogolnego\/lampy-nascienne-led-lwl\/\" \/>\n<meta property=\"og:locale\" content=\"en_US\" \/>\n<meta property=\"og:type\" content=\"article\" \/>\n<meta property=\"og:title\" content=\"Wall lamps LED LWL - Lettero - Sprz\u0119t dla poligrafii | Meble metalowe\" \/>\n<meta property=\"og:description\" content=\"LWL LED lamps are designed for wall mounting and lighting of wall work stations, as well as information boards and exhibits. Optional fittings include side curtain [\u2026]\" \/>\n<meta property=\"og:url\" content=\"https:\/\/lettero.com.pl\/kontrola-koloru\/lampy-oswietlenia-ogolnego\/lampy-nascienne-led-lwl\/\" \/>\n<meta property=\"og:site_name\" content=\"Lettero - Sprz\u0119t dla poligrafii | Meble metalowe\" \/>\n<meta property=\"article:modified_time\" content=\"2018-09-19T18:15:52+00:00\" \/>\n<meta property=\"og:image\" content=\"https:\/\/lettero.com.pl\/wp-content\/uploads\/2018\/04\/LWL-tablica.jpg\" \/>\n\t<meta property=\"og:image:width\" content=\"600\" \/>\n\t<meta property=\"og:image:height\" content=\"600\" \/>\n\t<meta property=\"og:image:type\" content=\"image\/jpeg\" \/>\n<meta name=\"twitter:card\" content=\"summary_large_image\" \/>\n<script type=\"application\/ld+json\" class=\"yoast-schema-graph\">{\"@context\":\"https:\/\/schema.org\",\"@graph\":[{\"@type\":\"WebPage\",\"@id\":\"https:\/\/lettero.com.pl\/kontrola-koloru\/lampy-oswietlenia-ogolnego\/lampy-nascienne-led-lwl\/\",\"url\":\"https:\/\/lettero.com.pl\/kontrola-koloru\/lampy-oswietlenia-ogolnego\/lampy-nascienne-led-lwl\/\",\"name\":\"Wall lamps LED LWL - Lettero - Sprz\u0119t dla poligrafii | Meble metalowe\",\"isPartOf\":{\"@id\":\"https:\/\/lettero.com.pl\/#website\"},\"primaryImageOfPage\":{\"@id\":\"https:\/\/lettero.com.pl\/kontrola-koloru\/lampy-oswietlenia-ogolnego\/lampy-nascienne-led-lwl\/#primaryimage\"},\"image\":{\"@id\":\"https:\/\/lettero.com.pl\/kontrola-koloru\/lampy-oswietlenia-ogolnego\/lampy-nascienne-led-lwl\/#primaryimage\"},\"thumbnailUrl\":\"https:\/\/lettero.com.pl\/wp-content\/uploads\/2018\/04\/LWL-tablica.jpg\",\"datePublished\":\"2018-04-11T07:57:15+00:00\",\"dateModified\":\"2018-09-19T18:15:52+00:00\",\"breadcrumb\":{\"@id\":\"https:\/\/lettero.com.pl\/kontrola-koloru\/lampy-oswietlenia-ogolnego\/lampy-nascienne-led-lwl\/#breadcrumb\"},\"inLanguage\":\"en-US\",\"potentialAction\":[{\"@type\":\"ReadAction\",\"target\":[\"https:\/\/lettero.com.pl\/kontrola-koloru\/lampy-oswietlenia-ogolnego\/lampy-nascienne-led-lwl\/\"]}]},{\"@type\":\"ImageObject\",\"inLanguage\":\"en-US\",\"@id\":\"https:\/\/lettero.com.pl\/kontrola-koloru\/lampy-oswietlenia-ogolnego\/lampy-nascienne-led-lwl\/#primaryimage\",\"url\":\"https:\/\/lettero.com.pl\/wp-content\/uploads\/2018\/04\/LWL-tablica.jpg\",\"contentUrl\":\"https:\/\/lettero.com.pl\/wp-content\/uploads\/2018\/04\/LWL-tablica.jpg\",\"width\":600,\"height\":600,\"caption\":\"Wall lamps LED LWL\"},{\"@type\":\"BreadcrumbList\",\"@id\":\"https:\/\/lettero.com.pl\/kontrola-koloru\/lampy-oswietlenia-ogolnego\/lampy-nascienne-led-lwl\/#breadcrumb\",\"itemListElement\":[{\"@type\":\"ListItem\",\"position\":1,\"name\":\"Strona g\u0142\u00f3wna\",\"item\":\"https:\/\/lettero.com.pl\/en\/\"},{\"@type\":\"ListItem\",\"position\":2,\"name\":\"Oferta\",\"item\":\"https:\/\/lettero.com.pl\/oferta-3\/\"},{\"@type\":\"ListItem\",\"position\":3,\"name\":\"Wall lamps LED LWL\"}]},{\"@type\":\"WebSite\",\"@id\":\"https:\/\/lettero.com.pl\/#website\",\"url\":\"https:\/\/lettero.com.pl\/\",\"name\":\"Lettero - Sprz\u0119t dla poligrafii | Meble metalowe\",\"description\":\"Pe\u0142na oferta polskiego producenta urz\u0105dze\u0144 dla poligrafii. Kabiny \u015bwietlne. Meble metalowe: biurowe, socjalne, magazynowe\",\"potentialAction\":[{\"@type\":\"SearchAction\",\"target\":{\"@type\":\"EntryPoint\",\"urlTemplate\":\"https:\/\/lettero.com.pl\/?s={search_term_string}\"},\"query-input\":{\"@type\":\"PropertyValueSpecification\",\"valueRequired\":true,\"valueName\":\"search_term_string\"}}],\"inLanguage\":\"en-US\"}]}<\/script>\n<!-- \/ Yoast SEO plugin. -->","yoast_head_json":{"title":"Wall lamps LED LWL - Lettero - Sprz\u0119t dla poligrafii | Meble metalowe","robots":{"index":"index","follow":"follow","max-snippet":"max-snippet:-1","max-image-preview":"max-image-preview:large","max-video-preview":"max-video-preview:-1"},"canonical":"https:\/\/lettero.com.pl\/kontrola-koloru\/lampy-oswietlenia-ogolnego\/lampy-nascienne-led-lwl\/","og_locale":"en_US","og_type":"article","og_title":"Wall lamps LED LWL - Lettero - Sprz\u0119t dla poligrafii | Meble metalowe","og_description":"LWL LED lamps are designed for wall mounting and lighting of wall work stations, as well as information boards and exhibits. Optional fittings include side curtain [\u2026]","og_url":"https:\/\/lettero.com.pl\/kontrola-koloru\/lampy-oswietlenia-ogolnego\/lampy-nascienne-led-lwl\/","og_site_name":"Lettero - Sprz\u0119t dla poligrafii | Meble metalowe","article_modified_time":"2018-09-19T18:15:52+00:00","og_image":[{"width":600,"height":600,"url":"https:\/\/lettero.com.pl\/wp-content\/uploads\/2018\/04\/LWL-tablica.jpg","type":"image\/jpeg"}],"twitter_card":"summary_large_image","schema":{"@context":"https:\/\/schema.org","@graph":[{"@type":"WebPage","@id":"https:\/\/lettero.com.pl\/kontrola-koloru\/lampy-oswietlenia-ogolnego\/lampy-nascienne-led-lwl\/","url":"https:\/\/lettero.com.pl\/kontrola-koloru\/lampy-oswietlenia-ogolnego\/lampy-nascienne-led-lwl\/","name":"Wall lamps LED LWL - Lettero - Sprz\u0119t dla poligrafii | Meble metalowe","isPartOf":{"@id":"https:\/\/lettero.com.pl\/#website"},"primaryImageOfPage":{"@id":"https:\/\/lettero.com.pl\/kontrola-koloru\/lampy-oswietlenia-ogolnego\/lampy-nascienne-led-lwl\/#primaryimage"},"image":{"@id":"https:\/\/lettero.com.pl\/kontrola-koloru\/lampy-oswietlenia-ogolnego\/lampy-nascienne-led-lwl\/#primaryimage"},"thumbnailUrl":"https:\/\/lettero.com.pl\/wp-content\/uploads\/2018\/04\/LWL-tablica.jpg","datePublished":"2018-04-11T07:57:15+00:00","dateModified":"2018-09-19T18:15:52+00:00","breadcrumb":{"@id":"https:\/\/lettero.com.pl\/kontrola-koloru\/lampy-oswietlenia-ogolnego\/lampy-nascienne-led-lwl\/#breadcrumb"},"inLanguage":"en-US","potentialAction":[{"@type":"ReadAction","target":["https:\/\/lettero.com.pl\/kontrola-koloru\/lampy-oswietlenia-ogolnego\/lampy-nascienne-led-lwl\/"]}]},{"@type":"ImageObject","inLanguage":"en-US","@id":"https:\/\/lettero.com.pl\/kontrola-koloru\/lampy-oswietlenia-ogolnego\/lampy-nascienne-led-lwl\/#primaryimage","url":"https:\/\/lettero.com.pl\/wp-content\/uploads\/2018\/04\/LWL-tablica.jpg","contentUrl":"https:\/\/lettero.com.pl\/wp-content\/uploads\/2018\/04\/LWL-tablica.jpg","width":600,"height":600,"caption":"Wall lamps LED LWL"},{"@type":"BreadcrumbList","@id":"https:\/\/lettero.com.pl\/kontrola-koloru\/lampy-oswietlenia-ogolnego\/lampy-nascienne-led-lwl\/#breadcrumb","itemListElement":[{"@type":"ListItem","position":1,"name":"Strona g\u0142\u00f3wna","item":"https:\/\/lettero.com.pl\/en\/"},{"@type":"ListItem","position":2,"name":"Oferta","item":"https:\/\/lettero.com.pl\/oferta-3\/"},{"@type":"ListItem","position":3,"name":"Wall lamps LED LWL"}]},{"@type":"WebSite","@id":"https:\/\/lettero.com.pl\/#website","url":"https:\/\/lettero.com.pl\/","name":"Lettero - Sprz\u0119t dla poligrafii | Meble metalowe","description":"Pe\u0142na oferta polskiego producenta urz\u0105dze\u0144 dla poligrafii. Kabiny \u015bwietlne. Meble metalowe: biurowe, socjalne, magazynowe","potentialAction":[{"@type":"SearchAction","target":{"@type":"EntryPoint","urlTemplate":"https:\/\/lettero.com.pl\/?s={search_term_string}"},"query-input":{"@type":"PropertyValueSpecification","valueRequired":true,"valueName":"search_term_string"}}],"inLanguage":"en-US"}]}},"_links":{"self":[{"href":"https:\/\/lettero.com.pl\/en\/wp-json\/wp\/v2\/product\/4039","targetHints":{"allow":["GET"]}}],"collection":[{"href":"https:\/\/lettero.com.pl\/en\/wp-json\/wp\/v2\/product"}],"about":[{"href":"https:\/\/lettero.com.pl\/en\/wp-json\/wp\/v2\/types\/product"}],"wp:featuredmedia":[{"embeddable":true,"href":"https:\/\/lettero.com.pl\/en\/wp-json\/wp\/v2\/media\/3912"}],"wp:attachment":[{"href":"https:\/\/lettero.com.pl\/en\/wp-json\/wp\/v2\/media?parent=4039"}],"wp:term":[{"taxonomy":"product_brand","embeddable":true,"href":"https:\/\/lettero.com.pl\/en\/wp-json\/wp\/v2\/product_brand?post=4039"},{"taxonomy":"product_cat","embeddable":true,"href":"https:\/\/lettero.com.pl\/en\/wp-json\/wp\/v2\/product_cat?post=4039"},{"taxonomy":"product_tag","embeddable":true,"href":"https:\/\/lettero.com.pl\/en\/wp-json\/wp\/v2\/product_tag?post=4039"}],"curies":[{"name":"wp","href":"https:\/\/api.w.org\/{rel}","templated":true}]}}