{"id":4031,"date":"2018-04-12T13:28:14","date_gmt":"2018-04-12T11:28:14","guid":{"rendered":"http:\/\/lettero.opticomweb.tk\/sklep\/uncategorized\/konica-minolta-fd-5\/"},"modified":"2018-09-19T20:14:14","modified_gmt":"2018-09-19T18:14:14","slug":"konica-minolta-fd-5","status":"publish","type":"product","link":"https:\/\/lettero.com.pl\/en\/color-control\/measuring-devices-konica-minolta\/konica-minolta-fd-5\/","title":{"rendered":"Konica Minolta FD-5"},"content":{"rendered":"<p>Spectrodensitometer\u00a0Konica Minolta FD-5\u00a0enables colour evaluation taking into consideration the fluorescence of paper under any illuminant, including D50 (M1).<\/p>\n<div class=\"table-responsive\">\n<table class=\"contenttable table\" border=\"1\" cellspacing=\"0\" cellpadding=\"0\">\n<tbody>\n<tr>\n<td valign=\"top\" width=\"189\"><strong>Model<\/strong><\/td>\n<td colspan=\"2\" rowspan=\"1\" valign=\"top\" width=\"233\"><strong>FD-5<\/strong><\/td>\n<\/tr>\n<tr>\n<td valign=\"top\" width=\"189\"><strong>Illumination\/viewing system<\/strong><\/td>\n<td colspan=\"2\" valign=\"top\" width=\"447\">45\u00b0a:0\u00b0(annular illumination)*1\u00a0\u2028Conforms to CIE No. 15, ISO 7724\/1, DIN5033 Teil 7, ASTM E 1164, and JIS Z 8722 Condition A for reflectance measurements.<\/td>\n<\/tr>\n<tr>\n<td valign=\"top\" width=\"189\"><strong>Spectral separation device<\/strong><\/td>\n<td colspan=\"2\" valign=\"top\" width=\"447\">Concave grating<\/td>\n<\/tr>\n<tr>\n<td valign=\"top\" width=\"189\"><strong>Wavelength range<\/strong><\/td>\n<td colspan=\"2\" rowspan=\"1\" valign=\"top\" width=\"233\">Spectral reflectance 380 to 730 nm<\/td>\n<\/tr>\n<tr>\n<td valign=\"top\" width=\"189\"><strong>Wavelength pitch<\/strong><\/td>\n<td colspan=\"2\" valign=\"top\" width=\"447\">10 nm<\/td>\n<\/tr>\n<tr>\n<td valign=\"top\" width=\"189\"><strong>Half bandwidth<\/strong><\/td>\n<td colspan=\"2\" valign=\"top\" width=\"447\">Approx. 10 nm<\/td>\n<\/tr>\n<tr>\n<td valign=\"top\" width=\"189\"><strong>Measurement area<\/strong><\/td>\n<td colspan=\"2\" valign=\"top\" width=\"447\">\u00d83.5mm<\/td>\n<\/tr>\n<tr>\n<td valign=\"top\" width=\"189\"><strong>Light source<\/strong><\/td>\n<td colspan=\"2\" valign=\"top\" width=\"447\">LED<\/td>\n<\/tr>\n<tr>\n<td valign=\"top\" width=\"189\"><strong>Measurement range<\/strong><\/td>\n<td colspan=\"2\" valign=\"top\" width=\"447\">Density: 0.0D to 2.5D; Reflectance: 0 to 150%<\/td>\n<\/tr>\n<tr>\n<td valign=\"top\" width=\"189\"><strong>Short-term repeatability<\/strong><\/td>\n<td colspan=\"2\" valign=\"top\" width=\"447\">Density: \u03c30.01D \u2028Colorimetric: Within \u03c3\u0394E00 0.05 (When white plate is measured 30 times at 10-second intervals after white calibration has been performed)<\/td>\n<\/tr>\n<tr>\n<td valign=\"top\" width=\"189\"><strong>Inter-instrument agreement<\/strong><\/td>\n<td colspan=\"2\" valign=\"top\" width=\"447\">Within \u0394E00 0.3 (Average of 12 BCRA Series II color tiles compared to values measured with a master body under Konica Minolta standard conditions)<\/td>\n<\/tr>\n<tr>\n<td valign=\"top\" width=\"189\"><strong>Measurement time<\/strong><\/td>\n<td colspan=\"2\" valign=\"top\" width=\"447\">Approx. 1.4 s (single-point reflectance measurement)<\/td>\n<\/tr>\n<tr>\n<td valign=\"top\" width=\"189\"><strong>Measurement conditions<\/strong><\/td>\n<td colspan=\"2\" valign=\"top\" width=\"447\">Corresponding to ISO 13655 Measurement Conditions M0 (CIE Illuminant A), M1 (CIE Illuminant D50), M2 (illumination with UV-cut filter) and M3 (CIE Illuminant A with polarization filter); User-defined illuminant<\/td>\n<\/tr>\n<tr>\n<td valign=\"top\" width=\"189\"><strong>Illuminants<\/strong><\/td>\n<td colspan=\"2\" valign=\"top\" width=\"447\">A, C, D50, ID50, D65, ID65, F2, F6, F7, F8, F9, F10, F11, F12, User-defined illuminant<\/td>\n<\/tr>\n<tr>\n<td valign=\"top\" width=\"189\"><strong>Observers<\/strong><\/td>\n<td colspan=\"2\" valign=\"top\" width=\"447\">2\u00b0 Standard Observer, 10\u00b0 Standard Observer<\/td>\n<\/tr>\n<tr>\n<td valign=\"top\" width=\"189\"><strong>Colour spaces<\/strong><\/td>\n<td colspan=\"2\" valign=\"top\" width=\"447\">L*a*b*, L*C*h, Hunter Lab, Yxy, XYZ and colour-difference in these colour spaces<\/td>\n<\/tr>\n<tr>\n<td valign=\"top\" width=\"189\"><strong>Colour-difference equations<\/strong><\/td>\n<td colspan=\"2\" valign=\"top\" width=\"447\">\u0394E*ab (CIE 1976), \u0394E*94 (CIE 1994), \u0394E00 (CIE 2000), \u0394E (Hunter), CMC (l:c)<\/td>\n<\/tr>\n<tr>\n<td valign=\"top\" width=\"189\"><strong>Indexes<\/strong><\/td>\n<td colspan=\"2\" valign=\"top\" width=\"447\">WI (ASTM E313-96); Tint (ASTM E313-96); ISO Brightness (ISO 2470-1); D65 Brightness (ISO 2470-2); Delta Brightness (&#8220;Fluorescent Whitening Intensity&#8221;)<\/td>\n<\/tr>\n<tr>\n<td valign=\"top\" width=\"189\"><strong>Density<\/strong><\/td>\n<td colspan=\"2\" valign=\"top\" width=\"447\">ISO Status T, ISO Status E, ISO Status A, ISO Status I; DIN16536; Spectral density for spotcolours<\/td>\n<\/tr>\n<tr>\n<td valign=\"top\" width=\"189\"><strong>Advanced features<\/strong><\/td>\n<td colspan=\"2\" valign=\"top\" width=\"447\">Greybalance (densitometric &amp; colorimetric), ISOCHECK (QC against ISO or own standards), TARGETMATCH<\/td>\n<\/tr>\n<tr>\n<td valign=\"top\" width=\"189\"><strong>Data Memory<\/strong><\/td>\n<td colspan=\"2\" valign=\"top\" width=\"447\">Single data: Colorimetric target data: 30 data; Density target data: 30 data<\/p>\n<p>50 color sets: 15 colorimetric target data per color set with 3 additional tone values each. ColorSets for standard printing conditions are already included.<\/td>\n<\/tr>\n<tr>\n<td valign=\"top\" width=\"189\"><strong>Display language<\/strong><\/td>\n<td colspan=\"2\" valign=\"top\" width=\"447\">English, French, German, Spanish, Japanese, Chinese (simplified)<\/td>\n<\/tr>\n<tr>\n<td valign=\"top\" width=\"189\"><strong>Interface<\/strong><\/td>\n<td colspan=\"2\" valign=\"top\" width=\"447\">USB 2.0<\/td>\n<\/tr>\n<tr>\n<td valign=\"top\" width=\"189\"><strong>Output data*<\/strong><strong>2<\/strong><\/td>\n<td colspan=\"2\" rowspan=\"1\" valign=\"top\" width=\"233\">Colorimetric and densitometric values<\/td>\n<\/tr>\n<tr>\n<td valign=\"top\" width=\"189\"><strong>Power<\/strong><\/td>\n<td colspan=\"2\" valign=\"top\" width=\"447\">Rechargeable internal lithium-ion battery (Number of measurements per charge: Approx. 2,000 when new); AC adapter; USB bus power<\/td>\n<\/tr>\n<tr>\n<td valign=\"top\" width=\"189\"><strong>Dimensions (W \u00d7 D \u00d7 H)<\/strong><\/td>\n<td colspan=\"2\" valign=\"top\" width=\"447\">70 \u00d7 165 \u00d7 83mm (Body only); 90 \u00d7 172 \u00d7 84mm (With target mask attached)<\/td>\n<\/tr>\n<tr>\n<td valign=\"top\" width=\"189\"><strong>Operating temperature\/humidity range<\/strong><\/td>\n<td colspan=\"2\" valign=\"top\" width=\"447\">10 to 35\u00b0C, 30 to 85% relative humidity with no condensation<\/td>\n<\/tr>\n<tr>\n<td valign=\"top\" width=\"189\"><strong>Storage temperature\/humidity range<\/strong><\/td>\n<td colspan=\"2\" valign=\"top\" width=\"447\">0 to 45\u00b0C, 0 to 85% relative humidity with no condensation<\/td>\n<\/tr>\n<\/tbody>\n<\/table>\n<\/div>\n<div id=\"c463014\" class=\"csc-default\">\n<p>*1\u00a0Illumination for wavelengths under 400nm is unidirectional.<\/p>\n<p>*2\u00a0Available when using PC software<\/p>\n<\/div>\n","protected":false},"excerpt":{"rendered":"<p>Spectrodensitometer\u00a0Konica Minolta FD-5\u00a0enables colour evaluation taking into consideration the fluorescence of paper under any illuminant, including D50 (M1). Model FD-5 Illumination\/viewing system 45\u00b0a:0\u00b0(annular illumination)*1\u00a0\u2028Conforms to CIE<span class=\"excerpt-hellip\"> [\u2026]<\/span><\/p>\n","protected":false},"featured_media":1504,"template":"","meta":[],"product_brand":[],"product_cat":[193],"product_tag":[],"class_list":{"0":"post-4031","1":"product","2":"type-product","3":"status-publish","4":"has-post-thumbnail","6":"product_cat-measuring-devices-konica-minolta","8":"first","9":"instock","10":"shipping-taxable","11":"product-type-simple"},"yoast_head":"<!-- This site is optimized with the Yoast SEO plugin v27.5 - https:\/\/yoast.com\/product\/yoast-seo-wordpress\/ -->\n<title>Konica Minolta FD-5 - Lettero - Sprz\u0119t dla poligrafii | Meble metalowe<\/title>\n<meta name=\"robots\" content=\"index, follow, max-snippet:-1, max-image-preview:large, max-video-preview:-1\" \/>\n<link rel=\"canonical\" href=\"https:\/\/lettero.com.pl\/kontrola-koloru\/urzadzenia-pomiarowe-konica-minolta\/konica-minolta-fd-5\/\" \/>\n<meta property=\"og:locale\" content=\"en_US\" \/>\n<meta property=\"og:type\" content=\"article\" \/>\n<meta property=\"og:title\" content=\"Konica Minolta FD-5 - Lettero - Sprz\u0119t dla poligrafii | Meble metalowe\" \/>\n<meta property=\"og:description\" content=\"Spectrodensitometer\u00a0Konica Minolta FD-5\u00a0enables colour evaluation taking into consideration the fluorescence of paper under any illuminant, including D50 (M1). Model FD-5 Illumination\/viewing system 45\u00b0a:0\u00b0(annular illumination)*1\u00a0\u2028Conforms to CIE [\u2026]\" \/>\n<meta property=\"og:url\" content=\"https:\/\/lettero.com.pl\/kontrola-koloru\/urzadzenia-pomiarowe-konica-minolta\/konica-minolta-fd-5\/\" \/>\n<meta property=\"og:site_name\" content=\"Lettero - Sprz\u0119t dla poligrafii | Meble metalowe\" \/>\n<meta property=\"article:modified_time\" content=\"2018-09-19T18:14:14+00:00\" \/>\n<meta property=\"og:image\" content=\"https:\/\/lettero.com.pl\/wp-content\/uploads\/2018\/04\/konica-minolta-fd-5-7.jpg\" \/>\n\t<meta property=\"og:image:width\" content=\"600\" \/>\n\t<meta property=\"og:image:height\" content=\"600\" \/>\n\t<meta property=\"og:image:type\" content=\"image\/jpeg\" \/>\n<meta name=\"twitter:card\" content=\"summary_large_image\" \/>\n<meta name=\"twitter:label1\" content=\"Est. reading time\" \/>\n\t<meta name=\"twitter:data1\" content=\"2 minutes\" \/>\n<script type=\"application\/ld+json\" class=\"yoast-schema-graph\">{\"@context\":\"https:\\\/\\\/schema.org\",\"@graph\":[{\"@type\":\"WebPage\",\"@id\":\"https:\\\/\\\/lettero.com.pl\\\/kontrola-koloru\\\/urzadzenia-pomiarowe-konica-minolta\\\/konica-minolta-fd-5\\\/\",\"url\":\"https:\\\/\\\/lettero.com.pl\\\/kontrola-koloru\\\/urzadzenia-pomiarowe-konica-minolta\\\/konica-minolta-fd-5\\\/\",\"name\":\"Konica Minolta FD-5 - Lettero - Sprz\u0119t dla poligrafii | Meble metalowe\",\"isPartOf\":{\"@id\":\"https:\\\/\\\/lettero.com.pl\\\/#website\"},\"primaryImageOfPage\":{\"@id\":\"https:\\\/\\\/lettero.com.pl\\\/kontrola-koloru\\\/urzadzenia-pomiarowe-konica-minolta\\\/konica-minolta-fd-5\\\/#primaryimage\"},\"image\":{\"@id\":\"https:\\\/\\\/lettero.com.pl\\\/kontrola-koloru\\\/urzadzenia-pomiarowe-konica-minolta\\\/konica-minolta-fd-5\\\/#primaryimage\"},\"thumbnailUrl\":\"https:\\\/\\\/lettero.com.pl\\\/wp-content\\\/uploads\\\/2018\\\/04\\\/konica-minolta-fd-5-7.jpg\",\"datePublished\":\"2018-04-12T11:28:14+00:00\",\"dateModified\":\"2018-09-19T18:14:14+00:00\",\"breadcrumb\":{\"@id\":\"https:\\\/\\\/lettero.com.pl\\\/kontrola-koloru\\\/urzadzenia-pomiarowe-konica-minolta\\\/konica-minolta-fd-5\\\/#breadcrumb\"},\"inLanguage\":\"en-US\",\"potentialAction\":[{\"@type\":\"ReadAction\",\"target\":[\"https:\\\/\\\/lettero.com.pl\\\/kontrola-koloru\\\/urzadzenia-pomiarowe-konica-minolta\\\/konica-minolta-fd-5\\\/\"]}]},{\"@type\":\"ImageObject\",\"inLanguage\":\"en-US\",\"@id\":\"https:\\\/\\\/lettero.com.pl\\\/kontrola-koloru\\\/urzadzenia-pomiarowe-konica-minolta\\\/konica-minolta-fd-5\\\/#primaryimage\",\"url\":\"https:\\\/\\\/lettero.com.pl\\\/wp-content\\\/uploads\\\/2018\\\/04\\\/konica-minolta-fd-5-7.jpg\",\"contentUrl\":\"https:\\\/\\\/lettero.com.pl\\\/wp-content\\\/uploads\\\/2018\\\/04\\\/konica-minolta-fd-5-7.jpg\",\"width\":600,\"height\":600,\"caption\":\"konica-minolta-fd-5-7\"},{\"@type\":\"BreadcrumbList\",\"@id\":\"https:\\\/\\\/lettero.com.pl\\\/kontrola-koloru\\\/urzadzenia-pomiarowe-konica-minolta\\\/konica-minolta-fd-5\\\/#breadcrumb\",\"itemListElement\":[{\"@type\":\"ListItem\",\"position\":1,\"name\":\"Strona g\u0142\u00f3wna\",\"item\":\"https:\\\/\\\/lettero.com.pl\\\/en\\\/\"},{\"@type\":\"ListItem\",\"position\":2,\"name\":\"Oferta\",\"item\":\"https:\\\/\\\/lettero.com.pl\\\/oferta-3\\\/\"},{\"@type\":\"ListItem\",\"position\":3,\"name\":\"Konica Minolta FD-5\"}]},{\"@type\":\"WebSite\",\"@id\":\"https:\\\/\\\/lettero.com.pl\\\/#website\",\"url\":\"https:\\\/\\\/lettero.com.pl\\\/\",\"name\":\"Lettero - Sprz\u0119t dla poligrafii | Meble metalowe\",\"description\":\"Pe\u0142na oferta polskiego producenta urz\u0105dze\u0144 dla poligrafii. Kabiny \u015bwietlne. Meble metalowe: biurowe, socjalne, magazynowe\",\"potentialAction\":[{\"@type\":\"SearchAction\",\"target\":{\"@type\":\"EntryPoint\",\"urlTemplate\":\"https:\\\/\\\/lettero.com.pl\\\/?s={search_term_string}\"},\"query-input\":{\"@type\":\"PropertyValueSpecification\",\"valueRequired\":true,\"valueName\":\"search_term_string\"}}],\"inLanguage\":\"en-US\"}]}<\/script>\n<!-- \/ Yoast SEO plugin. -->","yoast_head_json":{"title":"Konica Minolta FD-5 - Lettero - Sprz\u0119t dla poligrafii | Meble metalowe","robots":{"index":"index","follow":"follow","max-snippet":"max-snippet:-1","max-image-preview":"max-image-preview:large","max-video-preview":"max-video-preview:-1"},"canonical":"https:\/\/lettero.com.pl\/kontrola-koloru\/urzadzenia-pomiarowe-konica-minolta\/konica-minolta-fd-5\/","og_locale":"en_US","og_type":"article","og_title":"Konica Minolta FD-5 - Lettero - Sprz\u0119t dla poligrafii | Meble metalowe","og_description":"Spectrodensitometer\u00a0Konica Minolta FD-5\u00a0enables colour evaluation taking into consideration the fluorescence of paper under any illuminant, including D50 (M1). Model FD-5 Illumination\/viewing system 45\u00b0a:0\u00b0(annular illumination)*1\u00a0\u2028Conforms to CIE [\u2026]","og_url":"https:\/\/lettero.com.pl\/kontrola-koloru\/urzadzenia-pomiarowe-konica-minolta\/konica-minolta-fd-5\/","og_site_name":"Lettero - Sprz\u0119t dla poligrafii | Meble metalowe","article_modified_time":"2018-09-19T18:14:14+00:00","og_image":[{"width":600,"height":600,"url":"https:\/\/lettero.com.pl\/wp-content\/uploads\/2018\/04\/konica-minolta-fd-5-7.jpg","type":"image\/jpeg"}],"twitter_card":"summary_large_image","twitter_misc":{"Est. reading time":"2 minutes"},"schema":{"@context":"https:\/\/schema.org","@graph":[{"@type":"WebPage","@id":"https:\/\/lettero.com.pl\/kontrola-koloru\/urzadzenia-pomiarowe-konica-minolta\/konica-minolta-fd-5\/","url":"https:\/\/lettero.com.pl\/kontrola-koloru\/urzadzenia-pomiarowe-konica-minolta\/konica-minolta-fd-5\/","name":"Konica Minolta FD-5 - Lettero - Sprz\u0119t dla poligrafii | Meble metalowe","isPartOf":{"@id":"https:\/\/lettero.com.pl\/#website"},"primaryImageOfPage":{"@id":"https:\/\/lettero.com.pl\/kontrola-koloru\/urzadzenia-pomiarowe-konica-minolta\/konica-minolta-fd-5\/#primaryimage"},"image":{"@id":"https:\/\/lettero.com.pl\/kontrola-koloru\/urzadzenia-pomiarowe-konica-minolta\/konica-minolta-fd-5\/#primaryimage"},"thumbnailUrl":"https:\/\/lettero.com.pl\/wp-content\/uploads\/2018\/04\/konica-minolta-fd-5-7.jpg","datePublished":"2018-04-12T11:28:14+00:00","dateModified":"2018-09-19T18:14:14+00:00","breadcrumb":{"@id":"https:\/\/lettero.com.pl\/kontrola-koloru\/urzadzenia-pomiarowe-konica-minolta\/konica-minolta-fd-5\/#breadcrumb"},"inLanguage":"en-US","potentialAction":[{"@type":"ReadAction","target":["https:\/\/lettero.com.pl\/kontrola-koloru\/urzadzenia-pomiarowe-konica-minolta\/konica-minolta-fd-5\/"]}]},{"@type":"ImageObject","inLanguage":"en-US","@id":"https:\/\/lettero.com.pl\/kontrola-koloru\/urzadzenia-pomiarowe-konica-minolta\/konica-minolta-fd-5\/#primaryimage","url":"https:\/\/lettero.com.pl\/wp-content\/uploads\/2018\/04\/konica-minolta-fd-5-7.jpg","contentUrl":"https:\/\/lettero.com.pl\/wp-content\/uploads\/2018\/04\/konica-minolta-fd-5-7.jpg","width":600,"height":600,"caption":"konica-minolta-fd-5-7"},{"@type":"BreadcrumbList","@id":"https:\/\/lettero.com.pl\/kontrola-koloru\/urzadzenia-pomiarowe-konica-minolta\/konica-minolta-fd-5\/#breadcrumb","itemListElement":[{"@type":"ListItem","position":1,"name":"Strona g\u0142\u00f3wna","item":"https:\/\/lettero.com.pl\/en\/"},{"@type":"ListItem","position":2,"name":"Oferta","item":"https:\/\/lettero.com.pl\/oferta-3\/"},{"@type":"ListItem","position":3,"name":"Konica Minolta FD-5"}]},{"@type":"WebSite","@id":"https:\/\/lettero.com.pl\/#website","url":"https:\/\/lettero.com.pl\/","name":"Lettero - Sprz\u0119t dla poligrafii | Meble metalowe","description":"Pe\u0142na oferta polskiego producenta urz\u0105dze\u0144 dla poligrafii. Kabiny \u015bwietlne. Meble metalowe: biurowe, socjalne, magazynowe","potentialAction":[{"@type":"SearchAction","target":{"@type":"EntryPoint","urlTemplate":"https:\/\/lettero.com.pl\/?s={search_term_string}"},"query-input":{"@type":"PropertyValueSpecification","valueRequired":true,"valueName":"search_term_string"}}],"inLanguage":"en-US"}]}},"_links":{"self":[{"href":"https:\/\/lettero.com.pl\/en\/wp-json\/wp\/v2\/product\/4031","targetHints":{"allow":["GET"]}}],"collection":[{"href":"https:\/\/lettero.com.pl\/en\/wp-json\/wp\/v2\/product"}],"about":[{"href":"https:\/\/lettero.com.pl\/en\/wp-json\/wp\/v2\/types\/product"}],"wp:featuredmedia":[{"embeddable":true,"href":"https:\/\/lettero.com.pl\/en\/wp-json\/wp\/v2\/media\/1504"}],"wp:attachment":[{"href":"https:\/\/lettero.com.pl\/en\/wp-json\/wp\/v2\/media?parent=4031"}],"wp:term":[{"taxonomy":"product_brand","embeddable":true,"href":"https:\/\/lettero.com.pl\/en\/wp-json\/wp\/v2\/product_brand?post=4031"},{"taxonomy":"product_cat","embeddable":true,"href":"https:\/\/lettero.com.pl\/en\/wp-json\/wp\/v2\/product_cat?post=4031"},{"taxonomy":"product_tag","embeddable":true,"href":"https:\/\/lettero.com.pl\/en\/wp-json\/wp\/v2\/product_tag?post=4031"}],"curies":[{"name":"wp","href":"https:\/\/api.w.org\/{rel}","templated":true}]}}