{"id":4029,"date":"2018-04-12T13:35:29","date_gmt":"2018-04-12T11:35:29","guid":{"rendered":"http:\/\/lettero.opticomweb.tk\/sklep\/uncategorized\/konica-minolta-cm-2500c-cm-2500c-ct\/"},"modified":"2018-09-19T20:14:13","modified_gmt":"2018-09-19T18:14:13","slug":"konica-minolta-cm-2500c-cm-2500c-ct","status":"publish","type":"product","link":"https:\/\/lettero.com.pl\/en\/color-control\/measuring-devices-konica-minolta\/konica-minolta-cm-2500c-cm-2500c-ct\/","title":{"rendered":"Konica Minolta CM-2500c \/CM-2500c CT"},"content":{"rendered":"<p>lettero control stations and measuring tables are equipped with handles for measurements using several types of measurers, including\u00a0X-Rite devices.<\/p>\n<p><strong>The CM-2500c<\/strong> is a compact portable spectrophotometer with 45\u00b0a:0\u00b0 geometry defined and standardised for colour measurement in several applications such as automotive interior materials, high visibility textiles, Coatings and Road marking.<\/p>\n<p>Furthermore, this geometry is renown of providing colour values having an excellent match with visual perception by fully excluding surface conditions by gloss or texture.<\/p>\n<p>The perfect annular optical system of the CM-2500c (defined as 45\u00b0a:0\u00b0) achieves unsurpassed accuracy and repeatability, especially on textured or structured surfaces, regardless of measurement direction.<\/p>\n<p>The CM-2500c body is light-weight and compact allowing one hand operation with a minimum of operation keys. The large information display shows measurement data either numerically or graphically.<\/p>\n<p>&nbsp;<\/p>\n<div class=\"table-responsive\">\n<table class=\"contenttable table\" border=\"1\" cellspacing=\"3\" cellpadding=\"0\">\n<tbody>\n<tr>\n<th>Model<\/th>\n<td><strong>CM-2500c<br \/>\n<\/strong><\/td>\n<td colspan=\"3\"><strong>CM-2500c CT<\/strong><\/td>\n<\/tr>\n<tr>\n<th>Illumination \/ Viewing system<\/th>\n<td colspan=\"3\" rowspan=\"1\">45\u00b0a:0\u00b0 method (45\u00b0 annular illumination, 0\u00b0 vertical viewing) Conforms to the following norms: CIE 15, ISO 7724\/1, ASTM E179, DIN 5033 Part 7 and JIS Z 8722<\/td>\n<\/tr>\n<tr>\n<th>Light-receiving element<\/th>\n<td colspan=\"3\" rowspan=\"1\">Silicon photodiode array (dual 40 elements)<\/td>\n<\/tr>\n<tr>\n<th>Spectral separation device<\/th>\n<td colspan=\"3\" rowspan=\"1\">Diffraction grating<\/td>\n<\/tr>\n<tr>\n<th>Wavelength range<\/th>\n<td colspan=\"3\" rowspan=\"1\">360 nm to 740 nm<\/td>\n<\/tr>\n<tr>\n<th>Wavelength pitch<\/th>\n<td colspan=\"3\" rowspan=\"1\">10 nm<\/td>\n<\/tr>\n<tr>\n<th>Half bandwidth<\/th>\n<td colspan=\"3\" rowspan=\"1\">Approx. 10 nm<\/td>\n<\/tr>\n<tr>\n<th>Reflectance range<\/th>\n<td colspan=\"3\" rowspan=\"1\">0 to 175%, resolution: 0.01%<\/td>\n<\/tr>\n<tr>\n<th rowspan=\"1\">Light source<\/th>\n<td colspan=\"3\" rowspan=\"1\">2 pulsed xenon lamps<\/td>\n<\/tr>\n<tr>\n<th>Measurement time<\/th>\n<td colspan=\"3\" rowspan=\"1\">Approx. 1.5 seconds<\/td>\n<\/tr>\n<tr>\n<th rowspan=\"1\">Minimum interval between measurements<\/th>\n<td colspan=\"3\" rowspan=\"1\">4 seconds<\/td>\n<\/tr>\n<tr>\n<th rowspan=\"1\">Battery perfomance<\/th>\n<td colspan=\"3\" rowspan=\"1\">Alkaline manganese: approx. 1000 measurements (at 23\u00b0C)<\/td>\n<\/tr>\n<tr>\n<th rowspan=\"1\">Measurement\/ illumination area<\/th>\n<td colspan=\"3\" rowspan=\"1\">\u00d8 7 mm \/ \u00d8 11 mm<\/td>\n<\/tr>\n<tr>\n<th rowspan=\"1\">Repeatability<\/th>\n<td colspan=\"3\" rowspan=\"1\">Colorimetric Value: Standard deviation within \u0394E*ab 0.05 (Measurement conditions: White calibration plate measured 30 times at 10-second intervals after white calibration was performed)<\/td>\n<\/tr>\n<tr>\n<th rowspan=\"1\">Inter-instrument agreement<\/th>\n<td rowspan=\"1\">Within \u0394E*ab 0.25 (Average for 12 BCRA Series II color tiles compared to values measured with master body at 23\u00b0C)<\/td>\n<td colspan=\"2\" rowspan=\"1\">Within \u0394E*ab 0.15 (Average for 12 BCRA Series II color tiles compared to values measured with master body at 23\u00b0C)<\/td>\n<\/tr>\n<tr>\n<th rowspan=\"1\">Measurement mode<\/th>\n<td colspan=\"3\" rowspan=\"1\">Single measurement\/automatic averaging of multiple measurements (auto mode: 3, 5, 8 times\/manual mode)<\/td>\n<\/tr>\n<tr>\n<th rowspan=\"1\">Interfaces<\/th>\n<td colspan=\"3\" rowspan=\"1\">RS-232C standard<\/td>\n<\/tr>\n<tr>\n<th rowspan=\"1\">Observer condition<\/th>\n<td colspan=\"3\" rowspan=\"1\">CIE: 2\u00b0 and 10\u00b0 standard observer<\/td>\n<\/tr>\n<tr>\n<th rowspan=\"1\">Illuminant condition<\/th>\n<td colspan=\"3\" rowspan=\"1\">CIE: A, C, D50, D65, F2, F6, F7, F8, F10, F11, F12 (simultaneous evaluation is possible using two light sources)<\/td>\n<\/tr>\n<tr>\n<th rowspan=\"1\">Displayed data<\/th>\n<td colspan=\"3\" rowspan=\"1\">Spectral value\/graph, colorimetric value, color difference value\/graph, PASS\/FAIL result<\/td>\n<\/tr>\n<tr>\n<th rowspan=\"1\">Colour spaces \/ colourimetric data<\/th>\n<td colspan=\"3\" rowspan=\"1\">L*a*b*, L*C*h, CMC(1:1), CMC(2:1), CIE94, Hunter Lab, Yxy, Munsell, XYZ, MI, WI (ASTM E313), WI (CIE), YI (ASTM E313\/ASTM D1925), ISO Brightness (ISO 2470), Density status A\/T, WI\/Tint (CIE), CIE 00<\/td>\n<\/tr>\n<tr>\n<th rowspan=\"1\">Data memory<\/th>\n<td colspan=\"3\" rowspan=\"1\">700<\/td>\n<\/tr>\n<tr>\n<th rowspan=\"1\">Pass\/Fail judgment<\/th>\n<td colspan=\"3\" rowspan=\"1\">Tolerance for colour difference (Both box and elliptical tolerances can be set)<\/td>\n<\/tr>\n<tr>\n<th rowspan=\"1\">Power source<\/th>\n<td colspan=\"3\" rowspan=\"1\">4 AA-size batteries or AC adapter<\/td>\n<\/tr>\n<tr>\n<th rowspan=\"1\">Dimensions (W x H x D)<\/th>\n<td colspan=\"3\" rowspan=\"1\">69 \u00d7 96 \u00d7 193 mm<\/td>\n<\/tr>\n<tr>\n<th rowspan=\"1\">Weight<\/th>\n<td colspan=\"3\" rowspan=\"1\">Approx. 670 g (without batteries)<\/td>\n<\/tr>\n<tr>\n<th rowspan=\"1\">Operating temperature\/ humidity range<\/th>\n<td colspan=\"3\" rowspan=\"1\">5 &#8211; 40\u00b0C, relative humidity 80% or less (at 35\u00b0C) with no condensation<\/td>\n<\/tr>\n<tr>\n<th rowspan=\"1\">Storage temperature\/ humidity range<\/th>\n<td colspan=\"3\" rowspan=\"1\">0 &#8211; 45\u00b0C, relative humidity 80% or less (at 35\u00b0C) with no condensation<\/td>\n<\/tr>\n<tr>\n<th rowspan=\"1\">Standard accessories<\/th>\n<td colspan=\"3\" rowspan=\"1\">White calibration plate, RS-232C cable, AC adapter, AA-size battery (\u00d74)<\/td>\n<\/tr>\n<tr>\n<th rowspan=\"1\">Optional accessories<\/th>\n<td colspan=\"3\" rowspan=\"1\">Hard case, Dust cover set, Dust cover, SpectraMagic\u2122NX (software), Zero calibration box.<\/td>\n<\/tr>\n<\/tbody>\n<\/table>\n<\/div>\n","protected":false},"excerpt":{"rendered":"<p>lettero control stations and measuring tables are equipped with handles for measurements using several types of measurers, including\u00a0X-Rite devices. The CM-2500c is a compact portable spectrophotometer<span class=\"excerpt-hellip\"> [\u2026]<\/span><\/p>\n","protected":false},"featured_media":1514,"template":"","meta":[],"product_brand":[],"product_cat":[193],"product_tag":[],"class_list":{"0":"post-4029","1":"product","2":"type-product","3":"status-publish","4":"has-post-thumbnail","6":"product_cat-measuring-devices-konica-minolta","8":"first","9":"instock","10":"shipping-taxable","11":"product-type-simple"},"yoast_head":"<!-- This site is optimized with the Yoast SEO plugin v27.5 - https:\/\/yoast.com\/product\/yoast-seo-wordpress\/ -->\n<title>Konica Minolta CM-2500c \/CM-2500c CT - Lettero - Sprz\u0119t dla poligrafii | Meble metalowe<\/title>\n<meta name=\"robots\" content=\"index, follow, max-snippet:-1, max-image-preview:large, max-video-preview:-1\" \/>\n<link rel=\"canonical\" href=\"https:\/\/lettero.com.pl\/kontrola-koloru\/urzadzenia-pomiarowe-konica-minolta\/konica-minolta-cm-2500c-cm-2500c-ct\/\" \/>\n<meta property=\"og:locale\" content=\"en_US\" \/>\n<meta property=\"og:type\" content=\"article\" \/>\n<meta property=\"og:title\" content=\"Konica Minolta CM-2500c \/CM-2500c CT - Lettero - Sprz\u0119t dla poligrafii | Meble metalowe\" \/>\n<meta property=\"og:description\" content=\"lettero control stations and measuring tables are equipped with handles for measurements using several types of measurers, including\u00a0X-Rite devices. The CM-2500c is a compact portable spectrophotometer [\u2026]\" \/>\n<meta property=\"og:url\" content=\"https:\/\/lettero.com.pl\/kontrola-koloru\/urzadzenia-pomiarowe-konica-minolta\/konica-minolta-cm-2500c-cm-2500c-ct\/\" \/>\n<meta property=\"og:site_name\" content=\"Lettero - Sprz\u0119t dla poligrafii | Meble metalowe\" \/>\n<meta property=\"article:modified_time\" content=\"2018-09-19T18:14:13+00:00\" \/>\n<meta property=\"og:image\" content=\"https:\/\/lettero.com.pl\/wp-content\/uploads\/2018\/04\/konica-minolta_1.jpg\" \/>\n\t<meta property=\"og:image:width\" content=\"600\" \/>\n\t<meta property=\"og:image:height\" content=\"600\" \/>\n\t<meta property=\"og:image:type\" content=\"image\/jpeg\" \/>\n<meta name=\"twitter:card\" content=\"summary_large_image\" \/>\n<meta name=\"twitter:label1\" content=\"Est. reading time\" \/>\n\t<meta name=\"twitter:data1\" content=\"2 minutes\" \/>\n<script type=\"application\/ld+json\" class=\"yoast-schema-graph\">{\"@context\":\"https:\\\/\\\/schema.org\",\"@graph\":[{\"@type\":\"WebPage\",\"@id\":\"https:\\\/\\\/lettero.com.pl\\\/kontrola-koloru\\\/urzadzenia-pomiarowe-konica-minolta\\\/konica-minolta-cm-2500c-cm-2500c-ct\\\/\",\"url\":\"https:\\\/\\\/lettero.com.pl\\\/kontrola-koloru\\\/urzadzenia-pomiarowe-konica-minolta\\\/konica-minolta-cm-2500c-cm-2500c-ct\\\/\",\"name\":\"Konica Minolta CM-2500c \\\/CM-2500c CT - Lettero - Sprz\u0119t dla poligrafii | Meble metalowe\",\"isPartOf\":{\"@id\":\"https:\\\/\\\/lettero.com.pl\\\/#website\"},\"primaryImageOfPage\":{\"@id\":\"https:\\\/\\\/lettero.com.pl\\\/kontrola-koloru\\\/urzadzenia-pomiarowe-konica-minolta\\\/konica-minolta-cm-2500c-cm-2500c-ct\\\/#primaryimage\"},\"image\":{\"@id\":\"https:\\\/\\\/lettero.com.pl\\\/kontrola-koloru\\\/urzadzenia-pomiarowe-konica-minolta\\\/konica-minolta-cm-2500c-cm-2500c-ct\\\/#primaryimage\"},\"thumbnailUrl\":\"https:\\\/\\\/lettero.com.pl\\\/wp-content\\\/uploads\\\/2018\\\/04\\\/konica-minolta_1.jpg\",\"datePublished\":\"2018-04-12T11:35:29+00:00\",\"dateModified\":\"2018-09-19T18:14:13+00:00\",\"breadcrumb\":{\"@id\":\"https:\\\/\\\/lettero.com.pl\\\/kontrola-koloru\\\/urzadzenia-pomiarowe-konica-minolta\\\/konica-minolta-cm-2500c-cm-2500c-ct\\\/#breadcrumb\"},\"inLanguage\":\"en-US\",\"potentialAction\":[{\"@type\":\"ReadAction\",\"target\":[\"https:\\\/\\\/lettero.com.pl\\\/kontrola-koloru\\\/urzadzenia-pomiarowe-konica-minolta\\\/konica-minolta-cm-2500c-cm-2500c-ct\\\/\"]}]},{\"@type\":\"ImageObject\",\"inLanguage\":\"en-US\",\"@id\":\"https:\\\/\\\/lettero.com.pl\\\/kontrola-koloru\\\/urzadzenia-pomiarowe-konica-minolta\\\/konica-minolta-cm-2500c-cm-2500c-ct\\\/#primaryimage\",\"url\":\"https:\\\/\\\/lettero.com.pl\\\/wp-content\\\/uploads\\\/2018\\\/04\\\/konica-minolta_1.jpg\",\"contentUrl\":\"https:\\\/\\\/lettero.com.pl\\\/wp-content\\\/uploads\\\/2018\\\/04\\\/konica-minolta_1.jpg\",\"width\":600,\"height\":600},{\"@type\":\"BreadcrumbList\",\"@id\":\"https:\\\/\\\/lettero.com.pl\\\/kontrola-koloru\\\/urzadzenia-pomiarowe-konica-minolta\\\/konica-minolta-cm-2500c-cm-2500c-ct\\\/#breadcrumb\",\"itemListElement\":[{\"@type\":\"ListItem\",\"position\":1,\"name\":\"Strona g\u0142\u00f3wna\",\"item\":\"https:\\\/\\\/lettero.com.pl\\\/en\\\/\"},{\"@type\":\"ListItem\",\"position\":2,\"name\":\"Oferta\",\"item\":\"https:\\\/\\\/lettero.com.pl\\\/oferta-3\\\/\"},{\"@type\":\"ListItem\",\"position\":3,\"name\":\"Konica Minolta CM-2500c \\\/CM-2500c CT\"}]},{\"@type\":\"WebSite\",\"@id\":\"https:\\\/\\\/lettero.com.pl\\\/#website\",\"url\":\"https:\\\/\\\/lettero.com.pl\\\/\",\"name\":\"Lettero - Sprz\u0119t dla poligrafii | Meble metalowe\",\"description\":\"Pe\u0142na oferta polskiego producenta urz\u0105dze\u0144 dla poligrafii. Kabiny \u015bwietlne. Meble metalowe: biurowe, socjalne, magazynowe\",\"potentialAction\":[{\"@type\":\"SearchAction\",\"target\":{\"@type\":\"EntryPoint\",\"urlTemplate\":\"https:\\\/\\\/lettero.com.pl\\\/?s={search_term_string}\"},\"query-input\":{\"@type\":\"PropertyValueSpecification\",\"valueRequired\":true,\"valueName\":\"search_term_string\"}}],\"inLanguage\":\"en-US\"}]}<\/script>\n<!-- \/ Yoast SEO plugin. -->","yoast_head_json":{"title":"Konica Minolta CM-2500c \/CM-2500c CT - Lettero - Sprz\u0119t dla poligrafii | Meble metalowe","robots":{"index":"index","follow":"follow","max-snippet":"max-snippet:-1","max-image-preview":"max-image-preview:large","max-video-preview":"max-video-preview:-1"},"canonical":"https:\/\/lettero.com.pl\/kontrola-koloru\/urzadzenia-pomiarowe-konica-minolta\/konica-minolta-cm-2500c-cm-2500c-ct\/","og_locale":"en_US","og_type":"article","og_title":"Konica Minolta CM-2500c \/CM-2500c CT - Lettero - Sprz\u0119t dla poligrafii | Meble metalowe","og_description":"lettero control stations and measuring tables are equipped with handles for measurements using several types of measurers, including\u00a0X-Rite devices. The CM-2500c is a compact portable spectrophotometer [\u2026]","og_url":"https:\/\/lettero.com.pl\/kontrola-koloru\/urzadzenia-pomiarowe-konica-minolta\/konica-minolta-cm-2500c-cm-2500c-ct\/","og_site_name":"Lettero - Sprz\u0119t dla poligrafii | Meble metalowe","article_modified_time":"2018-09-19T18:14:13+00:00","og_image":[{"width":600,"height":600,"url":"https:\/\/lettero.com.pl\/wp-content\/uploads\/2018\/04\/konica-minolta_1.jpg","type":"image\/jpeg"}],"twitter_card":"summary_large_image","twitter_misc":{"Est. reading time":"2 minutes"},"schema":{"@context":"https:\/\/schema.org","@graph":[{"@type":"WebPage","@id":"https:\/\/lettero.com.pl\/kontrola-koloru\/urzadzenia-pomiarowe-konica-minolta\/konica-minolta-cm-2500c-cm-2500c-ct\/","url":"https:\/\/lettero.com.pl\/kontrola-koloru\/urzadzenia-pomiarowe-konica-minolta\/konica-minolta-cm-2500c-cm-2500c-ct\/","name":"Konica Minolta CM-2500c \/CM-2500c CT - Lettero - Sprz\u0119t dla poligrafii | Meble metalowe","isPartOf":{"@id":"https:\/\/lettero.com.pl\/#website"},"primaryImageOfPage":{"@id":"https:\/\/lettero.com.pl\/kontrola-koloru\/urzadzenia-pomiarowe-konica-minolta\/konica-minolta-cm-2500c-cm-2500c-ct\/#primaryimage"},"image":{"@id":"https:\/\/lettero.com.pl\/kontrola-koloru\/urzadzenia-pomiarowe-konica-minolta\/konica-minolta-cm-2500c-cm-2500c-ct\/#primaryimage"},"thumbnailUrl":"https:\/\/lettero.com.pl\/wp-content\/uploads\/2018\/04\/konica-minolta_1.jpg","datePublished":"2018-04-12T11:35:29+00:00","dateModified":"2018-09-19T18:14:13+00:00","breadcrumb":{"@id":"https:\/\/lettero.com.pl\/kontrola-koloru\/urzadzenia-pomiarowe-konica-minolta\/konica-minolta-cm-2500c-cm-2500c-ct\/#breadcrumb"},"inLanguage":"en-US","potentialAction":[{"@type":"ReadAction","target":["https:\/\/lettero.com.pl\/kontrola-koloru\/urzadzenia-pomiarowe-konica-minolta\/konica-minolta-cm-2500c-cm-2500c-ct\/"]}]},{"@type":"ImageObject","inLanguage":"en-US","@id":"https:\/\/lettero.com.pl\/kontrola-koloru\/urzadzenia-pomiarowe-konica-minolta\/konica-minolta-cm-2500c-cm-2500c-ct\/#primaryimage","url":"https:\/\/lettero.com.pl\/wp-content\/uploads\/2018\/04\/konica-minolta_1.jpg","contentUrl":"https:\/\/lettero.com.pl\/wp-content\/uploads\/2018\/04\/konica-minolta_1.jpg","width":600,"height":600},{"@type":"BreadcrumbList","@id":"https:\/\/lettero.com.pl\/kontrola-koloru\/urzadzenia-pomiarowe-konica-minolta\/konica-minolta-cm-2500c-cm-2500c-ct\/#breadcrumb","itemListElement":[{"@type":"ListItem","position":1,"name":"Strona g\u0142\u00f3wna","item":"https:\/\/lettero.com.pl\/en\/"},{"@type":"ListItem","position":2,"name":"Oferta","item":"https:\/\/lettero.com.pl\/oferta-3\/"},{"@type":"ListItem","position":3,"name":"Konica Minolta CM-2500c \/CM-2500c CT"}]},{"@type":"WebSite","@id":"https:\/\/lettero.com.pl\/#website","url":"https:\/\/lettero.com.pl\/","name":"Lettero - Sprz\u0119t dla poligrafii | Meble metalowe","description":"Pe\u0142na oferta polskiego producenta urz\u0105dze\u0144 dla poligrafii. Kabiny \u015bwietlne. Meble metalowe: biurowe, socjalne, magazynowe","potentialAction":[{"@type":"SearchAction","target":{"@type":"EntryPoint","urlTemplate":"https:\/\/lettero.com.pl\/?s={search_term_string}"},"query-input":{"@type":"PropertyValueSpecification","valueRequired":true,"valueName":"search_term_string"}}],"inLanguage":"en-US"}]}},"_links":{"self":[{"href":"https:\/\/lettero.com.pl\/en\/wp-json\/wp\/v2\/product\/4029","targetHints":{"allow":["GET"]}}],"collection":[{"href":"https:\/\/lettero.com.pl\/en\/wp-json\/wp\/v2\/product"}],"about":[{"href":"https:\/\/lettero.com.pl\/en\/wp-json\/wp\/v2\/types\/product"}],"wp:featuredmedia":[{"embeddable":true,"href":"https:\/\/lettero.com.pl\/en\/wp-json\/wp\/v2\/media\/1514"}],"wp:attachment":[{"href":"https:\/\/lettero.com.pl\/en\/wp-json\/wp\/v2\/media?parent=4029"}],"wp:term":[{"taxonomy":"product_brand","embeddable":true,"href":"https:\/\/lettero.com.pl\/en\/wp-json\/wp\/v2\/product_brand?post=4029"},{"taxonomy":"product_cat","embeddable":true,"href":"https:\/\/lettero.com.pl\/en\/wp-json\/wp\/v2\/product_cat?post=4029"},{"taxonomy":"product_tag","embeddable":true,"href":"https:\/\/lettero.com.pl\/en\/wp-json\/wp\/v2\/product_tag?post=4029"}],"curies":[{"name":"wp","href":"https:\/\/api.w.org\/{rel}","templated":true}]}}