{"id":4025,"date":"2018-04-12T13:24:28","date_gmt":"2018-04-12T11:24:28","guid":{"rendered":"http:\/\/lettero.opticomweb.tk\/sklep\/uncategorized\/x-rite-962-964\/"},"modified":"2018-09-19T20:14:15","modified_gmt":"2018-09-19T18:14:15","slug":"x-rite-962-964","status":"publish","type":"product","link":"https:\/\/lettero.com.pl\/en\/color-control\/measuring-devices-x-rite\/x-rite-962-964\/","title":{"rendered":"X-Rite 962\/964"},"content":{"rendered":"<p>lettero control stations and measuring tables are equipped with handles for measurements using several types of measurers, including\u00a0X-Rite devices.<\/p>\n<p><strong>X-Rite 962\/964<\/strong>\u00a0Spectrophotometer allows you to obtain absolute and difference measurements in the lab, plant, or field for a wide range of colorimetric systems, including: CIE XYZ, CIE Yxy, CIE LAB, Hunter LAB, CIE LCH, CMC, CIE94, Whiteness and Yellowness per ASTM E313-98, Metamerism Index and DIN 6172.<\/p>\n","protected":false},"excerpt":{"rendered":"<p>lettero control stations and measuring tables are equipped with handles for measurements using several types of measurers, including\u00a0X-Rite devices. X-Rite 962\/964\u00a0Spectrophotometer allows you to obtain absolute<span class=\"excerpt-hellip\"> [\u2026]<\/span><\/p>\n","protected":false},"featured_media":1491,"template":"","meta":[],"product_brand":[],"product_cat":[194],"product_tag":[],"class_list":{"0":"post-4025","1":"product","2":"type-product","3":"status-publish","4":"has-post-thumbnail","6":"product_cat-measuring-devices-x-rite","8":"first","9":"instock","10":"shipping-taxable","11":"product-type-simple"},"yoast_head":"<!-- This site is optimized with the Yoast SEO plugin v27.5 - https:\/\/yoast.com\/product\/yoast-seo-wordpress\/ -->\n<title>X-Rite 962\/964 - Lettero - Sprz\u0119t dla poligrafii | Meble metalowe<\/title>\n<meta name=\"robots\" content=\"index, follow, max-snippet:-1, max-image-preview:large, max-video-preview:-1\" \/>\n<link rel=\"canonical\" href=\"https:\/\/lettero.com.pl\/kontrola-koloru\/urzadzenia-pomiarowe-x-rite\/x-rite-962-964\/\" \/>\n<meta property=\"og:locale\" content=\"en_US\" \/>\n<meta property=\"og:type\" content=\"article\" \/>\n<meta property=\"og:title\" content=\"X-Rite 962\/964 - Lettero - Sprz\u0119t dla poligrafii | Meble metalowe\" \/>\n<meta property=\"og:description\" content=\"lettero control stations and measuring tables are equipped with handles for measurements using several types of measurers, including\u00a0X-Rite devices. X-Rite 962\/964\u00a0Spectrophotometer allows you to obtain absolute [\u2026]\" \/>\n<meta property=\"og:url\" content=\"https:\/\/lettero.com.pl\/kontrola-koloru\/urzadzenia-pomiarowe-x-rite\/x-rite-962-964\/\" \/>\n<meta property=\"og:site_name\" content=\"Lettero - Sprz\u0119t dla poligrafii | Meble metalowe\" \/>\n<meta property=\"article:modified_time\" content=\"2018-09-19T18:14:15+00:00\" \/>\n<meta property=\"og:image\" content=\"https:\/\/lettero.com.pl\/wp-content\/uploads\/2018\/04\/x-rite-962-1.jpg\" \/>\n\t<meta property=\"og:image:width\" content=\"600\" \/>\n\t<meta property=\"og:image:height\" content=\"600\" \/>\n\t<meta property=\"og:image:type\" content=\"image\/jpeg\" \/>\n<meta name=\"twitter:card\" content=\"summary_large_image\" \/>\n<script type=\"application\/ld+json\" class=\"yoast-schema-graph\">{\"@context\":\"https:\\\/\\\/schema.org\",\"@graph\":[{\"@type\":\"WebPage\",\"@id\":\"https:\\\/\\\/lettero.com.pl\\\/kontrola-koloru\\\/urzadzenia-pomiarowe-x-rite\\\/x-rite-962-964\\\/\",\"url\":\"https:\\\/\\\/lettero.com.pl\\\/kontrola-koloru\\\/urzadzenia-pomiarowe-x-rite\\\/x-rite-962-964\\\/\",\"name\":\"X-Rite 962\\\/964 - Lettero - Sprz\u0119t dla poligrafii | Meble metalowe\",\"isPartOf\":{\"@id\":\"https:\\\/\\\/lettero.com.pl\\\/#website\"},\"primaryImageOfPage\":{\"@id\":\"https:\\\/\\\/lettero.com.pl\\\/kontrola-koloru\\\/urzadzenia-pomiarowe-x-rite\\\/x-rite-962-964\\\/#primaryimage\"},\"image\":{\"@id\":\"https:\\\/\\\/lettero.com.pl\\\/kontrola-koloru\\\/urzadzenia-pomiarowe-x-rite\\\/x-rite-962-964\\\/#primaryimage\"},\"thumbnailUrl\":\"https:\\\/\\\/lettero.com.pl\\\/wp-content\\\/uploads\\\/2018\\\/04\\\/x-rite-962-1.jpg\",\"datePublished\":\"2018-04-12T11:24:28+00:00\",\"dateModified\":\"2018-09-19T18:14:15+00:00\",\"breadcrumb\":{\"@id\":\"https:\\\/\\\/lettero.com.pl\\\/kontrola-koloru\\\/urzadzenia-pomiarowe-x-rite\\\/x-rite-962-964\\\/#breadcrumb\"},\"inLanguage\":\"en-US\",\"potentialAction\":[{\"@type\":\"ReadAction\",\"target\":[\"https:\\\/\\\/lettero.com.pl\\\/kontrola-koloru\\\/urzadzenia-pomiarowe-x-rite\\\/x-rite-962-964\\\/\"]}]},{\"@type\":\"ImageObject\",\"inLanguage\":\"en-US\",\"@id\":\"https:\\\/\\\/lettero.com.pl\\\/kontrola-koloru\\\/urzadzenia-pomiarowe-x-rite\\\/x-rite-962-964\\\/#primaryimage\",\"url\":\"https:\\\/\\\/lettero.com.pl\\\/wp-content\\\/uploads\\\/2018\\\/04\\\/x-rite-962-1.jpg\",\"contentUrl\":\"https:\\\/\\\/lettero.com.pl\\\/wp-content\\\/uploads\\\/2018\\\/04\\\/x-rite-962-1.jpg\",\"width\":600,\"height\":600},{\"@type\":\"BreadcrumbList\",\"@id\":\"https:\\\/\\\/lettero.com.pl\\\/kontrola-koloru\\\/urzadzenia-pomiarowe-x-rite\\\/x-rite-962-964\\\/#breadcrumb\",\"itemListElement\":[{\"@type\":\"ListItem\",\"position\":1,\"name\":\"Strona g\u0142\u00f3wna\",\"item\":\"https:\\\/\\\/lettero.com.pl\\\/en\\\/\"},{\"@type\":\"ListItem\",\"position\":2,\"name\":\"Oferta\",\"item\":\"https:\\\/\\\/lettero.com.pl\\\/oferta-3\\\/\"},{\"@type\":\"ListItem\",\"position\":3,\"name\":\"X-Rite 962\\\/964\"}]},{\"@type\":\"WebSite\",\"@id\":\"https:\\\/\\\/lettero.com.pl\\\/#website\",\"url\":\"https:\\\/\\\/lettero.com.pl\\\/\",\"name\":\"Lettero - Sprz\u0119t dla poligrafii | Meble metalowe\",\"description\":\"Pe\u0142na oferta polskiego producenta urz\u0105dze\u0144 dla poligrafii. Kabiny \u015bwietlne. Meble metalowe: biurowe, socjalne, magazynowe\",\"potentialAction\":[{\"@type\":\"SearchAction\",\"target\":{\"@type\":\"EntryPoint\",\"urlTemplate\":\"https:\\\/\\\/lettero.com.pl\\\/?s={search_term_string}\"},\"query-input\":{\"@type\":\"PropertyValueSpecification\",\"valueRequired\":true,\"valueName\":\"search_term_string\"}}],\"inLanguage\":\"en-US\"}]}<\/script>\n<!-- \/ Yoast SEO plugin. -->","yoast_head_json":{"title":"X-Rite 962\/964 - Lettero - Sprz\u0119t dla poligrafii | Meble metalowe","robots":{"index":"index","follow":"follow","max-snippet":"max-snippet:-1","max-image-preview":"max-image-preview:large","max-video-preview":"max-video-preview:-1"},"canonical":"https:\/\/lettero.com.pl\/kontrola-koloru\/urzadzenia-pomiarowe-x-rite\/x-rite-962-964\/","og_locale":"en_US","og_type":"article","og_title":"X-Rite 962\/964 - Lettero - Sprz\u0119t dla poligrafii | Meble metalowe","og_description":"lettero control stations and measuring tables are equipped with handles for measurements using several types of measurers, including\u00a0X-Rite devices. X-Rite 962\/964\u00a0Spectrophotometer allows you to obtain absolute [\u2026]","og_url":"https:\/\/lettero.com.pl\/kontrola-koloru\/urzadzenia-pomiarowe-x-rite\/x-rite-962-964\/","og_site_name":"Lettero - Sprz\u0119t dla poligrafii | Meble metalowe","article_modified_time":"2018-09-19T18:14:15+00:00","og_image":[{"width":600,"height":600,"url":"https:\/\/lettero.com.pl\/wp-content\/uploads\/2018\/04\/x-rite-962-1.jpg","type":"image\/jpeg"}],"twitter_card":"summary_large_image","schema":{"@context":"https:\/\/schema.org","@graph":[{"@type":"WebPage","@id":"https:\/\/lettero.com.pl\/kontrola-koloru\/urzadzenia-pomiarowe-x-rite\/x-rite-962-964\/","url":"https:\/\/lettero.com.pl\/kontrola-koloru\/urzadzenia-pomiarowe-x-rite\/x-rite-962-964\/","name":"X-Rite 962\/964 - Lettero - Sprz\u0119t dla poligrafii | Meble metalowe","isPartOf":{"@id":"https:\/\/lettero.com.pl\/#website"},"primaryImageOfPage":{"@id":"https:\/\/lettero.com.pl\/kontrola-koloru\/urzadzenia-pomiarowe-x-rite\/x-rite-962-964\/#primaryimage"},"image":{"@id":"https:\/\/lettero.com.pl\/kontrola-koloru\/urzadzenia-pomiarowe-x-rite\/x-rite-962-964\/#primaryimage"},"thumbnailUrl":"https:\/\/lettero.com.pl\/wp-content\/uploads\/2018\/04\/x-rite-962-1.jpg","datePublished":"2018-04-12T11:24:28+00:00","dateModified":"2018-09-19T18:14:15+00:00","breadcrumb":{"@id":"https:\/\/lettero.com.pl\/kontrola-koloru\/urzadzenia-pomiarowe-x-rite\/x-rite-962-964\/#breadcrumb"},"inLanguage":"en-US","potentialAction":[{"@type":"ReadAction","target":["https:\/\/lettero.com.pl\/kontrola-koloru\/urzadzenia-pomiarowe-x-rite\/x-rite-962-964\/"]}]},{"@type":"ImageObject","inLanguage":"en-US","@id":"https:\/\/lettero.com.pl\/kontrola-koloru\/urzadzenia-pomiarowe-x-rite\/x-rite-962-964\/#primaryimage","url":"https:\/\/lettero.com.pl\/wp-content\/uploads\/2018\/04\/x-rite-962-1.jpg","contentUrl":"https:\/\/lettero.com.pl\/wp-content\/uploads\/2018\/04\/x-rite-962-1.jpg","width":600,"height":600},{"@type":"BreadcrumbList","@id":"https:\/\/lettero.com.pl\/kontrola-koloru\/urzadzenia-pomiarowe-x-rite\/x-rite-962-964\/#breadcrumb","itemListElement":[{"@type":"ListItem","position":1,"name":"Strona g\u0142\u00f3wna","item":"https:\/\/lettero.com.pl\/en\/"},{"@type":"ListItem","position":2,"name":"Oferta","item":"https:\/\/lettero.com.pl\/oferta-3\/"},{"@type":"ListItem","position":3,"name":"X-Rite 962\/964"}]},{"@type":"WebSite","@id":"https:\/\/lettero.com.pl\/#website","url":"https:\/\/lettero.com.pl\/","name":"Lettero - Sprz\u0119t dla poligrafii | Meble metalowe","description":"Pe\u0142na oferta polskiego producenta urz\u0105dze\u0144 dla poligrafii. Kabiny \u015bwietlne. Meble metalowe: biurowe, socjalne, magazynowe","potentialAction":[{"@type":"SearchAction","target":{"@type":"EntryPoint","urlTemplate":"https:\/\/lettero.com.pl\/?s={search_term_string}"},"query-input":{"@type":"PropertyValueSpecification","valueRequired":true,"valueName":"search_term_string"}}],"inLanguage":"en-US"}]}},"_links":{"self":[{"href":"https:\/\/lettero.com.pl\/en\/wp-json\/wp\/v2\/product\/4025","targetHints":{"allow":["GET"]}}],"collection":[{"href":"https:\/\/lettero.com.pl\/en\/wp-json\/wp\/v2\/product"}],"about":[{"href":"https:\/\/lettero.com.pl\/en\/wp-json\/wp\/v2\/types\/product"}],"wp:featuredmedia":[{"embeddable":true,"href":"https:\/\/lettero.com.pl\/en\/wp-json\/wp\/v2\/media\/1491"}],"wp:attachment":[{"href":"https:\/\/lettero.com.pl\/en\/wp-json\/wp\/v2\/media?parent=4025"}],"wp:term":[{"taxonomy":"product_brand","embeddable":true,"href":"https:\/\/lettero.com.pl\/en\/wp-json\/wp\/v2\/product_brand?post=4025"},{"taxonomy":"product_cat","embeddable":true,"href":"https:\/\/lettero.com.pl\/en\/wp-json\/wp\/v2\/product_cat?post=4025"},{"taxonomy":"product_tag","embeddable":true,"href":"https:\/\/lettero.com.pl\/en\/wp-json\/wp\/v2\/product_tag?post=4025"}],"curies":[{"name":"wp","href":"https:\/\/api.w.org\/{rel}","templated":true}]}}