{"id":4012,"date":"2018-04-11T13:49:43","date_gmt":"2018-04-11T11:49:43","guid":{"rendered":"http:\/\/lettero.opticomweb.tk\/sklep\/uncategorized\/ccs-p-151b-measuring-station\/"},"modified":"2018-09-19T20:15:48","modified_gmt":"2018-09-19T18:15:48","slug":"ccs-p-151b-measuring-station","status":"publish","type":"product","link":"https:\/\/lettero.com.pl\/en\/color-control\/ccs-p-measuring-stations\/ccs-p-151b-measuring-station\/","title":{"rendered":"CCS-P-151B measuring station"},"content":{"rendered":"<div>\n<p><strong>Measuring stations CCS-P<\/strong>\u00a0are simplified measurement and control stations CCS provided for use in rooms lit by light sources with a color temperature tested (eg. Lettero LCL).<\/p>\n<p>&nbsp;<\/p>\n<p>Dimensions WxDxH:<\/p>\n<ul>\n<li>CCS-P 101: 1010x810x1200 \/ 1500 mm<\/li>\n<li>CCS-P 121: 1300x910x1200 \/ 1500 mm<\/li>\n<li>CCS-P 151: 1600x1040x1200 \/ 1500 mm<\/li>\n<\/ul>\n<p>&nbsp;<\/p>\n<p>Posts are painted in neutral colors, Munsell N5 and N8<\/p>\n<\/div>\n","protected":false},"excerpt":{"rendered":"<p>Measuring stations CCS-P\u00a0are simplified measurement and control stations CCS provided for use in rooms lit by light sources with a color temperature tested (eg. Lettero LCL).<span class=\"excerpt-hellip\"> [\u2026]<\/span><\/p>\n","protected":false},"featured_media":1385,"template":"","meta":[],"product_brand":[],"product_cat":[185],"product_tag":[],"class_list":{"0":"post-4012","1":"product","2":"type-product","3":"status-publish","4":"has-post-thumbnail","6":"product_cat-ccs-p-measuring-stations","8":"first","9":"instock","10":"shipping-taxable","11":"product-type-simple"},"yoast_head":"<!-- This site is optimized with the Yoast SEO plugin v27.0 - https:\/\/yoast.com\/product\/yoast-seo-wordpress\/ -->\n<title>CCS-P-151B measuring station - Lettero - Sprz\u0119t dla poligrafii | Meble metalowe<\/title>\n<meta name=\"robots\" content=\"index, follow, max-snippet:-1, max-image-preview:large, max-video-preview:-1\" \/>\n<link rel=\"canonical\" href=\"https:\/\/lettero.com.pl\/kontrola-koloru\/ccs-p-stanowiska-pomiarowe\/stanowisko-pomiarowe-ccs-p-151b\/\" \/>\n<meta property=\"og:locale\" content=\"en_US\" \/>\n<meta property=\"og:type\" content=\"article\" \/>\n<meta property=\"og:title\" content=\"CCS-P-151B measuring station - Lettero - Sprz\u0119t dla poligrafii | Meble metalowe\" \/>\n<meta property=\"og:description\" content=\"Measuring stations CCS-P\u00a0are simplified measurement and control stations CCS provided for use in rooms lit by light sources with a color temperature tested (eg. Lettero LCL). [\u2026]\" \/>\n<meta property=\"og:url\" content=\"https:\/\/lettero.com.pl\/kontrola-koloru\/ccs-p-stanowiska-pomiarowe\/stanowisko-pomiarowe-ccs-p-151b\/\" \/>\n<meta property=\"og:site_name\" content=\"Lettero - Sprz\u0119t dla poligrafii | Meble metalowe\" \/>\n<meta property=\"article:modified_time\" content=\"2018-09-19T18:15:48+00:00\" \/>\n<meta property=\"og:image\" content=\"https:\/\/lettero.com.pl\/wp-content\/uploads\/2018\/04\/ccs-p-151-b.jpg\" \/>\n\t<meta property=\"og:image:width\" content=\"600\" \/>\n\t<meta property=\"og:image:height\" content=\"600\" \/>\n\t<meta property=\"og:image:type\" content=\"image\/jpeg\" \/>\n<meta name=\"twitter:card\" content=\"summary_large_image\" \/>\n<script type=\"application\/ld+json\" class=\"yoast-schema-graph\">{\"@context\":\"https:\/\/schema.org\",\"@graph\":[{\"@type\":\"WebPage\",\"@id\":\"https:\/\/lettero.com.pl\/kontrola-koloru\/ccs-p-stanowiska-pomiarowe\/stanowisko-pomiarowe-ccs-p-151b\/\",\"url\":\"https:\/\/lettero.com.pl\/kontrola-koloru\/ccs-p-stanowiska-pomiarowe\/stanowisko-pomiarowe-ccs-p-151b\/\",\"name\":\"CCS-P-151B measuring station - Lettero - Sprz\u0119t dla poligrafii | Meble metalowe\",\"isPartOf\":{\"@id\":\"https:\/\/lettero.com.pl\/#website\"},\"primaryImageOfPage\":{\"@id\":\"https:\/\/lettero.com.pl\/kontrola-koloru\/ccs-p-stanowiska-pomiarowe\/stanowisko-pomiarowe-ccs-p-151b\/#primaryimage\"},\"image\":{\"@id\":\"https:\/\/lettero.com.pl\/kontrola-koloru\/ccs-p-stanowiska-pomiarowe\/stanowisko-pomiarowe-ccs-p-151b\/#primaryimage\"},\"thumbnailUrl\":\"https:\/\/lettero.com.pl\/wp-content\/uploads\/2018\/04\/ccs-p-151-b.jpg\",\"datePublished\":\"2018-04-11T11:49:43+00:00\",\"dateModified\":\"2018-09-19T18:15:48+00:00\",\"breadcrumb\":{\"@id\":\"https:\/\/lettero.com.pl\/kontrola-koloru\/ccs-p-stanowiska-pomiarowe\/stanowisko-pomiarowe-ccs-p-151b\/#breadcrumb\"},\"inLanguage\":\"en-US\",\"potentialAction\":[{\"@type\":\"ReadAction\",\"target\":[\"https:\/\/lettero.com.pl\/kontrola-koloru\/ccs-p-stanowiska-pomiarowe\/stanowisko-pomiarowe-ccs-p-151b\/\"]}]},{\"@type\":\"ImageObject\",\"inLanguage\":\"en-US\",\"@id\":\"https:\/\/lettero.com.pl\/kontrola-koloru\/ccs-p-stanowiska-pomiarowe\/stanowisko-pomiarowe-ccs-p-151b\/#primaryimage\",\"url\":\"https:\/\/lettero.com.pl\/wp-content\/uploads\/2018\/04\/ccs-p-151-b.jpg\",\"contentUrl\":\"https:\/\/lettero.com.pl\/wp-content\/uploads\/2018\/04\/ccs-p-151-b.jpg\",\"width\":600,\"height\":600,\"caption\":\"CCS-P-151B measuring station\"},{\"@type\":\"BreadcrumbList\",\"@id\":\"https:\/\/lettero.com.pl\/kontrola-koloru\/ccs-p-stanowiska-pomiarowe\/stanowisko-pomiarowe-ccs-p-151b\/#breadcrumb\",\"itemListElement\":[{\"@type\":\"ListItem\",\"position\":1,\"name\":\"Strona g\u0142\u00f3wna\",\"item\":\"https:\/\/lettero.com.pl\/en\/\"},{\"@type\":\"ListItem\",\"position\":2,\"name\":\"Oferta\",\"item\":\"https:\/\/lettero.com.pl\/oferta-3\/\"},{\"@type\":\"ListItem\",\"position\":3,\"name\":\"CCS-P-151B measuring station\"}]},{\"@type\":\"WebSite\",\"@id\":\"https:\/\/lettero.com.pl\/#website\",\"url\":\"https:\/\/lettero.com.pl\/\",\"name\":\"Lettero - Sprz\u0119t dla poligrafii | Meble metalowe\",\"description\":\"Pe\u0142na oferta polskiego producenta urz\u0105dze\u0144 dla poligrafii. Kabiny \u015bwietlne. Meble metalowe: biurowe, socjalne, magazynowe\",\"potentialAction\":[{\"@type\":\"SearchAction\",\"target\":{\"@type\":\"EntryPoint\",\"urlTemplate\":\"https:\/\/lettero.com.pl\/?s={search_term_string}\"},\"query-input\":{\"@type\":\"PropertyValueSpecification\",\"valueRequired\":true,\"valueName\":\"search_term_string\"}}],\"inLanguage\":\"en-US\"}]}<\/script>\n<!-- \/ Yoast SEO plugin. -->","yoast_head_json":{"title":"CCS-P-151B measuring station - Lettero - Sprz\u0119t dla poligrafii | Meble metalowe","robots":{"index":"index","follow":"follow","max-snippet":"max-snippet:-1","max-image-preview":"max-image-preview:large","max-video-preview":"max-video-preview:-1"},"canonical":"https:\/\/lettero.com.pl\/kontrola-koloru\/ccs-p-stanowiska-pomiarowe\/stanowisko-pomiarowe-ccs-p-151b\/","og_locale":"en_US","og_type":"article","og_title":"CCS-P-151B measuring station - Lettero - Sprz\u0119t dla poligrafii | Meble metalowe","og_description":"Measuring stations CCS-P\u00a0are simplified measurement and control stations CCS provided for use in rooms lit by light sources with a color temperature tested (eg. Lettero LCL). [\u2026]","og_url":"https:\/\/lettero.com.pl\/kontrola-koloru\/ccs-p-stanowiska-pomiarowe\/stanowisko-pomiarowe-ccs-p-151b\/","og_site_name":"Lettero - Sprz\u0119t dla poligrafii | Meble metalowe","article_modified_time":"2018-09-19T18:15:48+00:00","og_image":[{"width":600,"height":600,"url":"https:\/\/lettero.com.pl\/wp-content\/uploads\/2018\/04\/ccs-p-151-b.jpg","type":"image\/jpeg"}],"twitter_card":"summary_large_image","schema":{"@context":"https:\/\/schema.org","@graph":[{"@type":"WebPage","@id":"https:\/\/lettero.com.pl\/kontrola-koloru\/ccs-p-stanowiska-pomiarowe\/stanowisko-pomiarowe-ccs-p-151b\/","url":"https:\/\/lettero.com.pl\/kontrola-koloru\/ccs-p-stanowiska-pomiarowe\/stanowisko-pomiarowe-ccs-p-151b\/","name":"CCS-P-151B measuring station - Lettero - Sprz\u0119t dla poligrafii | Meble metalowe","isPartOf":{"@id":"https:\/\/lettero.com.pl\/#website"},"primaryImageOfPage":{"@id":"https:\/\/lettero.com.pl\/kontrola-koloru\/ccs-p-stanowiska-pomiarowe\/stanowisko-pomiarowe-ccs-p-151b\/#primaryimage"},"image":{"@id":"https:\/\/lettero.com.pl\/kontrola-koloru\/ccs-p-stanowiska-pomiarowe\/stanowisko-pomiarowe-ccs-p-151b\/#primaryimage"},"thumbnailUrl":"https:\/\/lettero.com.pl\/wp-content\/uploads\/2018\/04\/ccs-p-151-b.jpg","datePublished":"2018-04-11T11:49:43+00:00","dateModified":"2018-09-19T18:15:48+00:00","breadcrumb":{"@id":"https:\/\/lettero.com.pl\/kontrola-koloru\/ccs-p-stanowiska-pomiarowe\/stanowisko-pomiarowe-ccs-p-151b\/#breadcrumb"},"inLanguage":"en-US","potentialAction":[{"@type":"ReadAction","target":["https:\/\/lettero.com.pl\/kontrola-koloru\/ccs-p-stanowiska-pomiarowe\/stanowisko-pomiarowe-ccs-p-151b\/"]}]},{"@type":"ImageObject","inLanguage":"en-US","@id":"https:\/\/lettero.com.pl\/kontrola-koloru\/ccs-p-stanowiska-pomiarowe\/stanowisko-pomiarowe-ccs-p-151b\/#primaryimage","url":"https:\/\/lettero.com.pl\/wp-content\/uploads\/2018\/04\/ccs-p-151-b.jpg","contentUrl":"https:\/\/lettero.com.pl\/wp-content\/uploads\/2018\/04\/ccs-p-151-b.jpg","width":600,"height":600,"caption":"CCS-P-151B measuring station"},{"@type":"BreadcrumbList","@id":"https:\/\/lettero.com.pl\/kontrola-koloru\/ccs-p-stanowiska-pomiarowe\/stanowisko-pomiarowe-ccs-p-151b\/#breadcrumb","itemListElement":[{"@type":"ListItem","position":1,"name":"Strona g\u0142\u00f3wna","item":"https:\/\/lettero.com.pl\/en\/"},{"@type":"ListItem","position":2,"name":"Oferta","item":"https:\/\/lettero.com.pl\/oferta-3\/"},{"@type":"ListItem","position":3,"name":"CCS-P-151B measuring station"}]},{"@type":"WebSite","@id":"https:\/\/lettero.com.pl\/#website","url":"https:\/\/lettero.com.pl\/","name":"Lettero - Sprz\u0119t dla poligrafii | Meble metalowe","description":"Pe\u0142na oferta polskiego producenta urz\u0105dze\u0144 dla poligrafii. Kabiny \u015bwietlne. Meble metalowe: biurowe, socjalne, magazynowe","potentialAction":[{"@type":"SearchAction","target":{"@type":"EntryPoint","urlTemplate":"https:\/\/lettero.com.pl\/?s={search_term_string}"},"query-input":{"@type":"PropertyValueSpecification","valueRequired":true,"valueName":"search_term_string"}}],"inLanguage":"en-US"}]}},"_links":{"self":[{"href":"https:\/\/lettero.com.pl\/en\/wp-json\/wp\/v2\/product\/4012","targetHints":{"allow":["GET"]}}],"collection":[{"href":"https:\/\/lettero.com.pl\/en\/wp-json\/wp\/v2\/product"}],"about":[{"href":"https:\/\/lettero.com.pl\/en\/wp-json\/wp\/v2\/types\/product"}],"wp:featuredmedia":[{"embeddable":true,"href":"https:\/\/lettero.com.pl\/en\/wp-json\/wp\/v2\/media\/1385"}],"wp:attachment":[{"href":"https:\/\/lettero.com.pl\/en\/wp-json\/wp\/v2\/media?parent=4012"}],"wp:term":[{"taxonomy":"product_brand","embeddable":true,"href":"https:\/\/lettero.com.pl\/en\/wp-json\/wp\/v2\/product_brand?post=4012"},{"taxonomy":"product_cat","embeddable":true,"href":"https:\/\/lettero.com.pl\/en\/wp-json\/wp\/v2\/product_cat?post=4012"},{"taxonomy":"product_tag","embeddable":true,"href":"https:\/\/lettero.com.pl\/en\/wp-json\/wp\/v2\/product_tag?post=4012"}],"curies":[{"name":"wp","href":"https:\/\/api.w.org\/{rel}","templated":true}]}}