{"id":4005,"date":"2018-03-30T12:17:22","date_gmt":"2018-03-30T10:17:22","guid":{"rendered":"http:\/\/lettero.opticomweb.tk\/sklep\/uncategorized\/ctu-130-computer-control-station-2\/"},"modified":"2018-09-19T20:16:36","modified_gmt":"2018-09-19T18:16:36","slug":"ctu-130-computer-control-station-1300-mm","status":"publish","type":"product","link":"https:\/\/lettero.com.pl\/en\/color-control\/ctu-computer-control-stations\/ctu-130-computer-control-station-1300-mm\/","title":{"rendered":"CTU 130 computer control station 1300 mm"},"content":{"rendered":"<p><strong>CTU color control unit stations are designed to work in a seated position in the design studios and computer imaging studies and preparation of publications, where the constant evaluation and comparison of the colors of the analog originals or a test\u00a0 print (proof) with colors generated on computer screens is most important.<\/strong><\/p>\n<p>Optimal working conditions are ensured by the illumination of the test temperature and the possibility of almost total isolation of the working space from incident spot light.<\/p>\n<p>CTU units can be mounted on the existing tables, desks and tabletops, or on dedicated stands with space for computer workstations.<\/p>\n<p>Key features of\u00a0 CTU workstations include:<\/p>\n<ul>\n<li>illumination of the entire\u00a0 working space with the light of the test temperature of 5000 K,<\/li>\n<li>almost complete isolation of the workplace from the influence of standard lighting,<\/li>\n<li>smooth adjustable light intensity,<\/li>\n<li>working time indicators of the light sources,<\/li>\n<li>monitor can be mounted on the side swivel bracket,<\/li>\n<li>easy attachment of the analog originals and prints on magnetic screen.<\/li>\n<\/ul>\n<p>&nbsp;<\/p>\n<p>CTU units are intended to be mounted on existing standard desks and worktables of a height of approx. 70-75 cm. The offer is complemented with dedicated CTS stands with underneath shelves for computer and other peripherals.<\/p>\n<p>Symbols:<\/p>\n<p><strong>C<\/strong>\u00a0&#8211; curtains,\u00a0<strong>P<\/strong>\u00a0&#8211; light adjustment,\u00a0<strong>L<\/strong>\u00a0&#8211; light meter,\u00a0<strong>U<\/strong>\u00a0&#8211; monitor holder,\u00a0<strong>S<\/strong>\u00a0&#8211; frame,\u00a0<strong>K<\/strong>\u00a0&#8211; frame with keyboard tray.<\/p>\n","protected":false},"excerpt":{"rendered":"<p>CTU color control unit stations are designed to work in a seated position in the design studios and computer imaging studies and preparation of publications, where<span class=\"excerpt-hellip\"> [\u2026]<\/span><\/p>\n","protected":false},"featured_media":983,"template":"","meta":[],"product_brand":[],"product_cat":[188],"product_tag":[],"class_list":{"0":"post-4005","1":"product","2":"type-product","3":"status-publish","4":"has-post-thumbnail","6":"product_cat-ctu-computer-control-stations","8":"first","9":"instock","10":"shipping-taxable","11":"product-type-simple"},"yoast_head":"<!-- This site is optimized with the Yoast SEO plugin v27.0 - https:\/\/yoast.com\/product\/yoast-seo-wordpress\/ -->\n<title>CTU 130 computer control station 1300 mm - Lettero - Sprz\u0119t dla poligrafii | Meble metalowe<\/title>\n<meta name=\"robots\" content=\"index, follow, max-snippet:-1, max-image-preview:large, max-video-preview:-1\" \/>\n<link rel=\"canonical\" href=\"https:\/\/lettero.com.pl\/kontrola-koloru\/ctu-stanowiska-komputerowe\/ctu-130-studyjne-stanowisko-komputerowe-1300-mm\/\" \/>\n<meta property=\"og:locale\" content=\"en_US\" \/>\n<meta property=\"og:type\" content=\"article\" \/>\n<meta property=\"og:title\" content=\"CTU 130 computer control station 1300 mm - Lettero - Sprz\u0119t dla poligrafii | Meble metalowe\" \/>\n<meta property=\"og:description\" content=\"CTU color control unit stations are designed to work in a seated position in the design studios and computer imaging studies and preparation of publications, where [\u2026]\" \/>\n<meta property=\"og:url\" content=\"https:\/\/lettero.com.pl\/kontrola-koloru\/ctu-stanowiska-komputerowe\/ctu-130-studyjne-stanowisko-komputerowe-1300-mm\/\" \/>\n<meta property=\"og:site_name\" content=\"Lettero - Sprz\u0119t dla poligrafii | Meble metalowe\" \/>\n<meta property=\"article:modified_time\" content=\"2018-09-19T18:16:36+00:00\" \/>\n<meta property=\"og:image\" content=\"https:\/\/lettero.com.pl\/wp-content\/uploads\/2018\/03\/ctu-130-p-l.jpg\" \/>\n\t<meta property=\"og:image:width\" content=\"601\" \/>\n\t<meta property=\"og:image:height\" content=\"601\" \/>\n\t<meta property=\"og:image:type\" content=\"image\/jpeg\" \/>\n<meta name=\"twitter:card\" content=\"summary_large_image\" \/>\n<meta name=\"twitter:label1\" content=\"Est. reading time\" \/>\n\t<meta name=\"twitter:data1\" content=\"1 minute\" \/>\n<script type=\"application\/ld+json\" class=\"yoast-schema-graph\">{\"@context\":\"https:\/\/schema.org\",\"@graph\":[{\"@type\":\"WebPage\",\"@id\":\"https:\/\/lettero.com.pl\/kontrola-koloru\/ctu-stanowiska-komputerowe\/ctu-130-studyjne-stanowisko-komputerowe-1300-mm\/\",\"url\":\"https:\/\/lettero.com.pl\/kontrola-koloru\/ctu-stanowiska-komputerowe\/ctu-130-studyjne-stanowisko-komputerowe-1300-mm\/\",\"name\":\"CTU 130 computer control station 1300 mm - Lettero - Sprz\u0119t dla poligrafii | Meble metalowe\",\"isPartOf\":{\"@id\":\"https:\/\/lettero.com.pl\/#website\"},\"primaryImageOfPage\":{\"@id\":\"https:\/\/lettero.com.pl\/kontrola-koloru\/ctu-stanowiska-komputerowe\/ctu-130-studyjne-stanowisko-komputerowe-1300-mm\/#primaryimage\"},\"image\":{\"@id\":\"https:\/\/lettero.com.pl\/kontrola-koloru\/ctu-stanowiska-komputerowe\/ctu-130-studyjne-stanowisko-komputerowe-1300-mm\/#primaryimage\"},\"thumbnailUrl\":\"https:\/\/lettero.com.pl\/wp-content\/uploads\/2018\/03\/ctu-130-p-l.jpg\",\"datePublished\":\"2018-03-30T10:17:22+00:00\",\"dateModified\":\"2018-09-19T18:16:36+00:00\",\"breadcrumb\":{\"@id\":\"https:\/\/lettero.com.pl\/kontrola-koloru\/ctu-stanowiska-komputerowe\/ctu-130-studyjne-stanowisko-komputerowe-1300-mm\/#breadcrumb\"},\"inLanguage\":\"en-US\",\"potentialAction\":[{\"@type\":\"ReadAction\",\"target\":[\"https:\/\/lettero.com.pl\/kontrola-koloru\/ctu-stanowiska-komputerowe\/ctu-130-studyjne-stanowisko-komputerowe-1300-mm\/\"]}]},{\"@type\":\"ImageObject\",\"inLanguage\":\"en-US\",\"@id\":\"https:\/\/lettero.com.pl\/kontrola-koloru\/ctu-stanowiska-komputerowe\/ctu-130-studyjne-stanowisko-komputerowe-1300-mm\/#primaryimage\",\"url\":\"https:\/\/lettero.com.pl\/wp-content\/uploads\/2018\/03\/ctu-130-p-l.jpg\",\"contentUrl\":\"https:\/\/lettero.com.pl\/wp-content\/uploads\/2018\/03\/ctu-130-p-l.jpg\",\"width\":601,\"height\":601,\"caption\":\"CTU 130 computer control station\"},{\"@type\":\"BreadcrumbList\",\"@id\":\"https:\/\/lettero.com.pl\/kontrola-koloru\/ctu-stanowiska-komputerowe\/ctu-130-studyjne-stanowisko-komputerowe-1300-mm\/#breadcrumb\",\"itemListElement\":[{\"@type\":\"ListItem\",\"position\":1,\"name\":\"Strona g\u0142\u00f3wna\",\"item\":\"https:\/\/lettero.com.pl\/en\/\"},{\"@type\":\"ListItem\",\"position\":2,\"name\":\"Oferta\",\"item\":\"https:\/\/lettero.com.pl\/oferta-3\/\"},{\"@type\":\"ListItem\",\"position\":3,\"name\":\"CTU 130 computer control station 1300 mm\"}]},{\"@type\":\"WebSite\",\"@id\":\"https:\/\/lettero.com.pl\/#website\",\"url\":\"https:\/\/lettero.com.pl\/\",\"name\":\"Lettero - Sprz\u0119t dla poligrafii | Meble metalowe\",\"description\":\"Pe\u0142na oferta polskiego producenta urz\u0105dze\u0144 dla poligrafii. Kabiny \u015bwietlne. Meble metalowe: biurowe, socjalne, magazynowe\",\"potentialAction\":[{\"@type\":\"SearchAction\",\"target\":{\"@type\":\"EntryPoint\",\"urlTemplate\":\"https:\/\/lettero.com.pl\/?s={search_term_string}\"},\"query-input\":{\"@type\":\"PropertyValueSpecification\",\"valueRequired\":true,\"valueName\":\"search_term_string\"}}],\"inLanguage\":\"en-US\"}]}<\/script>\n<!-- \/ Yoast SEO plugin. -->","yoast_head_json":{"title":"CTU 130 computer control station 1300 mm - Lettero - Sprz\u0119t dla poligrafii | Meble metalowe","robots":{"index":"index","follow":"follow","max-snippet":"max-snippet:-1","max-image-preview":"max-image-preview:large","max-video-preview":"max-video-preview:-1"},"canonical":"https:\/\/lettero.com.pl\/kontrola-koloru\/ctu-stanowiska-komputerowe\/ctu-130-studyjne-stanowisko-komputerowe-1300-mm\/","og_locale":"en_US","og_type":"article","og_title":"CTU 130 computer control station 1300 mm - Lettero - Sprz\u0119t dla poligrafii | Meble metalowe","og_description":"CTU color control unit stations are designed to work in a seated position in the design studios and computer imaging studies and preparation of publications, where [\u2026]","og_url":"https:\/\/lettero.com.pl\/kontrola-koloru\/ctu-stanowiska-komputerowe\/ctu-130-studyjne-stanowisko-komputerowe-1300-mm\/","og_site_name":"Lettero - Sprz\u0119t dla poligrafii | Meble metalowe","article_modified_time":"2018-09-19T18:16:36+00:00","og_image":[{"width":601,"height":601,"url":"https:\/\/lettero.com.pl\/wp-content\/uploads\/2018\/03\/ctu-130-p-l.jpg","type":"image\/jpeg"}],"twitter_card":"summary_large_image","twitter_misc":{"Est. reading time":"1 minute"},"schema":{"@context":"https:\/\/schema.org","@graph":[{"@type":"WebPage","@id":"https:\/\/lettero.com.pl\/kontrola-koloru\/ctu-stanowiska-komputerowe\/ctu-130-studyjne-stanowisko-komputerowe-1300-mm\/","url":"https:\/\/lettero.com.pl\/kontrola-koloru\/ctu-stanowiska-komputerowe\/ctu-130-studyjne-stanowisko-komputerowe-1300-mm\/","name":"CTU 130 computer control station 1300 mm - Lettero - Sprz\u0119t dla poligrafii | Meble metalowe","isPartOf":{"@id":"https:\/\/lettero.com.pl\/#website"},"primaryImageOfPage":{"@id":"https:\/\/lettero.com.pl\/kontrola-koloru\/ctu-stanowiska-komputerowe\/ctu-130-studyjne-stanowisko-komputerowe-1300-mm\/#primaryimage"},"image":{"@id":"https:\/\/lettero.com.pl\/kontrola-koloru\/ctu-stanowiska-komputerowe\/ctu-130-studyjne-stanowisko-komputerowe-1300-mm\/#primaryimage"},"thumbnailUrl":"https:\/\/lettero.com.pl\/wp-content\/uploads\/2018\/03\/ctu-130-p-l.jpg","datePublished":"2018-03-30T10:17:22+00:00","dateModified":"2018-09-19T18:16:36+00:00","breadcrumb":{"@id":"https:\/\/lettero.com.pl\/kontrola-koloru\/ctu-stanowiska-komputerowe\/ctu-130-studyjne-stanowisko-komputerowe-1300-mm\/#breadcrumb"},"inLanguage":"en-US","potentialAction":[{"@type":"ReadAction","target":["https:\/\/lettero.com.pl\/kontrola-koloru\/ctu-stanowiska-komputerowe\/ctu-130-studyjne-stanowisko-komputerowe-1300-mm\/"]}]},{"@type":"ImageObject","inLanguage":"en-US","@id":"https:\/\/lettero.com.pl\/kontrola-koloru\/ctu-stanowiska-komputerowe\/ctu-130-studyjne-stanowisko-komputerowe-1300-mm\/#primaryimage","url":"https:\/\/lettero.com.pl\/wp-content\/uploads\/2018\/03\/ctu-130-p-l.jpg","contentUrl":"https:\/\/lettero.com.pl\/wp-content\/uploads\/2018\/03\/ctu-130-p-l.jpg","width":601,"height":601,"caption":"CTU 130 computer control station"},{"@type":"BreadcrumbList","@id":"https:\/\/lettero.com.pl\/kontrola-koloru\/ctu-stanowiska-komputerowe\/ctu-130-studyjne-stanowisko-komputerowe-1300-mm\/#breadcrumb","itemListElement":[{"@type":"ListItem","position":1,"name":"Strona g\u0142\u00f3wna","item":"https:\/\/lettero.com.pl\/en\/"},{"@type":"ListItem","position":2,"name":"Oferta","item":"https:\/\/lettero.com.pl\/oferta-3\/"},{"@type":"ListItem","position":3,"name":"CTU 130 computer control station 1300 mm"}]},{"@type":"WebSite","@id":"https:\/\/lettero.com.pl\/#website","url":"https:\/\/lettero.com.pl\/","name":"Lettero - Sprz\u0119t dla poligrafii | Meble metalowe","description":"Pe\u0142na oferta polskiego producenta urz\u0105dze\u0144 dla poligrafii. Kabiny \u015bwietlne. Meble metalowe: biurowe, socjalne, magazynowe","potentialAction":[{"@type":"SearchAction","target":{"@type":"EntryPoint","urlTemplate":"https:\/\/lettero.com.pl\/?s={search_term_string}"},"query-input":{"@type":"PropertyValueSpecification","valueRequired":true,"valueName":"search_term_string"}}],"inLanguage":"en-US"}]}},"_links":{"self":[{"href":"https:\/\/lettero.com.pl\/en\/wp-json\/wp\/v2\/product\/4005","targetHints":{"allow":["GET"]}}],"collection":[{"href":"https:\/\/lettero.com.pl\/en\/wp-json\/wp\/v2\/product"}],"about":[{"href":"https:\/\/lettero.com.pl\/en\/wp-json\/wp\/v2\/types\/product"}],"wp:featuredmedia":[{"embeddable":true,"href":"https:\/\/lettero.com.pl\/en\/wp-json\/wp\/v2\/media\/983"}],"wp:attachment":[{"href":"https:\/\/lettero.com.pl\/en\/wp-json\/wp\/v2\/media?parent=4005"}],"wp:term":[{"taxonomy":"product_brand","embeddable":true,"href":"https:\/\/lettero.com.pl\/en\/wp-json\/wp\/v2\/product_brand?post=4005"},{"taxonomy":"product_cat","embeddable":true,"href":"https:\/\/lettero.com.pl\/en\/wp-json\/wp\/v2\/product_cat?post=4005"},{"taxonomy":"product_tag","embeddable":true,"href":"https:\/\/lettero.com.pl\/en\/wp-json\/wp\/v2\/product_tag?post=4005"}],"curies":[{"name":"wp","href":"https:\/\/api.w.org\/{rel}","templated":true}]}}