{"id":3992,"date":"2018-04-10T13:23:41","date_gmt":"2018-04-10T11:23:41","guid":{"rendered":"http:\/\/lettero.opticomweb.tk\/sklep\/uncategorized\/ccs-sp-2200-large-format-control-and-measuring-station\/"},"modified":"2018-09-19T20:15:59","modified_gmt":"2018-09-19T18:15:59","slug":"ccs-sp-2200-large-format-control-and-measuring-station","status":"publish","type":"product","link":"https:\/\/lettero.com.pl\/en\/color-control\/ccs-sp-large-format-control-and-measuring-stations\/ccs-sp-2200-large-format-control-and-measuring-station\/","title":{"rendered":"CCS-SP 2200 large format control and measuring station"},"content":{"rendered":"<div>\n<p><strong>CCS-SP color control station is designed for visual assessment and color measurement using a spectrometer on the prints of different format sizes made in any printing technology.<\/strong><\/p>\n<p>The station consists of lamp (lamps) with a test temperature of 5000K (D50), inclined worktop which allows comfortable working in a standing position, trolley with removable handles\u00a0 for different types of spectrometer, a holder for\u00a0 computer monitor connected to a spectrometer and a frame produced in different versions.<\/p>\n<p>CCS-SP color control station is produced in four formats.<\/p>\n<p>The station consists of lamp (lamps) with a test temperature of 5000K (D50), inclined worktop which allows comfortable work in a standing position, trolley with removable handles for different types of spectrometer, holder for the computer monitor connected to a spectrometer \u00a0and a frame based on leveled feet or on casters\u00a0 with brakes. Sections of drawers can be used as a frame base.<\/p>\n<p>&nbsp;<\/p>\n<p>Versions of the work stations:<\/p>\n<ul>\n<li><strong>CCS-SP<\/strong>\u00a0on frame,<\/li>\n<li><strong>CCS-SP-SZ<\/strong>\u00a0on frame with drawers,<\/li>\n<li><strong>CCS-SP-K<\/strong>\u00a0on frame with casters,<\/li>\n<li><strong>CCS-SP-K-SZ<\/strong>\u00a0on frame with casters and drawers<\/li>\n<\/ul>\n<p>&nbsp;<\/p>\n<\/div>\n","protected":false},"excerpt":{"rendered":"<p>CCS-SP color control station is designed for visual assessment and color measurement using a spectrometer on the prints of different format sizes made in any printing<span class=\"excerpt-hellip\"> [\u2026]<\/span><\/p>\n","protected":false},"featured_media":1284,"template":"","meta":[],"product_brand":[],"product_cat":[186],"product_tag":[],"class_list":{"0":"post-3992","1":"product","2":"type-product","3":"status-publish","4":"has-post-thumbnail","6":"product_cat-ccs-sp-large-format-control-and-measuring-stations","8":"first","9":"instock","10":"shipping-taxable","11":"product-type-simple"},"yoast_head":"<!-- This site is optimized with the Yoast SEO plugin v27.0 - https:\/\/yoast.com\/product\/yoast-seo-wordpress\/ -->\n<title>CCS-SP 2200 large format control and measuring station - Lettero - Sprz\u0119t dla poligrafii | Meble metalowe<\/title>\n<meta name=\"robots\" content=\"index, follow, max-snippet:-1, max-image-preview:large, max-video-preview:-1\" \/>\n<link rel=\"canonical\" href=\"https:\/\/lettero.com.pl\/kontrola-koloru\/ccs-sp-wielkoformatowe\/ccs-sp-2200-stanowisko-kontrolno-pomiarowe\/\" \/>\n<meta property=\"og:locale\" content=\"en_US\" \/>\n<meta property=\"og:type\" content=\"article\" \/>\n<meta property=\"og:title\" content=\"CCS-SP 2200 large format control and measuring station - Lettero - Sprz\u0119t dla poligrafii | Meble metalowe\" \/>\n<meta property=\"og:description\" content=\"CCS-SP color control station is designed for visual assessment and color measurement using a spectrometer on the prints of different format sizes made in any printing [\u2026]\" \/>\n<meta property=\"og:url\" content=\"https:\/\/lettero.com.pl\/kontrola-koloru\/ccs-sp-wielkoformatowe\/ccs-sp-2200-stanowisko-kontrolno-pomiarowe\/\" \/>\n<meta property=\"og:site_name\" content=\"Lettero - Sprz\u0119t dla poligrafii | Meble metalowe\" \/>\n<meta property=\"article:modified_time\" content=\"2018-09-19T18:15:59+00:00\" \/>\n<meta property=\"og:image\" content=\"https:\/\/lettero.com.pl\/wp-content\/uploads\/2018\/04\/ccs-sp-2200-st.jpg\" \/>\n\t<meta property=\"og:image:width\" content=\"600\" \/>\n\t<meta property=\"og:image:height\" content=\"600\" \/>\n\t<meta property=\"og:image:type\" content=\"image\/jpeg\" \/>\n<meta name=\"twitter:card\" content=\"summary_large_image\" \/>\n<meta name=\"twitter:label1\" content=\"Est. reading time\" \/>\n\t<meta name=\"twitter:data1\" content=\"1 minute\" \/>\n<script type=\"application\/ld+json\" class=\"yoast-schema-graph\">{\"@context\":\"https:\/\/schema.org\",\"@graph\":[{\"@type\":\"WebPage\",\"@id\":\"https:\/\/lettero.com.pl\/kontrola-koloru\/ccs-sp-wielkoformatowe\/ccs-sp-2200-stanowisko-kontrolno-pomiarowe\/\",\"url\":\"https:\/\/lettero.com.pl\/kontrola-koloru\/ccs-sp-wielkoformatowe\/ccs-sp-2200-stanowisko-kontrolno-pomiarowe\/\",\"name\":\"CCS-SP 2200 large format control and measuring station - Lettero - Sprz\u0119t dla poligrafii | Meble metalowe\",\"isPartOf\":{\"@id\":\"https:\/\/lettero.com.pl\/#website\"},\"primaryImageOfPage\":{\"@id\":\"https:\/\/lettero.com.pl\/kontrola-koloru\/ccs-sp-wielkoformatowe\/ccs-sp-2200-stanowisko-kontrolno-pomiarowe\/#primaryimage\"},\"image\":{\"@id\":\"https:\/\/lettero.com.pl\/kontrola-koloru\/ccs-sp-wielkoformatowe\/ccs-sp-2200-stanowisko-kontrolno-pomiarowe\/#primaryimage\"},\"thumbnailUrl\":\"https:\/\/lettero.com.pl\/wp-content\/uploads\/2018\/04\/ccs-sp-2200-st.jpg\",\"datePublished\":\"2018-04-10T11:23:41+00:00\",\"dateModified\":\"2018-09-19T18:15:59+00:00\",\"breadcrumb\":{\"@id\":\"https:\/\/lettero.com.pl\/kontrola-koloru\/ccs-sp-wielkoformatowe\/ccs-sp-2200-stanowisko-kontrolno-pomiarowe\/#breadcrumb\"},\"inLanguage\":\"en-US\",\"potentialAction\":[{\"@type\":\"ReadAction\",\"target\":[\"https:\/\/lettero.com.pl\/kontrola-koloru\/ccs-sp-wielkoformatowe\/ccs-sp-2200-stanowisko-kontrolno-pomiarowe\/\"]}]},{\"@type\":\"ImageObject\",\"inLanguage\":\"en-US\",\"@id\":\"https:\/\/lettero.com.pl\/kontrola-koloru\/ccs-sp-wielkoformatowe\/ccs-sp-2200-stanowisko-kontrolno-pomiarowe\/#primaryimage\",\"url\":\"https:\/\/lettero.com.pl\/wp-content\/uploads\/2018\/04\/ccs-sp-2200-st.jpg\",\"contentUrl\":\"https:\/\/lettero.com.pl\/wp-content\/uploads\/2018\/04\/ccs-sp-2200-st.jpg\",\"width\":600,\"height\":600,\"caption\":\"CCS-SP 2200 large format control and measuring station\"},{\"@type\":\"BreadcrumbList\",\"@id\":\"https:\/\/lettero.com.pl\/kontrola-koloru\/ccs-sp-wielkoformatowe\/ccs-sp-2200-stanowisko-kontrolno-pomiarowe\/#breadcrumb\",\"itemListElement\":[{\"@type\":\"ListItem\",\"position\":1,\"name\":\"Strona g\u0142\u00f3wna\",\"item\":\"https:\/\/lettero.com.pl\/en\/\"},{\"@type\":\"ListItem\",\"position\":2,\"name\":\"Oferta\",\"item\":\"https:\/\/lettero.com.pl\/oferta-3\/\"},{\"@type\":\"ListItem\",\"position\":3,\"name\":\"CCS-SP 2200 large format control and measuring station\"}]},{\"@type\":\"WebSite\",\"@id\":\"https:\/\/lettero.com.pl\/#website\",\"url\":\"https:\/\/lettero.com.pl\/\",\"name\":\"Lettero - Sprz\u0119t dla poligrafii | Meble metalowe\",\"description\":\"Pe\u0142na oferta polskiego producenta urz\u0105dze\u0144 dla poligrafii. Kabiny \u015bwietlne. Meble metalowe: biurowe, socjalne, magazynowe\",\"potentialAction\":[{\"@type\":\"SearchAction\",\"target\":{\"@type\":\"EntryPoint\",\"urlTemplate\":\"https:\/\/lettero.com.pl\/?s={search_term_string}\"},\"query-input\":{\"@type\":\"PropertyValueSpecification\",\"valueRequired\":true,\"valueName\":\"search_term_string\"}}],\"inLanguage\":\"en-US\"}]}<\/script>\n<!-- \/ Yoast SEO plugin. -->","yoast_head_json":{"title":"CCS-SP 2200 large format control and measuring station - Lettero - Sprz\u0119t dla poligrafii | Meble metalowe","robots":{"index":"index","follow":"follow","max-snippet":"max-snippet:-1","max-image-preview":"max-image-preview:large","max-video-preview":"max-video-preview:-1"},"canonical":"https:\/\/lettero.com.pl\/kontrola-koloru\/ccs-sp-wielkoformatowe\/ccs-sp-2200-stanowisko-kontrolno-pomiarowe\/","og_locale":"en_US","og_type":"article","og_title":"CCS-SP 2200 large format control and measuring station - Lettero - Sprz\u0119t dla poligrafii | Meble metalowe","og_description":"CCS-SP color control station is designed for visual assessment and color measurement using a spectrometer on the prints of different format sizes made in any printing [\u2026]","og_url":"https:\/\/lettero.com.pl\/kontrola-koloru\/ccs-sp-wielkoformatowe\/ccs-sp-2200-stanowisko-kontrolno-pomiarowe\/","og_site_name":"Lettero - Sprz\u0119t dla poligrafii | Meble metalowe","article_modified_time":"2018-09-19T18:15:59+00:00","og_image":[{"width":600,"height":600,"url":"https:\/\/lettero.com.pl\/wp-content\/uploads\/2018\/04\/ccs-sp-2200-st.jpg","type":"image\/jpeg"}],"twitter_card":"summary_large_image","twitter_misc":{"Est. reading time":"1 minute"},"schema":{"@context":"https:\/\/schema.org","@graph":[{"@type":"WebPage","@id":"https:\/\/lettero.com.pl\/kontrola-koloru\/ccs-sp-wielkoformatowe\/ccs-sp-2200-stanowisko-kontrolno-pomiarowe\/","url":"https:\/\/lettero.com.pl\/kontrola-koloru\/ccs-sp-wielkoformatowe\/ccs-sp-2200-stanowisko-kontrolno-pomiarowe\/","name":"CCS-SP 2200 large format control and measuring station - Lettero - Sprz\u0119t dla poligrafii | Meble metalowe","isPartOf":{"@id":"https:\/\/lettero.com.pl\/#website"},"primaryImageOfPage":{"@id":"https:\/\/lettero.com.pl\/kontrola-koloru\/ccs-sp-wielkoformatowe\/ccs-sp-2200-stanowisko-kontrolno-pomiarowe\/#primaryimage"},"image":{"@id":"https:\/\/lettero.com.pl\/kontrola-koloru\/ccs-sp-wielkoformatowe\/ccs-sp-2200-stanowisko-kontrolno-pomiarowe\/#primaryimage"},"thumbnailUrl":"https:\/\/lettero.com.pl\/wp-content\/uploads\/2018\/04\/ccs-sp-2200-st.jpg","datePublished":"2018-04-10T11:23:41+00:00","dateModified":"2018-09-19T18:15:59+00:00","breadcrumb":{"@id":"https:\/\/lettero.com.pl\/kontrola-koloru\/ccs-sp-wielkoformatowe\/ccs-sp-2200-stanowisko-kontrolno-pomiarowe\/#breadcrumb"},"inLanguage":"en-US","potentialAction":[{"@type":"ReadAction","target":["https:\/\/lettero.com.pl\/kontrola-koloru\/ccs-sp-wielkoformatowe\/ccs-sp-2200-stanowisko-kontrolno-pomiarowe\/"]}]},{"@type":"ImageObject","inLanguage":"en-US","@id":"https:\/\/lettero.com.pl\/kontrola-koloru\/ccs-sp-wielkoformatowe\/ccs-sp-2200-stanowisko-kontrolno-pomiarowe\/#primaryimage","url":"https:\/\/lettero.com.pl\/wp-content\/uploads\/2018\/04\/ccs-sp-2200-st.jpg","contentUrl":"https:\/\/lettero.com.pl\/wp-content\/uploads\/2018\/04\/ccs-sp-2200-st.jpg","width":600,"height":600,"caption":"CCS-SP 2200 large format control and measuring station"},{"@type":"BreadcrumbList","@id":"https:\/\/lettero.com.pl\/kontrola-koloru\/ccs-sp-wielkoformatowe\/ccs-sp-2200-stanowisko-kontrolno-pomiarowe\/#breadcrumb","itemListElement":[{"@type":"ListItem","position":1,"name":"Strona g\u0142\u00f3wna","item":"https:\/\/lettero.com.pl\/en\/"},{"@type":"ListItem","position":2,"name":"Oferta","item":"https:\/\/lettero.com.pl\/oferta-3\/"},{"@type":"ListItem","position":3,"name":"CCS-SP 2200 large format control and measuring station"}]},{"@type":"WebSite","@id":"https:\/\/lettero.com.pl\/#website","url":"https:\/\/lettero.com.pl\/","name":"Lettero - Sprz\u0119t dla poligrafii | Meble metalowe","description":"Pe\u0142na oferta polskiego producenta urz\u0105dze\u0144 dla poligrafii. Kabiny \u015bwietlne. Meble metalowe: biurowe, socjalne, magazynowe","potentialAction":[{"@type":"SearchAction","target":{"@type":"EntryPoint","urlTemplate":"https:\/\/lettero.com.pl\/?s={search_term_string}"},"query-input":{"@type":"PropertyValueSpecification","valueRequired":true,"valueName":"search_term_string"}}],"inLanguage":"en-US"}]}},"_links":{"self":[{"href":"https:\/\/lettero.com.pl\/en\/wp-json\/wp\/v2\/product\/3992","targetHints":{"allow":["GET"]}}],"collection":[{"href":"https:\/\/lettero.com.pl\/en\/wp-json\/wp\/v2\/product"}],"about":[{"href":"https:\/\/lettero.com.pl\/en\/wp-json\/wp\/v2\/types\/product"}],"wp:featuredmedia":[{"embeddable":true,"href":"https:\/\/lettero.com.pl\/en\/wp-json\/wp\/v2\/media\/1284"}],"wp:attachment":[{"href":"https:\/\/lettero.com.pl\/en\/wp-json\/wp\/v2\/media?parent=3992"}],"wp:term":[{"taxonomy":"product_brand","embeddable":true,"href":"https:\/\/lettero.com.pl\/en\/wp-json\/wp\/v2\/product_brand?post=3992"},{"taxonomy":"product_cat","embeddable":true,"href":"https:\/\/lettero.com.pl\/en\/wp-json\/wp\/v2\/product_cat?post=3992"},{"taxonomy":"product_tag","embeddable":true,"href":"https:\/\/lettero.com.pl\/en\/wp-json\/wp\/v2\/product_tag?post=3992"}],"curies":[{"name":"wp","href":"https:\/\/api.w.org\/{rel}","templated":true}]}}