{"id":3986,"date":"2018-03-30T11:59:23","date_gmt":"2018-03-30T09:59:23","guid":{"rendered":"http:\/\/lettero.opticomweb.tk\/sklep\/uncategorized\/ccs-d-st-bimodular-control-station\/"},"modified":"2018-09-19T20:16:38","modified_gmt":"2018-09-19T18:16:38","slug":"ccs-d-st-bimodular-control-station","status":"publish","type":"product","link":"https:\/\/lettero.com.pl\/en\/color-control\/ccs-d-bimodular-control-stations\/ccs-d-st-bimodular-control-station\/","title":{"rendered":"CCS-D-ST bimodular control station"},"content":{"rendered":"<div>\n<p><strong>The offer of CCS control workstations is further extended by the stations of the width of two CCS-D modules.<\/strong><\/p>\n<p>They have the same additional equipment as the CCS workstations and allow e.g.: operation service for two adjacent machines in the production halls.<\/p>\n<p>Two-modules control station CCS-D-ST on frame with shelf<\/p>\n<\/div>\n","protected":false},"excerpt":{"rendered":"<p>The offer of CCS control workstations is further extended by the stations of the width of two CCS-D modules. They have the same additional equipment as<span class=\"excerpt-hellip\"> [\u2026]<\/span><\/p>\n","protected":false},"featured_media":962,"template":"","meta":[],"product_brand":[],"product_cat":[184],"product_tag":[],"class_list":{"0":"post-3986","1":"product","2":"type-product","3":"status-publish","4":"has-post-thumbnail","6":"product_cat-ccs-d-bimodular-control-stations","8":"first","9":"instock","10":"shipping-taxable","11":"product-type-simple"},"yoast_head":"<!-- This site is optimized with the Yoast SEO plugin v27.0 - https:\/\/yoast.com\/product\/yoast-seo-wordpress\/ -->\n<title>CCS-D-ST bimodular control station - Lettero - Sprz\u0119t dla poligrafii | Meble metalowe<\/title>\n<meta name=\"robots\" content=\"index, follow, max-snippet:-1, max-image-preview:large, max-video-preview:-1\" \/>\n<link rel=\"canonical\" href=\"https:\/\/lettero.com.pl\/kontrola-koloru\/ccs-d-dwumodulowe\/ccs-d-st-dwumodulowe-stanowisko-kontrolne\/\" \/>\n<meta property=\"og:locale\" content=\"en_US\" \/>\n<meta property=\"og:type\" content=\"article\" \/>\n<meta property=\"og:title\" content=\"CCS-D-ST bimodular control station - Lettero - Sprz\u0119t dla poligrafii | Meble metalowe\" \/>\n<meta property=\"og:description\" content=\"The offer of CCS control workstations is further extended by the stations of the width of two CCS-D modules. They have the same additional equipment as [\u2026]\" \/>\n<meta property=\"og:url\" content=\"https:\/\/lettero.com.pl\/kontrola-koloru\/ccs-d-dwumodulowe\/ccs-d-st-dwumodulowe-stanowisko-kontrolne\/\" \/>\n<meta property=\"og:site_name\" content=\"Lettero - Sprz\u0119t dla poligrafii | Meble metalowe\" \/>\n<meta property=\"article:modified_time\" content=\"2018-09-19T18:16:38+00:00\" \/>\n<meta property=\"og:image\" content=\"https:\/\/lettero.com.pl\/wp-content\/uploads\/2018\/03\/ccs-d-st_1.jpg\" \/>\n\t<meta property=\"og:image:width\" content=\"600\" \/>\n\t<meta property=\"og:image:height\" content=\"533\" \/>\n\t<meta property=\"og:image:type\" content=\"image\/jpeg\" \/>\n<meta name=\"twitter:card\" content=\"summary_large_image\" \/>\n<script type=\"application\/ld+json\" class=\"yoast-schema-graph\">{\"@context\":\"https:\/\/schema.org\",\"@graph\":[{\"@type\":\"WebPage\",\"@id\":\"https:\/\/lettero.com.pl\/kontrola-koloru\/ccs-d-dwumodulowe\/ccs-d-st-dwumodulowe-stanowisko-kontrolne\/\",\"url\":\"https:\/\/lettero.com.pl\/kontrola-koloru\/ccs-d-dwumodulowe\/ccs-d-st-dwumodulowe-stanowisko-kontrolne\/\",\"name\":\"CCS-D-ST bimodular control station - Lettero - Sprz\u0119t dla poligrafii | Meble metalowe\",\"isPartOf\":{\"@id\":\"https:\/\/lettero.com.pl\/#website\"},\"primaryImageOfPage\":{\"@id\":\"https:\/\/lettero.com.pl\/kontrola-koloru\/ccs-d-dwumodulowe\/ccs-d-st-dwumodulowe-stanowisko-kontrolne\/#primaryimage\"},\"image\":{\"@id\":\"https:\/\/lettero.com.pl\/kontrola-koloru\/ccs-d-dwumodulowe\/ccs-d-st-dwumodulowe-stanowisko-kontrolne\/#primaryimage\"},\"thumbnailUrl\":\"https:\/\/lettero.com.pl\/wp-content\/uploads\/2018\/03\/ccs-d-st_1.jpg\",\"datePublished\":\"2018-03-30T09:59:23+00:00\",\"dateModified\":\"2018-09-19T18:16:38+00:00\",\"breadcrumb\":{\"@id\":\"https:\/\/lettero.com.pl\/kontrola-koloru\/ccs-d-dwumodulowe\/ccs-d-st-dwumodulowe-stanowisko-kontrolne\/#breadcrumb\"},\"inLanguage\":\"en-US\",\"potentialAction\":[{\"@type\":\"ReadAction\",\"target\":[\"https:\/\/lettero.com.pl\/kontrola-koloru\/ccs-d-dwumodulowe\/ccs-d-st-dwumodulowe-stanowisko-kontrolne\/\"]}]},{\"@type\":\"ImageObject\",\"inLanguage\":\"en-US\",\"@id\":\"https:\/\/lettero.com.pl\/kontrola-koloru\/ccs-d-dwumodulowe\/ccs-d-st-dwumodulowe-stanowisko-kontrolne\/#primaryimage\",\"url\":\"https:\/\/lettero.com.pl\/wp-content\/uploads\/2018\/03\/ccs-d-st_1.jpg\",\"contentUrl\":\"https:\/\/lettero.com.pl\/wp-content\/uploads\/2018\/03\/ccs-d-st_1.jpg\",\"width\":600,\"height\":533,\"caption\":\"CCS-D-ST bimodular control station\"},{\"@type\":\"BreadcrumbList\",\"@id\":\"https:\/\/lettero.com.pl\/kontrola-koloru\/ccs-d-dwumodulowe\/ccs-d-st-dwumodulowe-stanowisko-kontrolne\/#breadcrumb\",\"itemListElement\":[{\"@type\":\"ListItem\",\"position\":1,\"name\":\"Strona g\u0142\u00f3wna\",\"item\":\"https:\/\/lettero.com.pl\/en\/\"},{\"@type\":\"ListItem\",\"position\":2,\"name\":\"Oferta\",\"item\":\"https:\/\/lettero.com.pl\/oferta-3\/\"},{\"@type\":\"ListItem\",\"position\":3,\"name\":\"CCS-D-ST bimodular control station\"}]},{\"@type\":\"WebSite\",\"@id\":\"https:\/\/lettero.com.pl\/#website\",\"url\":\"https:\/\/lettero.com.pl\/\",\"name\":\"Lettero - Sprz\u0119t dla poligrafii | Meble metalowe\",\"description\":\"Pe\u0142na oferta polskiego producenta urz\u0105dze\u0144 dla poligrafii. Kabiny \u015bwietlne. Meble metalowe: biurowe, socjalne, magazynowe\",\"potentialAction\":[{\"@type\":\"SearchAction\",\"target\":{\"@type\":\"EntryPoint\",\"urlTemplate\":\"https:\/\/lettero.com.pl\/?s={search_term_string}\"},\"query-input\":{\"@type\":\"PropertyValueSpecification\",\"valueRequired\":true,\"valueName\":\"search_term_string\"}}],\"inLanguage\":\"en-US\"}]}<\/script>\n<!-- \/ Yoast SEO plugin. -->","yoast_head_json":{"title":"CCS-D-ST bimodular control station - Lettero - Sprz\u0119t dla poligrafii | Meble metalowe","robots":{"index":"index","follow":"follow","max-snippet":"max-snippet:-1","max-image-preview":"max-image-preview:large","max-video-preview":"max-video-preview:-1"},"canonical":"https:\/\/lettero.com.pl\/kontrola-koloru\/ccs-d-dwumodulowe\/ccs-d-st-dwumodulowe-stanowisko-kontrolne\/","og_locale":"en_US","og_type":"article","og_title":"CCS-D-ST bimodular control station - Lettero - Sprz\u0119t dla poligrafii | Meble metalowe","og_description":"The offer of CCS control workstations is further extended by the stations of the width of two CCS-D modules. They have the same additional equipment as [\u2026]","og_url":"https:\/\/lettero.com.pl\/kontrola-koloru\/ccs-d-dwumodulowe\/ccs-d-st-dwumodulowe-stanowisko-kontrolne\/","og_site_name":"Lettero - Sprz\u0119t dla poligrafii | Meble metalowe","article_modified_time":"2018-09-19T18:16:38+00:00","og_image":[{"width":600,"height":533,"url":"https:\/\/lettero.com.pl\/wp-content\/uploads\/2018\/03\/ccs-d-st_1.jpg","type":"image\/jpeg"}],"twitter_card":"summary_large_image","schema":{"@context":"https:\/\/schema.org","@graph":[{"@type":"WebPage","@id":"https:\/\/lettero.com.pl\/kontrola-koloru\/ccs-d-dwumodulowe\/ccs-d-st-dwumodulowe-stanowisko-kontrolne\/","url":"https:\/\/lettero.com.pl\/kontrola-koloru\/ccs-d-dwumodulowe\/ccs-d-st-dwumodulowe-stanowisko-kontrolne\/","name":"CCS-D-ST bimodular control station - Lettero - Sprz\u0119t dla poligrafii | Meble metalowe","isPartOf":{"@id":"https:\/\/lettero.com.pl\/#website"},"primaryImageOfPage":{"@id":"https:\/\/lettero.com.pl\/kontrola-koloru\/ccs-d-dwumodulowe\/ccs-d-st-dwumodulowe-stanowisko-kontrolne\/#primaryimage"},"image":{"@id":"https:\/\/lettero.com.pl\/kontrola-koloru\/ccs-d-dwumodulowe\/ccs-d-st-dwumodulowe-stanowisko-kontrolne\/#primaryimage"},"thumbnailUrl":"https:\/\/lettero.com.pl\/wp-content\/uploads\/2018\/03\/ccs-d-st_1.jpg","datePublished":"2018-03-30T09:59:23+00:00","dateModified":"2018-09-19T18:16:38+00:00","breadcrumb":{"@id":"https:\/\/lettero.com.pl\/kontrola-koloru\/ccs-d-dwumodulowe\/ccs-d-st-dwumodulowe-stanowisko-kontrolne\/#breadcrumb"},"inLanguage":"en-US","potentialAction":[{"@type":"ReadAction","target":["https:\/\/lettero.com.pl\/kontrola-koloru\/ccs-d-dwumodulowe\/ccs-d-st-dwumodulowe-stanowisko-kontrolne\/"]}]},{"@type":"ImageObject","inLanguage":"en-US","@id":"https:\/\/lettero.com.pl\/kontrola-koloru\/ccs-d-dwumodulowe\/ccs-d-st-dwumodulowe-stanowisko-kontrolne\/#primaryimage","url":"https:\/\/lettero.com.pl\/wp-content\/uploads\/2018\/03\/ccs-d-st_1.jpg","contentUrl":"https:\/\/lettero.com.pl\/wp-content\/uploads\/2018\/03\/ccs-d-st_1.jpg","width":600,"height":533,"caption":"CCS-D-ST bimodular control station"},{"@type":"BreadcrumbList","@id":"https:\/\/lettero.com.pl\/kontrola-koloru\/ccs-d-dwumodulowe\/ccs-d-st-dwumodulowe-stanowisko-kontrolne\/#breadcrumb","itemListElement":[{"@type":"ListItem","position":1,"name":"Strona g\u0142\u00f3wna","item":"https:\/\/lettero.com.pl\/en\/"},{"@type":"ListItem","position":2,"name":"Oferta","item":"https:\/\/lettero.com.pl\/oferta-3\/"},{"@type":"ListItem","position":3,"name":"CCS-D-ST bimodular control station"}]},{"@type":"WebSite","@id":"https:\/\/lettero.com.pl\/#website","url":"https:\/\/lettero.com.pl\/","name":"Lettero - Sprz\u0119t dla poligrafii | Meble metalowe","description":"Pe\u0142na oferta polskiego producenta urz\u0105dze\u0144 dla poligrafii. Kabiny \u015bwietlne. Meble metalowe: biurowe, socjalne, magazynowe","potentialAction":[{"@type":"SearchAction","target":{"@type":"EntryPoint","urlTemplate":"https:\/\/lettero.com.pl\/?s={search_term_string}"},"query-input":{"@type":"PropertyValueSpecification","valueRequired":true,"valueName":"search_term_string"}}],"inLanguage":"en-US"}]}},"_links":{"self":[{"href":"https:\/\/lettero.com.pl\/en\/wp-json\/wp\/v2\/product\/3986","targetHints":{"allow":["GET"]}}],"collection":[{"href":"https:\/\/lettero.com.pl\/en\/wp-json\/wp\/v2\/product"}],"about":[{"href":"https:\/\/lettero.com.pl\/en\/wp-json\/wp\/v2\/types\/product"}],"wp:featuredmedia":[{"embeddable":true,"href":"https:\/\/lettero.com.pl\/en\/wp-json\/wp\/v2\/media\/962"}],"wp:attachment":[{"href":"https:\/\/lettero.com.pl\/en\/wp-json\/wp\/v2\/media?parent=3986"}],"wp:term":[{"taxonomy":"product_brand","embeddable":true,"href":"https:\/\/lettero.com.pl\/en\/wp-json\/wp\/v2\/product_brand?post=3986"},{"taxonomy":"product_cat","embeddable":true,"href":"https:\/\/lettero.com.pl\/en\/wp-json\/wp\/v2\/product_cat?post=3986"},{"taxonomy":"product_tag","embeddable":true,"href":"https:\/\/lettero.com.pl\/en\/wp-json\/wp\/v2\/product_tag?post=3986"}],"curies":[{"name":"wp","href":"https:\/\/api.w.org\/{rel}","templated":true}]}}