{"id":3982,"date":"2018-03-30T11:45:51","date_gmt":"2018-03-30T09:45:51","guid":{"rendered":"http:\/\/lettero.opticomweb.tk\/sklep\/uncategorized\/cmb-led-70-3-illuminator\/"},"modified":"2018-09-19T20:16:39","modified_gmt":"2018-09-19T18:16:39","slug":"cmb-led-70-3-illuminator","status":"publish","type":"product","link":"https:\/\/lettero.com.pl\/en\/color-control\/cmb-illuminators\/cmb-led-70-3-illuminator\/","title":{"rendered":"CMB LED 70\/3 illuminator"},"content":{"rendered":"<div>\n<p><strong>CMB Illuminator (Color match box) is a professional device for color assessment of industrial goods and printing products in different lighting conditions.<\/strong><\/p>\n<p>They are used primarily for the presentation and assessment of the products, the most important feature of which is the color, for instance in the design studios, laboratories and sales departments of the consumer foods industries \u2013 textile industry (color of thread, leather and fabrics), as well as in the manufacture of footwear,\u00a0 toys, automotive industry,\u00a0 production of electronic equipment, and especially in the printing production of packaging and coating processes evaluation.<\/p>\n<p><strong>Color match box CMB by Lettero means:<\/strong><\/p>\n<ul>\n<li><strong>objective color assessment<\/strong> &#8211; ISO compliant devices, FOGRA certification<\/li>\n<li><strong>the best metamerism assessment<\/strong> \u2013 up to 5 light sources (D50, D65, A, TL84, UV) as well as smooth light intensity adjustment<\/li>\n<li><strong>wide use<\/strong> &#8211; can be used to evaluate 2D and 3D objects<\/li>\n<li><strong>low operating costs<\/strong> &#8211; long life of light sources thanks to LED technology<\/li>\n<\/ul>\n<p><strong>Color match box CMB 70\/3 specification:<\/strong><\/p>\n<ul>\n<li>cabin dimensions 700x500x600 (W x D x H)<\/li>\n<li>3 light sources selected from available<\/li>\n<li>no preheating after turning on<\/li>\n<li>LED technology compliant with ISO 3664 3668 and 11664-2<\/li>\n<li>LED light usage indicator<\/li>\n<li>steady light illumination throughout the whole working surface<\/li>\n<li>No undesirable flash and light effects &#8211; neutral gray N7 color according to ISO<\/li>\n<\/ul>\n<p><strong>Additional CMB equipment:<\/strong><br \/>\nTilting bottom table for easy viewing of flat objects<\/p>\n<\/div>\n","protected":false},"excerpt":{"rendered":"<p>CMB Illuminator (Color match box) is a professional device for color assessment of industrial goods and printing products in different lighting conditions. They are used primarily<span class=\"excerpt-hellip\"> [\u2026]<\/span><\/p>\n","protected":false},"featured_media":950,"template":"","meta":[],"product_brand":[],"product_cat":[187],"product_tag":[],"class_list":{"0":"post-3982","1":"product","2":"type-product","3":"status-publish","4":"has-post-thumbnail","6":"product_cat-cmb-illuminators","8":"first","9":"instock","10":"shipping-taxable","11":"product-type-simple"},"yoast_head":"<!-- This site is optimized with the Yoast SEO plugin v27.0 - https:\/\/yoast.com\/product\/yoast-seo-wordpress\/ -->\n<title>CMB LED 70\/3 illuminator - Lettero - Sprz\u0119t dla poligrafii | Meble metalowe<\/title>\n<meta name=\"robots\" content=\"index, follow, max-snippet:-1, max-image-preview:large, max-video-preview:-1\" \/>\n<link rel=\"canonical\" href=\"https:\/\/lettero.com.pl\/en\/color-control\/cmb-illuminators\/cmb-led-70-3-illuminator\/\" \/>\n<meta property=\"og:locale\" content=\"en_US\" \/>\n<meta property=\"og:type\" content=\"article\" \/>\n<meta property=\"og:title\" content=\"CMB LED 70\/3 illuminator - Lettero - Sprz\u0119t dla poligrafii | Meble metalowe\" \/>\n<meta property=\"og:description\" content=\"CMB Illuminator (Color match box) is a professional device for color assessment of industrial goods and printing products in different lighting conditions. They are used primarily [\u2026]\" \/>\n<meta property=\"og:url\" content=\"https:\/\/lettero.com.pl\/en\/color-control\/cmb-illuminators\/cmb-led-70-3-illuminator\/\" \/>\n<meta property=\"og:site_name\" content=\"Lettero - Sprz\u0119t dla poligrafii | Meble metalowe\" \/>\n<meta property=\"article:modified_time\" content=\"2018-09-19T18:16:39+00:00\" \/>\n<meta property=\"og:image\" content=\"https:\/\/lettero.com.pl\/wp-content\/uploads\/2018\/03\/cmb-70-3.jpg\" \/>\n\t<meta property=\"og:image:width\" content=\"601\" \/>\n\t<meta property=\"og:image:height\" content=\"601\" \/>\n\t<meta property=\"og:image:type\" content=\"image\/jpeg\" \/>\n<meta name=\"twitter:card\" content=\"summary_large_image\" \/>\n<meta name=\"twitter:label1\" content=\"Est. reading time\" \/>\n\t<meta name=\"twitter:data1\" content=\"1 minute\" \/>\n<script type=\"application\/ld+json\" class=\"yoast-schema-graph\">{\"@context\":\"https:\/\/schema.org\",\"@graph\":[{\"@type\":\"WebPage\",\"@id\":\"https:\/\/lettero.com.pl\/en\/color-control\/cmb-illuminators\/cmb-led-70-3-illuminator\/\",\"url\":\"https:\/\/lettero.com.pl\/en\/color-control\/cmb-illuminators\/cmb-led-70-3-illuminator\/\",\"name\":\"CMB LED 70\/3 illuminator - Lettero - Sprz\u0119t dla poligrafii | Meble metalowe\",\"isPartOf\":{\"@id\":\"https:\/\/lettero.com.pl\/#website\"},\"primaryImageOfPage\":{\"@id\":\"https:\/\/lettero.com.pl\/en\/color-control\/cmb-illuminators\/cmb-led-70-3-illuminator\/#primaryimage\"},\"image\":{\"@id\":\"https:\/\/lettero.com.pl\/en\/color-control\/cmb-illuminators\/cmb-led-70-3-illuminator\/#primaryimage\"},\"thumbnailUrl\":\"https:\/\/lettero.com.pl\/wp-content\/uploads\/2018\/03\/cmb-70-3.jpg\",\"datePublished\":\"2018-03-30T09:45:51+00:00\",\"dateModified\":\"2018-09-19T18:16:39+00:00\",\"breadcrumb\":{\"@id\":\"https:\/\/lettero.com.pl\/en\/color-control\/cmb-illuminators\/cmb-led-70-3-illuminator\/#breadcrumb\"},\"inLanguage\":\"en-US\",\"potentialAction\":[{\"@type\":\"ReadAction\",\"target\":[\"https:\/\/lettero.com.pl\/en\/color-control\/cmb-illuminators\/cmb-led-70-3-illuminator\/\"]}]},{\"@type\":\"ImageObject\",\"inLanguage\":\"en-US\",\"@id\":\"https:\/\/lettero.com.pl\/en\/color-control\/cmb-illuminators\/cmb-led-70-3-illuminator\/#primaryimage\",\"url\":\"https:\/\/lettero.com.pl\/wp-content\/uploads\/2018\/03\/cmb-70-3.jpg\",\"contentUrl\":\"https:\/\/lettero.com.pl\/wp-content\/uploads\/2018\/03\/cmb-70-3.jpg\",\"width\":601,\"height\":601,\"caption\":\"CMB LED 70\/5 illuminator\"},{\"@type\":\"BreadcrumbList\",\"@id\":\"https:\/\/lettero.com.pl\/en\/color-control\/cmb-illuminators\/cmb-led-70-3-illuminator\/#breadcrumb\",\"itemListElement\":[{\"@type\":\"ListItem\",\"position\":1,\"name\":\"Strona g\u0142\u00f3wna\",\"item\":\"https:\/\/lettero.com.pl\/en\/\"},{\"@type\":\"ListItem\",\"position\":2,\"name\":\"Oferta\",\"item\":\"https:\/\/lettero.com.pl\/oferta-3\/\"},{\"@type\":\"ListItem\",\"position\":3,\"name\":\"CMB LED 70\/3 illuminator\"}]},{\"@type\":\"WebSite\",\"@id\":\"https:\/\/lettero.com.pl\/#website\",\"url\":\"https:\/\/lettero.com.pl\/\",\"name\":\"Lettero - Sprz\u0119t dla poligrafii | Meble metalowe\",\"description\":\"Pe\u0142na oferta polskiego producenta urz\u0105dze\u0144 dla poligrafii. Kabiny \u015bwietlne. Meble metalowe: biurowe, socjalne, magazynowe\",\"potentialAction\":[{\"@type\":\"SearchAction\",\"target\":{\"@type\":\"EntryPoint\",\"urlTemplate\":\"https:\/\/lettero.com.pl\/?s={search_term_string}\"},\"query-input\":{\"@type\":\"PropertyValueSpecification\",\"valueRequired\":true,\"valueName\":\"search_term_string\"}}],\"inLanguage\":\"en-US\"}]}<\/script>\n<!-- \/ Yoast SEO plugin. -->","yoast_head_json":{"title":"CMB LED 70\/3 illuminator - Lettero - Sprz\u0119t dla poligrafii | Meble metalowe","robots":{"index":"index","follow":"follow","max-snippet":"max-snippet:-1","max-image-preview":"max-image-preview:large","max-video-preview":"max-video-preview:-1"},"canonical":"https:\/\/lettero.com.pl\/en\/color-control\/cmb-illuminators\/cmb-led-70-3-illuminator\/","og_locale":"en_US","og_type":"article","og_title":"CMB LED 70\/3 illuminator - Lettero - Sprz\u0119t dla poligrafii | Meble metalowe","og_description":"CMB Illuminator (Color match box) is a professional device for color assessment of industrial goods and printing products in different lighting conditions. They are used primarily [\u2026]","og_url":"https:\/\/lettero.com.pl\/en\/color-control\/cmb-illuminators\/cmb-led-70-3-illuminator\/","og_site_name":"Lettero - Sprz\u0119t dla poligrafii | Meble metalowe","article_modified_time":"2018-09-19T18:16:39+00:00","og_image":[{"width":601,"height":601,"url":"https:\/\/lettero.com.pl\/wp-content\/uploads\/2018\/03\/cmb-70-3.jpg","type":"image\/jpeg"}],"twitter_card":"summary_large_image","twitter_misc":{"Est. reading time":"1 minute"},"schema":{"@context":"https:\/\/schema.org","@graph":[{"@type":"WebPage","@id":"https:\/\/lettero.com.pl\/en\/color-control\/cmb-illuminators\/cmb-led-70-3-illuminator\/","url":"https:\/\/lettero.com.pl\/en\/color-control\/cmb-illuminators\/cmb-led-70-3-illuminator\/","name":"CMB LED 70\/3 illuminator - Lettero - Sprz\u0119t dla poligrafii | Meble metalowe","isPartOf":{"@id":"https:\/\/lettero.com.pl\/#website"},"primaryImageOfPage":{"@id":"https:\/\/lettero.com.pl\/en\/color-control\/cmb-illuminators\/cmb-led-70-3-illuminator\/#primaryimage"},"image":{"@id":"https:\/\/lettero.com.pl\/en\/color-control\/cmb-illuminators\/cmb-led-70-3-illuminator\/#primaryimage"},"thumbnailUrl":"https:\/\/lettero.com.pl\/wp-content\/uploads\/2018\/03\/cmb-70-3.jpg","datePublished":"2018-03-30T09:45:51+00:00","dateModified":"2018-09-19T18:16:39+00:00","breadcrumb":{"@id":"https:\/\/lettero.com.pl\/en\/color-control\/cmb-illuminators\/cmb-led-70-3-illuminator\/#breadcrumb"},"inLanguage":"en-US","potentialAction":[{"@type":"ReadAction","target":["https:\/\/lettero.com.pl\/en\/color-control\/cmb-illuminators\/cmb-led-70-3-illuminator\/"]}]},{"@type":"ImageObject","inLanguage":"en-US","@id":"https:\/\/lettero.com.pl\/en\/color-control\/cmb-illuminators\/cmb-led-70-3-illuminator\/#primaryimage","url":"https:\/\/lettero.com.pl\/wp-content\/uploads\/2018\/03\/cmb-70-3.jpg","contentUrl":"https:\/\/lettero.com.pl\/wp-content\/uploads\/2018\/03\/cmb-70-3.jpg","width":601,"height":601,"caption":"CMB LED 70\/5 illuminator"},{"@type":"BreadcrumbList","@id":"https:\/\/lettero.com.pl\/en\/color-control\/cmb-illuminators\/cmb-led-70-3-illuminator\/#breadcrumb","itemListElement":[{"@type":"ListItem","position":1,"name":"Strona g\u0142\u00f3wna","item":"https:\/\/lettero.com.pl\/en\/"},{"@type":"ListItem","position":2,"name":"Oferta","item":"https:\/\/lettero.com.pl\/oferta-3\/"},{"@type":"ListItem","position":3,"name":"CMB LED 70\/3 illuminator"}]},{"@type":"WebSite","@id":"https:\/\/lettero.com.pl\/#website","url":"https:\/\/lettero.com.pl\/","name":"Lettero - Sprz\u0119t dla poligrafii | Meble metalowe","description":"Pe\u0142na oferta polskiego producenta urz\u0105dze\u0144 dla poligrafii. Kabiny \u015bwietlne. Meble metalowe: biurowe, socjalne, magazynowe","potentialAction":[{"@type":"SearchAction","target":{"@type":"EntryPoint","urlTemplate":"https:\/\/lettero.com.pl\/?s={search_term_string}"},"query-input":{"@type":"PropertyValueSpecification","valueRequired":true,"valueName":"search_term_string"}}],"inLanguage":"en-US"}]}},"_links":{"self":[{"href":"https:\/\/lettero.com.pl\/en\/wp-json\/wp\/v2\/product\/3982","targetHints":{"allow":["GET"]}}],"collection":[{"href":"https:\/\/lettero.com.pl\/en\/wp-json\/wp\/v2\/product"}],"about":[{"href":"https:\/\/lettero.com.pl\/en\/wp-json\/wp\/v2\/types\/product"}],"wp:featuredmedia":[{"embeddable":true,"href":"https:\/\/lettero.com.pl\/en\/wp-json\/wp\/v2\/media\/950"}],"wp:attachment":[{"href":"https:\/\/lettero.com.pl\/en\/wp-json\/wp\/v2\/media?parent=3982"}],"wp:term":[{"taxonomy":"product_brand","embeddable":true,"href":"https:\/\/lettero.com.pl\/en\/wp-json\/wp\/v2\/product_brand?post=3982"},{"taxonomy":"product_cat","embeddable":true,"href":"https:\/\/lettero.com.pl\/en\/wp-json\/wp\/v2\/product_cat?post=3982"},{"taxonomy":"product_tag","embeddable":true,"href":"https:\/\/lettero.com.pl\/en\/wp-json\/wp\/v2\/product_tag?post=3982"}],"curies":[{"name":"wp","href":"https:\/\/api.w.org\/{rel}","templated":true}]}}