{"id":3974,"date":"2018-04-06T14:26:37","date_gmt":"2018-04-06T12:26:37","guid":{"rendered":"http:\/\/lettero.opticomweb.tk\/sklep\/uncategorized\/pvb-151-illuminator-led\/"},"modified":"2018-09-19T20:16:29","modified_gmt":"2018-09-19T18:16:29","slug":"pvb-151-illuminator-led","status":"publish","type":"product","link":"https:\/\/lettero.com.pl\/en\/color-control\/pvb-illuminators\/pvb-151-illuminator-led\/","title":{"rendered":"PVB 151 illuminator LED"},"content":{"rendered":"<div>\n<p>PVB Illuminators (Profi View Box ) allow an objective assessment of the color on the analog originals and test prints (proof) in the identical lighting conditions.<\/p>\n<p>&nbsp;<\/p>\n<p><strong>PVB illuminator by Lettero means:<\/strong><\/p>\n<ul>\n<li>objective color assessment &#8211; ISO compliant devices<\/li>\n<li>3 LED light sources &#8211; depending on needs, PVB can be equipped with up to three light sources D50, D55 and D65 with smooth light intensity adjustment<\/li>\n<li>wide range of models &#8211; from the simplest to the device options that meet the highest professional requirements<\/li>\n<\/ul>\n<p><strong>PVB LED 151 ONE D50 and PVB LED 151 ONE D65 specification:<\/strong><\/p>\n<ul>\n<li>D50 LED light source (in PVB LED 151 ONE D50) or D65 LED light source (in PVB LED 151 ONE D65)<\/li>\n<li>mechanical switch<\/li>\n<li>no preheating after turning on<\/li>\n<li>LED technology compliant with ISO 3664 3668 and 11664-2<\/li>\n<li>lifetime of the light source over 50000 hours<\/li>\n<li>stable light output up to 30.000 working hours (above 30.000 calibration is required)<\/li>\n<li>table light output up to 30.000 working hours (above 30.000 calibration is required)<\/li>\n<li>steady light illumination throughout the whole working surface<\/li>\n<li>no undesirable flash and light effects &#8211; neutral gray N7 color according to ISO<\/li>\n<li>2000 lux illuminance according to ISO standard<\/li>\n<li>exact color coordinates (10\u00b0):<br \/>\nD50: x = 0.3478 \/ y = 0.3595 (\u2264 0,002)<br \/>\nD65: x = 0.3138 \/ y = 0.3309 (\u2264 0,002)<\/li>\n<li>color Rendering Index (CRI) Ra \u2265 95<\/li>\n<li>low metamerism index in the visible range: \u2264 0.8 (MIvis)<\/li>\n<\/ul>\n<\/div>\n","protected":false},"excerpt":{"rendered":"<p>PVB Illuminators (Profi View Box ) allow an objective assessment of the color on the analog originals and test prints (proof) in the identical lighting conditions.<span class=\"excerpt-hellip\"> [\u2026]<\/span><\/p>\n","protected":false},"featured_media":959,"template":"","meta":[],"product_brand":[],"product_cat":[191],"product_tag":[],"class_list":{"0":"post-3974","1":"product","2":"type-product","3":"status-publish","4":"has-post-thumbnail","6":"product_cat-pvb-illuminators","8":"first","9":"instock","10":"shipping-taxable","11":"product-type-simple"},"yoast_head":"<!-- This site is optimized with the Yoast SEO plugin v27.5 - https:\/\/yoast.com\/product\/yoast-seo-wordpress\/ -->\n<title>PVB 151 illuminator LED - Lettero - Sprz\u0119t dla poligrafii | Meble metalowe<\/title>\n<meta name=\"robots\" content=\"index, follow, max-snippet:-1, max-image-preview:large, max-video-preview:-1\" \/>\n<link rel=\"canonical\" href=\"https:\/\/lettero.com.pl\/kontrola-koloru\/pvb-oswietlacze\/pvb-151-oswietlacz-led\/\" \/>\n<meta property=\"og:locale\" content=\"en_US\" \/>\n<meta property=\"og:type\" content=\"article\" \/>\n<meta property=\"og:title\" content=\"PVB 151 illuminator LED - Lettero - Sprz\u0119t dla poligrafii | Meble metalowe\" \/>\n<meta property=\"og:description\" content=\"PVB Illuminators (Profi View Box ) allow an objective assessment of the color on the analog originals and test prints (proof) in the identical lighting conditions. [\u2026]\" \/>\n<meta property=\"og:url\" content=\"https:\/\/lettero.com.pl\/kontrola-koloru\/pvb-oswietlacze\/pvb-151-oswietlacz-led\/\" \/>\n<meta property=\"og:site_name\" content=\"Lettero - Sprz\u0119t dla poligrafii | Meble metalowe\" \/>\n<meta property=\"article:modified_time\" content=\"2018-09-19T18:16:29+00:00\" \/>\n<meta property=\"og:image\" content=\"https:\/\/lettero.com.pl\/wp-content\/uploads\/2018\/03\/pvb-led-151-one.jpg\" \/>\n\t<meta property=\"og:image:width\" content=\"1001\" \/>\n\t<meta property=\"og:image:height\" content=\"1001\" \/>\n\t<meta property=\"og:image:type\" content=\"image\/jpeg\" \/>\n<meta name=\"twitter:card\" content=\"summary_large_image\" \/>\n<meta name=\"twitter:label1\" content=\"Est. reading time\" \/>\n\t<meta name=\"twitter:data1\" content=\"1 minute\" \/>\n<script type=\"application\/ld+json\" class=\"yoast-schema-graph\">{\"@context\":\"https:\\\/\\\/schema.org\",\"@graph\":[{\"@type\":\"WebPage\",\"@id\":\"https:\\\/\\\/lettero.com.pl\\\/kontrola-koloru\\\/pvb-oswietlacze\\\/pvb-151-oswietlacz-led\\\/\",\"url\":\"https:\\\/\\\/lettero.com.pl\\\/kontrola-koloru\\\/pvb-oswietlacze\\\/pvb-151-oswietlacz-led\\\/\",\"name\":\"PVB 151 illuminator LED - Lettero - Sprz\u0119t dla poligrafii | Meble metalowe\",\"isPartOf\":{\"@id\":\"https:\\\/\\\/lettero.com.pl\\\/#website\"},\"primaryImageOfPage\":{\"@id\":\"https:\\\/\\\/lettero.com.pl\\\/kontrola-koloru\\\/pvb-oswietlacze\\\/pvb-151-oswietlacz-led\\\/#primaryimage\"},\"image\":{\"@id\":\"https:\\\/\\\/lettero.com.pl\\\/kontrola-koloru\\\/pvb-oswietlacze\\\/pvb-151-oswietlacz-led\\\/#primaryimage\"},\"thumbnailUrl\":\"https:\\\/\\\/lettero.com.pl\\\/wp-content\\\/uploads\\\/2018\\\/03\\\/pvb-led-151-one.jpg\",\"datePublished\":\"2018-04-06T12:26:37+00:00\",\"dateModified\":\"2018-09-19T18:16:29+00:00\",\"breadcrumb\":{\"@id\":\"https:\\\/\\\/lettero.com.pl\\\/kontrola-koloru\\\/pvb-oswietlacze\\\/pvb-151-oswietlacz-led\\\/#breadcrumb\"},\"inLanguage\":\"en-US\",\"potentialAction\":[{\"@type\":\"ReadAction\",\"target\":[\"https:\\\/\\\/lettero.com.pl\\\/kontrola-koloru\\\/pvb-oswietlacze\\\/pvb-151-oswietlacz-led\\\/\"]}]},{\"@type\":\"ImageObject\",\"inLanguage\":\"en-US\",\"@id\":\"https:\\\/\\\/lettero.com.pl\\\/kontrola-koloru\\\/pvb-oswietlacze\\\/pvb-151-oswietlacz-led\\\/#primaryimage\",\"url\":\"https:\\\/\\\/lettero.com.pl\\\/wp-content\\\/uploads\\\/2018\\\/03\\\/pvb-led-151-one.jpg\",\"contentUrl\":\"https:\\\/\\\/lettero.com.pl\\\/wp-content\\\/uploads\\\/2018\\\/03\\\/pvb-led-151-one.jpg\",\"width\":1001,\"height\":1001,\"caption\":\"PVB 151 illuminator LED\"},{\"@type\":\"BreadcrumbList\",\"@id\":\"https:\\\/\\\/lettero.com.pl\\\/kontrola-koloru\\\/pvb-oswietlacze\\\/pvb-151-oswietlacz-led\\\/#breadcrumb\",\"itemListElement\":[{\"@type\":\"ListItem\",\"position\":1,\"name\":\"Strona g\u0142\u00f3wna\",\"item\":\"https:\\\/\\\/lettero.com.pl\\\/en\\\/\"},{\"@type\":\"ListItem\",\"position\":2,\"name\":\"Oferta\",\"item\":\"https:\\\/\\\/lettero.com.pl\\\/oferta-3\\\/\"},{\"@type\":\"ListItem\",\"position\":3,\"name\":\"PVB 151 illuminator LED\"}]},{\"@type\":\"WebSite\",\"@id\":\"https:\\\/\\\/lettero.com.pl\\\/#website\",\"url\":\"https:\\\/\\\/lettero.com.pl\\\/\",\"name\":\"Lettero - Sprz\u0119t dla poligrafii | Meble metalowe\",\"description\":\"Pe\u0142na oferta polskiego producenta urz\u0105dze\u0144 dla poligrafii. Kabiny \u015bwietlne. Meble metalowe: biurowe, socjalne, magazynowe\",\"potentialAction\":[{\"@type\":\"SearchAction\",\"target\":{\"@type\":\"EntryPoint\",\"urlTemplate\":\"https:\\\/\\\/lettero.com.pl\\\/?s={search_term_string}\"},\"query-input\":{\"@type\":\"PropertyValueSpecification\",\"valueRequired\":true,\"valueName\":\"search_term_string\"}}],\"inLanguage\":\"en-US\"}]}<\/script>\n<!-- \/ Yoast SEO plugin. -->","yoast_head_json":{"title":"PVB 151 illuminator LED - Lettero - Sprz\u0119t dla poligrafii | Meble metalowe","robots":{"index":"index","follow":"follow","max-snippet":"max-snippet:-1","max-image-preview":"max-image-preview:large","max-video-preview":"max-video-preview:-1"},"canonical":"https:\/\/lettero.com.pl\/kontrola-koloru\/pvb-oswietlacze\/pvb-151-oswietlacz-led\/","og_locale":"en_US","og_type":"article","og_title":"PVB 151 illuminator LED - Lettero - Sprz\u0119t dla poligrafii | Meble metalowe","og_description":"PVB Illuminators (Profi View Box ) allow an objective assessment of the color on the analog originals and test prints (proof) in the identical lighting conditions. [\u2026]","og_url":"https:\/\/lettero.com.pl\/kontrola-koloru\/pvb-oswietlacze\/pvb-151-oswietlacz-led\/","og_site_name":"Lettero - Sprz\u0119t dla poligrafii | Meble metalowe","article_modified_time":"2018-09-19T18:16:29+00:00","og_image":[{"width":1001,"height":1001,"url":"https:\/\/lettero.com.pl\/wp-content\/uploads\/2018\/03\/pvb-led-151-one.jpg","type":"image\/jpeg"}],"twitter_card":"summary_large_image","twitter_misc":{"Est. reading time":"1 minute"},"schema":{"@context":"https:\/\/schema.org","@graph":[{"@type":"WebPage","@id":"https:\/\/lettero.com.pl\/kontrola-koloru\/pvb-oswietlacze\/pvb-151-oswietlacz-led\/","url":"https:\/\/lettero.com.pl\/kontrola-koloru\/pvb-oswietlacze\/pvb-151-oswietlacz-led\/","name":"PVB 151 illuminator LED - Lettero - Sprz\u0119t dla poligrafii | Meble metalowe","isPartOf":{"@id":"https:\/\/lettero.com.pl\/#website"},"primaryImageOfPage":{"@id":"https:\/\/lettero.com.pl\/kontrola-koloru\/pvb-oswietlacze\/pvb-151-oswietlacz-led\/#primaryimage"},"image":{"@id":"https:\/\/lettero.com.pl\/kontrola-koloru\/pvb-oswietlacze\/pvb-151-oswietlacz-led\/#primaryimage"},"thumbnailUrl":"https:\/\/lettero.com.pl\/wp-content\/uploads\/2018\/03\/pvb-led-151-one.jpg","datePublished":"2018-04-06T12:26:37+00:00","dateModified":"2018-09-19T18:16:29+00:00","breadcrumb":{"@id":"https:\/\/lettero.com.pl\/kontrola-koloru\/pvb-oswietlacze\/pvb-151-oswietlacz-led\/#breadcrumb"},"inLanguage":"en-US","potentialAction":[{"@type":"ReadAction","target":["https:\/\/lettero.com.pl\/kontrola-koloru\/pvb-oswietlacze\/pvb-151-oswietlacz-led\/"]}]},{"@type":"ImageObject","inLanguage":"en-US","@id":"https:\/\/lettero.com.pl\/kontrola-koloru\/pvb-oswietlacze\/pvb-151-oswietlacz-led\/#primaryimage","url":"https:\/\/lettero.com.pl\/wp-content\/uploads\/2018\/03\/pvb-led-151-one.jpg","contentUrl":"https:\/\/lettero.com.pl\/wp-content\/uploads\/2018\/03\/pvb-led-151-one.jpg","width":1001,"height":1001,"caption":"PVB 151 illuminator LED"},{"@type":"BreadcrumbList","@id":"https:\/\/lettero.com.pl\/kontrola-koloru\/pvb-oswietlacze\/pvb-151-oswietlacz-led\/#breadcrumb","itemListElement":[{"@type":"ListItem","position":1,"name":"Strona g\u0142\u00f3wna","item":"https:\/\/lettero.com.pl\/en\/"},{"@type":"ListItem","position":2,"name":"Oferta","item":"https:\/\/lettero.com.pl\/oferta-3\/"},{"@type":"ListItem","position":3,"name":"PVB 151 illuminator LED"}]},{"@type":"WebSite","@id":"https:\/\/lettero.com.pl\/#website","url":"https:\/\/lettero.com.pl\/","name":"Lettero - Sprz\u0119t dla poligrafii | Meble metalowe","description":"Pe\u0142na oferta polskiego producenta urz\u0105dze\u0144 dla poligrafii. Kabiny \u015bwietlne. Meble metalowe: biurowe, socjalne, magazynowe","potentialAction":[{"@type":"SearchAction","target":{"@type":"EntryPoint","urlTemplate":"https:\/\/lettero.com.pl\/?s={search_term_string}"},"query-input":{"@type":"PropertyValueSpecification","valueRequired":true,"valueName":"search_term_string"}}],"inLanguage":"en-US"}]}},"_links":{"self":[{"href":"https:\/\/lettero.com.pl\/en\/wp-json\/wp\/v2\/product\/3974","targetHints":{"allow":["GET"]}}],"collection":[{"href":"https:\/\/lettero.com.pl\/en\/wp-json\/wp\/v2\/product"}],"about":[{"href":"https:\/\/lettero.com.pl\/en\/wp-json\/wp\/v2\/types\/product"}],"wp:featuredmedia":[{"embeddable":true,"href":"https:\/\/lettero.com.pl\/en\/wp-json\/wp\/v2\/media\/959"}],"wp:attachment":[{"href":"https:\/\/lettero.com.pl\/en\/wp-json\/wp\/v2\/media?parent=3974"}],"wp:term":[{"taxonomy":"product_brand","embeddable":true,"href":"https:\/\/lettero.com.pl\/en\/wp-json\/wp\/v2\/product_brand?post=3974"},{"taxonomy":"product_cat","embeddable":true,"href":"https:\/\/lettero.com.pl\/en\/wp-json\/wp\/v2\/product_cat?post=3974"},{"taxonomy":"product_tag","embeddable":true,"href":"https:\/\/lettero.com.pl\/en\/wp-json\/wp\/v2\/product_tag?post=3974"}],"curies":[{"name":"wp","href":"https:\/\/api.w.org\/{rel}","templated":true}]}}