{"id":3967,"date":"2018-04-06T15:11:28","date_gmt":"2018-04-06T13:11:28","guid":{"rendered":"http:\/\/lettero.opticomweb.tk\/sklep\/uncategorized\/pvb-501-1-c-illuminator-led-with-curtains\/"},"modified":"2018-09-19T20:16:25","modified_gmt":"2018-09-19T18:16:25","slug":"pvb-501-1-c-illuminator-led-with-curtains","status":"publish","type":"product","link":"https:\/\/lettero.com.pl\/en\/color-control\/pvb-illuminators\/pvb-501-1-c-illuminator-led-with-curtains\/","title":{"rendered":"PVB 501\/1 C illuminator LED with curtains"},"content":{"rendered":"<div>\n<p align=\"left\"><strong>Profi View Box (PVB) Illuminators\u00a0 allow an objective assessment of the color on the analog originals and test prints (proof) in the identical lighting conditions. They are designed for computer image processing and printing products designing and are used for work at computer stations which are not protected from incident external lighting.<\/strong><\/p>\n<p align=\"left\">All the models of the PVB illuminators are equipped with light sources of the test temperature of 5000\/6500K (D50\/D65), and (depending on the model) with the light intensity regulation, additional side lamp and side curtains protecting the evaluated original material from incident external light.<\/p>\n<p>The offer includes three sizes of illuminators delivered with different options of equipment.<\/p>\n<\/div>\n","protected":false},"excerpt":{"rendered":"<p>Profi View Box (PVB) Illuminators\u00a0 allow an objective assessment of the color on the analog originals and test prints (proof) in the identical lighting conditions. They<span class=\"excerpt-hellip\"> [\u2026]<\/span><\/p>\n","protected":false},"featured_media":1167,"template":"","meta":[],"product_brand":[],"product_cat":[191],"product_tag":[],"class_list":{"0":"post-3967","1":"product","2":"type-product","3":"status-publish","4":"has-post-thumbnail","6":"product_cat-pvb-illuminators","8":"first","9":"instock","10":"shipping-taxable","11":"product-type-simple"},"yoast_head":"<!-- This site is optimized with the Yoast SEO plugin v27.0 - https:\/\/yoast.com\/product\/yoast-seo-wordpress\/ -->\n<title>PVB 501\/1 C illuminator LED with curtains - Lettero - Sprz\u0119t dla poligrafii | Meble metalowe<\/title>\n<meta name=\"robots\" content=\"index, follow, max-snippet:-1, max-image-preview:large, max-video-preview:-1\" \/>\n<link rel=\"canonical\" href=\"https:\/\/lettero.com.pl\/kontrola-koloru\/pvb-oswietlacze\/pvb-501-1-c-oswietlacz-led-z-kurtynami\/\" \/>\n<meta property=\"og:locale\" content=\"en_US\" \/>\n<meta property=\"og:type\" content=\"article\" \/>\n<meta property=\"og:title\" content=\"PVB 501\/1 C illuminator LED with curtains - Lettero - Sprz\u0119t dla poligrafii | Meble metalowe\" \/>\n<meta property=\"og:description\" content=\"Profi View Box (PVB) Illuminators\u00a0 allow an objective assessment of the color on the analog originals and test prints (proof) in the identical lighting conditions. They [\u2026]\" \/>\n<meta property=\"og:url\" content=\"https:\/\/lettero.com.pl\/kontrola-koloru\/pvb-oswietlacze\/pvb-501-1-c-oswietlacz-led-z-kurtynami\/\" \/>\n<meta property=\"og:site_name\" content=\"Lettero - Sprz\u0119t dla poligrafii | Meble metalowe\" \/>\n<meta property=\"article:modified_time\" content=\"2018-09-19T18:16:25+00:00\" \/>\n<meta property=\"og:image\" content=\"https:\/\/lettero.com.pl\/wp-content\/uploads\/2018\/04\/pvb-501c.jpg\" \/>\n\t<meta property=\"og:image:width\" content=\"600\" \/>\n\t<meta property=\"og:image:height\" content=\"600\" \/>\n\t<meta property=\"og:image:type\" content=\"image\/jpeg\" \/>\n<meta name=\"twitter:card\" content=\"summary_large_image\" \/>\n<meta name=\"twitter:label1\" content=\"Est. reading time\" \/>\n\t<meta name=\"twitter:data1\" content=\"1 minute\" \/>\n<script type=\"application\/ld+json\" class=\"yoast-schema-graph\">{\"@context\":\"https:\/\/schema.org\",\"@graph\":[{\"@type\":\"WebPage\",\"@id\":\"https:\/\/lettero.com.pl\/kontrola-koloru\/pvb-oswietlacze\/pvb-501-1-c-oswietlacz-led-z-kurtynami\/\",\"url\":\"https:\/\/lettero.com.pl\/kontrola-koloru\/pvb-oswietlacze\/pvb-501-1-c-oswietlacz-led-z-kurtynami\/\",\"name\":\"PVB 501\/1 C illuminator LED with curtains - Lettero - Sprz\u0119t dla poligrafii | Meble metalowe\",\"isPartOf\":{\"@id\":\"https:\/\/lettero.com.pl\/#website\"},\"primaryImageOfPage\":{\"@id\":\"https:\/\/lettero.com.pl\/kontrola-koloru\/pvb-oswietlacze\/pvb-501-1-c-oswietlacz-led-z-kurtynami\/#primaryimage\"},\"image\":{\"@id\":\"https:\/\/lettero.com.pl\/kontrola-koloru\/pvb-oswietlacze\/pvb-501-1-c-oswietlacz-led-z-kurtynami\/#primaryimage\"},\"thumbnailUrl\":\"https:\/\/lettero.com.pl\/wp-content\/uploads\/2018\/04\/pvb-501c.jpg\",\"datePublished\":\"2018-04-06T13:11:28+00:00\",\"dateModified\":\"2018-09-19T18:16:25+00:00\",\"breadcrumb\":{\"@id\":\"https:\/\/lettero.com.pl\/kontrola-koloru\/pvb-oswietlacze\/pvb-501-1-c-oswietlacz-led-z-kurtynami\/#breadcrumb\"},\"inLanguage\":\"en-US\",\"potentialAction\":[{\"@type\":\"ReadAction\",\"target\":[\"https:\/\/lettero.com.pl\/kontrola-koloru\/pvb-oswietlacze\/pvb-501-1-c-oswietlacz-led-z-kurtynami\/\"]}]},{\"@type\":\"ImageObject\",\"inLanguage\":\"en-US\",\"@id\":\"https:\/\/lettero.com.pl\/kontrola-koloru\/pvb-oswietlacze\/pvb-501-1-c-oswietlacz-led-z-kurtynami\/#primaryimage\",\"url\":\"https:\/\/lettero.com.pl\/wp-content\/uploads\/2018\/04\/pvb-501c.jpg\",\"contentUrl\":\"https:\/\/lettero.com.pl\/wp-content\/uploads\/2018\/04\/pvb-501c.jpg\",\"width\":600,\"height\":600,\"caption\":\"PVB 501\/1 C illuminator LED with curtains\"},{\"@type\":\"BreadcrumbList\",\"@id\":\"https:\/\/lettero.com.pl\/kontrola-koloru\/pvb-oswietlacze\/pvb-501-1-c-oswietlacz-led-z-kurtynami\/#breadcrumb\",\"itemListElement\":[{\"@type\":\"ListItem\",\"position\":1,\"name\":\"Strona g\u0142\u00f3wna\",\"item\":\"https:\/\/lettero.com.pl\/en\/\"},{\"@type\":\"ListItem\",\"position\":2,\"name\":\"Oferta\",\"item\":\"https:\/\/lettero.com.pl\/oferta-3\/\"},{\"@type\":\"ListItem\",\"position\":3,\"name\":\"PVB 501\/1 C illuminator LED with curtains\"}]},{\"@type\":\"WebSite\",\"@id\":\"https:\/\/lettero.com.pl\/#website\",\"url\":\"https:\/\/lettero.com.pl\/\",\"name\":\"Lettero - Sprz\u0119t dla poligrafii | Meble metalowe\",\"description\":\"Pe\u0142na oferta polskiego producenta urz\u0105dze\u0144 dla poligrafii. Kabiny \u015bwietlne. Meble metalowe: biurowe, socjalne, magazynowe\",\"potentialAction\":[{\"@type\":\"SearchAction\",\"target\":{\"@type\":\"EntryPoint\",\"urlTemplate\":\"https:\/\/lettero.com.pl\/?s={search_term_string}\"},\"query-input\":{\"@type\":\"PropertyValueSpecification\",\"valueRequired\":true,\"valueName\":\"search_term_string\"}}],\"inLanguage\":\"en-US\"}]}<\/script>\n<!-- \/ Yoast SEO plugin. -->","yoast_head_json":{"title":"PVB 501\/1 C illuminator LED with curtains - Lettero - Sprz\u0119t dla poligrafii | Meble metalowe","robots":{"index":"index","follow":"follow","max-snippet":"max-snippet:-1","max-image-preview":"max-image-preview:large","max-video-preview":"max-video-preview:-1"},"canonical":"https:\/\/lettero.com.pl\/kontrola-koloru\/pvb-oswietlacze\/pvb-501-1-c-oswietlacz-led-z-kurtynami\/","og_locale":"en_US","og_type":"article","og_title":"PVB 501\/1 C illuminator LED with curtains - Lettero - Sprz\u0119t dla poligrafii | Meble metalowe","og_description":"Profi View Box (PVB) Illuminators\u00a0 allow an objective assessment of the color on the analog originals and test prints (proof) in the identical lighting conditions. They [\u2026]","og_url":"https:\/\/lettero.com.pl\/kontrola-koloru\/pvb-oswietlacze\/pvb-501-1-c-oswietlacz-led-z-kurtynami\/","og_site_name":"Lettero - Sprz\u0119t dla poligrafii | Meble metalowe","article_modified_time":"2018-09-19T18:16:25+00:00","og_image":[{"width":600,"height":600,"url":"https:\/\/lettero.com.pl\/wp-content\/uploads\/2018\/04\/pvb-501c.jpg","type":"image\/jpeg"}],"twitter_card":"summary_large_image","twitter_misc":{"Est. reading time":"1 minute"},"schema":{"@context":"https:\/\/schema.org","@graph":[{"@type":"WebPage","@id":"https:\/\/lettero.com.pl\/kontrola-koloru\/pvb-oswietlacze\/pvb-501-1-c-oswietlacz-led-z-kurtynami\/","url":"https:\/\/lettero.com.pl\/kontrola-koloru\/pvb-oswietlacze\/pvb-501-1-c-oswietlacz-led-z-kurtynami\/","name":"PVB 501\/1 C illuminator LED with curtains - Lettero - Sprz\u0119t dla poligrafii | Meble metalowe","isPartOf":{"@id":"https:\/\/lettero.com.pl\/#website"},"primaryImageOfPage":{"@id":"https:\/\/lettero.com.pl\/kontrola-koloru\/pvb-oswietlacze\/pvb-501-1-c-oswietlacz-led-z-kurtynami\/#primaryimage"},"image":{"@id":"https:\/\/lettero.com.pl\/kontrola-koloru\/pvb-oswietlacze\/pvb-501-1-c-oswietlacz-led-z-kurtynami\/#primaryimage"},"thumbnailUrl":"https:\/\/lettero.com.pl\/wp-content\/uploads\/2018\/04\/pvb-501c.jpg","datePublished":"2018-04-06T13:11:28+00:00","dateModified":"2018-09-19T18:16:25+00:00","breadcrumb":{"@id":"https:\/\/lettero.com.pl\/kontrola-koloru\/pvb-oswietlacze\/pvb-501-1-c-oswietlacz-led-z-kurtynami\/#breadcrumb"},"inLanguage":"en-US","potentialAction":[{"@type":"ReadAction","target":["https:\/\/lettero.com.pl\/kontrola-koloru\/pvb-oswietlacze\/pvb-501-1-c-oswietlacz-led-z-kurtynami\/"]}]},{"@type":"ImageObject","inLanguage":"en-US","@id":"https:\/\/lettero.com.pl\/kontrola-koloru\/pvb-oswietlacze\/pvb-501-1-c-oswietlacz-led-z-kurtynami\/#primaryimage","url":"https:\/\/lettero.com.pl\/wp-content\/uploads\/2018\/04\/pvb-501c.jpg","contentUrl":"https:\/\/lettero.com.pl\/wp-content\/uploads\/2018\/04\/pvb-501c.jpg","width":600,"height":600,"caption":"PVB 501\/1 C illuminator LED with curtains"},{"@type":"BreadcrumbList","@id":"https:\/\/lettero.com.pl\/kontrola-koloru\/pvb-oswietlacze\/pvb-501-1-c-oswietlacz-led-z-kurtynami\/#breadcrumb","itemListElement":[{"@type":"ListItem","position":1,"name":"Strona g\u0142\u00f3wna","item":"https:\/\/lettero.com.pl\/en\/"},{"@type":"ListItem","position":2,"name":"Oferta","item":"https:\/\/lettero.com.pl\/oferta-3\/"},{"@type":"ListItem","position":3,"name":"PVB 501\/1 C illuminator LED with curtains"}]},{"@type":"WebSite","@id":"https:\/\/lettero.com.pl\/#website","url":"https:\/\/lettero.com.pl\/","name":"Lettero - Sprz\u0119t dla poligrafii | Meble metalowe","description":"Pe\u0142na oferta polskiego producenta urz\u0105dze\u0144 dla poligrafii. Kabiny \u015bwietlne. Meble metalowe: biurowe, socjalne, magazynowe","potentialAction":[{"@type":"SearchAction","target":{"@type":"EntryPoint","urlTemplate":"https:\/\/lettero.com.pl\/?s={search_term_string}"},"query-input":{"@type":"PropertyValueSpecification","valueRequired":true,"valueName":"search_term_string"}}],"inLanguage":"en-US"}]}},"_links":{"self":[{"href":"https:\/\/lettero.com.pl\/en\/wp-json\/wp\/v2\/product\/3967","targetHints":{"allow":["GET"]}}],"collection":[{"href":"https:\/\/lettero.com.pl\/en\/wp-json\/wp\/v2\/product"}],"about":[{"href":"https:\/\/lettero.com.pl\/en\/wp-json\/wp\/v2\/types\/product"}],"wp:featuredmedia":[{"embeddable":true,"href":"https:\/\/lettero.com.pl\/en\/wp-json\/wp\/v2\/media\/1167"}],"wp:attachment":[{"href":"https:\/\/lettero.com.pl\/en\/wp-json\/wp\/v2\/media?parent=3967"}],"wp:term":[{"taxonomy":"product_brand","embeddable":true,"href":"https:\/\/lettero.com.pl\/en\/wp-json\/wp\/v2\/product_brand?post=3967"},{"taxonomy":"product_cat","embeddable":true,"href":"https:\/\/lettero.com.pl\/en\/wp-json\/wp\/v2\/product_cat?post=3967"},{"taxonomy":"product_tag","embeddable":true,"href":"https:\/\/lettero.com.pl\/en\/wp-json\/wp\/v2\/product_tag?post=3967"}],"curies":[{"name":"wp","href":"https:\/\/api.w.org\/{rel}","templated":true}]}}