{"id":3950,"date":"2018-04-09T12:31:50","date_gmt":"2018-04-09T10:31:50","guid":{"rendered":"http:\/\/lettero.opticomweb.tk\/sklep\/uncategorized\/color-control-station-ccs-led-d50-a\/"},"modified":"2018-09-21T14:01:57","modified_gmt":"2018-09-21T12:01:57","slug":"color-control-station-ccs-led-d50-a","status":"publish","type":"product","link":"https:\/\/lettero.com.pl\/en\/color-control\/ccs-color-control-station\/color-control-station-ccs-led-d50-a\/","title":{"rendered":"Color control station CCS LED D50 A"},"content":{"rendered":"<p><strong>CCS &#8211; color control stations<\/strong> are designed to operate in a standing position in the production floor in <strong>printing industry<\/strong>, but also in <strong>research laboratories, textiles, cosmetics, dyes,<\/strong> etc.<\/p>\n<p><strong>CCS station by Lettero means:<\/strong><\/p>\n<ul>\n<li><strong>objective color assessment<\/strong> &#8211; ISO compliant devices<\/li>\n<li><strong>metamerism assessment<\/strong> &#8211; two D50 and D65 light sources available, smooth light intensity adjustment<\/li>\n<li><strong>flexibility<\/strong> &#8211; easy adjustment thanks to a large number of accessories<\/li>\n<li><strong>low operating costs<\/strong> &#8211; long life of light sources thanks to LED technology<\/li>\n<\/ul>\n<p><strong>CCS LED D50 A specification:<\/strong><\/p>\n<ul>\n<li>LED light source with D50 tested light temperature<\/li>\n<li>A base with four drawers and cabinet<\/li>\n<li>available CCS sizes: 1010\/1300 \/ 1600&#215;820 \/ 920 \/ 1010&#215;850<\/li>\n<li>side curtains insulated from the influence of incident spotlight &#8211; optional<\/li>\n<li>no preheating after turning on<\/li>\n<li>electronic controller<\/li>\n<li>LED technology compliant with ISO 3664 3668 and 11664-2<\/li>\n<li>smooth light intensity adjustment ranging from 10% to 100%<\/li>\n<li>lifetime of the light source over 50000 hours<\/li>\n<li>electronic control panel with light usage counter<\/li>\n<li>stable light output up to 30.000 working hours (above 30.000 calibration is required)<\/li>\n<li>steady light illumination throughout the whole working surface<\/li>\n<li>no undesirable flash and light effects &#8211; neutral gray N7 color according to ISO<\/li>\n<li>2000 lux illuminance according to ISO standard<\/li>\n<li>Exact color coordinates (10\u00b0):<br \/>\nD50: x = 0.3478 \/ y = 0.3595 (\u2264 0,002)<br \/>\nD65: x = 0.3138 \/ y = 0.3309 (\u2264 0,002)<\/li>\n<li>Color Rendering Index (CRI) Ra \u2265 95<\/li>\n<li>Low metamerism index in the visible range: \u2264 0.8 (MIvis)<\/li>\n<\/ul>\n<p>&nbsp;<\/p>\n<p><strong>Additional CCS station equipment:<\/strong><\/p>\n<ul>\n<li>tilting table (in several versions, also with backlight) &#8211; makes it easy to evaluate prints or smaller objects at different angles<\/li>\n<li>keyboard drawer and rotating monitor holder &#8211; make it easy to use the computer on a desk<\/li>\n<li>the spectrophotometer holder &#8211; suitable for the most popular devices on the market, enables measurements on the station<\/li>\n<li>wide possibilities of configuration of the base of the device (shelves, cabinets, drawers) depending on the location of the place of use and customer preferences<\/li>\n<\/ul>\n<table class=\"aligncenter\" style=\"width: 100%; border-collapse: collapse;\" border=\"1\">\n<tbody>\n<tr style=\"height: 24px;\">\n<td style=\"width: 32.6888%; height: 24px;\"><img loading=\"lazy\" decoding=\"async\" class=\"wp-image-5544 size-medium alignnone\" src=\"https:\/\/lettero.com.pl\/wp-content\/uploads\/2018\/04\/blat-o-zmiennym-k\u0105cie-nachylenia-300x300.jpg\" alt=\"\" width=\"300\" height=\"300\" srcset=\"https:\/\/lettero.com.pl\/wp-content\/uploads\/2018\/04\/blat-o-zmiennym-k\u0105cie-nachylenia-300x300.jpg 300w, https:\/\/lettero.com.pl\/wp-content\/uploads\/2018\/04\/blat-o-zmiennym-k\u0105cie-nachylenia-600x600.jpg 600w, https:\/\/lettero.com.pl\/wp-content\/uploads\/2018\/04\/blat-o-zmiennym-k\u0105cie-nachylenia.jpg 601w\" sizes=\"auto, (max-width:767px) 300px, 300px\" \/><\/td>\n<td style=\"width: 34.2186%; height: 24px;\"><img loading=\"lazy\" decoding=\"async\" class=\"aligncenter size-medium wp-image-5544\" src=\"https:\/\/lettero.com.pl\/wp-content\/uploads\/2018\/04\/blat-o-zmiennym-k\u0105cie-nachylenia-300x300.jpg\" alt=\"blat o zmiennym k\u0105cie nachylenia\" width=\"300\" height=\"300\" srcset=\"https:\/\/lettero.com.pl\/wp-content\/uploads\/2018\/04\/blat-o-zmiennym-k\u0105cie-nachylenia-300x300.jpg 300w, https:\/\/lettero.com.pl\/wp-content\/uploads\/2018\/04\/blat-o-zmiennym-k\u0105cie-nachylenia-600x600.jpg 600w, https:\/\/lettero.com.pl\/wp-content\/uploads\/2018\/04\/blat-o-zmiennym-k\u0105cie-nachylenia.jpg 601w\" sizes=\"auto, (max-width:767px) 300px, 300px\" \/><\/td>\n<td style=\"width: 33.4876%;\"><img loading=\"lazy\" decoding=\"async\" class=\"aligncenter size-medium wp-image-5564\" src=\"https:\/\/lettero.com.pl\/wp-content\/uploads\/2018\/04\/blat-pochylony-z-cz\u0119\u015bciowym-pod\u015bwietleniem-300x273.jpg\" alt=\"blat pochylony z cz\u0119\u015bciowym pod\u015bwietleniem\" width=\"300\" height=\"273\" \/><\/td>\n<\/tr>\n<tr style=\"height: 24px;\">\n<td style=\"width: 32.6888%; height: 24px;\">Inclined worktop with fixed angle<\/td>\n<td style=\"width: 34.2186%; height: 24px;\">Inclined worktop with changeable angle<\/td>\n<td style=\"width: 33.4876%;\">Inclined worktop with half backlight<\/td>\n<\/tr>\n<tr style=\"height: 24px;\">\n<td style=\"width: 32.6888%; height: 24px;\"><img loading=\"lazy\" decoding=\"async\" class=\"aligncenter size-medium wp-image-5560\" src=\"https:\/\/lettero.com.pl\/wp-content\/uploads\/2018\/04\/blat-pochylony-z-pod\u015bwietleniem-300x300.jpg\" alt=\"blat pochylony z pod\u015bwietleniem\" width=\"300\" height=\"300\" srcset=\"https:\/\/lettero.com.pl\/wp-content\/uploads\/2018\/04\/blat-pochylony-z-pod\u015bwietleniem-300x300.jpg 300w, https:\/\/lettero.com.pl\/wp-content\/uploads\/2018\/04\/blat-pochylony-z-pod\u015bwietleniem-600x600.jpg 600w, https:\/\/lettero.com.pl\/wp-content\/uploads\/2018\/04\/blat-pochylony-z-pod\u015bwietleniem.jpg 601w\" sizes=\"auto, (max-width:767px) 300px, 300px\" \/><\/td>\n<td style=\"width: 34.2186%; height: 24px;\"><\/td>\n<td style=\"width: 33.4876%;\"><\/td>\n<\/tr>\n<tr style=\"height: 24px;\">\n<td style=\"width: 32.6888%; height: 24px;\">Inclined worktop with full backlight<\/td>\n<td style=\"width: 34.2186%; height: 24px;\"><\/td>\n<td style=\"width: 33.4876%;\"><\/td>\n<\/tr>\n<tr style=\"height: 24px;\">\n<td style=\"width: 32.6888%; height: 24px;\"><img loading=\"lazy\" decoding=\"async\" class=\"aligncenter size-medium wp-image-5548\" src=\"https:\/\/lettero.com.pl\/wp-content\/uploads\/2018\/04\/blat-pochylony-z-prowadnic\u0105-spektrofotometru-300x300.jpg\" alt=\"blat pochylony z prowadnic\u0105 spektrofotometru\" width=\"300\" height=\"300\" srcset=\"https:\/\/lettero.com.pl\/wp-content\/uploads\/2018\/04\/blat-pochylony-z-prowadnic\u0105-spektrofotometru-300x300.jpg 300w, https:\/\/lettero.com.pl\/wp-content\/uploads\/2018\/04\/blat-pochylony-z-prowadnic\u0105-spektrofotometru-600x600.jpg 600w, https:\/\/lettero.com.pl\/wp-content\/uploads\/2018\/04\/blat-pochylony-z-prowadnic\u0105-spektrofotometru.jpg 601w\" sizes=\"auto, (max-width:767px) 300px, 300px\" \/><\/td>\n<td style=\"width: 34.2186%; height: 24px;\"><img loading=\"lazy\" decoding=\"async\" class=\"aligncenter size-medium wp-image-5568\" src=\"https:\/\/lettero.com.pl\/wp-content\/uploads\/2018\/04\/blat-pochylony-cz\u0119\u015bciowo-pod\u015bwietlony-z-prowadnic\u0105-spektrofotometru-300x300.jpg\" alt=\"blat pochylony cz\u0119\u015bciowo pod\u015bwietlony z prowadnic\u0105 spektrofotometru\" width=\"300\" height=\"300\" srcset=\"https:\/\/lettero.com.pl\/wp-content\/uploads\/2018\/04\/blat-pochylony-cz\u0119\u015bciowo-pod\u015bwietlony-z-prowadnic\u0105-spektrofotometru-300x300.jpg 300w, https:\/\/lettero.com.pl\/wp-content\/uploads\/2018\/04\/blat-pochylony-cz\u0119\u015bciowo-pod\u015bwietlony-z-prowadnic\u0105-spektrofotometru-600x600.jpg 600w, https:\/\/lettero.com.pl\/wp-content\/uploads\/2018\/04\/blat-pochylony-cz\u0119\u015bciowo-pod\u015bwietlony-z-prowadnic\u0105-spektrofotometru.jpg 601w\" sizes=\"auto, (max-width:767px) 300px, 300px\" \/><\/td>\n<td style=\"width: 33.4876%;\"><img loading=\"lazy\" decoding=\"async\" class=\"aligncenter size-medium wp-image-5552\" src=\"https:\/\/lettero.com.pl\/wp-content\/uploads\/2018\/04\/blat-pochylony-pod\u015bwietlony-z-prowadnic\u0105-spektrofotometru-300x300.jpg\" alt=\"blat pochylony pod\u015bwietlony z prowadnic\u0105 spektrofotometru\" width=\"300\" height=\"300\" srcset=\"https:\/\/lettero.com.pl\/wp-content\/uploads\/2018\/04\/blat-pochylony-pod\u015bwietlony-z-prowadnic\u0105-spektrofotometru-300x300.jpg 300w, https:\/\/lettero.com.pl\/wp-content\/uploads\/2018\/04\/blat-pochylony-pod\u015bwietlony-z-prowadnic\u0105-spektrofotometru-600x600.jpg 600w, https:\/\/lettero.com.pl\/wp-content\/uploads\/2018\/04\/blat-pochylony-pod\u015bwietlony-z-prowadnic\u0105-spektrofotometru.jpg 601w\" sizes=\"auto, (max-width:767px) 300px, 300px\" \/><\/td>\n<\/tr>\n<tr>\n<td style=\"width: 32.6888%;\">Measuring worktop with trolley for spectrophotometer<\/td>\n<td style=\"width: 34.2186%;\">Measuring worktop with trolley for spectrophotometer and half backlight<\/td>\n<td style=\"width: 33.4876%;\">Measuring worktop with trolley for spectrophotometer and with full backlight<\/td>\n<\/tr>\n<tr>\n<td style=\"width: 32.6888%;\"><img loading=\"lazy\" decoding=\"async\" class=\"aligncenter size-medium wp-image-5576\" src=\"https:\/\/lettero.com.pl\/wp-content\/uploads\/2018\/04\/uchwyt-do-monitora-300x300.jpg\" alt=\"uchwyt do monitora\" width=\"300\" height=\"300\" srcset=\"https:\/\/lettero.com.pl\/wp-content\/uploads\/2018\/04\/uchwyt-do-monitora-300x300.jpg 300w, https:\/\/lettero.com.pl\/wp-content\/uploads\/2018\/04\/uchwyt-do-monitora-600x600.jpg 600w, https:\/\/lettero.com.pl\/wp-content\/uploads\/2018\/04\/uchwyt-do-monitora.jpg 601w\" sizes=\"auto, (max-width:767px) 300px, 300px\" \/><\/td>\n<td style=\"width: 34.2186%;\"><img loading=\"lazy\" decoding=\"async\" class=\"aligncenter size-medium wp-image-5572\" src=\"https:\/\/lettero.com.pl\/wp-content\/uploads\/2018\/04\/szuflada-na-klawiatur\u0119-300x300.jpg\" alt=\"szuflada na klawiatur\u0119\" width=\"300\" height=\"300\" srcset=\"https:\/\/lettero.com.pl\/wp-content\/uploads\/2018\/04\/szuflada-na-klawiatur\u0119-300x300.jpg 300w, https:\/\/lettero.com.pl\/wp-content\/uploads\/2018\/04\/szuflada-na-klawiatur\u0119-600x600.jpg 600w, https:\/\/lettero.com.pl\/wp-content\/uploads\/2018\/04\/szuflada-na-klawiatur\u0119.jpg 601w\" sizes=\"auto, (max-width:767px) 300px, 300px\" \/><\/td>\n<td style=\"width: 33.4876%;\"><\/td>\n<\/tr>\n<tr>\n<td style=\"width: 32.6888%;\">\n<p align=\"center\">Monitor holder<\/p>\n<\/td>\n<td style=\"width: 34.2186%;\">Keyboard drawer<\/td>\n<td style=\"width: 33.4876%;\"><\/td>\n<\/tr>\n<\/tbody>\n<\/table>\n","protected":false},"excerpt":{"rendered":"<p>CCS &#8211; color control stations are designed to operate in a standing position in the production floor in printing industry, but also in research laboratories, textiles,<span class=\"excerpt-hellip\"> [\u2026]<\/span><\/p>\n","protected":false},"featured_media":1197,"template":"","meta":[],"product_brand":[],"product_cat":[182],"product_tag":[],"class_list":{"0":"post-3950","1":"product","2":"type-product","3":"status-publish","4":"has-post-thumbnail","6":"product_cat-ccs-color-control-station","8":"first","9":"instock","10":"shipping-taxable","11":"product-type-simple"},"yoast_head":"<!-- This site is optimized with the Yoast SEO plugin v27.0 - https:\/\/yoast.com\/product\/yoast-seo-wordpress\/ -->\n<title>Color control station CCS LED D50 A - Lettero - Sprz\u0119t dla poligrafii | Meble metalowe<\/title>\n<meta name=\"robots\" content=\"index, follow, max-snippet:-1, max-image-preview:large, max-video-preview:-1\" \/>\n<link rel=\"canonical\" href=\"https:\/\/lettero.com.pl\/en\/color-control\/ccs-color-control-station\/color-control-station-ccs-led-d50-a\/\" \/>\n<meta property=\"og:locale\" content=\"en_US\" \/>\n<meta property=\"og:type\" content=\"article\" \/>\n<meta property=\"og:title\" content=\"Color control station CCS LED D50 A - Lettero - Sprz\u0119t dla poligrafii | Meble metalowe\" \/>\n<meta property=\"og:description\" content=\"CCS &#8211; color control stations are designed to operate in a standing position in the production floor in printing industry, but also in research laboratories, textiles, [\u2026]\" \/>\n<meta property=\"og:url\" content=\"https:\/\/lettero.com.pl\/en\/color-control\/ccs-color-control-station\/color-control-station-ccs-led-d50-a\/\" \/>\n<meta property=\"og:site_name\" content=\"Lettero - Sprz\u0119t dla poligrafii | Meble metalowe\" \/>\n<meta property=\"article:modified_time\" content=\"2018-09-21T12:01:57+00:00\" \/>\n<meta property=\"og:image\" content=\"https:\/\/lettero.com.pl\/wp-content\/uploads\/2018\/04\/ccs-podstawa-b.jpg\" \/>\n\t<meta property=\"og:image:width\" content=\"1000\" \/>\n\t<meta property=\"og:image:height\" content=\"1000\" \/>\n\t<meta property=\"og:image:type\" content=\"image\/jpeg\" \/>\n<meta name=\"twitter:card\" content=\"summary_large_image\" \/>\n<meta name=\"twitter:label1\" content=\"Est. reading time\" \/>\n\t<meta name=\"twitter:data1\" content=\"2 minutes\" \/>\n<script type=\"application\/ld+json\" class=\"yoast-schema-graph\">{\"@context\":\"https:\/\/schema.org\",\"@graph\":[{\"@type\":\"WebPage\",\"@id\":\"https:\/\/lettero.com.pl\/en\/color-control\/ccs-color-control-station\/color-control-station-ccs-led-d50-a\/\",\"url\":\"https:\/\/lettero.com.pl\/en\/color-control\/ccs-color-control-station\/color-control-station-ccs-led-d50-a\/\",\"name\":\"Color control station CCS LED D50 A - Lettero - Sprz\u0119t dla poligrafii | Meble metalowe\",\"isPartOf\":{\"@id\":\"https:\/\/lettero.com.pl\/#website\"},\"primaryImageOfPage\":{\"@id\":\"https:\/\/lettero.com.pl\/en\/color-control\/ccs-color-control-station\/color-control-station-ccs-led-d50-a\/#primaryimage\"},\"image\":{\"@id\":\"https:\/\/lettero.com.pl\/en\/color-control\/ccs-color-control-station\/color-control-station-ccs-led-d50-a\/#primaryimage\"},\"thumbnailUrl\":\"https:\/\/lettero.com.pl\/wp-content\/uploads\/2018\/04\/ccs-podstawa-b.jpg\",\"datePublished\":\"2018-04-09T10:31:50+00:00\",\"dateModified\":\"2018-09-21T12:01:57+00:00\",\"breadcrumb\":{\"@id\":\"https:\/\/lettero.com.pl\/en\/color-control\/ccs-color-control-station\/color-control-station-ccs-led-d50-a\/#breadcrumb\"},\"inLanguage\":\"en-US\",\"potentialAction\":[{\"@type\":\"ReadAction\",\"target\":[\"https:\/\/lettero.com.pl\/en\/color-control\/ccs-color-control-station\/color-control-station-ccs-led-d50-a\/\"]}]},{\"@type\":\"ImageObject\",\"inLanguage\":\"en-US\",\"@id\":\"https:\/\/lettero.com.pl\/en\/color-control\/ccs-color-control-station\/color-control-station-ccs-led-d50-a\/#primaryimage\",\"url\":\"https:\/\/lettero.com.pl\/wp-content\/uploads\/2018\/04\/ccs-podstawa-b.jpg\",\"contentUrl\":\"https:\/\/lettero.com.pl\/wp-content\/uploads\/2018\/04\/ccs-podstawa-b.jpg\",\"width\":1000,\"height\":1000,\"caption\":\"Color control station ccs-base-a\"},{\"@type\":\"BreadcrumbList\",\"@id\":\"https:\/\/lettero.com.pl\/en\/color-control\/ccs-color-control-station\/color-control-station-ccs-led-d50-a\/#breadcrumb\",\"itemListElement\":[{\"@type\":\"ListItem\",\"position\":1,\"name\":\"Strona g\u0142\u00f3wna\",\"item\":\"https:\/\/lettero.com.pl\/en\/\"},{\"@type\":\"ListItem\",\"position\":2,\"name\":\"Oferta\",\"item\":\"https:\/\/lettero.com.pl\/oferta-3\/\"},{\"@type\":\"ListItem\",\"position\":3,\"name\":\"Color control station CCS LED D50 A\"}]},{\"@type\":\"WebSite\",\"@id\":\"https:\/\/lettero.com.pl\/#website\",\"url\":\"https:\/\/lettero.com.pl\/\",\"name\":\"Lettero - Sprz\u0119t dla poligrafii | Meble metalowe\",\"description\":\"Pe\u0142na oferta polskiego producenta urz\u0105dze\u0144 dla poligrafii. Kabiny \u015bwietlne. Meble metalowe: biurowe, socjalne, magazynowe\",\"potentialAction\":[{\"@type\":\"SearchAction\",\"target\":{\"@type\":\"EntryPoint\",\"urlTemplate\":\"https:\/\/lettero.com.pl\/?s={search_term_string}\"},\"query-input\":{\"@type\":\"PropertyValueSpecification\",\"valueRequired\":true,\"valueName\":\"search_term_string\"}}],\"inLanguage\":\"en-US\"}]}<\/script>\n<!-- \/ Yoast SEO plugin. -->","yoast_head_json":{"title":"Color control station CCS LED D50 A - Lettero - Sprz\u0119t dla poligrafii | Meble metalowe","robots":{"index":"index","follow":"follow","max-snippet":"max-snippet:-1","max-image-preview":"max-image-preview:large","max-video-preview":"max-video-preview:-1"},"canonical":"https:\/\/lettero.com.pl\/en\/color-control\/ccs-color-control-station\/color-control-station-ccs-led-d50-a\/","og_locale":"en_US","og_type":"article","og_title":"Color control station CCS LED D50 A - Lettero - Sprz\u0119t dla poligrafii | Meble metalowe","og_description":"CCS &#8211; color control stations are designed to operate in a standing position in the production floor in printing industry, but also in research laboratories, textiles, [\u2026]","og_url":"https:\/\/lettero.com.pl\/en\/color-control\/ccs-color-control-station\/color-control-station-ccs-led-d50-a\/","og_site_name":"Lettero - Sprz\u0119t dla poligrafii | Meble metalowe","article_modified_time":"2018-09-21T12:01:57+00:00","og_image":[{"width":1000,"height":1000,"url":"https:\/\/lettero.com.pl\/wp-content\/uploads\/2018\/04\/ccs-podstawa-b.jpg","type":"image\/jpeg"}],"twitter_card":"summary_large_image","twitter_misc":{"Est. reading time":"2 minutes"},"schema":{"@context":"https:\/\/schema.org","@graph":[{"@type":"WebPage","@id":"https:\/\/lettero.com.pl\/en\/color-control\/ccs-color-control-station\/color-control-station-ccs-led-d50-a\/","url":"https:\/\/lettero.com.pl\/en\/color-control\/ccs-color-control-station\/color-control-station-ccs-led-d50-a\/","name":"Color control station CCS LED D50 A - Lettero - Sprz\u0119t dla poligrafii | Meble metalowe","isPartOf":{"@id":"https:\/\/lettero.com.pl\/#website"},"primaryImageOfPage":{"@id":"https:\/\/lettero.com.pl\/en\/color-control\/ccs-color-control-station\/color-control-station-ccs-led-d50-a\/#primaryimage"},"image":{"@id":"https:\/\/lettero.com.pl\/en\/color-control\/ccs-color-control-station\/color-control-station-ccs-led-d50-a\/#primaryimage"},"thumbnailUrl":"https:\/\/lettero.com.pl\/wp-content\/uploads\/2018\/04\/ccs-podstawa-b.jpg","datePublished":"2018-04-09T10:31:50+00:00","dateModified":"2018-09-21T12:01:57+00:00","breadcrumb":{"@id":"https:\/\/lettero.com.pl\/en\/color-control\/ccs-color-control-station\/color-control-station-ccs-led-d50-a\/#breadcrumb"},"inLanguage":"en-US","potentialAction":[{"@type":"ReadAction","target":["https:\/\/lettero.com.pl\/en\/color-control\/ccs-color-control-station\/color-control-station-ccs-led-d50-a\/"]}]},{"@type":"ImageObject","inLanguage":"en-US","@id":"https:\/\/lettero.com.pl\/en\/color-control\/ccs-color-control-station\/color-control-station-ccs-led-d50-a\/#primaryimage","url":"https:\/\/lettero.com.pl\/wp-content\/uploads\/2018\/04\/ccs-podstawa-b.jpg","contentUrl":"https:\/\/lettero.com.pl\/wp-content\/uploads\/2018\/04\/ccs-podstawa-b.jpg","width":1000,"height":1000,"caption":"Color control station ccs-base-a"},{"@type":"BreadcrumbList","@id":"https:\/\/lettero.com.pl\/en\/color-control\/ccs-color-control-station\/color-control-station-ccs-led-d50-a\/#breadcrumb","itemListElement":[{"@type":"ListItem","position":1,"name":"Strona g\u0142\u00f3wna","item":"https:\/\/lettero.com.pl\/en\/"},{"@type":"ListItem","position":2,"name":"Oferta","item":"https:\/\/lettero.com.pl\/oferta-3\/"},{"@type":"ListItem","position":3,"name":"Color control station CCS LED D50 A"}]},{"@type":"WebSite","@id":"https:\/\/lettero.com.pl\/#website","url":"https:\/\/lettero.com.pl\/","name":"Lettero - Sprz\u0119t dla poligrafii | Meble metalowe","description":"Pe\u0142na oferta polskiego producenta urz\u0105dze\u0144 dla poligrafii. Kabiny \u015bwietlne. Meble metalowe: biurowe, socjalne, magazynowe","potentialAction":[{"@type":"SearchAction","target":{"@type":"EntryPoint","urlTemplate":"https:\/\/lettero.com.pl\/?s={search_term_string}"},"query-input":{"@type":"PropertyValueSpecification","valueRequired":true,"valueName":"search_term_string"}}],"inLanguage":"en-US"}]}},"_links":{"self":[{"href":"https:\/\/lettero.com.pl\/en\/wp-json\/wp\/v2\/product\/3950","targetHints":{"allow":["GET"]}}],"collection":[{"href":"https:\/\/lettero.com.pl\/en\/wp-json\/wp\/v2\/product"}],"about":[{"href":"https:\/\/lettero.com.pl\/en\/wp-json\/wp\/v2\/types\/product"}],"wp:featuredmedia":[{"embeddable":true,"href":"https:\/\/lettero.com.pl\/en\/wp-json\/wp\/v2\/media\/1197"}],"wp:attachment":[{"href":"https:\/\/lettero.com.pl\/en\/wp-json\/wp\/v2\/media?parent=3950"}],"wp:term":[{"taxonomy":"product_brand","embeddable":true,"href":"https:\/\/lettero.com.pl\/en\/wp-json\/wp\/v2\/product_brand?post=3950"},{"taxonomy":"product_cat","embeddable":true,"href":"https:\/\/lettero.com.pl\/en\/wp-json\/wp\/v2\/product_cat?post=3950"},{"taxonomy":"product_tag","embeddable":true,"href":"https:\/\/lettero.com.pl\/en\/wp-json\/wp\/v2\/product_tag?post=3950"}],"curies":[{"name":"wp","href":"https:\/\/api.w.org\/{rel}","templated":true}]}}