{"id":5314,"date":"2018-07-24T13:16:29","date_gmt":"2018-07-24T11:16:29","guid":{"rendered":"https:\/\/lettero.com.pl\/news\/"},"modified":"2018-07-24T13:16:29","modified_gmt":"2018-07-24T11:16:29","slug":"news","status":"publish","type":"page","link":"https:\/\/lettero.com.pl\/en\/news\/","title":{"rendered":"News"},"content":{"rendered":"<div class=\"wpb-content-wrapper\"><p>[vc_row][vc_column]<div class=\"column_filters\"><div class=\"blog_wrapper isotope_wrapper clearfix\"><div class=\"posts_group lm_wrapper col-2 classic\"><article class=\"post post-item isotope-item clearfix post-6835 type-post status-publish format-standard has-post-thumbnail hentry category-bez-kategorii category-bez-kategorii-en\" style=\"\"><div class=\"date_label\">20 September 2024<\/div><div class=\"image_frame post-photo-wrapper scale-with-grid image\"><div class=\"image_wrapper\"><a href=\"https:\/\/lettero.com.pl\/en\/thank-you-for-all-meetings-on-fachpack-fairs-2\/\"><div class=\"mask\"><\/div><img loading=\"lazy\" decoding=\"async\" width=\"720\" height=\"720\" src=\"https:\/\/lettero.com.pl\/wp-content\/uploads\/2024\/09\/Drupa2-kopia-min-720x720.jpg\" class=\"scale-with-grid wp-post-image\" alt=\"\" srcset=\"https:\/\/lettero.com.pl\/wp-content\/uploads\/2024\/09\/Drupa2-kopia-min-720x720.jpg 720w, https:\/\/lettero.com.pl\/wp-content\/uploads\/2024\/09\/Drupa2-kopia-min-scaled-800x800.jpg 800w, https:\/\/lettero.com.pl\/wp-content\/uploads\/2024\/09\/Drupa2-kopia-min-300x300.jpg 300w, https:\/\/lettero.com.pl\/wp-content\/uploads\/2024\/09\/Drupa2-kopia-min-150x150.jpg 150w\" sizes=\"auto, (max-width:767px) 480px, 720px\" \/><\/a><div class=\"image_links double\"><a class=\"zoom \"  rel=\"prettyphoto\" href=\"https:\/\/lettero.com.pl\/wp-content\/uploads\/2024\/09\/Drupa2-kopia-min-1024x639.jpg\"><svg viewBox=\"0 0 26 26\"><defs><style>.path{fill:none;stroke:#333;stroke-miterlimit:10;stroke-width:1.5px;}<\/style><\/defs><circle cx=\"11.35\" cy=\"11.35\" r=\"6\" class=\"path\"><\/circle><line x1=\"15.59\" y1=\"15.59\" x2=\"20.65\" y2=\"20.65\" class=\"path\"><\/line><\/svg><\/a><a class=\"link \"  href=\"https:\/\/lettero.com.pl\/en\/thank-you-for-all-meetings-on-fachpack-fairs-2\/\"><svg viewBox=\"0 0 26 26\"><defs><style>.path{fill:none;stroke:#333;stroke-miterlimit:10;stroke-width:1.5px;}<\/style><\/defs><g><path d=\"M10.17,8.76l2.12-2.12a5,5,0,0,1,7.07,0h0a5,5,0,0,1,0,7.07l-2.12,2.12\" class=\"path\"><\/path><path d=\"M15.83,17.24l-2.12,2.12a5,5,0,0,1-7.07,0h0a5,5,0,0,1,0-7.07l2.12-2.12\" class=\"path\"><\/path><line x1=\"10.17\" y1=\"15.83\" x2=\"15.83\" y2=\"10.17\" class=\"path\"><\/line><\/g><\/svg><\/a><\/div><\/div><\/div><div class=\"post-desc-wrapper bg- has-custom-bg\" style=\"\"><div class=\"post-desc\"><div class=\"post-head\"><div class=\"post-meta clearfix\"><div class=\"author-date\"><span class=\"date\"><i class=\"icon-clock\"><\/i> <span class=\"post-date updated\">20 September 2024<\/span><\/span><\/div><\/div><\/div><div class=\"post-title\"><h2 class=\"entry-title \" itemprop=\"headline\"><a href=\"https:\/\/lettero.com.pl\/en\/thank-you-for-all-meetings-on-fachpack-fairs-2\/\">Lettero at DRUPA 2024<\/a><\/h2><\/div><div class=\"post-excerpt\">At our stand during DRUPA 2024, we presented two premieres. Lettero Die Storage Systems have a new automatic stacker crane. The functions of the new control<span class=\"excerpt-hellip\"> [\u2026]<\/span><\/div><div class=\"post-footer\"><div class=\"button-love\"><span class=\"love-text\">Do you like it?<\/span><\/div><div class=\"post-links\"><i class=\"icon-doc-text\" aria-hidden=\"true\"><\/i> <a href=\"https:\/\/lettero.com.pl\/en\/thank-you-for-all-meetings-on-fachpack-fairs-2\/\" class=\"post-more\">Wi\u0119cej<\/a><\/div><\/div><\/div><\/div><\/article><article class=\"post post-item isotope-item clearfix post-5838 type-post status-publish format-standard has-post-thumbnail hentry category-bez-kategorii-en\" style=\"\"><div class=\"date_label\">27 November 2018<\/div><div class=\"image_frame post-photo-wrapper scale-with-grid image\"><div class=\"image_wrapper\"><a href=\"https:\/\/lettero.com.pl\/en\/thank-you-for-all-meetings-on-fachpack-fairs\/\"><div class=\"mask\"><\/div><img loading=\"lazy\" decoding=\"async\" width=\"720\" height=\"361\" src=\"https:\/\/lettero.com.pl\/wp-content\/uploads\/2018\/10\/FACHPACK-2018-thanks.jpg\" class=\"scale-with-grid wp-post-image\" alt=\"\" srcset=\"https:\/\/lettero.com.pl\/wp-content\/uploads\/2018\/10\/FACHPACK-2018-thanks.jpg 1920w, https:\/\/lettero.com.pl\/wp-content\/uploads\/2018\/10\/FACHPACK-2018-thanks-800x401.jpg 800w\" sizes=\"auto, (max-width:767px) 480px, 720px\" \/><\/a><div class=\"image_links double\"><a class=\"zoom \"  rel=\"prettyphoto\" href=\"https:\/\/lettero.com.pl\/wp-content\/uploads\/2018\/10\/FACHPACK-2018-thanks.jpg\"><svg viewBox=\"0 0 26 26\"><defs><style>.path{fill:none;stroke:#333;stroke-miterlimit:10;stroke-width:1.5px;}<\/style><\/defs><circle cx=\"11.35\" cy=\"11.35\" r=\"6\" class=\"path\"><\/circle><line x1=\"15.59\" y1=\"15.59\" x2=\"20.65\" y2=\"20.65\" class=\"path\"><\/line><\/svg><\/a><a class=\"link \"  href=\"https:\/\/lettero.com.pl\/en\/thank-you-for-all-meetings-on-fachpack-fairs\/\"><svg viewBox=\"0 0 26 26\"><defs><style>.path{fill:none;stroke:#333;stroke-miterlimit:10;stroke-width:1.5px;}<\/style><\/defs><g><path d=\"M10.17,8.76l2.12-2.12a5,5,0,0,1,7.07,0h0a5,5,0,0,1,0,7.07l-2.12,2.12\" class=\"path\"><\/path><path d=\"M15.83,17.24l-2.12,2.12a5,5,0,0,1-7.07,0h0a5,5,0,0,1,0-7.07l2.12-2.12\" class=\"path\"><\/path><line x1=\"10.17\" y1=\"15.83\" x2=\"15.83\" y2=\"10.17\" class=\"path\"><\/line><\/g><\/svg><\/a><\/div><\/div><\/div><div class=\"post-desc-wrapper bg- has-custom-bg\" style=\"\"><div class=\"post-desc\"><div class=\"post-head\"><div class=\"post-meta clearfix\"><div class=\"author-date\"><span class=\"date\"><i class=\"icon-clock\"><\/i> <span class=\"post-date updated\">27 November 2018<\/span><\/span><\/div><\/div><\/div><div class=\"post-title\"><h2 class=\"entry-title \" itemprop=\"headline\"><a href=\"https:\/\/lettero.com.pl\/en\/thank-you-for-all-meetings-on-fachpack-fairs\/\">Thank you for all meetings on FachPack fairs<\/a><\/h2><\/div><div class=\"post-excerpt\">Na targach FachPack 2018 pokazali\u015bmy zar\u00f3wno nowo\u015bci jak i produkty znajduj\u0105ce si\u0119 w naszej ofercie od jakiego\u015b czasu. Nasi go\u015bcie mogli zobaczy\u0107 nowe produkty przeznaczone g\u0142\u00f3wnie<span class=\"excerpt-hellip\"> [\u2026]<\/span><\/div><div class=\"post-footer\"><div class=\"button-love\"><span class=\"love-text\">Do you like it?<\/span><\/div><div class=\"post-links\"><i class=\"icon-doc-text\" aria-hidden=\"true\"><\/i> <a href=\"https:\/\/lettero.com.pl\/en\/thank-you-for-all-meetings-on-fachpack-fairs\/\" class=\"post-more\">Wi\u0119cej<\/a><\/div><\/div><\/div><\/div><\/article><article class=\"post post-item isotope-item clearfix post-5312 type-post status-publish format-standard has-post-thumbnail hentry category-bez-kategorii-en\" style=\"\"><div class=\"date_label\">24 July 2018<\/div><div class=\"image_frame post-photo-wrapper scale-with-grid image\"><div class=\"image_wrapper\"><a href=\"https:\/\/lettero.com.pl\/en\/we-invite-you-to-the-fachpack-fair\/\"><div class=\"mask\"><\/div><img loading=\"lazy\" decoding=\"async\" width=\"622\" height=\"428\" src=\"https:\/\/lettero.com.pl\/wp-content\/uploads\/2018\/07\/baner-FACHPACK-pl.jpg\" class=\"scale-with-grid wp-post-image\" alt=\"\" srcset=\"https:\/\/lettero.com.pl\/wp-content\/uploads\/2018\/07\/baner-FACHPACK-pl.jpg 622w, https:\/\/lettero.com.pl\/wp-content\/uploads\/2018\/07\/baner-FACHPACK-pl-600x413.jpg 600w\" sizes=\"auto, (max-width:767px) 480px, 622px\" \/><\/a><div class=\"image_links double\"><a class=\"zoom \"  rel=\"prettyphoto\" href=\"https:\/\/lettero.com.pl\/wp-content\/uploads\/2018\/07\/baner-FACHPACK-pl.jpg\"><svg viewBox=\"0 0 26 26\"><defs><style>.path{fill:none;stroke:#333;stroke-miterlimit:10;stroke-width:1.5px;}<\/style><\/defs><circle cx=\"11.35\" cy=\"11.35\" r=\"6\" class=\"path\"><\/circle><line x1=\"15.59\" y1=\"15.59\" x2=\"20.65\" y2=\"20.65\" class=\"path\"><\/line><\/svg><\/a><a class=\"link \"  href=\"https:\/\/lettero.com.pl\/en\/we-invite-you-to-the-fachpack-fair\/\"><svg viewBox=\"0 0 26 26\"><defs><style>.path{fill:none;stroke:#333;stroke-miterlimit:10;stroke-width:1.5px;}<\/style><\/defs><g><path d=\"M10.17,8.76l2.12-2.12a5,5,0,0,1,7.07,0h0a5,5,0,0,1,0,7.07l-2.12,2.12\" class=\"path\"><\/path><path d=\"M15.83,17.24l-2.12,2.12a5,5,0,0,1-7.07,0h0a5,5,0,0,1,0-7.07l2.12-2.12\" class=\"path\"><\/path><line x1=\"10.17\" y1=\"15.83\" x2=\"15.83\" y2=\"10.17\" class=\"path\"><\/line><\/g><\/svg><\/a><\/div><\/div><\/div><div class=\"post-desc-wrapper bg- has-custom-bg\" style=\"\"><div class=\"post-desc\"><div class=\"post-head\"><div class=\"post-meta clearfix\"><div class=\"author-date\"><span class=\"date\"><i class=\"icon-clock\"><\/i> <span class=\"post-date updated\">24 July 2018<\/span><\/span><\/div><\/div><\/div><div class=\"post-title\"><h2 class=\"entry-title \" itemprop=\"headline\"><a href=\"https:\/\/lettero.com.pl\/en\/we-invite-you-to-the-fachpack-fair\/\">We invite you to the FACHPACK fair<\/a><\/h2><\/div><div class=\"post-excerpt\">Visit us on FACHPACK fair in Nuremberg 25-27 September. Hall 4, stand 4-524<\/div><div class=\"post-footer\"><div class=\"button-love\"><span class=\"love-text\">Do you like it?<\/span><\/div><div class=\"post-links\"><i class=\"icon-doc-text\" aria-hidden=\"true\"><\/i> <a href=\"https:\/\/lettero.com.pl\/en\/we-invite-you-to-the-fachpack-fair\/\" class=\"post-more\">Wi\u0119cej<\/a><\/div><\/div><\/div><\/div><\/article><article class=\"post post-item isotope-item clearfix post-5580 type-post status-publish format-standard has-post-thumbnail hentry category-bez-kategorii-en\" style=\"\"><div class=\"date_label\">8 February 2018<\/div><div class=\"image_frame post-photo-wrapper scale-with-grid image\"><div class=\"image_wrapper\"><a href=\"https:\/\/lettero.com.pl\/en\/lettero-pvb-illuminator-in-good-company-on-remadays-2018\/\"><div class=\"mask\"><\/div><img loading=\"lazy\" decoding=\"async\" width=\"720\" height=\"540\" src=\"https:\/\/lettero.com.pl\/wp-content\/uploads\/2018\/02\/RemaDays-2018.jpg\" class=\"scale-with-grid wp-post-image\" alt=\"RemaDays 2018\" srcset=\"https:\/\/lettero.com.pl\/wp-content\/uploads\/2018\/02\/RemaDays-2018.jpg 1352w, https:\/\/lettero.com.pl\/wp-content\/uploads\/2018\/02\/RemaDays-2018-800x600.jpg 800w\" sizes=\"auto, (max-width:767px) 480px, 720px\" \/><\/a><div class=\"image_links double\"><a class=\"zoom \"  rel=\"prettyphoto\" href=\"https:\/\/lettero.com.pl\/wp-content\/uploads\/2018\/02\/RemaDays-2018.jpg\"><svg viewBox=\"0 0 26 26\"><defs><style>.path{fill:none;stroke:#333;stroke-miterlimit:10;stroke-width:1.5px;}<\/style><\/defs><circle cx=\"11.35\" cy=\"11.35\" r=\"6\" class=\"path\"><\/circle><line x1=\"15.59\" y1=\"15.59\" x2=\"20.65\" y2=\"20.65\" class=\"path\"><\/line><\/svg><\/a><a class=\"link \"  href=\"https:\/\/lettero.com.pl\/en\/lettero-pvb-illuminator-in-good-company-on-remadays-2018\/\"><svg viewBox=\"0 0 26 26\"><defs><style>.path{fill:none;stroke:#333;stroke-miterlimit:10;stroke-width:1.5px;}<\/style><\/defs><g><path d=\"M10.17,8.76l2.12-2.12a5,5,0,0,1,7.07,0h0a5,5,0,0,1,0,7.07l-2.12,2.12\" class=\"path\"><\/path><path d=\"M15.83,17.24l-2.12,2.12a5,5,0,0,1-7.07,0h0a5,5,0,0,1,0-7.07l2.12-2.12\" class=\"path\"><\/path><line x1=\"10.17\" y1=\"15.83\" x2=\"15.83\" y2=\"10.17\" class=\"path\"><\/line><\/g><\/svg><\/a><\/div><\/div><\/div><div class=\"post-desc-wrapper bg- has-custom-bg\" style=\"\"><div class=\"post-desc\"><div class=\"post-head\"><div class=\"post-meta clearfix\"><div class=\"author-date\"><span class=\"date\"><i class=\"icon-clock\"><\/i> <span class=\"post-date updated\">8 February 2018<\/span><\/span><\/div><\/div><\/div><div class=\"post-title\"><h2 class=\"entry-title \" itemprop=\"headline\"><a href=\"https:\/\/lettero.com.pl\/en\/lettero-pvb-illuminator-in-good-company-on-remadays-2018\/\">Lettero PVB illuminator in good company on RemaDays 2018<\/a><\/h2><\/div><div class=\"post-excerpt\">On International Advertising and Printing Trade Fairs our brand Lettero was represended by PVB illuminator on EIZO stand. It is plesure for us and a confirmation<span class=\"excerpt-hellip\"> [\u2026]<\/span><\/div><div class=\"post-footer\"><div class=\"button-love\"><span class=\"love-text\">Do you like it?<\/span><\/div><div class=\"post-links\"><i class=\"icon-doc-text\" aria-hidden=\"true\"><\/i> <a href=\"https:\/\/lettero.com.pl\/en\/lettero-pvb-illuminator-in-good-company-on-remadays-2018\/\" class=\"post-more\">Wi\u0119cej<\/a><\/div><\/div><\/div><\/div><\/article><article class=\"post post-item isotope-item clearfix post-5582 type-post status-publish format-standard has-post-thumbnail hentry category-bez-kategorii-en\" style=\"\"><div class=\"date_label\">9 January 2018<\/div><div class=\"image_frame post-photo-wrapper scale-with-grid image\"><div class=\"image_wrapper\"><a href=\"https:\/\/lettero.com.pl\/en\/pvb-illuminator-with-fogra-certificate\/\"><div class=\"mask\"><\/div><img loading=\"lazy\" decoding=\"async\" width=\"720\" height=\"720\" src=\"https:\/\/lettero.com.pl\/wp-content\/uploads\/2018\/03\/PVB-PRO-FOGRA-1.jpg\" class=\"scale-with-grid wp-post-image\" alt=\"lluminator LED PVB-PRO-FOGRA\" srcset=\"https:\/\/lettero.com.pl\/wp-content\/uploads\/2018\/03\/PVB-PRO-FOGRA-1.jpg 1000w, https:\/\/lettero.com.pl\/wp-content\/uploads\/2018\/03\/PVB-PRO-FOGRA-1-800x800.jpg 800w, https:\/\/lettero.com.pl\/wp-content\/uploads\/2018\/03\/PVB-PRO-FOGRA-1-300x300.jpg 300w\" sizes=\"auto, (max-width:767px) 480px, 720px\" \/><\/a><div class=\"image_links double\"><a class=\"zoom \"  rel=\"prettyphoto\" href=\"https:\/\/lettero.com.pl\/wp-content\/uploads\/2018\/03\/PVB-PRO-FOGRA-1.jpg\"><svg viewBox=\"0 0 26 26\"><defs><style>.path{fill:none;stroke:#333;stroke-miterlimit:10;stroke-width:1.5px;}<\/style><\/defs><circle cx=\"11.35\" cy=\"11.35\" r=\"6\" class=\"path\"><\/circle><line x1=\"15.59\" y1=\"15.59\" x2=\"20.65\" y2=\"20.65\" class=\"path\"><\/line><\/svg><\/a><a class=\"link \"  href=\"https:\/\/lettero.com.pl\/en\/pvb-illuminator-with-fogra-certificate\/\"><svg viewBox=\"0 0 26 26\"><defs><style>.path{fill:none;stroke:#333;stroke-miterlimit:10;stroke-width:1.5px;}<\/style><\/defs><g><path d=\"M10.17,8.76l2.12-2.12a5,5,0,0,1,7.07,0h0a5,5,0,0,1,0,7.07l-2.12,2.12\" class=\"path\"><\/path><path d=\"M15.83,17.24l-2.12,2.12a5,5,0,0,1-7.07,0h0a5,5,0,0,1,0-7.07l2.12-2.12\" class=\"path\"><\/path><line x1=\"10.17\" y1=\"15.83\" x2=\"15.83\" y2=\"10.17\" class=\"path\"><\/line><\/g><\/svg><\/a><\/div><\/div><\/div><div class=\"post-desc-wrapper bg- has-custom-bg\" style=\"\"><div class=\"post-desc\"><div class=\"post-head\"><div class=\"post-meta clearfix\"><div class=\"author-date\"><span class=\"date\"><i class=\"icon-clock\"><\/i> <span class=\"post-date updated\">9 January 2018<\/span><\/span><\/div><\/div><\/div><div class=\"post-title\"><h2 class=\"entry-title \" itemprop=\"headline\"><a href=\"https:\/\/lettero.com.pl\/en\/pvb-illuminator-with-fogra-certificate\/\">PVB illuminator with FOGRA certificate<\/a><\/h2><\/div><div class=\"post-excerpt\">We proudly inform that PVB Illuminator certification process has been completed by FOGRA Institute. Officialy we can confirm that our illuminator PVB 501\/3 PRO fulfills requirements<span class=\"excerpt-hellip\"> [\u2026]<\/span><\/div><div class=\"post-footer\"><div class=\"button-love\"><span class=\"love-text\">Do you like it?<\/span><\/div><div class=\"post-links\"><i class=\"icon-doc-text\" aria-hidden=\"true\"><\/i> <a href=\"https:\/\/lettero.com.pl\/en\/pvb-illuminator-with-fogra-certificate\/\" class=\"post-more\">Wi\u0119cej<\/a><\/div><\/div><\/div><\/div><\/article><article class=\"post post-item isotope-item clearfix post-5542 type-post status-publish format-standard has-post-thumbnail hentry category-bez-kategorii-en\" style=\"\"><div class=\"date_label\">13 July 2017<\/div><div class=\"image_frame post-photo-wrapper scale-with-grid image\"><div class=\"image_wrapper\"><a href=\"https:\/\/lettero.com.pl\/en\/fogra-certificate-for-lettero-color-matching-devices\/\"><div class=\"mask\"><\/div><img loading=\"lazy\" decoding=\"async\" width=\"430\" height=\"300\" src=\"https:\/\/lettero.com.pl\/wp-content\/uploads\/2018\/09\/Logo-FOGRA-1.jpg\" class=\"scale-with-grid wp-post-image\" alt=\"Logo FOGRA\" \/><\/a><div class=\"image_links double\"><a class=\"zoom \"  rel=\"prettyphoto\" href=\"https:\/\/lettero.com.pl\/wp-content\/uploads\/2018\/09\/Logo-FOGRA-1.jpg\"><svg viewBox=\"0 0 26 26\"><defs><style>.path{fill:none;stroke:#333;stroke-miterlimit:10;stroke-width:1.5px;}<\/style><\/defs><circle cx=\"11.35\" cy=\"11.35\" r=\"6\" class=\"path\"><\/circle><line x1=\"15.59\" y1=\"15.59\" x2=\"20.65\" y2=\"20.65\" class=\"path\"><\/line><\/svg><\/a><a class=\"link \"  href=\"https:\/\/lettero.com.pl\/en\/fogra-certificate-for-lettero-color-matching-devices\/\"><svg viewBox=\"0 0 26 26\"><defs><style>.path{fill:none;stroke:#333;stroke-miterlimit:10;stroke-width:1.5px;}<\/style><\/defs><g><path d=\"M10.17,8.76l2.12-2.12a5,5,0,0,1,7.07,0h0a5,5,0,0,1,0,7.07l-2.12,2.12\" class=\"path\"><\/path><path d=\"M15.83,17.24l-2.12,2.12a5,5,0,0,1-7.07,0h0a5,5,0,0,1,0-7.07l2.12-2.12\" class=\"path\"><\/path><line x1=\"10.17\" y1=\"15.83\" x2=\"15.83\" y2=\"10.17\" class=\"path\"><\/line><\/g><\/svg><\/a><\/div><\/div><\/div><div class=\"post-desc-wrapper bg- has-custom-bg\" style=\"\"><div class=\"post-desc\"><div class=\"post-head\"><div class=\"post-meta clearfix\"><div class=\"author-date\"><span class=\"date\"><i class=\"icon-clock\"><\/i> <span class=\"post-date updated\">13 July 2017<\/span><\/span><\/div><\/div><\/div><div class=\"post-title\"><h2 class=\"entry-title \" itemprop=\"headline\"><a href=\"https:\/\/lettero.com.pl\/en\/fogra-certificate-for-lettero-color-matching-devices\/\">FOGRA Certificate for Lettero Color Matching Devices<\/a><\/h2><\/div><div class=\"post-excerpt\">We proudly inform that this week our Lettero Color Matching certification process has been completed. FOGRA specialists have visited our company to test parameters of our<span class=\"excerpt-hellip\"> [\u2026]<\/span><\/div><div class=\"post-footer\"><div class=\"button-love\"><span class=\"love-text\">Do you like it?<\/span><\/div><div class=\"post-links\"><i class=\"icon-doc-text\" aria-hidden=\"true\"><\/i> <a href=\"https:\/\/lettero.com.pl\/en\/fogra-certificate-for-lettero-color-matching-devices\/\" class=\"post-more\">Wi\u0119cej<\/a><\/div><\/div><\/div><\/div><\/article><\/div><\/div>\n<\/div>\n[\/vc_column][\/vc_row]<\/p>\n<\/div>","protected":false},"excerpt":{"rendered":"<p>[vc_row][vc_column][\/vc_column][\/vc_row]<\/p>\n","protected":false},"author":1,"featured_media":0,"parent":0,"menu_order":0,"comment_status":"closed","ping_status":"closed","template":"","meta":{"footnotes":""},"class_list":["post-5314","page","type-page","status-publish","hentry"],"yoast_head":"<!-- This site is optimized with the Yoast SEO plugin v27.0 - https:\/\/yoast.com\/product\/yoast-seo-wordpress\/ -->\n<title>News - Lettero - Sprz\u0119t dla poligrafii | Meble metalowe<\/title>\n<meta name=\"robots\" content=\"index, follow, max-snippet:-1, max-image-preview:large, max-video-preview:-1\" \/>\n<link rel=\"canonical\" href=\"https:\/\/lettero.com.pl\/aktualnosci\/\" \/>\n<meta property=\"og:locale\" content=\"en_US\" \/>\n<meta property=\"og:type\" content=\"article\" \/>\n<meta property=\"og:title\" content=\"News - Lettero - Sprz\u0119t dla poligrafii | Meble metalowe\" \/>\n<meta property=\"og:description\" content=\"[vc_row][vc_column][\/vc_column][\/vc_row]\" \/>\n<meta property=\"og:url\" content=\"https:\/\/lettero.com.pl\/aktualnosci\/\" \/>\n<meta property=\"og:site_name\" content=\"Lettero - Sprz\u0119t dla poligrafii | Meble metalowe\" \/>\n<meta name=\"twitter:card\" content=\"summary_large_image\" \/>\n<script type=\"application\/ld+json\" class=\"yoast-schema-graph\">{\"@context\":\"https:\/\/schema.org\",\"@graph\":[{\"@type\":\"WebPage\",\"@id\":\"https:\/\/lettero.com.pl\/aktualnosci\/\",\"url\":\"https:\/\/lettero.com.pl\/aktualnosci\/\",\"name\":\"News - Lettero - Sprz\u0119t dla poligrafii | Meble metalowe\",\"isPartOf\":{\"@id\":\"https:\/\/lettero.com.pl\/#website\"},\"datePublished\":\"2018-07-24T11:16:29+00:00\",\"breadcrumb\":{\"@id\":\"https:\/\/lettero.com.pl\/aktualnosci\/#breadcrumb\"},\"inLanguage\":\"en-US\",\"potentialAction\":[{\"@type\":\"ReadAction\",\"target\":[\"https:\/\/lettero.com.pl\/aktualnosci\/\"]}]},{\"@type\":\"BreadcrumbList\",\"@id\":\"https:\/\/lettero.com.pl\/aktualnosci\/#breadcrumb\",\"itemListElement\":[{\"@type\":\"ListItem\",\"position\":1,\"name\":\"Strona g\u0142\u00f3wna\",\"item\":\"https:\/\/lettero.com.pl\/en\/\"},{\"@type\":\"ListItem\",\"position\":2,\"name\":\"News\"}]},{\"@type\":\"WebSite\",\"@id\":\"https:\/\/lettero.com.pl\/#website\",\"url\":\"https:\/\/lettero.com.pl\/\",\"name\":\"Lettero - Sprz\u0119t dla poligrafii | Meble metalowe\",\"description\":\"Pe\u0142na oferta polskiego producenta urz\u0105dze\u0144 dla poligrafii. Kabiny \u015bwietlne. Meble metalowe: biurowe, socjalne, magazynowe\",\"potentialAction\":[{\"@type\":\"SearchAction\",\"target\":{\"@type\":\"EntryPoint\",\"urlTemplate\":\"https:\/\/lettero.com.pl\/?s={search_term_string}\"},\"query-input\":{\"@type\":\"PropertyValueSpecification\",\"valueRequired\":true,\"valueName\":\"search_term_string\"}}],\"inLanguage\":\"en-US\"}]}<\/script>\n<!-- \/ Yoast SEO plugin. -->","yoast_head_json":{"title":"News - Lettero - Sprz\u0119t dla poligrafii | Meble metalowe","robots":{"index":"index","follow":"follow","max-snippet":"max-snippet:-1","max-image-preview":"max-image-preview:large","max-video-preview":"max-video-preview:-1"},"canonical":"https:\/\/lettero.com.pl\/aktualnosci\/","og_locale":"en_US","og_type":"article","og_title":"News - Lettero - Sprz\u0119t dla poligrafii | Meble metalowe","og_description":"[vc_row][vc_column][\/vc_column][\/vc_row]","og_url":"https:\/\/lettero.com.pl\/aktualnosci\/","og_site_name":"Lettero - Sprz\u0119t dla poligrafii | Meble metalowe","twitter_card":"summary_large_image","schema":{"@context":"https:\/\/schema.org","@graph":[{"@type":"WebPage","@id":"https:\/\/lettero.com.pl\/aktualnosci\/","url":"https:\/\/lettero.com.pl\/aktualnosci\/","name":"News - Lettero - Sprz\u0119t dla poligrafii | Meble metalowe","isPartOf":{"@id":"https:\/\/lettero.com.pl\/#website"},"datePublished":"2018-07-24T11:16:29+00:00","breadcrumb":{"@id":"https:\/\/lettero.com.pl\/aktualnosci\/#breadcrumb"},"inLanguage":"en-US","potentialAction":[{"@type":"ReadAction","target":["https:\/\/lettero.com.pl\/aktualnosci\/"]}]},{"@type":"BreadcrumbList","@id":"https:\/\/lettero.com.pl\/aktualnosci\/#breadcrumb","itemListElement":[{"@type":"ListItem","position":1,"name":"Strona g\u0142\u00f3wna","item":"https:\/\/lettero.com.pl\/en\/"},{"@type":"ListItem","position":2,"name":"News"}]},{"@type":"WebSite","@id":"https:\/\/lettero.com.pl\/#website","url":"https:\/\/lettero.com.pl\/","name":"Lettero - Sprz\u0119t dla poligrafii | Meble metalowe","description":"Pe\u0142na oferta polskiego producenta urz\u0105dze\u0144 dla poligrafii. Kabiny \u015bwietlne. Meble metalowe: biurowe, socjalne, magazynowe","potentialAction":[{"@type":"SearchAction","target":{"@type":"EntryPoint","urlTemplate":"https:\/\/lettero.com.pl\/?s={search_term_string}"},"query-input":{"@type":"PropertyValueSpecification","valueRequired":true,"valueName":"search_term_string"}}],"inLanguage":"en-US"}]}},"_links":{"self":[{"href":"https:\/\/lettero.com.pl\/en\/wp-json\/wp\/v2\/pages\/5314","targetHints":{"allow":["GET"]}}],"collection":[{"href":"https:\/\/lettero.com.pl\/en\/wp-json\/wp\/v2\/pages"}],"about":[{"href":"https:\/\/lettero.com.pl\/en\/wp-json\/wp\/v2\/types\/page"}],"author":[{"embeddable":true,"href":"https:\/\/lettero.com.pl\/en\/wp-json\/wp\/v2\/users\/1"}],"replies":[{"embeddable":true,"href":"https:\/\/lettero.com.pl\/en\/wp-json\/wp\/v2\/comments?post=5314"}],"version-history":[{"count":0,"href":"https:\/\/lettero.com.pl\/en\/wp-json\/wp\/v2\/pages\/5314\/revisions"}],"wp:attachment":[{"href":"https:\/\/lettero.com.pl\/en\/wp-json\/wp\/v2\/media?parent=5314"}],"curies":[{"name":"wp","href":"https:\/\/api.w.org\/{rel}","templated":true}]}}