{"id":414,"date":"2018-03-30T14:16:38","date_gmt":"2018-03-30T12:16:38","guid":{"rendered":"http:\/\/lettero.opticomweb.tk\/?page_id=414"},"modified":"2026-03-19T12:05:40","modified_gmt":"2026-03-19T11:05:40","slug":"download","status":"publish","type":"page","link":"https:\/\/lettero.com.pl\/en\/download\/","title":{"rendered":"Download"},"content":{"rendered":"<div class=\"wpb-content-wrapper\"><p>[vc_row css=&#8221;.vc_custom_1531984436272{padding-top: 20px !important;}&#8221;][vc_column][vc_column_text]<\/p>\n<div class=\"clearfix\">\n<p>Below you can download the latest issue of <strong>lettero<\/strong> catalogs.<\/p>\n<p>Our offer has been enriched with many interesting products. All our traders will be happy to provide all relevant information. Feel free to contact us &#8211; <a title=\"Contact form\" href=\"https:\/\/lettero.com.pl\/en\/kontakt-2\/\">contact form<\/a>.<\/p>\n<\/div>\n<p>[\/vc_column_text][\/vc_column][\/vc_row][vc_row][vc_column width=&#8221;2\/3&#8243;][vc_column_text]<\/p>\n<h4><i class=\"fa fa-file-pdf-o\"><\/i><span style=\"font-size: 18px;\"> <a href=\"https:\/\/lettero.com.pl\/wp-content\/uploads\/2024\/05\/Color-Matching_ENG.pdf\"><span style=\"font-size: 21px;\">Lettero Color Matching Catalog<\/span><\/a><\/span><\/h4>\n<p>[\/vc_column_text][\/vc_column][vc_column width=&#8221;1\/3&#8243;][vc_btn title=&#8221;DOWNLOAD&#8221; color=&#8221;black&#8221; link=&#8221;url:https%3A%2F%2Flettero.com.pl%2Fwp-content%2Fuploads%2F2024%2F05%2FColor-Matching_ENG.pdf|target:_blank&#8221;][\/vc_column][\/vc_row][vc_row][vc_column][vc_separator][\/vc_column][\/vc_row][vc_row][vc_column width=&#8221;2\/3&#8243;][vc_column_text]<\/p>\n<h4><i class=\"fa fa-file-pdf-o\"><\/i><span style=\"font-size: 21px;\"> <a href=\"https:\/\/lettero.com.pl\/wp-content\/uploads\/2024\/05\/Lettero-led-calibrator.pdf\">Lettero LED Calibrator<\/a><\/span><\/h4>\n<p>[\/vc_column_text][\/vc_column][vc_column width=&#8221;1\/3&#8243;][vc_btn title=&#8221;DOWNLOAD&#8221; color=&#8221;black&#8221; link=&#8221;url:https%3A%2F%2Flettero.com.pl%2Fwp-content%2Fuploads%2F2024%2F05%2FLettero-led-calibrator.pdf|target:_blank&#8221;][\/vc_column][\/vc_row][vc_row][vc_column][vc_separator][\/vc_column][\/vc_row][vc_row][vc_column width=&#8221;2\/3&#8243;][vc_column_text]<\/p>\n<h4><i class=\"fa fa-file-pdf-o\"><\/i><span style=\"font-size: 21px;\"> <a href=\"https:\/\/lettero.com.pl\/wp-content\/uploads\/2026\/02\/Katalog-Lettero_27-11-2025_www-skompresowany.pdf\">Lettero Die Storage Systems Catalog<\/a><\/span><\/h4>\n<p>[\/vc_column_text][\/vc_column][vc_column width=&#8221;1\/3&#8243;][vc_btn title=&#8221;DOWNLOAD&#8221; color=&#8221;black&#8221; link=&#8221;url:https%3A%2F%2Flettero.com.pl%2Fwp-content%2Fuploads%2F2026%2F02%2FKatalog-Lettero_27-11-2025_www-skompresowany.pdf|target:_blank&#8221;][\/vc_column][\/vc_row][vc_row][vc_column][vc_separator][\/vc_column][\/vc_row][vc_row][vc_column width=&#8221;2\/3&#8243;][vc_column_text]<\/p>\n<h4><i class=\"fa fa-file-pdf-o\"><\/i><span style=\"font-size: 21px;\"> <a href=\"https:\/\/lettero.com.pl\/wp-content\/uploads\/2024\/05\/Lettero-catalog-for-Flexography.pdf\">Lettero for Flexography Catalog<\/a><\/span><\/h4>\n<p>[\/vc_column_text][\/vc_column][vc_column width=&#8221;1\/3&#8243;][vc_btn title=&#8221;DOWNLOAD&#8221; color=&#8221;black&#8221; link=&#8221;url:https%3A%2F%2Flettero.com.pl%2Fwp-content%2Fuploads%2F2024%2F05%2FLettero-catalog-for-Flexography.pdf|target:_blank&#8221;][\/vc_column][\/vc_row][vc_row][vc_column][vc_separator][\/vc_column][\/vc_row][vc_row][vc_column width=&#8221;2\/3&#8243;][vc_column_text]<\/p>\n<h4><i class=\"fa fa-file-pdf-o\"><\/i><span style=\"font-size: 21px;\"> <a href=\"https:\/\/lettero.com.pl\/wp-content\/uploads\/2018\/10\/LETTERO-POLIGRAFIA-2018-WEB-EN-150.pdf\">Lettero for Printing Catalog<\/a><\/span><\/h4>\n<p>[\/vc_column_text][\/vc_column][vc_column width=&#8221;1\/3&#8243;][vc_btn title=&#8221;DOWNLOAD&#8221; color=&#8221;black&#8221; link=&#8221;url:https%3A%2F%2Flettero.com.pl%2Fwp-content%2Fuploads%2F2018%2F10%2FLETTERO-POLIGRAFIA-2018-WEB-EN-150.pdf||target:%20_blank|&#8221;][\/vc_column][\/vc_row][vc_row][vc_column][vc_separator][\/vc_column][\/vc_row][vc_row][vc_column width=&#8221;2\/3&#8243;][vc_column_text]<\/p>\n<h4><i class=\"fa fa-file-pdf-o\"><\/i><span style=\"font-size: 21px;\"> <a href=\"http:\/\/lettero.com.pl\/wp-content\/uploads\/2018\/02\/lettero-biuro-2015-polski-internet-72.pdf\">Lettero Metal Furniture Catalog<\/a><\/span><\/h4>\n<p>[\/vc_column_text][\/vc_column][vc_column width=&#8221;1\/3&#8243;][vc_btn title=&#8221;DOWNLOAD&#8221; color=&#8221;black&#8221; link=&#8221;url:http%3A%2F%2Flettero.com.pl%2Fwp-content%2Fuploads%2F2018%2F02%2Flettero-biuro-2015-polski-internet-72.pdf|target:%20_blank|&#8221;][\/vc_column][\/vc_row][vc_row][vc_column][vc_separator][\/vc_column][\/vc_row][vc_row][vc_column width=&#8221;2\/3&#8243;][vc_column_text]<\/p>\n<h4><i class=\"fa fa-file-pdf-o\"><\/i><span style=\"font-size: 21px;\"> <a href=\"http:\/\/lettero.com.pl\/wp-content\/uploads\/2018\/02\/31431_karon_iso3664_v3.pdf\">Fogra certificate<\/a><\/span><\/h4>\n<p>[\/vc_column_text][\/vc_column][vc_column width=&#8221;1\/3&#8243;][vc_btn title=&#8221;DOWNLOAD&#8221; color=&#8221;black&#8221; link=&#8221;url:http%3A%2F%2Flettero.com.pl%2Fwp-content%2Fuploads%2F2018%2F02%2F31431_karon_iso3664_v3.pdf|target:%20_blank|&#8221;][\/vc_column][\/vc_row][vc_row][vc_column][vc_separator][\/vc_column][\/vc_row]<\/p>\n<\/div>","protected":false},"excerpt":{"rendered":"<p>[vc_row css=&#8221;.vc_custom_1531984436272{padding-top: 20px !important;}&#8221;][vc_column][vc_column_text] Below you can download the latest issue of lettero catalogs. Our offer has been enriched with many interesting products. All our traders<span class=\"excerpt-hellip\"> [\u2026]<\/span><\/p>\n","protected":false},"author":1,"featured_media":0,"parent":0,"menu_order":0,"comment_status":"closed","ping_status":"closed","template":"","meta":{"footnotes":""},"class_list":["post-414","page","type-page","status-publish","hentry"],"yoast_head":"<!-- This site is optimized with the Yoast SEO plugin v27.0 - https:\/\/yoast.com\/product\/yoast-seo-wordpress\/ -->\n<title>Download - Lettero - Sprz\u0119t dla poligrafii | Meble metalowe<\/title>\n<meta name=\"robots\" content=\"index, follow, max-snippet:-1, max-image-preview:large, max-video-preview:-1\" \/>\n<link rel=\"canonical\" href=\"https:\/\/lettero.com.pl\/en\/download\/\" \/>\n<meta property=\"og:locale\" content=\"en_US\" \/>\n<meta property=\"og:type\" content=\"article\" \/>\n<meta property=\"og:title\" content=\"Download - Lettero - Sprz\u0119t dla poligrafii | Meble metalowe\" \/>\n<meta property=\"og:description\" content=\"[vc_row css=&#8221;.vc_custom_1531984436272{padding-top: 20px !important;}&#8221;][vc_column][vc_column_text] Below you can download the latest issue of lettero catalogs. Our offer has been enriched with many interesting products. All our traders [\u2026]\" \/>\n<meta property=\"og:url\" content=\"https:\/\/lettero.com.pl\/en\/download\/\" \/>\n<meta property=\"og:site_name\" content=\"Lettero - Sprz\u0119t dla poligrafii | Meble metalowe\" \/>\n<meta property=\"article:modified_time\" content=\"2026-03-19T11:05:40+00:00\" \/>\n<meta name=\"twitter:card\" content=\"summary_large_image\" \/>\n<meta name=\"twitter:label1\" content=\"Est. reading time\" \/>\n\t<meta name=\"twitter:data1\" content=\"1 minute\" \/>\n<script type=\"application\/ld+json\" class=\"yoast-schema-graph\">{\"@context\":\"https:\/\/schema.org\",\"@graph\":[{\"@type\":\"WebPage\",\"@id\":\"https:\/\/lettero.com.pl\/en\/download\/\",\"url\":\"https:\/\/lettero.com.pl\/en\/download\/\",\"name\":\"Download - Lettero - Sprz\u0119t dla poligrafii | Meble metalowe\",\"isPartOf\":{\"@id\":\"https:\/\/lettero.com.pl\/#website\"},\"datePublished\":\"2018-03-30T12:16:38+00:00\",\"dateModified\":\"2026-03-19T11:05:40+00:00\",\"breadcrumb\":{\"@id\":\"https:\/\/lettero.com.pl\/en\/download\/#breadcrumb\"},\"inLanguage\":\"en-US\",\"potentialAction\":[{\"@type\":\"ReadAction\",\"target\":[\"https:\/\/lettero.com.pl\/en\/download\/\"]}]},{\"@type\":\"BreadcrumbList\",\"@id\":\"https:\/\/lettero.com.pl\/en\/download\/#breadcrumb\",\"itemListElement\":[{\"@type\":\"ListItem\",\"position\":1,\"name\":\"Strona g\u0142\u00f3wna\",\"item\":\"https:\/\/lettero.com.pl\/en\/\"},{\"@type\":\"ListItem\",\"position\":2,\"name\":\"Download\"}]},{\"@type\":\"WebSite\",\"@id\":\"https:\/\/lettero.com.pl\/#website\",\"url\":\"https:\/\/lettero.com.pl\/\",\"name\":\"Lettero - Sprz\u0119t dla poligrafii | Meble metalowe\",\"description\":\"Pe\u0142na oferta polskiego producenta urz\u0105dze\u0144 dla poligrafii. Kabiny \u015bwietlne. Meble metalowe: biurowe, socjalne, magazynowe\",\"potentialAction\":[{\"@type\":\"SearchAction\",\"target\":{\"@type\":\"EntryPoint\",\"urlTemplate\":\"https:\/\/lettero.com.pl\/?s={search_term_string}\"},\"query-input\":{\"@type\":\"PropertyValueSpecification\",\"valueRequired\":true,\"valueName\":\"search_term_string\"}}],\"inLanguage\":\"en-US\"}]}<\/script>\n<!-- \/ Yoast SEO plugin. -->","yoast_head_json":{"title":"Download - Lettero - Sprz\u0119t dla poligrafii | Meble metalowe","robots":{"index":"index","follow":"follow","max-snippet":"max-snippet:-1","max-image-preview":"max-image-preview:large","max-video-preview":"max-video-preview:-1"},"canonical":"https:\/\/lettero.com.pl\/en\/download\/","og_locale":"en_US","og_type":"article","og_title":"Download - Lettero - Sprz\u0119t dla poligrafii | Meble metalowe","og_description":"[vc_row css=&#8221;.vc_custom_1531984436272{padding-top: 20px !important;}&#8221;][vc_column][vc_column_text] Below you can download the latest issue of lettero catalogs. Our offer has been enriched with many interesting products. All our traders [\u2026]","og_url":"https:\/\/lettero.com.pl\/en\/download\/","og_site_name":"Lettero - Sprz\u0119t dla poligrafii | Meble metalowe","article_modified_time":"2026-03-19T11:05:40+00:00","twitter_card":"summary_large_image","twitter_misc":{"Est. reading time":"1 minute"},"schema":{"@context":"https:\/\/schema.org","@graph":[{"@type":"WebPage","@id":"https:\/\/lettero.com.pl\/en\/download\/","url":"https:\/\/lettero.com.pl\/en\/download\/","name":"Download - Lettero - Sprz\u0119t dla poligrafii | Meble metalowe","isPartOf":{"@id":"https:\/\/lettero.com.pl\/#website"},"datePublished":"2018-03-30T12:16:38+00:00","dateModified":"2026-03-19T11:05:40+00:00","breadcrumb":{"@id":"https:\/\/lettero.com.pl\/en\/download\/#breadcrumb"},"inLanguage":"en-US","potentialAction":[{"@type":"ReadAction","target":["https:\/\/lettero.com.pl\/en\/download\/"]}]},{"@type":"BreadcrumbList","@id":"https:\/\/lettero.com.pl\/en\/download\/#breadcrumb","itemListElement":[{"@type":"ListItem","position":1,"name":"Strona g\u0142\u00f3wna","item":"https:\/\/lettero.com.pl\/en\/"},{"@type":"ListItem","position":2,"name":"Download"}]},{"@type":"WebSite","@id":"https:\/\/lettero.com.pl\/#website","url":"https:\/\/lettero.com.pl\/","name":"Lettero - Sprz\u0119t dla poligrafii | Meble metalowe","description":"Pe\u0142na oferta polskiego producenta urz\u0105dze\u0144 dla poligrafii. Kabiny \u015bwietlne. Meble metalowe: biurowe, socjalne, magazynowe","potentialAction":[{"@type":"SearchAction","target":{"@type":"EntryPoint","urlTemplate":"https:\/\/lettero.com.pl\/?s={search_term_string}"},"query-input":{"@type":"PropertyValueSpecification","valueRequired":true,"valueName":"search_term_string"}}],"inLanguage":"en-US"}]}},"_links":{"self":[{"href":"https:\/\/lettero.com.pl\/en\/wp-json\/wp\/v2\/pages\/414","targetHints":{"allow":["GET"]}}],"collection":[{"href":"https:\/\/lettero.com.pl\/en\/wp-json\/wp\/v2\/pages"}],"about":[{"href":"https:\/\/lettero.com.pl\/en\/wp-json\/wp\/v2\/types\/page"}],"author":[{"embeddable":true,"href":"https:\/\/lettero.com.pl\/en\/wp-json\/wp\/v2\/users\/1"}],"replies":[{"embeddable":true,"href":"https:\/\/lettero.com.pl\/en\/wp-json\/wp\/v2\/comments?post=414"}],"version-history":[{"count":36,"href":"https:\/\/lettero.com.pl\/en\/wp-json\/wp\/v2\/pages\/414\/revisions"}],"predecessor-version":[{"id":7530,"href":"https:\/\/lettero.com.pl\/en\/wp-json\/wp\/v2\/pages\/414\/revisions\/7530"}],"wp:attachment":[{"href":"https:\/\/lettero.com.pl\/en\/wp-json\/wp\/v2\/media?parent=414"}],"curies":[{"name":"wp","href":"https:\/\/api.w.org\/{rel}","templated":true}]}}