{"id":412,"date":"2018-03-30T14:12:28","date_gmt":"2018-03-30T12:12:28","guid":{"rendered":"http:\/\/lettero.opticomweb.tk\/?page_id=412"},"modified":"2023-04-13T15:54:15","modified_gmt":"2023-04-13T13:54:15","slug":"referencje-2","status":"publish","type":"page","link":"https:\/\/lettero.com.pl\/en\/referencje-2\/","title":{"rendered":"References"},"content":{"rendered":"<div class=\"wpb-content-wrapper\"><p>[vc_row][vc_column width=&#8221;1\/2&#8243;][vc_column_text]<\/p>\n<div class=\"clearfix\">\n<h3><strong>POLIGRAPHY<\/strong><\/h3>\n<\/div>\n<div class=\"clearfix\">\n<div class=\"clearfix\">\n<p>ACT PRINT<\/p>\n<p>AGORA S.A.<\/p>\n<p>ALUPOL GRUPA K\u0118TY S.A.<\/p>\n<p>ALUTECH K\u0118TY<\/p>\n<p>ANIFLEX SP.J.<\/p>\n<p>AVARGRAF WARSZAWA<\/p>\n<p>BACKER OBR WARSZAWA<\/p>\n<p>BIA\u0141OSTOCKIE ZAK\u0141ADY GRAFICZNE<\/p>\n<p>BLG INTERNATIONAL<\/p>\n<p>BOXES PRESTIGE POLAND SP. Z O.O.<\/p>\n<p>B+K POLSKA SP. Z O.O.<\/p>\n<p>CARTONDRUK SP. Z O.O.<\/p>\n<p>CCL Label France<\/p>\n<p>CCL Label Polska<\/p>\n<p>CCL Label World USA<\/p>\n<p>CEZAR BIA\u0141YSTOK<\/p>\n<p>CEZEX WARSZAWA<\/p>\n<p>CGS Drukarnia Sp. Z o.o<\/p>\n<p>CHESPA KLISZE SP. Z O.O.<\/p>\n<p>CHESPAKE POLSKA SP. Z O.O.<\/p>\n<p>CHRIS<\/p>\n<p>CLONDALKIN PHARMA AND HEATLHCARE SP. Z O.O<\/p>\n<p>COLORCONSULTING<\/p>\n<p>COLOR GATE<\/p>\n<p>COMEX<\/p>\n<p>DONNELLEY<\/p>\n<p>DRESCHER PIOTRK\u00d3W TRYB.<\/p>\n<p>DRUKARNIA INTERAK SO. Z O.O.<\/p>\n<p>DRUKARNIA DAKO<\/p>\n<p>DRUKARNIA JAS\u0141O<\/p>\n<p>DRUKARNIA MURUGUMBEL<\/p>\n<p>DRUKARNIA PERFECT S.A.<\/p>\n<p>DRUKARNIA PRASOWA \u0141\u00d3D\u0179<\/p>\n<p>DRUKARNIA SKARBOWA Warszawa<\/p>\n<p>DRUKARNIA TAMIR SP. Z O.O.<\/p>\n<p>DRUKARNIA VIPER<\/p>\n<p>DUNI POLAND SP. Z O.O.<\/p>\n<p>DURABLE<\/p>\n<p>DS. SMITHS PACKING ROMANIA SRL<\/p>\n<p>EDELMAN POLANS SP. Z O.O.<\/p>\n<p>EKOFLEX SP. Z O.O.<\/p>\n<p>EUROBOX<\/p>\n<p>EXPACK SP. J.<\/p>\n<p>FANO SP. Z O.O.<\/p>\n<p>FLINT GROUP POLSKA SP. Z O.O.<\/p>\n<p>FORTIS ZIELONA G\u00d3RA<\/p>\n<p>FUJI SEAL POLAND SP. Z O.O.<\/p>\n<p>GEMATO SP. Z O.O.<\/p>\n<p>GERRESCHEIMER<\/p>\n<p>GRAFFENA SP. Z O.O.<\/p>\n<p>GRAFIKUS SYSTEMY GRAFICZNE SP. Z O.O.<\/p>\n<p>GRAF-POZ<\/p>\n<p>GOLDPRINT<\/p>\n<p>HEIDELBERG WARSZAWA<\/p>\n<p>HENYO BEHRENDT WARSZAWA<\/p>\n<p>INNOPACK<\/p>\n<p>INTROGRAF LUBLIN S.A<\/p>\n<p>INTERNATIONAL PAPER KWIDZYN<\/p>\n<p>LEAN-TECH S.C.<\/p>\n<p>LIBRA<\/p>\n<p>KOLOBER SP. Z O.O.<\/p>\n<p>MAGRA<\/p>\n<p>MASTERPRESS S.A<\/p>\n<p>MAXIM<\/p>\n<p>MCC<\/p>\n<p>MCC Z\u0141OTA<\/p>\n<p>MEDIAN POLSKA S.A.<\/p>\n<p>MILLER GRAPHICS POLAND<\/p>\n<p>MONDI GROUP<\/p>\n<p>MWV MANUFACTURING BYDGOSZCZ SP. Z O.O<\/p>\n<p>NEUPACK<\/p>\n<p>NETBOX POLSKA SP. Z O.O. S.K.A.<\/p>\n<p>NORDENIA<\/p>\n<p>OL-MAR<\/p>\n<p>OPAKOMET SP. Z O.O.<\/p>\n<p>OS GRAPHIC<\/p>\n<p>PLASTICA SP Z O.O.<\/p>\n<p>POLIGRAFIA KIELCE SA<\/p>\n<p>POLIKARTON S.C.<\/p>\n<p>POLSKI DOM WYDAWNICZY WARSZAWA<\/p>\n<p>POZNA\u0143SKA DRUKARNIA NAUKOWA<\/p>\n<p>PREMIUMDRUK<\/p>\n<p>PRINRMAX SP.J.<\/p>\n<p>PRINT PACK POLAND SP. Z O.O.<\/p>\n<p>PROFARM PS SP. Z O.O.<\/p>\n<p>PRONIX<\/p>\n<p>PWPW WARSZAWA<\/p>\n<p>REF-GRAF SP. Z O.O.<\/p>\n<p>REPROGRAF S.A.<\/p>\n<p>REXON<\/p>\n<p>RR DONNELLY EUROPE KRAK\u00d3W<\/p>\n<p>SANDEN MANUFACTURING<\/p>\n<p>SCHMEDT E.K.<\/p>\n<p>SCORPIO \u0141\u00d3D\u0179<\/p>\n<p>SILGAN<\/p>\n<p>SMURFIT KAPPA Belgia, Francja, Niemcy, W\u0142ochy, Litwa,<\/p>\n<p>Holandia, Polska, Hiszpania, Szwecja, Wielka Brytania<\/p>\n<p>SONOCO Poland<\/p>\n<p>SUN CHEMICAL SP. Z O.O.<\/p>\n<p>SUOMINEN<\/p>\n<p>TAKT BOLES\u0141AW<\/p>\n<p>TOZUKI EU SP. Z O.O.<\/p>\n<p>UNICUM ETYKIETY<\/p>\n<p>WALKI EKOPACK<\/p>\n<p>WOJSKOWE ZAK\u0141ADY GRAFICZNE<\/p>\n<p>ZAK\u0141AD GRAFICZNY POLITECHNIKI \u015aL\u0104SKIEJ<\/p>\n<p>ZAK\u0141ADY FARMACEUTYCZNE POLFARMA S.A.<\/p>\n<p>ZUS WARSZAWA Z-D POLIGRAFICZNY<\/p>\n<p>ZUS CHORZ\u00d3W Z-D POLIGRAFICZNY<\/p>\n<p>WOJSKOWE ZAK\u0141ADY GRAFICZNE<\/p>\n<\/div>\n<\/div>\n<p>[\/vc_column_text][\/vc_column][vc_column width=&#8221;1\/2&#8243;][vc_column_text]<\/p>\n<div class=\"clearfix\">\n<h3><strong>FIRMS, INSTITUTIONS, OFFICES<br \/>\n<\/strong><\/h3>\n<\/div>\n<div class=\"clearfix\">\n<p>3M Wroc\u0142aw<\/p>\n<p>ABIZ<\/p>\n<p>AGENCJA RESTRUKTURYZACJI I MODERNIZACJI ROLNICTWA<\/p>\n<p>AGENCJA REZERW MATERIA\u0141OWYCH<\/p>\n<p>AKADEMIA EKONOMICZNA Katowice<\/p>\n<p>AKADEMIA SZTUK PI\u0118KNYCH Krak\u00f3w<\/p>\n<p>AKADEMIA SZTUK PI\u0118KNYCH Warszawa<\/p>\n<p>ARCHWIWUM PA\u0143STWOWE Toru\u0144<\/p>\n<p>BENER<\/p>\n<p>BIBLIOTEKA JAGIELLO\u0143SKA<\/p>\n<p>BIURO US\u0141UG ARTYSTYCZNYCH<\/p>\n<p>BIURO WYSTAW ARTYSTYCZNYCH<\/p>\n<p>BOSHOKU AUTOMOTIVE POLAND<\/p>\n<p>BUDMAX SP. Z O.O.<\/p>\n<p>CENTRALNA BIBLIOTEKA STATYSTYCZNA<\/p>\n<p>CENTRALNY O\u015aRODEK PRZYGOTOWA\u0143 OLIMPIJSKICH Spa\u0142a<\/p>\n<p>ECOR PRODUCT<\/p>\n<p>ELDRUN II UBOJNIA DROBIU<\/p>\n<p>ERICSON Polska<\/p>\n<p>FRITO LAY<\/p>\n<p>GALERIA MIESKA WE WROC\u0141AWIU<\/p>\n<p>GABINET STOMATOLOGICZNY AGNIESZKA DZIEDZ<\/p>\n<p>GRUPA K\u0118TY S.A.<\/p>\n<p>ID LOGISTICS POLSKA S.A.<\/p>\n<p>INSTYTUT FIZYKI POLSKIEJ AKADEMII NAUK<\/p>\n<p>INSTYTUT HODOWLI I AKLIMATYZACJI RO\u015aLIN<\/p>\n<p>INSTYTUT PAMI\u0118CI NARODOWEJ<\/p>\n<p>INSTYTUT TECHNOLOGII ELEKTRONOWEJ<\/p>\n<p>INTEGRACJA<\/p>\n<p>JOKA NARZ\u0118DZIA<\/p>\n<p>JOT-DE<\/p>\n<p>KANCELARIA PRAWNO-PODATKOWA ANNA RAJWA<\/p>\n<p>KANCELARIA PREZYDENTA RP<\/p>\n<p>KATOWICKI HOLDING W\u0118GLOWY<\/p>\n<p>KOMENDA PORTU WOJENNEGO<\/p>\n<p>LIMITO S.A.<\/p>\n<p>MAJSTEREK<\/p>\n<p>MGL SP. Z O.O.<\/p>\n<p>MIKOMAX 3 \u0141\u00f3d\u017a<\/p>\n<p>MOSTOSTAL Warszawa<\/p>\n<p>NAJWY\u017bSZA IZBA KONTROLI Warszawa<\/p>\n<p>NARODOWY BANK POLSKI<\/p>\n<p>NEW PATTERN SP. Z O.O. S.K.A.<\/p>\n<p>NIERUCHOMO\u015aCI WIELKOPOLSKI<\/p>\n<p>PASIEKA JAROS<\/p>\n<p>PARTNER LOGISTIC SP. Z O.O.<\/p>\n<p>POCZTA POLSKA<\/p>\n<p>POLFA S.A. Warszawa<\/p>\n<p>PROEM<\/p>\n<p>PROCTER&amp;GAMBLE<\/p>\n<p>PGNiG S.A. Warszawa<\/p>\n<p>PROCTER &amp; GAMBLE OPERATIONS Polska<\/p>\n<p>PWSFTVIT<\/p>\n<p>REGIONALNA DYREKCJA LAS\u00d3W PA\u0143STWOWYCH<\/p>\n<p>RR. DONNELLEY EUROPE SP. Z O.O<\/p>\n<p>SUMICA ELECTRONIC Poland<\/p>\n<p>SUPRAWIS Group<\/p>\n<p>TELEWIZJA POLSKA Warszawa<\/p>\n<p>TELEKOMUNIKACJA POLSKA S.A.<\/p>\n<p>TOMPLAN KONSTRUCJE<\/p>\n<p>TOMPLAN PLANDEKI<\/p>\n<p>TZMO<\/p>\n<p>UBEZPIECZENIOWY FUNDUSZ GWARANCYJNY<\/p>\n<p>UNIKAT<\/p>\n<p>UNIWERSYTET JAGIELLO\u0143SKI<\/p>\n<p>UNIWERSYTET MEDYCZNY \u0141\u00f3d\u017a<\/p>\n<p>UNIWERSYTET MIKO\u0141AJA KOPERNIKA<\/p>\n<p>UNIWERSYTET SZCZECI\u0143SKI<\/p>\n<p>UNIWERSYTET ZIELONOG\u00d3RSKI<\/p>\n<p>WINKELMANN SP. Z O.O.<\/p>\n<p>WOJSKOWE CENTRUM GEOGRAFICZNE<\/p>\n<p>W&amp;W<\/p>\n<p>ZAK\u0141AD NARODOWY IM. OSSOLI\u0143SKICH<\/p>\n<p>ZAK\u0141ADY FARMACEUTYCZNE POLFARMA S.A.<\/p>\n<p>ZAMEK KR\u00d3LEWSKI NA WAWELU<\/p>\n<p>ZESP\u00d3\u0141 SZKOLNO-PRZEDSZKOLNY W SMARDZEWICACH<\/p>\n<p>ZESP\u00d3\u0141 SZK\u00d3\u0141 PONADGIMANZJALNYCH NR 6<\/p>\n<\/div>\n<p>[\/vc_column_text][vc_column_text]<\/p>\n<h3><strong>CITY AND COMMUNITY OFFICES<br \/>\n<\/strong><\/h3>\n<p>Bia\u0142a Podlaska, Bia\u0142ystok, Bielsko-Bia\u0142a, Gda\u0144sk, Grodzisk Maz., Kalisz, Kluczbork, Krak\u00f3w, Legionowo, Leszno, Nowy Dw\u00f3r Maz., Opole, Piaseczno, Pi\u0142a, Pozna\u0144, Pruszk\u00f3w, Przemy\u015bl, Siedlce, Skocz\u00f3w, Szczecin, Tomasz\u00f3w Maz., Toru\u0144, Warszawa Centrum, W\u0142odawa, \u017byrard\u00f3w<\/p>\n<h3><strong>COUNTY AND GEODESY OFFICES<br \/>\n<\/strong><\/h3>\n<p>Aleksandr\u00f3w Kujawski, D\u0119bica, Gosty\u0144, Grodzisk Maz., Gr\u00f3jec, Jan\u00f3w Lubelski, Jarocin, Jaros\u0142aw, Kalisz, K\u0119trzyn, Ko\u0144skie, Krotoszyn, Krapkowice, Kutno, Leszno, \u0141osice, Nowe Miasto Lubawskie, Nowy Targ, O\u0142awa, Opoczno, Ostrowiec \u015aw., Ostr\u00f3da, Ostrzesz\u00f3w, O\u015bwi\u0119cim, Pleszew, Pruszcz Gda\u0144ski, Przemy\u015bl, Przysucha, Radziej\u00f3w, Rypin, Sierpc, Skar\u017cysko Kamienna, S\u0142ubice, Starachowice, Stasz\u00f3w, \u015aroda \u015al\u0105ska, \u015awidnik, \u015awiecie, Tomasz\u00f3w Maz., Warszawa, Wielu\u0144, Wierusz\u00f3w, Wolsztyn, Wo\u0142omin, Wschowa,[\/vc_column_text][\/vc_column][\/vc_row][vc_row css=&#8221;.vc_custom_1522410117342{padding-top: 30px !important;padding-bottom: 30px !important;}&#8221;][vc_column][vc_column_text]<\/p>\n<h3><strong>REFERENCE LISTS<\/strong><\/h3>\n\n\t\t\t<style type='text\/css'>\n\t\t\t\t#sc_gallery-1 {\n\t\t\t\t\tmargin: auto;\n\t\t\t\t}\n\t\t\t\t#sc_gallery-1 .gallery-item {\n\t\t\t\t\tfloat: left;\n\t\t\t\t\ttext-align: center;\n\t\t\t\t\twidth: 33.33%;\n\t\t\t\t}\n\t\t\t\t#sc_gallery-1 img {\n\t\t\t\t\tborder: 2px solid #cfcfcf;\n\t\t\t\t}\n\t\t\t\t\/* see sc_gallery() in functions\/theme-shortcodes.php *\/\n\t\t\t<\/style>\n\t\t<div id='sc_gallery-1' class='gallery galleryid-412 gallery-columns-3 gallery-size-medium file gallery-default'><dl class='gallery-item'  data-title='references lapadd' data-description=''><div class='gallery-item-wrapper'>\n\t\t\t\t<dt class='gallery-icon portrait'>\n\t\t\t\t\t<a href='https:\/\/lettero.com.pl\/wp-content\/uploads\/2018\/11\/references-lapadd.png'><img loading=\"lazy\" decoding=\"async\" width=\"216\" height=\"300\" src=\"https:\/\/lettero.com.pl\/wp-content\/uploads\/2018\/11\/references-lapadd.png\" class=\"attachment-medium size-medium\" alt=\"\" \/><\/a>\n\t\t\t\t<\/dt><\/div><\/dl><dl class='gallery-item'  data-title='big_img-130731095500' data-description=''><div class='gallery-item-wrapper'>\n\t\t\t\t<dt class='gallery-icon portrait'>\n\t\t\t\t\t<a href='https:\/\/lettero.com.pl\/wp-content\/uploads\/2018\/03\/big_img-130731095500.jpg'><img loading=\"lazy\" decoding=\"async\" width=\"212\" height=\"300\" src=\"https:\/\/lettero.com.pl\/wp-content\/uploads\/2018\/03\/big_img-130731095500.jpg\" class=\"attachment-medium size-medium\" alt=\"\" \/><\/a>\n\t\t\t\t<\/dt><\/div><\/dl><dl class='gallery-item'  data-title='big_img-130731095545' data-description=''><div class='gallery-item-wrapper'>\n\t\t\t\t<dt class='gallery-icon portrait'>\n\t\t\t\t\t<a href='https:\/\/lettero.com.pl\/wp-content\/uploads\/2018\/03\/big_img-130731095545.jpg'><img loading=\"lazy\" decoding=\"async\" width=\"212\" height=\"300\" src=\"https:\/\/lettero.com.pl\/wp-content\/uploads\/2018\/03\/big_img-130731095545.jpg\" class=\"attachment-medium size-medium\" alt=\"\" \/><\/a>\n\t\t\t\t<\/dt><\/div><\/dl><br style=\"clear: both\" \/><dl class='gallery-item'  data-title='big_img-130731095629' data-description=''><div class='gallery-item-wrapper'>\n\t\t\t\t<dt class='gallery-icon portrait'>\n\t\t\t\t\t<a href='https:\/\/lettero.com.pl\/wp-content\/uploads\/2018\/03\/big_img-130731095629.jpg'><img loading=\"lazy\" decoding=\"async\" width=\"212\" height=\"300\" src=\"https:\/\/lettero.com.pl\/wp-content\/uploads\/2018\/03\/big_img-130731095629.jpg\" class=\"attachment-medium size-medium\" alt=\"\" \/><\/a>\n\t\t\t\t<\/dt><\/div><\/dl><dl class='gallery-item'  data-title='big_img-130731095705' data-description=''><div class='gallery-item-wrapper'>\n\t\t\t\t<dt class='gallery-icon portrait'>\n\t\t\t\t\t<a href='https:\/\/lettero.com.pl\/wp-content\/uploads\/2018\/03\/big_img-130731095705.jpg'><img loading=\"lazy\" decoding=\"async\" width=\"212\" height=\"300\" src=\"https:\/\/lettero.com.pl\/wp-content\/uploads\/2018\/03\/big_img-130731095705.jpg\" class=\"attachment-medium size-medium\" alt=\"\" \/><\/a>\n\t\t\t\t<\/dt><\/div><\/dl><dl class='gallery-item'  data-title='big_img-130731095735' data-description=''><div class='gallery-item-wrapper'>\n\t\t\t\t<dt class='gallery-icon portrait'>\n\t\t\t\t\t<a href='https:\/\/lettero.com.pl\/wp-content\/uploads\/2018\/03\/big_img-130731095735.jpg'><img loading=\"lazy\" decoding=\"async\" width=\"212\" height=\"300\" src=\"https:\/\/lettero.com.pl\/wp-content\/uploads\/2018\/03\/big_img-130731095735.jpg\" class=\"attachment-medium size-medium\" alt=\"\" \/><\/a>\n\t\t\t\t<\/dt><\/div><\/dl><br style=\"clear: both\" \/><dl class='gallery-item'  data-title='big_img-130731095759' data-description=''><div class='gallery-item-wrapper'>\n\t\t\t\t<dt class='gallery-icon portrait'>\n\t\t\t\t\t<a href='https:\/\/lettero.com.pl\/wp-content\/uploads\/2018\/03\/big_img-130731095759.jpg'><img loading=\"lazy\" decoding=\"async\" width=\"212\" height=\"300\" src=\"https:\/\/lettero.com.pl\/wp-content\/uploads\/2018\/03\/big_img-130731095759.jpg\" class=\"attachment-medium size-medium\" alt=\"\" \/><\/a>\n\t\t\t\t<\/dt><\/div><\/dl><dl class='gallery-item'  data-title='big_img-130731095823' data-description=''><div class='gallery-item-wrapper'>\n\t\t\t\t<dt class='gallery-icon portrait'>\n\t\t\t\t\t<a href='https:\/\/lettero.com.pl\/wp-content\/uploads\/2018\/03\/big_img-130731095823.jpg'><img loading=\"lazy\" decoding=\"async\" width=\"212\" height=\"300\" src=\"https:\/\/lettero.com.pl\/wp-content\/uploads\/2018\/03\/big_img-130731095823.jpg\" class=\"attachment-medium size-medium\" alt=\"\" \/><\/a>\n\t\t\t\t<\/dt><\/div><\/dl><dl class='gallery-item'  data-title='big_img-130731095854' data-description=''><div class='gallery-item-wrapper'>\n\t\t\t\t<dt class='gallery-icon portrait'>\n\t\t\t\t\t<a href='https:\/\/lettero.com.pl\/wp-content\/uploads\/2018\/03\/big_img-130731095854.jpg'><img loading=\"lazy\" decoding=\"async\" width=\"212\" height=\"300\" src=\"https:\/\/lettero.com.pl\/wp-content\/uploads\/2018\/03\/big_img-130731095854.jpg\" class=\"attachment-medium size-medium\" alt=\"\" \/><\/a>\n\t\t\t\t<\/dt><\/div><\/dl><br style=\"clear: both\" \/><dl class='gallery-item'  data-title='big_img-130731095925' data-description=''><div class='gallery-item-wrapper'>\n\t\t\t\t<dt class='gallery-icon portrait'>\n\t\t\t\t\t<a href='https:\/\/lettero.com.pl\/wp-content\/uploads\/2018\/03\/big_img-130731095925.jpg'><img loading=\"lazy\" decoding=\"async\" width=\"212\" height=\"300\" src=\"https:\/\/lettero.com.pl\/wp-content\/uploads\/2018\/03\/big_img-130731095925.jpg\" class=\"attachment-medium size-medium\" alt=\"\" \/><\/a>\n\t\t\t\t<\/dt><\/div><\/dl>\n\t\t\t\t<br style='clear: both' \/>\n\t\t\t<\/div>\n\n<p>[\/vc_column_text][\/vc_column][\/vc_row]<\/p>\n<\/div>","protected":false},"excerpt":{"rendered":"<p>[vc_row][vc_column width=&#8221;1\/2&#8243;][vc_column_text] POLIGRAPHY ACT PRINT AGORA S.A. ALUPOL GRUPA K\u0118TY S.A. ALUTECH K\u0118TY ANIFLEX SP.J. AVARGRAF WARSZAWA BACKER OBR WARSZAWA BIA\u0141OSTOCKIE ZAK\u0141ADY GRAFICZNE BLG INTERNATIONAL BOXES<span class=\"excerpt-hellip\"> [\u2026]<\/span><\/p>\n","protected":false},"author":1,"featured_media":0,"parent":0,"menu_order":0,"comment_status":"closed","ping_status":"closed","template":"","meta":{"footnotes":""},"class_list":["post-412","page","type-page","status-publish","hentry"],"yoast_head":"<!-- This site is optimized with the Yoast SEO plugin v27.0 - https:\/\/yoast.com\/product\/yoast-seo-wordpress\/ -->\n<title>References - Lettero - Sprz\u0119t dla poligrafii | Meble metalowe<\/title>\n<meta name=\"robots\" content=\"index, follow, max-snippet:-1, max-image-preview:large, max-video-preview:-1\" \/>\n<link rel=\"canonical\" href=\"https:\/\/lettero.com.pl\/nasi-klienci\/\" \/>\n<meta property=\"og:locale\" content=\"en_US\" \/>\n<meta property=\"og:type\" content=\"article\" \/>\n<meta property=\"og:title\" content=\"References - Lettero - Sprz\u0119t dla poligrafii | Meble metalowe\" \/>\n<meta property=\"og:description\" content=\"[vc_row][vc_column width=&#8221;1\/2&#8243;][vc_column_text] POLIGRAPHY ACT PRINT AGORA S.A. ALUPOL GRUPA K\u0118TY S.A. ALUTECH K\u0118TY ANIFLEX SP.J. AVARGRAF WARSZAWA BACKER OBR WARSZAWA BIA\u0141OSTOCKIE ZAK\u0141ADY GRAFICZNE BLG INTERNATIONAL BOXES [\u2026]\" \/>\n<meta property=\"og:url\" content=\"https:\/\/lettero.com.pl\/nasi-klienci\/\" \/>\n<meta property=\"og:site_name\" content=\"Lettero - Sprz\u0119t dla poligrafii | Meble metalowe\" \/>\n<meta property=\"article:modified_time\" content=\"2023-04-13T13:54:15+00:00\" \/>\n<meta property=\"og:image\" content=\"https:\/\/lettero.com.pl\/wp-content\/uploads\/2018\/11\/references-lapadd.png\" \/>\n<meta name=\"twitter:card\" content=\"summary_large_image\" \/>\n<meta name=\"twitter:label1\" content=\"Est. reading time\" \/>\n\t<meta name=\"twitter:data1\" content=\"4 minutes\" \/>\n<script type=\"application\/ld+json\" class=\"yoast-schema-graph\">{\"@context\":\"https:\/\/schema.org\",\"@graph\":[{\"@type\":\"WebPage\",\"@id\":\"https:\/\/lettero.com.pl\/nasi-klienci\/\",\"url\":\"https:\/\/lettero.com.pl\/nasi-klienci\/\",\"name\":\"References - Lettero - Sprz\u0119t dla poligrafii | Meble metalowe\",\"isPartOf\":{\"@id\":\"https:\/\/lettero.com.pl\/#website\"},\"datePublished\":\"2018-03-30T12:12:28+00:00\",\"dateModified\":\"2023-04-13T13:54:15+00:00\",\"breadcrumb\":{\"@id\":\"https:\/\/lettero.com.pl\/nasi-klienci\/#breadcrumb\"},\"inLanguage\":\"en-US\",\"potentialAction\":[{\"@type\":\"ReadAction\",\"target\":[\"https:\/\/lettero.com.pl\/nasi-klienci\/\"]}]},{\"@type\":\"BreadcrumbList\",\"@id\":\"https:\/\/lettero.com.pl\/nasi-klienci\/#breadcrumb\",\"itemListElement\":[{\"@type\":\"ListItem\",\"position\":1,\"name\":\"Strona g\u0142\u00f3wna\",\"item\":\"https:\/\/lettero.com.pl\/en\/\"},{\"@type\":\"ListItem\",\"position\":2,\"name\":\"References\"}]},{\"@type\":\"WebSite\",\"@id\":\"https:\/\/lettero.com.pl\/#website\",\"url\":\"https:\/\/lettero.com.pl\/\",\"name\":\"Lettero - Sprz\u0119t dla poligrafii | Meble metalowe\",\"description\":\"Pe\u0142na oferta polskiego producenta urz\u0105dze\u0144 dla poligrafii. Kabiny \u015bwietlne. Meble metalowe: biurowe, socjalne, magazynowe\",\"potentialAction\":[{\"@type\":\"SearchAction\",\"target\":{\"@type\":\"EntryPoint\",\"urlTemplate\":\"https:\/\/lettero.com.pl\/?s={search_term_string}\"},\"query-input\":{\"@type\":\"PropertyValueSpecification\",\"valueRequired\":true,\"valueName\":\"search_term_string\"}}],\"inLanguage\":\"en-US\"}]}<\/script>\n<!-- \/ Yoast SEO plugin. -->","yoast_head_json":{"title":"References - Lettero - Sprz\u0119t dla poligrafii | Meble metalowe","robots":{"index":"index","follow":"follow","max-snippet":"max-snippet:-1","max-image-preview":"max-image-preview:large","max-video-preview":"max-video-preview:-1"},"canonical":"https:\/\/lettero.com.pl\/nasi-klienci\/","og_locale":"en_US","og_type":"article","og_title":"References - Lettero - Sprz\u0119t dla poligrafii | Meble metalowe","og_description":"[vc_row][vc_column width=&#8221;1\/2&#8243;][vc_column_text] POLIGRAPHY ACT PRINT AGORA S.A. ALUPOL GRUPA K\u0118TY S.A. ALUTECH K\u0118TY ANIFLEX SP.J. AVARGRAF WARSZAWA BACKER OBR WARSZAWA BIA\u0141OSTOCKIE ZAK\u0141ADY GRAFICZNE BLG INTERNATIONAL BOXES [\u2026]","og_url":"https:\/\/lettero.com.pl\/nasi-klienci\/","og_site_name":"Lettero - Sprz\u0119t dla poligrafii | Meble metalowe","article_modified_time":"2023-04-13T13:54:15+00:00","og_image":[{"url":"https:\/\/lettero.com.pl\/wp-content\/uploads\/2018\/11\/references-lapadd.png","type":"","width":"","height":""}],"twitter_card":"summary_large_image","twitter_misc":{"Est. reading time":"4 minutes"},"schema":{"@context":"https:\/\/schema.org","@graph":[{"@type":"WebPage","@id":"https:\/\/lettero.com.pl\/nasi-klienci\/","url":"https:\/\/lettero.com.pl\/nasi-klienci\/","name":"References - Lettero - Sprz\u0119t dla poligrafii | Meble metalowe","isPartOf":{"@id":"https:\/\/lettero.com.pl\/#website"},"datePublished":"2018-03-30T12:12:28+00:00","dateModified":"2023-04-13T13:54:15+00:00","breadcrumb":{"@id":"https:\/\/lettero.com.pl\/nasi-klienci\/#breadcrumb"},"inLanguage":"en-US","potentialAction":[{"@type":"ReadAction","target":["https:\/\/lettero.com.pl\/nasi-klienci\/"]}]},{"@type":"BreadcrumbList","@id":"https:\/\/lettero.com.pl\/nasi-klienci\/#breadcrumb","itemListElement":[{"@type":"ListItem","position":1,"name":"Strona g\u0142\u00f3wna","item":"https:\/\/lettero.com.pl\/en\/"},{"@type":"ListItem","position":2,"name":"References"}]},{"@type":"WebSite","@id":"https:\/\/lettero.com.pl\/#website","url":"https:\/\/lettero.com.pl\/","name":"Lettero - Sprz\u0119t dla poligrafii | Meble metalowe","description":"Pe\u0142na oferta polskiego producenta urz\u0105dze\u0144 dla poligrafii. Kabiny \u015bwietlne. Meble metalowe: biurowe, socjalne, magazynowe","potentialAction":[{"@type":"SearchAction","target":{"@type":"EntryPoint","urlTemplate":"https:\/\/lettero.com.pl\/?s={search_term_string}"},"query-input":{"@type":"PropertyValueSpecification","valueRequired":true,"valueName":"search_term_string"}}],"inLanguage":"en-US"}]}},"_links":{"self":[{"href":"https:\/\/lettero.com.pl\/en\/wp-json\/wp\/v2\/pages\/412","targetHints":{"allow":["GET"]}}],"collection":[{"href":"https:\/\/lettero.com.pl\/en\/wp-json\/wp\/v2\/pages"}],"about":[{"href":"https:\/\/lettero.com.pl\/en\/wp-json\/wp\/v2\/types\/page"}],"author":[{"embeddable":true,"href":"https:\/\/lettero.com.pl\/en\/wp-json\/wp\/v2\/users\/1"}],"replies":[{"embeddable":true,"href":"https:\/\/lettero.com.pl\/en\/wp-json\/wp\/v2\/comments?post=412"}],"version-history":[{"count":6,"href":"https:\/\/lettero.com.pl\/en\/wp-json\/wp\/v2\/pages\/412\/revisions"}],"predecessor-version":[{"id":5860,"href":"https:\/\/lettero.com.pl\/en\/wp-json\/wp\/v2\/pages\/412\/revisions\/5860"}],"wp:attachment":[{"href":"https:\/\/lettero.com.pl\/en\/wp-json\/wp\/v2\/media?parent=412"}],"curies":[{"name":"wp","href":"https:\/\/api.w.org\/{rel}","templated":true}]}}