{"id":146,"date":"2018-02-14T15:08:16","date_gmt":"2018-02-14T14:08:16","guid":{"rendered":"http:\/\/lettero.opticomweb.tk\/?page_id=146"},"modified":"2024-05-31T15:56:17","modified_gmt":"2024-05-31T13:56:17","slug":"home-2-3","status":"publish","type":"page","link":"https:\/\/lettero.com.pl\/en\/","title":{"rendered":"Home"},"content":{"rendered":"<div class=\"wpb-content-wrapper\"><p>[vc_row full_width=&#8221;stretch_row&#8221; css=&#8221;.vc_custom_1539772212087{padding-top: 70px !important;}&#8221;][vc_column css=&#8221;.vc_custom_1537894937471{padding-top: 0px !important;padding-bottom: 0px !important;}&#8221;][vc_separator color=&#8221;custom&#8221; accent_color=&#8221;#c6c7c7&#8243;][vc_column_text]<\/p>\n<h3>TUTORIALS<\/h3>\n<p>[\/vc_column_text][vc_row_inner][vc_column_inner el_class=&#8221;make_link&#8221; width=&#8221;1\/4&#8243;][vc_column_text]<a href=\"https:\/\/lettero.com.pl\/color-matching\/#cm-4\"><img loading=\"lazy\" decoding=\"async\" class=\"foto aligncenter wp-image-5654 size-full\" title=\"Co to jest kolor\" src=\"https:\/\/lettero.com.pl\/wp-content\/uploads\/2018\/10\/cotokolor.png\" alt=\"co to jest kolor\" width=\"250\" height=\"250\" \/><\/a><\/p>\n<h4 style=\"text-align: center;\">What is color?<\/h4>\n<p>[\/vc_column_text][\/vc_column_inner][vc_column_inner el_class=&#8221;make_link&#8221; width=&#8221;1\/4&#8243;][vc_column_text]<a href=\"https:\/\/lettero.com.pl\/color-matching\/#cm-6\"><img loading=\"lazy\" decoding=\"async\" class=\"foto aligncenter wp-image-692\" title=\"Color matching\" src=\"https:\/\/lettero.com.pl\/wp-content\/uploads\/2018\/02\/baner-cm-3.jpg\" alt=\"\" width=\"250\" height=\"250\" srcset=\"https:\/\/lettero.com.pl\/wp-content\/uploads\/2018\/02\/baner-cm-3.jpg 600w, https:\/\/lettero.com.pl\/wp-content\/uploads\/2018\/02\/baner-cm-3-300x300.jpg 300w\" sizes=\"auto, (max-width:767px) 250px, 250px\" \/><\/a><\/p>\n<h4 style=\"text-align: center;\">Color management i color matching<\/h4>\n<p>[\/vc_column_text][\/vc_column_inner][vc_column_inner el_class=&#8221;make_link&#8221; width=&#8221;1\/4&#8243;][vc_column_text]<a href=\"https:\/\/lettero.com.pl\/color-matching\/#cm-5\"><img loading=\"lazy\" decoding=\"async\" class=\"foto aligncenter wp-image-5662 size-full\" title=\"Przestrze\u0144 barw i gamut\" src=\"https:\/\/lettero.com.pl\/wp-content\/uploads\/2018\/10\/gamut.jpg\" alt=\"gamut\" width=\"250\" height=\"250\" \/><\/a><\/p>\n<h4 style=\"text-align: center;\">Color space &amp; gamut<\/h4>\n<p>[\/vc_column_text][\/vc_column_inner][vc_column_inner el_class=&#8221;make_link&#8221; width=&#8221;1\/4&#8243;][vc_column_text]<a href=\"https:\/\/www.youtube.com\/channel\/UCsNJrQ7ycQSTgSlhCES6hbA\"><img loading=\"lazy\" decoding=\"async\" class=\"foto aligncenter wp-image-5611\" title=\"Filmy o kolorze\" src=\"https:\/\/lettero.com.pl\/wp-content\/uploads\/2018\/10\/filmy-o-kolorze.png\" alt=\"\" width=\"250\" height=\"250\" \/><\/a><\/p>\n<h4 style=\"text-align: center;\">Films about color<\/h4>\n<p>[\/vc_column_text][\/vc_column_inner][\/vc_row_inner][\/vc_column][\/vc_row][vc_row css=&#8221;.vc_custom_1525704863298{padding-top: 0px !important;padding-bottom: 30px !important;}&#8221;][vc_column][vc_column_text]<\/p>\n<h3>TRUSTED BY<\/h3>\n<p>[\/vc_column_text][vc_carousel_father theme=&#8221;content-over-slider&#8221; dot=&#8221;false&#8221; slide_visible=&#8221;7&#8243;][vc_carousel_son img_radius=&#8221;1px&#8221; image_id=&#8221;116&#8243; img_height=&#8221;55px&#8221;]<\/p>\n<p>[\/vc_carousel_son][vc_carousel_son img_radius=&#8221;1px&#8221; image_id=&#8221;114&#8243; img_height=&#8221;55px&#8221;]<\/p>\n<p>[\/vc_carousel_son][vc_carousel_son img_radius=&#8221;1px&#8221; image_id=&#8221;118&#8243; img_height=&#8221;55px&#8221;][\/vc_carousel_son][vc_carousel_son img_radius=&#8221;1px&#8221; image_id=&#8221;120&#8243; img_height=&#8221;55px&#8221;]<\/p>\n<p>[\/vc_carousel_son][vc_carousel_son img_radius=&#8221;1px&#8221; image_id=&#8221;122&#8243; img_height=&#8221;55px&#8221;]<\/p>\n<p>&nbsp;<\/p>\n<p>[\/vc_carousel_son][vc_carousel_son img_radius=&#8221;1px&#8221; image_id=&#8221;124&#8243; img_height=&#8221;55px&#8221;]<\/p>\n<p>&nbsp;<\/p>\n<p>&nbsp;<\/p>\n<p>[\/vc_carousel_son][vc_carousel_son img_radius=&#8221;1px&#8221; image_id=&#8221;126&#8243; img_height=&#8221;55px&#8221;]<\/p>\n<p>&nbsp;<\/p>\n<p>&nbsp;<\/p>\n<p>&nbsp;<\/p>\n<p>[\/vc_carousel_son][vc_carousel_son img_radius=&#8221;1px&#8221; image_id=&#8221;128&#8243; img_height=&#8221;55px&#8221;]<\/p>\n<p>&nbsp;<\/p>\n<p>&nbsp;<\/p>\n<p>&nbsp;<\/p>\n<p>&nbsp;<\/p>\n<p>[\/vc_carousel_son][vc_carousel_son img_radius=&#8221;1px&#8221; image_id=&#8221;130&#8243; img_height=&#8221;55px&#8221;]<\/p>\n<p>&nbsp;<\/p>\n<p>&nbsp;<\/p>\n<p>&nbsp;<\/p>\n<p>&nbsp;<\/p>\n<p>&nbsp;<\/p>\n<p>[\/vc_carousel_son][vc_carousel_son img_radius=&#8221;1px&#8221; image_id=&#8221;132&#8243; img_height=&#8221;55px&#8221;]<\/p>\n<p>&nbsp;<\/p>\n<p>&nbsp;<\/p>\n<p>&nbsp;<\/p>\n<p>&nbsp;<\/p>\n<p>&nbsp;<\/p>\n<p>[\/vc_carousel_son][vc_carousel_son img_radius=&#8221;1px&#8221; image_id=&#8221;134&#8243; img_height=&#8221;55px&#8221;]<\/p>\n<p>&nbsp;<\/p>\n<p>&nbsp;<\/p>\n<p>&nbsp;<\/p>\n<p>&nbsp;<\/p>\n<p>&nbsp;<\/p>\n<p>&nbsp;<\/p>\n<p>&nbsp;<\/p>\n<p>[\/vc_carousel_son][vc_carousel_son img_radius=&#8221;1px&#8221; image_id=&#8221;137&#8243; img_height=&#8221;55px&#8221;]<\/p>\n<p>&nbsp;<\/p>\n<p>&nbsp;<\/p>\n<p>&nbsp;<\/p>\n<p>&nbsp;<\/p>\n<p>&nbsp;<\/p>\n<p>&nbsp;<\/p>\n<p>&nbsp;<\/p>\n<p>&nbsp;<\/p>\n<p>[\/vc_carousel_son][vc_carousel_son img_radius=&#8221;1px&#8221; image_id=&#8221;139&#8243; img_height=&#8221;55px&#8221;]<\/p>\n<p>&nbsp;<\/p>\n<p>&nbsp;<\/p>\n<p>&nbsp;<\/p>\n<p>&nbsp;<\/p>\n<p>&nbsp;<\/p>\n<p>&nbsp;<\/p>\n<p>&nbsp;<\/p>\n<p>&nbsp;<\/p>\n<p>&nbsp;<\/p>\n<p>[\/vc_carousel_son][vc_carousel_son img_radius=&#8221;1px&#8221; image_id=&#8221;141&#8243; img_height=&#8221;55px&#8221;]<\/p>\n<p>&nbsp;<\/p>\n<p>&nbsp;<\/p>\n<p>&nbsp;<\/p>\n<p>&nbsp;<\/p>\n<p>&nbsp;<\/p>\n<p>&nbsp;<\/p>\n<p>&nbsp;<\/p>\n<p>&nbsp;<\/p>\n<p>&nbsp;<\/p>\n<p>[\/vc_carousel_son][\/vc_carousel_father][\/vc_column][\/vc_row]<\/p>\n<\/div>","protected":false},"excerpt":{"rendered":"<p>[vc_row full_width=&#8221;stretch_row&#8221; css=&#8221;.vc_custom_1539772212087{padding-top: 70px !important;}&#8221;][vc_column css=&#8221;.vc_custom_1537894937471{padding-top: 0px !important;padding-bottom: 0px !important;}&#8221;][vc_separator color=&#8221;custom&#8221; accent_color=&#8221;#c6c7c7&#8243;][vc_column_text] TUTORIALS [\/vc_column_text][vc_row_inner][vc_column_inner el_class=&#8221;make_link&#8221; width=&#8221;1\/4&#8243;][vc_column_text] What is color? [\/vc_column_text][\/vc_column_inner][vc_column_inner el_class=&#8221;make_link&#8221; width=&#8221;1\/4&#8243;][vc_column_text] Color management i color<span class=\"excerpt-hellip\"> [\u2026]<\/span><\/p>\n","protected":false},"author":1,"featured_media":0,"parent":0,"menu_order":0,"comment_status":"closed","ping_status":"closed","template":"","meta":{"footnotes":""},"class_list":["post-146","page","type-page","status-publish","hentry"],"yoast_head":"<!-- This site is optimized with the Yoast SEO plugin v27.0 - https:\/\/yoast.com\/product\/yoast-seo-wordpress\/ -->\n<title>Home - Lettero - Sprz\u0119t dla poligrafii | Meble metalowe<\/title>\n<meta name=\"robots\" content=\"index, follow, max-snippet:-1, max-image-preview:large, max-video-preview:-1\" \/>\n<link rel=\"canonical\" href=\"https:\/\/lettero.com.pl\/en\/\" \/>\n<meta property=\"og:locale\" content=\"en_US\" \/>\n<meta property=\"og:type\" content=\"article\" \/>\n<meta property=\"og:title\" content=\"Home - Lettero - Sprz\u0119t dla poligrafii | Meble metalowe\" \/>\n<meta property=\"og:description\" content=\"[vc_row full_width=&#8221;stretch_row&#8221; css=&#8221;.vc_custom_1539772212087{padding-top: 70px !important;}&#8221;][vc_column css=&#8221;.vc_custom_1537894937471{padding-top: 0px !important;padding-bottom: 0px !important;}&#8221;][vc_separator color=&#8221;custom&#8221; accent_color=&#8221;#c6c7c7&#8243;][vc_column_text] TUTORIALS [\/vc_column_text][vc_row_inner][vc_column_inner el_class=&#8221;make_link&#8221; width=&#8221;1\/4&#8243;][vc_column_text] What is color? [\/vc_column_text][\/vc_column_inner][vc_column_inner el_class=&#8221;make_link&#8221; width=&#8221;1\/4&#8243;][vc_column_text] Color management i color [\u2026]\" \/>\n<meta property=\"og:url\" content=\"https:\/\/lettero.com.pl\/en\/\" \/>\n<meta property=\"og:site_name\" content=\"Lettero - Sprz\u0119t dla poligrafii | Meble metalowe\" \/>\n<meta property=\"article:modified_time\" content=\"2024-05-31T13:56:17+00:00\" \/>\n<meta property=\"og:image\" content=\"https:\/\/lettero.com.pl\/wp-content\/uploads\/2018\/10\/cotokolor.png\" \/>\n<meta name=\"twitter:card\" content=\"summary_large_image\" \/>\n<meta name=\"twitter:label1\" content=\"Est. reading time\" \/>\n\t<meta name=\"twitter:data1\" content=\"2 minutes\" \/>\n<script type=\"application\/ld+json\" class=\"yoast-schema-graph\">{\"@context\":\"https:\/\/schema.org\",\"@graph\":[{\"@type\":\"WebPage\",\"@id\":\"https:\/\/lettero.com.pl\/en\/\",\"url\":\"https:\/\/lettero.com.pl\/en\/\",\"name\":\"Home - Lettero - Sprz\u0119t dla poligrafii | Meble metalowe\",\"isPartOf\":{\"@id\":\"https:\/\/lettero.com.pl\/#website\"},\"primaryImageOfPage\":{\"@id\":\"https:\/\/lettero.com.pl\/en\/#primaryimage\"},\"image\":{\"@id\":\"https:\/\/lettero.com.pl\/en\/#primaryimage\"},\"thumbnailUrl\":\"https:\/\/lettero.com.pl\/wp-content\/uploads\/2018\/10\/cotokolor.png\",\"datePublished\":\"2018-02-14T14:08:16+00:00\",\"dateModified\":\"2024-05-31T13:56:17+00:00\",\"breadcrumb\":{\"@id\":\"https:\/\/lettero.com.pl\/en\/#breadcrumb\"},\"inLanguage\":\"en-US\",\"potentialAction\":[{\"@type\":\"ReadAction\",\"target\":[\"https:\/\/lettero.com.pl\/en\/\"]}]},{\"@type\":\"ImageObject\",\"inLanguage\":\"en-US\",\"@id\":\"https:\/\/lettero.com.pl\/en\/#primaryimage\",\"url\":\"https:\/\/lettero.com.pl\/wp-content\/uploads\/2018\/10\/cotokolor.png\",\"contentUrl\":\"https:\/\/lettero.com.pl\/wp-content\/uploads\/2018\/10\/cotokolor.png\"},{\"@type\":\"BreadcrumbList\",\"@id\":\"https:\/\/lettero.com.pl\/en\/#breadcrumb\",\"itemListElement\":[{\"@type\":\"ListItem\",\"position\":1,\"name\":\"Strona g\u0142\u00f3wna\",\"item\":\"https:\/\/lettero.com.pl\/en\/\"},{\"@type\":\"ListItem\",\"position\":2,\"name\":\"Home\"}]},{\"@type\":\"WebSite\",\"@id\":\"https:\/\/lettero.com.pl\/#website\",\"url\":\"https:\/\/lettero.com.pl\/\",\"name\":\"Lettero - Sprz\u0119t dla poligrafii | Meble metalowe\",\"description\":\"Pe\u0142na oferta polskiego producenta urz\u0105dze\u0144 dla poligrafii. Kabiny \u015bwietlne. Meble metalowe: biurowe, socjalne, magazynowe\",\"potentialAction\":[{\"@type\":\"SearchAction\",\"target\":{\"@type\":\"EntryPoint\",\"urlTemplate\":\"https:\/\/lettero.com.pl\/?s={search_term_string}\"},\"query-input\":{\"@type\":\"PropertyValueSpecification\",\"valueRequired\":true,\"valueName\":\"search_term_string\"}}],\"inLanguage\":\"en-US\"}]}<\/script>\n<!-- \/ Yoast SEO plugin. -->","yoast_head_json":{"title":"Home - Lettero - Sprz\u0119t dla poligrafii | Meble metalowe","robots":{"index":"index","follow":"follow","max-snippet":"max-snippet:-1","max-image-preview":"max-image-preview:large","max-video-preview":"max-video-preview:-1"},"canonical":"https:\/\/lettero.com.pl\/en\/","og_locale":"en_US","og_type":"article","og_title":"Home - Lettero - Sprz\u0119t dla poligrafii | Meble metalowe","og_description":"[vc_row full_width=&#8221;stretch_row&#8221; css=&#8221;.vc_custom_1539772212087{padding-top: 70px !important;}&#8221;][vc_column css=&#8221;.vc_custom_1537894937471{padding-top: 0px !important;padding-bottom: 0px !important;}&#8221;][vc_separator color=&#8221;custom&#8221; accent_color=&#8221;#c6c7c7&#8243;][vc_column_text] TUTORIALS [\/vc_column_text][vc_row_inner][vc_column_inner el_class=&#8221;make_link&#8221; width=&#8221;1\/4&#8243;][vc_column_text] What is color? [\/vc_column_text][\/vc_column_inner][vc_column_inner el_class=&#8221;make_link&#8221; width=&#8221;1\/4&#8243;][vc_column_text] Color management i color [\u2026]","og_url":"https:\/\/lettero.com.pl\/en\/","og_site_name":"Lettero - Sprz\u0119t dla poligrafii | Meble metalowe","article_modified_time":"2024-05-31T13:56:17+00:00","og_image":[{"url":"https:\/\/lettero.com.pl\/wp-content\/uploads\/2018\/10\/cotokolor.png","type":"","width":"","height":""}],"twitter_card":"summary_large_image","twitter_misc":{"Est. reading time":"2 minutes"},"schema":{"@context":"https:\/\/schema.org","@graph":[{"@type":"WebPage","@id":"https:\/\/lettero.com.pl\/en\/","url":"https:\/\/lettero.com.pl\/en\/","name":"Home - Lettero - Sprz\u0119t dla poligrafii | Meble metalowe","isPartOf":{"@id":"https:\/\/lettero.com.pl\/#website"},"primaryImageOfPage":{"@id":"https:\/\/lettero.com.pl\/en\/#primaryimage"},"image":{"@id":"https:\/\/lettero.com.pl\/en\/#primaryimage"},"thumbnailUrl":"https:\/\/lettero.com.pl\/wp-content\/uploads\/2018\/10\/cotokolor.png","datePublished":"2018-02-14T14:08:16+00:00","dateModified":"2024-05-31T13:56:17+00:00","breadcrumb":{"@id":"https:\/\/lettero.com.pl\/en\/#breadcrumb"},"inLanguage":"en-US","potentialAction":[{"@type":"ReadAction","target":["https:\/\/lettero.com.pl\/en\/"]}]},{"@type":"ImageObject","inLanguage":"en-US","@id":"https:\/\/lettero.com.pl\/en\/#primaryimage","url":"https:\/\/lettero.com.pl\/wp-content\/uploads\/2018\/10\/cotokolor.png","contentUrl":"https:\/\/lettero.com.pl\/wp-content\/uploads\/2018\/10\/cotokolor.png"},{"@type":"BreadcrumbList","@id":"https:\/\/lettero.com.pl\/en\/#breadcrumb","itemListElement":[{"@type":"ListItem","position":1,"name":"Strona g\u0142\u00f3wna","item":"https:\/\/lettero.com.pl\/en\/"},{"@type":"ListItem","position":2,"name":"Home"}]},{"@type":"WebSite","@id":"https:\/\/lettero.com.pl\/#website","url":"https:\/\/lettero.com.pl\/","name":"Lettero - Sprz\u0119t dla poligrafii | Meble metalowe","description":"Pe\u0142na oferta polskiego producenta urz\u0105dze\u0144 dla poligrafii. Kabiny \u015bwietlne. Meble metalowe: biurowe, socjalne, magazynowe","potentialAction":[{"@type":"SearchAction","target":{"@type":"EntryPoint","urlTemplate":"https:\/\/lettero.com.pl\/?s={search_term_string}"},"query-input":{"@type":"PropertyValueSpecification","valueRequired":true,"valueName":"search_term_string"}}],"inLanguage":"en-US"}]}},"_links":{"self":[{"href":"https:\/\/lettero.com.pl\/en\/wp-json\/wp\/v2\/pages\/146","targetHints":{"allow":["GET"]}}],"collection":[{"href":"https:\/\/lettero.com.pl\/en\/wp-json\/wp\/v2\/pages"}],"about":[{"href":"https:\/\/lettero.com.pl\/en\/wp-json\/wp\/v2\/types\/page"}],"author":[{"embeddable":true,"href":"https:\/\/lettero.com.pl\/en\/wp-json\/wp\/v2\/users\/1"}],"replies":[{"embeddable":true,"href":"https:\/\/lettero.com.pl\/en\/wp-json\/wp\/v2\/comments?post=146"}],"version-history":[{"count":16,"href":"https:\/\/lettero.com.pl\/en\/wp-json\/wp\/v2\/pages\/146\/revisions"}],"predecessor-version":[{"id":6508,"href":"https:\/\/lettero.com.pl\/en\/wp-json\/wp\/v2\/pages\/146\/revisions\/6508"}],"wp:attachment":[{"href":"https:\/\/lettero.com.pl\/en\/wp-json\/wp\/v2\/media?parent=146"}],"curies":[{"name":"wp","href":"https:\/\/api.w.org\/{rel}","templated":true}]}}