{"id":1251,"date":"2018-04-10T09:44:20","date_gmt":"2018-04-10T07:44:20","guid":{"rendered":"http:\/\/lettero.opticomweb.tk\/about-us\/"},"modified":"2023-04-13T15:18:33","modified_gmt":"2023-04-13T13:18:33","slug":"about-us","status":"publish","type":"page","link":"https:\/\/lettero.com.pl\/en\/about-us\/","title":{"rendered":"About us"},"content":{"rendered":"<div class=\"wpb-content-wrapper\"><p>[vc_row css=&#8221;.vc_custom_1518706886050{padding-top: 50px !important;}&#8221;][vc_column][vc_column_text]The\u00a0<strong>lettero\u00a0<\/strong>brand was created in 1994 as a response to the growing demand for printing auxiliary equipment. Karo\u0144 Company, as one of the important players of the national printing market, was very well aware of the needs of the industry. In the 90s we created range of \u00a0devices which at that time were only produced and delivered by foreign manufacturers. Since that moment we have been constantly developing our offer. Our goal is to secure a high level of customer satisfaction by adapting our products to the latest industry trends. We are professionals and we create for professionals.<\/p>\n<p>As the only Polish company, we manufacture devices for professional color assessment in compliance with ISO standards, confirmed by the FOGRA certificate. Our domestic and international customers highly appreciate our light control chambers and stations, offering a great variety of customization.<\/p>\n<p>The packaging industry, which mostly uses flexographic techniques, is of a particular interest amongst our customers. In response to their needs, we have developed a comprehensive range of specialized equipment including a dedicated crane stacker system for storing flexographic forms based on storage racks supplemented with a manually operated crane.<br \/>\nTo supplement our printing industry portfolio we engaged into a production of metal furniture. For many years to date we were providing our customers with: drawer cabinets, various types of metal shelves, mobile shelves, sliding shelves, auxiliary tables and metal cabinets.[\/vc_column_text][\/vc_column][\/vc_row]<\/p>\n<\/div>","protected":false},"excerpt":{"rendered":"<p>[vc_row css=&#8221;.vc_custom_1518706886050{padding-top: 50px !important;}&#8221;][vc_column][vc_column_text]The\u00a0lettero\u00a0brand was created in 1994 as a response to the growing demand for printing auxiliary equipment. Karo\u0144 Company, as one of the important<span class=\"excerpt-hellip\"> [\u2026]<\/span><\/p>\n","protected":false},"author":1,"featured_media":0,"parent":0,"menu_order":0,"comment_status":"closed","ping_status":"closed","template":"","meta":{"footnotes":""},"class_list":["post-1251","page","type-page","status-publish","hentry"],"yoast_head":"<!-- This site is optimized with the Yoast SEO plugin v27.0 - https:\/\/yoast.com\/product\/yoast-seo-wordpress\/ -->\n<title>About us - Lettero - Sprz\u0119t dla poligrafii | Meble metalowe<\/title>\n<meta name=\"robots\" content=\"index, follow, max-snippet:-1, max-image-preview:large, max-video-preview:-1\" \/>\n<link rel=\"canonical\" href=\"https:\/\/lettero.com.pl\/lettero\/\" \/>\n<meta property=\"og:locale\" content=\"en_US\" \/>\n<meta property=\"og:type\" content=\"article\" \/>\n<meta property=\"og:title\" content=\"About us - Lettero - Sprz\u0119t dla poligrafii | Meble metalowe\" \/>\n<meta property=\"og:description\" content=\"[vc_row css=&#8221;.vc_custom_1518706886050{padding-top: 50px !important;}&#8221;][vc_column][vc_column_text]The\u00a0lettero\u00a0brand was created in 1994 as a response to the growing demand for printing auxiliary equipment. Karo\u0144 Company, as one of the important [\u2026]\" \/>\n<meta property=\"og:url\" content=\"https:\/\/lettero.com.pl\/lettero\/\" \/>\n<meta property=\"og:site_name\" content=\"Lettero - Sprz\u0119t dla poligrafii | Meble metalowe\" \/>\n<meta property=\"article:modified_time\" content=\"2023-04-13T13:18:33+00:00\" \/>\n<meta name=\"twitter:card\" content=\"summary_large_image\" \/>\n<meta name=\"twitter:label1\" content=\"Est. reading time\" \/>\n\t<meta name=\"twitter:data1\" content=\"2 minutes\" \/>\n<script type=\"application\/ld+json\" class=\"yoast-schema-graph\">{\"@context\":\"https:\/\/schema.org\",\"@graph\":[{\"@type\":\"WebPage\",\"@id\":\"https:\/\/lettero.com.pl\/lettero\/\",\"url\":\"https:\/\/lettero.com.pl\/lettero\/\",\"name\":\"About us - Lettero - Sprz\u0119t dla poligrafii | Meble metalowe\",\"isPartOf\":{\"@id\":\"https:\/\/lettero.com.pl\/#website\"},\"datePublished\":\"2018-04-10T07:44:20+00:00\",\"dateModified\":\"2023-04-13T13:18:33+00:00\",\"breadcrumb\":{\"@id\":\"https:\/\/lettero.com.pl\/lettero\/#breadcrumb\"},\"inLanguage\":\"en-US\",\"potentialAction\":[{\"@type\":\"ReadAction\",\"target\":[\"https:\/\/lettero.com.pl\/lettero\/\"]}]},{\"@type\":\"BreadcrumbList\",\"@id\":\"https:\/\/lettero.com.pl\/lettero\/#breadcrumb\",\"itemListElement\":[{\"@type\":\"ListItem\",\"position\":1,\"name\":\"Strona g\u0142\u00f3wna\",\"item\":\"https:\/\/lettero.com.pl\/en\/\"},{\"@type\":\"ListItem\",\"position\":2,\"name\":\"About us\"}]},{\"@type\":\"WebSite\",\"@id\":\"https:\/\/lettero.com.pl\/#website\",\"url\":\"https:\/\/lettero.com.pl\/\",\"name\":\"Lettero - Sprz\u0119t dla poligrafii | Meble metalowe\",\"description\":\"Pe\u0142na oferta polskiego producenta urz\u0105dze\u0144 dla poligrafii. Kabiny \u015bwietlne. Meble metalowe: biurowe, socjalne, magazynowe\",\"potentialAction\":[{\"@type\":\"SearchAction\",\"target\":{\"@type\":\"EntryPoint\",\"urlTemplate\":\"https:\/\/lettero.com.pl\/?s={search_term_string}\"},\"query-input\":{\"@type\":\"PropertyValueSpecification\",\"valueRequired\":true,\"valueName\":\"search_term_string\"}}],\"inLanguage\":\"en-US\"}]}<\/script>\n<!-- \/ Yoast SEO plugin. -->","yoast_head_json":{"title":"About us - Lettero - Sprz\u0119t dla poligrafii | Meble metalowe","robots":{"index":"index","follow":"follow","max-snippet":"max-snippet:-1","max-image-preview":"max-image-preview:large","max-video-preview":"max-video-preview:-1"},"canonical":"https:\/\/lettero.com.pl\/lettero\/","og_locale":"en_US","og_type":"article","og_title":"About us - Lettero - Sprz\u0119t dla poligrafii | Meble metalowe","og_description":"[vc_row css=&#8221;.vc_custom_1518706886050{padding-top: 50px !important;}&#8221;][vc_column][vc_column_text]The\u00a0lettero\u00a0brand was created in 1994 as a response to the growing demand for printing auxiliary equipment. Karo\u0144 Company, as one of the important [\u2026]","og_url":"https:\/\/lettero.com.pl\/lettero\/","og_site_name":"Lettero - Sprz\u0119t dla poligrafii | Meble metalowe","article_modified_time":"2023-04-13T13:18:33+00:00","twitter_card":"summary_large_image","twitter_misc":{"Est. reading time":"2 minutes"},"schema":{"@context":"https:\/\/schema.org","@graph":[{"@type":"WebPage","@id":"https:\/\/lettero.com.pl\/lettero\/","url":"https:\/\/lettero.com.pl\/lettero\/","name":"About us - Lettero - Sprz\u0119t dla poligrafii | Meble metalowe","isPartOf":{"@id":"https:\/\/lettero.com.pl\/#website"},"datePublished":"2018-04-10T07:44:20+00:00","dateModified":"2023-04-13T13:18:33+00:00","breadcrumb":{"@id":"https:\/\/lettero.com.pl\/lettero\/#breadcrumb"},"inLanguage":"en-US","potentialAction":[{"@type":"ReadAction","target":["https:\/\/lettero.com.pl\/lettero\/"]}]},{"@type":"BreadcrumbList","@id":"https:\/\/lettero.com.pl\/lettero\/#breadcrumb","itemListElement":[{"@type":"ListItem","position":1,"name":"Strona g\u0142\u00f3wna","item":"https:\/\/lettero.com.pl\/en\/"},{"@type":"ListItem","position":2,"name":"About us"}]},{"@type":"WebSite","@id":"https:\/\/lettero.com.pl\/#website","url":"https:\/\/lettero.com.pl\/","name":"Lettero - Sprz\u0119t dla poligrafii | Meble metalowe","description":"Pe\u0142na oferta polskiego producenta urz\u0105dze\u0144 dla poligrafii. Kabiny \u015bwietlne. Meble metalowe: biurowe, socjalne, magazynowe","potentialAction":[{"@type":"SearchAction","target":{"@type":"EntryPoint","urlTemplate":"https:\/\/lettero.com.pl\/?s={search_term_string}"},"query-input":{"@type":"PropertyValueSpecification","valueRequired":true,"valueName":"search_term_string"}}],"inLanguage":"en-US"}]}},"_links":{"self":[{"href":"https:\/\/lettero.com.pl\/en\/wp-json\/wp\/v2\/pages\/1251","targetHints":{"allow":["GET"]}}],"collection":[{"href":"https:\/\/lettero.com.pl\/en\/wp-json\/wp\/v2\/pages"}],"about":[{"href":"https:\/\/lettero.com.pl\/en\/wp-json\/wp\/v2\/types\/page"}],"author":[{"embeddable":true,"href":"https:\/\/lettero.com.pl\/en\/wp-json\/wp\/v2\/users\/1"}],"replies":[{"embeddable":true,"href":"https:\/\/lettero.com.pl\/en\/wp-json\/wp\/v2\/comments?post=1251"}],"version-history":[{"count":6,"href":"https:\/\/lettero.com.pl\/en\/wp-json\/wp\/v2\/pages\/1251\/revisions"}],"predecessor-version":[{"id":6480,"href":"https:\/\/lettero.com.pl\/en\/wp-json\/wp\/v2\/pages\/1251\/revisions\/6480"}],"wp:attachment":[{"href":"https:\/\/lettero.com.pl\/en\/wp-json\/wp\/v2\/media?parent=1251"}],"curies":[{"name":"wp","href":"https:\/\/api.w.org\/{rel}","templated":true}]}}